{"id":9856,"date":"2025-03-11T10:24:15","date_gmt":"2025-03-11T09:24:16","guid":{"rendered":"https:\/\/www.sicep.it\/?post_type=product&#038;p=9856"},"modified":"2026-01-20T16:20:19","modified_gmt":"2026-01-20T15:20:19","slug":"firelink-fl-8","status":"publish","type":"product","link":"https:\/\/www.sicep.it\/fr\/producter\/firelink-fl-8\/","title":{"rendered":"Fire-Link FL-8"},"content":{"rendered":"","protected":false},"excerpt":{"rendered":"<p>La r\u00e9glementation relative aux syst\u00e8mes de lutte contre l&#8217;incendie pr\u00e9voit la n\u00e9cessit\u00e9 d&#8217;un syst\u00e8me de transmission permettant de transf\u00e9rer les alarmes incendie, d\u00e9faut et hors service vers un centre de r\u00e9ception des alarmes, afin que le personnel en charge puisse donner suite rapidement aux mesures d&#8217;intervention.<\/p>\n<p>La liaison entre le syst\u00e8me d&#8217;alarme incendie et les centres de r\u00e9ception doit \u00eatre contr\u00f4l\u00e9e en permanence et confi\u00e9e \u00e0 un transmetteur conforme \u00e0 la norme EN 54-21, \u00e0 double vecteur de communication, tel que Fire-Link.<\/p>\n<p>Tous les sites sans personnel qui doivent disposer d&#8217;un syst\u00e8me de d\u00e9tection d&#8217;incendie doivent donc \u00eatre \u00e9quip\u00e9s d&#8217;une telle liaison. Avec leurs propres centres de surveillance et la connexion Fire-Link supervis\u00e9e, les soci\u00e9t\u00e9s de s\u00e9curit\u00e9 peuvent prendre le relais et g\u00e9rer ces alarmes, garantissant ainsi une s\u00e9curit\u00e9 op\u00e9rationnelle maximale.<\/p>\n<ul>\n<li>Transmetteur bidirectionnel EN 54-21<\/li>\n<li>Communication en : Lan, 4G\/LTE, Sms et messages vocaux (TTS)<\/li>\n<li>8 entr\u00e9es<\/li>\n<li>8 sorties de contr\u00f4le \u00e0 distance<\/li>\n<li>Entr\u00e9e RTC pour conversion SIA et Contact-ID<\/li>\n<li>Protocole MVS et SIA-IP DC09<\/li>\n<li>Transmission crypt\u00e9e des informations<\/li>\n<li>Temps de transmission r\u00e9glables (temps d&#8217;interrogation minimum 90s)<\/li>\n<li>Connexion ALWAYS-ON (compatibilit\u00e9 SIM roaming)<\/li>\n<li>Syst\u00e8me anti-brouillage int\u00e9gr\u00e9<\/li>\n<li>Connecteur UF-L pour antenne externe<\/li>\n<li>Historique des \u00e9v\u00e9nements (max. 1024)<\/li>\n<li>LED d&#8217;\u00e9tat pour les commandes du syst\u00e8me et la communication<\/li>\n<li>Alimentation \u00e9lectrique int\u00e9gr\u00e9e et batterie de secours rechargeable<\/li>\n<li>Programmation locale ou \u00e0 distance<\/li>\n<li>Compatibilit\u00e9 totale avec le syst\u00e8me MvsNET, conforme \u00e0 la norme EN 50518<\/li>\n<li>Encombrement r\u00e9duit<\/li>\n<li>Certifications\n<ul>\n<li>EN 54-21:2006 (CPR)<\/li>\n<li>EN 50131-10:2015<\/li>\n<li>EN 50136-1:2019<\/li>\n<li>EN 50136-2:2014<\/li>\n<\/ul>\n<\/li>\n<\/ul>\n<p><img loading=\"lazy\" class=\"alignleft wp-image-4712\" src=\"https:\/\/www.sicep.it\/wp-content\/uploads\/2020\/05\/4G-lte-ready.jpg\" alt=\"\" width=\"100\" height=\"100\" \/><\/p>\n","protected":false},"featured_media":9862,"template":"","meta":[],"product_cat":[299],"product_tag":[],"yoast_head":"<!-- This site is optimized with the Yoast SEO plugin v19.9 - https:\/\/yoast.com\/wordpress\/plugins\/seo\/ -->\n<title>Fire-Link FL-8 - Sicep<\/title>\n<meta name=\"description\" content=\"Fire-Link FL-8 - Sicep - La liaison entre le syst\u00e8me d&#039;alarme incendie et les stations de r\u00e9ception doit \u00eatre ma\u00eetris\u00e9e et confi\u00e9e \u00e0 un transmetteur conforme \u00e0 la norme EN 54-21.\" \/>\n<meta name=\"robots\" content=\"index, follow, max-snippet:-1, max-image-preview:large, max-video-preview:-1\" \/>\n<link rel=\"canonical\" href=\"https:\/\/www.sicep.it\/fr\/producter\/firelink-fl-8\/\" \/>\n<meta property=\"og:locale\" content=\"fr_FR\" \/>\n<meta property=\"og:type\" content=\"article\" \/>\n<meta property=\"og:title\" content=\"Fire-Link FL-8 - Sicep\" \/>\n<meta property=\"og:description\" content=\"Fire-Link FL-8 - Sicep - La liaison entre le syst\u00e8me d&#039;alarme incendie et les stations de r\u00e9ception doit \u00eatre ma\u00eetris\u00e9e et confi\u00e9e \u00e0 un transmetteur conforme \u00e0 la norme EN 54-21.\" \/>\n<meta property=\"og:url\" content=\"https:\/\/www.sicep.it\/fr\/producter\/firelink-fl-8\/\" \/>\n<meta property=\"og:site_name\" content=\"Sicep\" \/>\n<meta property=\"article:modified_time\" content=\"2026-01-20T15:20:19+00:00\" \/>\n<meta property=\"og:image\" content=\"https:\/\/www.sicep.it\/wp-content\/uploads\/2025\/03\/firelink-1.jpg\" \/>\n\t<meta property=\"og:image:width\" content=\"1200\" \/>\n\t<meta property=\"og:image:height\" content=\"1200\" \/>\n\t<meta property=\"og:image:type\" content=\"image\/jpeg\" \/>\n<meta name=\"twitter:card\" content=\"summary_large_image\" \/>\n<script type=\"application\/ld+json\" class=\"yoast-schema-graph\">{\"@context\":\"https:\/\/schema.org\",\"@graph\":[{\"@type\":\"WebPage\",\"@id\":\"https:\/\/www.sicep.it\/fr\/producter\/firelink-fl-8\/\",\"url\":\"https:\/\/www.sicep.it\/fr\/producter\/firelink-fl-8\/\",\"name\":\"Fire-Link FL-8 - Sicep\",\"isPartOf\":{\"@id\":\"https:\/\/www.sicep.it\/#website\"},\"datePublished\":\"2025-03-11T09:24:16+00:00\",\"dateModified\":\"2026-01-20T15:20:19+00:00\",\"description\":\"Fire-Link FL-8 - Sicep - La liaison entre le syst\u00e8me d'alarme incendie et les stations de r\u00e9ception doit \u00eatre ma\u00eetris\u00e9e et confi\u00e9e \u00e0 un transmetteur conforme \u00e0 la norme EN 54-21.\",\"breadcrumb\":{\"@id\":\"https:\/\/www.sicep.it\/fr\/producter\/firelink-fl-8\/#breadcrumb\"},\"inLanguage\":\"fr-FR\",\"potentialAction\":[{\"@type\":\"ReadAction\",\"target\":[\"https:\/\/www.sicep.it\/fr\/producter\/firelink-fl-8\/\"]}]},{\"@type\":\"BreadcrumbList\",\"@id\":\"https:\/\/www.sicep.it\/fr\/producter\/firelink-fl-8\/#breadcrumb\",\"itemListElement\":[{\"@type\":\"ListItem\",\"position\":1,\"name\":\"Home\",\"item\":\"https:\/\/www.sicep.it\/fr\/\"},{\"@type\":\"ListItem\",\"position\":2,\"name\":\"Fire-Link FL-8\"}]},{\"@type\":\"WebSite\",\"@id\":\"https:\/\/www.sicep.it\/#website\",\"url\":\"https:\/\/www.sicep.it\/\",\"name\":\"Sicep\",\"description\":\"\",\"publisher\":{\"@id\":\"https:\/\/www.sicep.it\/#organization\"},\"potentialAction\":[{\"@type\":\"SearchAction\",\"target\":{\"@type\":\"EntryPoint\",\"urlTemplate\":\"https:\/\/www.sicep.it\/?s={search_term_string}\"},\"query-input\":\"required name=search_term_string\"}],\"inLanguage\":\"fr-FR\"},{\"@type\":\"Organization\",\"@id\":\"https:\/\/www.sicep.it\/#organization\",\"name\":\"Sicep\",\"url\":\"https:\/\/www.sicep.it\/\",\"logo\":{\"@type\":\"ImageObject\",\"inLanguage\":\"fr-FR\",\"@id\":\"https:\/\/www.sicep.it\/#\/schema\/logo\/image\/\",\"url\":\"https:\/\/www.sicep.it\/wp-content\/uploads\/2020\/06\/sicep.jpg\",\"contentUrl\":\"https:\/\/www.sicep.it\/wp-content\/uploads\/2020\/06\/sicep.jpg\",\"width\":512,\"height\":512,\"caption\":\"Sicep\"},\"image\":{\"@id\":\"https:\/\/www.sicep.it\/#\/schema\/logo\/image\/\"}}]}<\/script>\n<!-- \/ Yoast SEO plugin. -->","yoast_head_json":{"title":"Fire-Link FL-8 - Sicep","description":"Fire-Link FL-8 - Sicep - La liaison entre le syst\u00e8me d'alarme incendie et les stations de r\u00e9ception doit \u00eatre ma\u00eetris\u00e9e et confi\u00e9e \u00e0 un transmetteur conforme \u00e0 la norme EN 54-21.","robots":{"index":"index","follow":"follow","max-snippet":"max-snippet:-1","max-image-preview":"max-image-preview:large","max-video-preview":"max-video-preview:-1"},"canonical":"https:\/\/www.sicep.it\/fr\/producter\/firelink-fl-8\/","og_locale":"fr_FR","og_type":"article","og_title":"Fire-Link FL-8 - Sicep","og_description":"Fire-Link FL-8 - Sicep - La liaison entre le syst\u00e8me d'alarme incendie et les stations de r\u00e9ception doit \u00eatre ma\u00eetris\u00e9e et confi\u00e9e \u00e0 un transmetteur conforme \u00e0 la norme EN 54-21.","og_url":"https:\/\/www.sicep.it\/fr\/producter\/firelink-fl-8\/","og_site_name":"Sicep","article_modified_time":"2026-01-20T15:20:19+00:00","og_image":[{"width":1200,"height":1200,"url":"https:\/\/www.sicep.it\/wp-content\/uploads\/2025\/03\/firelink-1.jpg","type":"image\/jpeg"}],"twitter_card":"summary_large_image","schema":{"@context":"https:\/\/schema.org","@graph":[{"@type":"WebPage","@id":"https:\/\/www.sicep.it\/fr\/producter\/firelink-fl-8\/","url":"https:\/\/www.sicep.it\/fr\/producter\/firelink-fl-8\/","name":"Fire-Link FL-8 - Sicep","isPartOf":{"@id":"https:\/\/www.sicep.it\/#website"},"datePublished":"2025-03-11T09:24:16+00:00","dateModified":"2026-01-20T15:20:19+00:00","description":"Fire-Link FL-8 - Sicep - La liaison entre le syst\u00e8me d'alarme incendie et les stations de r\u00e9ception doit \u00eatre ma\u00eetris\u00e9e et confi\u00e9e \u00e0 un transmetteur conforme \u00e0 la norme EN 54-21.","breadcrumb":{"@id":"https:\/\/www.sicep.it\/fr\/producter\/firelink-fl-8\/#breadcrumb"},"inLanguage":"fr-FR","potentialAction":[{"@type":"ReadAction","target":["https:\/\/www.sicep.it\/fr\/producter\/firelink-fl-8\/"]}]},{"@type":"BreadcrumbList","@id":"https:\/\/www.sicep.it\/fr\/producter\/firelink-fl-8\/#breadcrumb","itemListElement":[{"@type":"ListItem","position":1,"name":"Home","item":"https:\/\/www.sicep.it\/fr\/"},{"@type":"ListItem","position":2,"name":"Fire-Link FL-8"}]},{"@type":"WebSite","@id":"https:\/\/www.sicep.it\/#website","url":"https:\/\/www.sicep.it\/","name":"Sicep","description":"","publisher":{"@id":"https:\/\/www.sicep.it\/#organization"},"potentialAction":[{"@type":"SearchAction","target":{"@type":"EntryPoint","urlTemplate":"https:\/\/www.sicep.it\/?s={search_term_string}"},"query-input":"required name=search_term_string"}],"inLanguage":"fr-FR"},{"@type":"Organization","@id":"https:\/\/www.sicep.it\/#organization","name":"Sicep","url":"https:\/\/www.sicep.it\/","logo":{"@type":"ImageObject","inLanguage":"fr-FR","@id":"https:\/\/www.sicep.it\/#\/schema\/logo\/image\/","url":"https:\/\/www.sicep.it\/wp-content\/uploads\/2020\/06\/sicep.jpg","contentUrl":"https:\/\/www.sicep.it\/wp-content\/uploads\/2020\/06\/sicep.jpg","width":512,"height":512,"caption":"Sicep"},"image":{"@id":"https:\/\/www.sicep.it\/#\/schema\/logo\/image\/"}}]}},"_links":{"self":[{"href":"https:\/\/www.sicep.it\/fr\/wp-json\/wp\/v2\/product\/9856"}],"collection":[{"href":"https:\/\/www.sicep.it\/fr\/wp-json\/wp\/v2\/product"}],"about":[{"href":"https:\/\/www.sicep.it\/fr\/wp-json\/wp\/v2\/types\/product"}],"wp:featuredmedia":[{"embeddable":true,"href":"https:\/\/www.sicep.it\/fr\/wp-json\/wp\/v2\/media\/9862"}],"wp:attachment":[{"href":"https:\/\/www.sicep.it\/fr\/wp-json\/wp\/v2\/media?parent=9856"}],"wp:term":[{"taxonomy":"product_cat","embeddable":true,"href":"https:\/\/www.sicep.it\/fr\/wp-json\/wp\/v2\/product_cat?post=9856"},{"taxonomy":"product_tag","embeddable":true,"href":"https:\/\/www.sicep.it\/fr\/wp-json\/wp\/v2\/product_tag?post=9856"}],"curies":[{"name":"wp","href":"https:\/\/api.w.org\/{rel}","templated":true}]}}