{"id":9158,"date":"2024-03-01T15:22:35","date_gmt":"2024-03-01T14:22:35","guid":{"rendered":"https:\/\/www.sicep.it\/?post_type=product&#038;p=9158"},"modified":"2026-01-20T16:27:59","modified_gmt":"2026-01-20T15:27:59","slug":"icon-ic-488","status":"publish","type":"product","link":"https:\/\/www.sicep.it\/fr\/producter\/icon-ic-488\/","title":{"rendered":"ICON IC-488"},"content":{"rendered":"","protected":false},"excerpt":{"rendered":"<p style=\"text-align: justify;\"><strong>ICON<\/strong> nouvelle centrale d\u2019alarme de haute conception,avec les technologies de derni\u00e8re g\u00e9n\u00e9ration, capable d\u2019offrir des fonctionnalit\u00e9s de s\u00e9curit\u00e9 avanc\u00e9es. ICON est un syst\u00e8me antivol modulaire (filaire et radio) qui int\u00e8gre parfaitement de multiples fonctions Syst\u00e9me modulai re innovant . op\u00e9rationnelles, telles que : alarme, contr\u00f4le vid\u00e9o, smart-building, surveillance et cloud.<\/p>\n<ul>\n<li>Centrale d\u2019alarme antivol modulaire hybride<\/li>\n<li>4 zones extensibles \u00e0 20 IN \u2013 OUT<\/li>\n<li>Technologie radio BiTech totalement bidirectionnelle 868 Mhz (3 canaux s\u00e9lectionnables)<\/li>\n<li>40 zones radio BiTech<\/li>\n<li>4 r\u00e9p\u00e9teurs radio (REP) avec possibilit\u00e9 de double saut<\/li>\n<li>4 zones ind\u00e9pendantes<\/li>\n<li>32 utilisateurs + 32 t\u00e9l\u00e9commandes associables<\/li>\n<li>8 actionneurs radio (2 In-Out) pour Smart Building<\/li>\n<li>16 sc\u00e9narios pouvant \u00eatre activ\u00e9s \u00e0 partir du clavier, de l\u2019application et de la t\u00e9l\u00e9commande<\/li>\n<li>8 programmeurs horaires sur une base annuelle<\/li>\n<li>8 fumig\u00e8nes radio Bitech connectables<\/li>\n<li>Alimentation interne et batterie tampon (test continu et p\u00e9riodique)<\/li>\n<li>Sir\u00e8ne pi\u00e9zo\u00e9lectrique int\u00e9gr\u00e9e<\/li>\n<li>Historique des \u00e9v\u00e9nements jusqu\u2019\u00e0 1.024, qui peut \u00eatre \u00e9cras\u00e9<\/li>\n<li>V\u00e9rification vid\u00e9o VTech et gestion des cam\u00e9ras IP (technologie E-VIEW)<\/li>\n<li>Connectivit\u00e9 multiple du syst\u00e8me Lan (WiFi en option) et LTE \/ GPRS<\/li>\n<li>Envoi de SMS, d\u2019e-mails et de messages vocaux<\/li>\n<li>Protocole SIA IP<\/li>\n<li>Anti-brouillage sur Gsm et radio 868MHz<\/li>\n<li>Gestion via SICEP APP et Cloud (notifications push)<\/li>\n<li>Int\u00e9gration avec les centres de t\u00e9l\u00e9surveillance SICEP MvsNET<\/li>\n<li>Programmation locale et \u00e0 distance<\/li>\n<li>Mise \u00e0 jour du logicielle \u00e0 distance<\/li>\n<li>Divers accessoires pouvant \u00eatre utilis\u00e9s<\/li>\n<\/ul>\n<p><img loading=\"lazy\" class=\"alignleft wp-image-4710\" src=\"https:\/\/www.sicep.it\/wp-content\/uploads\/2020\/05\/bitech-icona-150x150.jpg\" alt=\"\" width=\"100\" height=\"100\" srcset=\"https:\/\/www.sicep.it\/wp-content\/uploads\/2020\/05\/bitech-icona-150x150.jpg 150w, https:\/\/www.sicep.it\/wp-content\/uploads\/2020\/05\/bitech-icona.jpg 200w\" sizes=\"(max-width: 100px) 100vw, 100px\" \/><img loading=\"lazy\" class=\"alignleft wp-image-4742\" src=\"https:\/\/www.sicep.it\/wp-content\/uploads\/2021\/07\/Risorsa-25-8.png\" alt=\"\" width=\"90\" height=\"90\" \/><img loading=\"lazy\" class=\"alignleft wp-image-4712\" src=\"https:\/\/www.sicep.it\/wp-content\/uploads\/2020\/05\/4G-lte-ready-150x150.jpg\" alt=\"\" width=\"100\" height=\"100\" \/><\/p>\n<table style=\"border-collapse: collapse; width: 100%; background-color: #ffffff; height: 296px;\" border=\"0\">\n<tbody>\n<tr style=\"height: 144px;\">\n<td style=\"height: 144px; background-color: #ffffff; border-style: hidden; text-align: left;\" colspan=\"2\"><img loading=\"lazy\" style=\"text-align: center;\" src=\"https:\/\/www.sicep.it\/wp-content\/uploads\/2020\/04\/AppSicep-ButtonRound-150x150.png\" alt=\"App SICEP\" width=\"140\" height=\"140\" \/><\/td>\n<\/tr>\n<tr style=\"height: 48px;\">\n<td style=\"height: 48px; text-align: center; width: 30%; vertical-align: middle; background-color: #ffffff; border-style: hidden;\"><a title=\"App SICEP - Google Play Store\" href=\"https:\/\/play.google.com\/store\/apps\/details?id=com.sicep.sicep\" target=\"_blank\" rel=\"noopener\"><img loading=\"lazy\" src=\"https:\/\/www.sicep.it\/wp-content\/uploads\/2020\/04\/QRCode-Google-Sicep-150x150.png\" alt=\"App SICEP - Google Play Store\" width=\"100\" height=\"100\" \/><\/a><\/td>\n<td style=\"width: 70%; height: 48px; text-align: left; vertical-align: middle; background-color: #ffffff; border-style: hidden;\"><a title=\"App SICEP - Google Play Store\" href=\"https:\/\/play.google.com\/store\/apps\/details?id=com.sicep.sicep\" target=\"_blank\" rel=\"noopener\"><img loading=\"lazy\" src=\"https:\/\/www.sicep.it\/wp-content\/uploads\/2025\/06\/google-play-badge_Francese.png\" alt=\"\" width=\"252\" height=\"75\" \/><\/a><\/td>\n<\/tr>\n<tr style=\"height: 104px;\">\n<td style=\"height: 104px; text-align: center; width: 30%; vertical-align: middle; background-color: #ffffff; border-style: hidden;\"><a title=\"App SICEP - Apple App Store\" href=\"https:\/\/apps.apple.com\/fr\/app\/sicep\/id6472173004\" target=\"_blank\" rel=\"noopener\"><img loading=\"lazy\" src=\"https:\/\/www.sicep.it\/wp-content\/uploads\/2020\/04\/QRCode-Apple-Sicep-150x150.png\" alt=\"App SICEP - Apple App Store\" width=\"100\" height=\"100\" \/><\/a><\/td>\n<td style=\"width: 70%; height: 104px; text-align: left; vertical-align: middle; background-color: #ffffff; border-style: hidden;\"><a title=\"App SICEP - Apple App Store\" href=\"https:\/\/apps.apple.com\/fr\/app\/sicep\/id6472173004\" target=\"_blank\" rel=\"noopener\"><img loading=\"lazy\" src=\"https:\/\/www.sicep.it\/wp-content\/uploads\/2025\/06\/Download_on_the_App_Store_Badge_FR_blk_100517.png\" alt=\"\" width=\"223\" height=\"75\" \/><\/a><\/td>\n<\/tr>\n<\/tbody>\n<\/table>\n","protected":false},"featured_media":9161,"template":"","meta":[],"product_cat":[298,381],"product_tag":[],"yoast_head":"<!-- This site is optimized with the Yoast SEO plugin v19.9 - https:\/\/yoast.com\/wordpress\/plugins\/seo\/ -->\n<title>ICON IC-488 - Sicep<\/title>\n<meta name=\"description\" content=\"ICON IC-488 - Sicep - ICON nouvelle centrale d\u2019alarme de haute conception,avec les technologies de derni\u00e8re g\u00e9n\u00e9ration, capable d\u2019offrir des fonctionnalit\u00e9s de s\u00e9curit\u00e9 avanc\u00e9es.\" \/>\n<meta name=\"robots\" content=\"index, follow, max-snippet:-1, max-image-preview:large, max-video-preview:-1\" \/>\n<link rel=\"canonical\" href=\"https:\/\/www.sicep.it\/fr\/producter\/icon-ic-488\/\" \/>\n<meta property=\"og:locale\" content=\"fr_FR\" \/>\n<meta property=\"og:type\" content=\"article\" \/>\n<meta property=\"og:title\" content=\"ICON IC-488 - Sicep\" \/>\n<meta property=\"og:description\" content=\"ICON IC-488 - Sicep - ICON nouvelle centrale d\u2019alarme de haute conception,avec les technologies de derni\u00e8re g\u00e9n\u00e9ration, capable d\u2019offrir des fonctionnalit\u00e9s de s\u00e9curit\u00e9 avanc\u00e9es.\" \/>\n<meta property=\"og:url\" content=\"https:\/\/www.sicep.it\/fr\/producter\/icon-ic-488\/\" \/>\n<meta property=\"og:site_name\" content=\"Sicep\" \/>\n<meta property=\"article:modified_time\" content=\"2026-01-20T15:27:59+00:00\" \/>\n<meta property=\"og:image\" content=\"https:\/\/www.sicep.it\/wp-content\/uploads\/2024\/03\/IC-488.jpg\" \/>\n\t<meta property=\"og:image:width\" content=\"1600\" \/>\n\t<meta property=\"og:image:height\" content=\"1600\" \/>\n\t<meta property=\"og:image:type\" content=\"image\/jpeg\" \/>\n<meta name=\"twitter:card\" content=\"summary_large_image\" \/>\n<script type=\"application\/ld+json\" class=\"yoast-schema-graph\">{\"@context\":\"https:\/\/schema.org\",\"@graph\":[{\"@type\":\"WebPage\",\"@id\":\"https:\/\/www.sicep.it\/fr\/producter\/icon-ic-488\/\",\"url\":\"https:\/\/www.sicep.it\/fr\/producter\/icon-ic-488\/\",\"name\":\"ICON IC-488 - Sicep\",\"isPartOf\":{\"@id\":\"https:\/\/www.sicep.it\/#website\"},\"datePublished\":\"2024-03-01T14:22:35+00:00\",\"dateModified\":\"2026-01-20T15:27:59+00:00\",\"description\":\"ICON IC-488 - Sicep - ICON nouvelle centrale d\u2019alarme de haute conception,avec les technologies de derni\u00e8re g\u00e9n\u00e9ration, capable d\u2019offrir des fonctionnalit\u00e9s de s\u00e9curit\u00e9 avanc\u00e9es.\",\"breadcrumb\":{\"@id\":\"https:\/\/www.sicep.it\/fr\/producter\/icon-ic-488\/#breadcrumb\"},\"inLanguage\":\"fr-FR\",\"potentialAction\":[{\"@type\":\"ReadAction\",\"target\":[\"https:\/\/www.sicep.it\/fr\/producter\/icon-ic-488\/\"]}]},{\"@type\":\"BreadcrumbList\",\"@id\":\"https:\/\/www.sicep.it\/fr\/producter\/icon-ic-488\/#breadcrumb\",\"itemListElement\":[{\"@type\":\"ListItem\",\"position\":1,\"name\":\"Home\",\"item\":\"https:\/\/www.sicep.it\/fr\/\"},{\"@type\":\"ListItem\",\"position\":2,\"name\":\"ICON IC-488\"}]},{\"@type\":\"WebSite\",\"@id\":\"https:\/\/www.sicep.it\/#website\",\"url\":\"https:\/\/www.sicep.it\/\",\"name\":\"Sicep\",\"description\":\"\",\"publisher\":{\"@id\":\"https:\/\/www.sicep.it\/#organization\"},\"potentialAction\":[{\"@type\":\"SearchAction\",\"target\":{\"@type\":\"EntryPoint\",\"urlTemplate\":\"https:\/\/www.sicep.it\/?s={search_term_string}\"},\"query-input\":\"required name=search_term_string\"}],\"inLanguage\":\"fr-FR\"},{\"@type\":\"Organization\",\"@id\":\"https:\/\/www.sicep.it\/#organization\",\"name\":\"Sicep\",\"url\":\"https:\/\/www.sicep.it\/\",\"logo\":{\"@type\":\"ImageObject\",\"inLanguage\":\"fr-FR\",\"@id\":\"https:\/\/www.sicep.it\/#\/schema\/logo\/image\/\",\"url\":\"https:\/\/www.sicep.it\/wp-content\/uploads\/2020\/06\/sicep.jpg\",\"contentUrl\":\"https:\/\/www.sicep.it\/wp-content\/uploads\/2020\/06\/sicep.jpg\",\"width\":512,\"height\":512,\"caption\":\"Sicep\"},\"image\":{\"@id\":\"https:\/\/www.sicep.it\/#\/schema\/logo\/image\/\"}}]}<\/script>\n<!-- \/ Yoast SEO plugin. -->","yoast_head_json":{"title":"ICON IC-488 - Sicep","description":"ICON IC-488 - Sicep - ICON nouvelle centrale d\u2019alarme de haute conception,avec les technologies de derni\u00e8re g\u00e9n\u00e9ration, capable d\u2019offrir des fonctionnalit\u00e9s de s\u00e9curit\u00e9 avanc\u00e9es.","robots":{"index":"index","follow":"follow","max-snippet":"max-snippet:-1","max-image-preview":"max-image-preview:large","max-video-preview":"max-video-preview:-1"},"canonical":"https:\/\/www.sicep.it\/fr\/producter\/icon-ic-488\/","og_locale":"fr_FR","og_type":"article","og_title":"ICON IC-488 - Sicep","og_description":"ICON IC-488 - Sicep - ICON nouvelle centrale d\u2019alarme de haute conception,avec les technologies de derni\u00e8re g\u00e9n\u00e9ration, capable d\u2019offrir des fonctionnalit\u00e9s de s\u00e9curit\u00e9 avanc\u00e9es.","og_url":"https:\/\/www.sicep.it\/fr\/producter\/icon-ic-488\/","og_site_name":"Sicep","article_modified_time":"2026-01-20T15:27:59+00:00","og_image":[{"width":1600,"height":1600,"url":"https:\/\/www.sicep.it\/wp-content\/uploads\/2024\/03\/IC-488.jpg","type":"image\/jpeg"}],"twitter_card":"summary_large_image","schema":{"@context":"https:\/\/schema.org","@graph":[{"@type":"WebPage","@id":"https:\/\/www.sicep.it\/fr\/producter\/icon-ic-488\/","url":"https:\/\/www.sicep.it\/fr\/producter\/icon-ic-488\/","name":"ICON IC-488 - Sicep","isPartOf":{"@id":"https:\/\/www.sicep.it\/#website"},"datePublished":"2024-03-01T14:22:35+00:00","dateModified":"2026-01-20T15:27:59+00:00","description":"ICON IC-488 - Sicep - ICON nouvelle centrale d\u2019alarme de haute conception,avec les technologies de derni\u00e8re g\u00e9n\u00e9ration, capable d\u2019offrir des fonctionnalit\u00e9s de s\u00e9curit\u00e9 avanc\u00e9es.","breadcrumb":{"@id":"https:\/\/www.sicep.it\/fr\/producter\/icon-ic-488\/#breadcrumb"},"inLanguage":"fr-FR","potentialAction":[{"@type":"ReadAction","target":["https:\/\/www.sicep.it\/fr\/producter\/icon-ic-488\/"]}]},{"@type":"BreadcrumbList","@id":"https:\/\/www.sicep.it\/fr\/producter\/icon-ic-488\/#breadcrumb","itemListElement":[{"@type":"ListItem","position":1,"name":"Home","item":"https:\/\/www.sicep.it\/fr\/"},{"@type":"ListItem","position":2,"name":"ICON IC-488"}]},{"@type":"WebSite","@id":"https:\/\/www.sicep.it\/#website","url":"https:\/\/www.sicep.it\/","name":"Sicep","description":"","publisher":{"@id":"https:\/\/www.sicep.it\/#organization"},"potentialAction":[{"@type":"SearchAction","target":{"@type":"EntryPoint","urlTemplate":"https:\/\/www.sicep.it\/?s={search_term_string}"},"query-input":"required name=search_term_string"}],"inLanguage":"fr-FR"},{"@type":"Organization","@id":"https:\/\/www.sicep.it\/#organization","name":"Sicep","url":"https:\/\/www.sicep.it\/","logo":{"@type":"ImageObject","inLanguage":"fr-FR","@id":"https:\/\/www.sicep.it\/#\/schema\/logo\/image\/","url":"https:\/\/www.sicep.it\/wp-content\/uploads\/2020\/06\/sicep.jpg","contentUrl":"https:\/\/www.sicep.it\/wp-content\/uploads\/2020\/06\/sicep.jpg","width":512,"height":512,"caption":"Sicep"},"image":{"@id":"https:\/\/www.sicep.it\/#\/schema\/logo\/image\/"}}]}},"_links":{"self":[{"href":"https:\/\/www.sicep.it\/fr\/wp-json\/wp\/v2\/product\/9158"}],"collection":[{"href":"https:\/\/www.sicep.it\/fr\/wp-json\/wp\/v2\/product"}],"about":[{"href":"https:\/\/www.sicep.it\/fr\/wp-json\/wp\/v2\/types\/product"}],"wp:featuredmedia":[{"embeddable":true,"href":"https:\/\/www.sicep.it\/fr\/wp-json\/wp\/v2\/media\/9161"}],"wp:attachment":[{"href":"https:\/\/www.sicep.it\/fr\/wp-json\/wp\/v2\/media?parent=9158"}],"wp:term":[{"taxonomy":"product_cat","embeddable":true,"href":"https:\/\/www.sicep.it\/fr\/wp-json\/wp\/v2\/product_cat?post=9158"},{"taxonomy":"product_tag","embeddable":true,"href":"https:\/\/www.sicep.it\/fr\/wp-json\/wp\/v2\/product_tag?post=9158"}],"curies":[{"name":"wp","href":"https:\/\/api.w.org\/{rel}","templated":true}]}}