{"id":8096,"date":"2023-02-14T15:57:23","date_gmt":"2023-02-14T14:57:24","guid":{"rendered":"https:\/\/www.sicep.it\/?post_type=product&#038;p=8096"},"modified":"2026-01-20T15:00:02","modified_gmt":"2026-01-20T14:00:02","slug":"ai-facedetect","status":"publish","type":"product","link":"https:\/\/www.sicep.it\/fr\/producter\/ai-facedetect\/","title":{"rendered":"AI-FACEDETECT"},"content":{"rendered":"","protected":false},"excerpt":{"rendered":"<p>Bas\u00e9 sur des algorithmes de deep learning, il permet la d\u00e9tection de visage (avec et sans visage masqu\u00e9), g\u00e9n\u00e9rant une alarme en cas de visage masqu\u00e9 ou en cas de visage non masqu\u00e9. N\u00e9cessite l\u2019utilisation d\u2019une cam\u00e9ra frontale.<\/p>\n<p>&nbsp;<\/p>\n","protected":false},"featured_media":8024,"template":"","meta":[],"product_cat":[401],"product_tag":[],"yoast_head":"<!-- This site is optimized with the Yoast SEO plugin v19.9 - https:\/\/yoast.com\/wordpress\/plugins\/seo\/ -->\n<title>AI-FACEDETECT - Sicep<\/title>\n<meta name=\"description\" content=\"AI-FACEDETECT - Sicep - Bas\u00e9 sur des algorithmes d&#039;apprentissage profond, il permet d&#039;effectuer la d\u00e9tection des visages (avec ou sans masque) et de g\u00e9n\u00e9rer une alarme.\" \/>\n<meta name=\"robots\" content=\"index, follow, max-snippet:-1, max-image-preview:large, max-video-preview:-1\" \/>\n<link rel=\"canonical\" href=\"https:\/\/www.sicep.it\/fr\/producter\/ai-facedetect\/\" \/>\n<meta property=\"og:locale\" content=\"fr_FR\" \/>\n<meta property=\"og:type\" content=\"article\" \/>\n<meta property=\"og:title\" content=\"AI-FACEDETECT - Sicep\" \/>\n<meta property=\"og:description\" content=\"AI-FACEDETECT - Sicep - Bas\u00e9 sur des algorithmes d&#039;apprentissage profond, il permet d&#039;effectuer la d\u00e9tection des visages (avec ou sans masque) et de g\u00e9n\u00e9rer une alarme.\" \/>\n<meta property=\"og:url\" content=\"https:\/\/www.sicep.it\/fr\/producter\/ai-facedetect\/\" \/>\n<meta property=\"og:site_name\" content=\"Sicep\" \/>\n<meta property=\"article:modified_time\" content=\"2026-01-20T14:00:02+00:00\" \/>\n<meta property=\"og:image\" content=\"https:\/\/www.sicep.it\/wp-content\/uploads\/2023\/02\/ai-deep.jpg\" \/>\n\t<meta property=\"og:image:width\" content=\"1200\" \/>\n\t<meta property=\"og:image:height\" content=\"1200\" \/>\n\t<meta property=\"og:image:type\" content=\"image\/jpeg\" \/>\n<meta name=\"twitter:card\" content=\"summary_large_image\" \/>\n<script type=\"application\/ld+json\" class=\"yoast-schema-graph\">{\"@context\":\"https:\/\/schema.org\",\"@graph\":[{\"@type\":\"WebPage\",\"@id\":\"https:\/\/www.sicep.it\/fr\/producter\/ai-facedetect\/\",\"url\":\"https:\/\/www.sicep.it\/fr\/producter\/ai-facedetect\/\",\"name\":\"AI-FACEDETECT - Sicep\",\"isPartOf\":{\"@id\":\"https:\/\/www.sicep.it\/#website\"},\"datePublished\":\"2023-02-14T14:57:24+00:00\",\"dateModified\":\"2026-01-20T14:00:02+00:00\",\"description\":\"AI-FACEDETECT - Sicep - Bas\u00e9 sur des algorithmes d'apprentissage profond, il permet d'effectuer la d\u00e9tection des visages (avec ou sans masque) et de g\u00e9n\u00e9rer une alarme.\",\"breadcrumb\":{\"@id\":\"https:\/\/www.sicep.it\/fr\/producter\/ai-facedetect\/#breadcrumb\"},\"inLanguage\":\"fr-FR\",\"potentialAction\":[{\"@type\":\"ReadAction\",\"target\":[\"https:\/\/www.sicep.it\/fr\/producter\/ai-facedetect\/\"]}]},{\"@type\":\"BreadcrumbList\",\"@id\":\"https:\/\/www.sicep.it\/fr\/producter\/ai-facedetect\/#breadcrumb\",\"itemListElement\":[{\"@type\":\"ListItem\",\"position\":1,\"name\":\"Home\",\"item\":\"https:\/\/www.sicep.it\/fr\/\"},{\"@type\":\"ListItem\",\"position\":2,\"name\":\"AI-FACEDETECT\"}]},{\"@type\":\"WebSite\",\"@id\":\"https:\/\/www.sicep.it\/#website\",\"url\":\"https:\/\/www.sicep.it\/\",\"name\":\"Sicep\",\"description\":\"\",\"publisher\":{\"@id\":\"https:\/\/www.sicep.it\/#organization\"},\"potentialAction\":[{\"@type\":\"SearchAction\",\"target\":{\"@type\":\"EntryPoint\",\"urlTemplate\":\"https:\/\/www.sicep.it\/?s={search_term_string}\"},\"query-input\":\"required name=search_term_string\"}],\"inLanguage\":\"fr-FR\"},{\"@type\":\"Organization\",\"@id\":\"https:\/\/www.sicep.it\/#organization\",\"name\":\"Sicep\",\"url\":\"https:\/\/www.sicep.it\/\",\"logo\":{\"@type\":\"ImageObject\",\"inLanguage\":\"fr-FR\",\"@id\":\"https:\/\/www.sicep.it\/#\/schema\/logo\/image\/\",\"url\":\"https:\/\/www.sicep.it\/wp-content\/uploads\/2020\/06\/sicep.jpg\",\"contentUrl\":\"https:\/\/www.sicep.it\/wp-content\/uploads\/2020\/06\/sicep.jpg\",\"width\":512,\"height\":512,\"caption\":\"Sicep\"},\"image\":{\"@id\":\"https:\/\/www.sicep.it\/#\/schema\/logo\/image\/\"}}]}<\/script>\n<!-- \/ Yoast SEO plugin. -->","yoast_head_json":{"title":"AI-FACEDETECT - Sicep","description":"AI-FACEDETECT - Sicep - Bas\u00e9 sur des algorithmes d'apprentissage profond, il permet d'effectuer la d\u00e9tection des visages (avec ou sans masque) et de g\u00e9n\u00e9rer une alarme.","robots":{"index":"index","follow":"follow","max-snippet":"max-snippet:-1","max-image-preview":"max-image-preview:large","max-video-preview":"max-video-preview:-1"},"canonical":"https:\/\/www.sicep.it\/fr\/producter\/ai-facedetect\/","og_locale":"fr_FR","og_type":"article","og_title":"AI-FACEDETECT - Sicep","og_description":"AI-FACEDETECT - Sicep - Bas\u00e9 sur des algorithmes d'apprentissage profond, il permet d'effectuer la d\u00e9tection des visages (avec ou sans masque) et de g\u00e9n\u00e9rer une alarme.","og_url":"https:\/\/www.sicep.it\/fr\/producter\/ai-facedetect\/","og_site_name":"Sicep","article_modified_time":"2026-01-20T14:00:02+00:00","og_image":[{"width":1200,"height":1200,"url":"https:\/\/www.sicep.it\/wp-content\/uploads\/2023\/02\/ai-deep.jpg","type":"image\/jpeg"}],"twitter_card":"summary_large_image","schema":{"@context":"https:\/\/schema.org","@graph":[{"@type":"WebPage","@id":"https:\/\/www.sicep.it\/fr\/producter\/ai-facedetect\/","url":"https:\/\/www.sicep.it\/fr\/producter\/ai-facedetect\/","name":"AI-FACEDETECT - Sicep","isPartOf":{"@id":"https:\/\/www.sicep.it\/#website"},"datePublished":"2023-02-14T14:57:24+00:00","dateModified":"2026-01-20T14:00:02+00:00","description":"AI-FACEDETECT - Sicep - Bas\u00e9 sur des algorithmes d'apprentissage profond, il permet d'effectuer la d\u00e9tection des visages (avec ou sans masque) et de g\u00e9n\u00e9rer une alarme.","breadcrumb":{"@id":"https:\/\/www.sicep.it\/fr\/producter\/ai-facedetect\/#breadcrumb"},"inLanguage":"fr-FR","potentialAction":[{"@type":"ReadAction","target":["https:\/\/www.sicep.it\/fr\/producter\/ai-facedetect\/"]}]},{"@type":"BreadcrumbList","@id":"https:\/\/www.sicep.it\/fr\/producter\/ai-facedetect\/#breadcrumb","itemListElement":[{"@type":"ListItem","position":1,"name":"Home","item":"https:\/\/www.sicep.it\/fr\/"},{"@type":"ListItem","position":2,"name":"AI-FACEDETECT"}]},{"@type":"WebSite","@id":"https:\/\/www.sicep.it\/#website","url":"https:\/\/www.sicep.it\/","name":"Sicep","description":"","publisher":{"@id":"https:\/\/www.sicep.it\/#organization"},"potentialAction":[{"@type":"SearchAction","target":{"@type":"EntryPoint","urlTemplate":"https:\/\/www.sicep.it\/?s={search_term_string}"},"query-input":"required name=search_term_string"}],"inLanguage":"fr-FR"},{"@type":"Organization","@id":"https:\/\/www.sicep.it\/#organization","name":"Sicep","url":"https:\/\/www.sicep.it\/","logo":{"@type":"ImageObject","inLanguage":"fr-FR","@id":"https:\/\/www.sicep.it\/#\/schema\/logo\/image\/","url":"https:\/\/www.sicep.it\/wp-content\/uploads\/2020\/06\/sicep.jpg","contentUrl":"https:\/\/www.sicep.it\/wp-content\/uploads\/2020\/06\/sicep.jpg","width":512,"height":512,"caption":"Sicep"},"image":{"@id":"https:\/\/www.sicep.it\/#\/schema\/logo\/image\/"}}]}},"_links":{"self":[{"href":"https:\/\/www.sicep.it\/fr\/wp-json\/wp\/v2\/product\/8096"}],"collection":[{"href":"https:\/\/www.sicep.it\/fr\/wp-json\/wp\/v2\/product"}],"about":[{"href":"https:\/\/www.sicep.it\/fr\/wp-json\/wp\/v2\/types\/product"}],"wp:featuredmedia":[{"embeddable":true,"href":"https:\/\/www.sicep.it\/fr\/wp-json\/wp\/v2\/media\/8024"}],"wp:attachment":[{"href":"https:\/\/www.sicep.it\/fr\/wp-json\/wp\/v2\/media?parent=8096"}],"wp:term":[{"taxonomy":"product_cat","embeddable":true,"href":"https:\/\/www.sicep.it\/fr\/wp-json\/wp\/v2\/product_cat?post=8096"},{"taxonomy":"product_tag","embeddable":true,"href":"https:\/\/www.sicep.it\/fr\/wp-json\/wp\/v2\/product_tag?post=8096"}],"curies":[{"name":"wp","href":"https:\/\/api.w.org\/{rel}","templated":true}]}}