{"id":8084,"date":"2023-02-14T15:50:36","date_gmt":"2023-02-14T14:50:36","guid":{"rendered":"https:\/\/www.sicep.it\/?post_type=product&#038;p=8084"},"modified":"2026-01-20T14:59:47","modified_gmt":"2026-01-20T13:59:47","slug":"ai-incident-deep","status":"publish","type":"product","link":"https:\/\/www.sicep.it\/fr\/producter\/ai-incident-deep\/","title":{"rendered":"AI-INCIDENT-DEEP"},"content":{"rendered":"","protected":false},"excerpt":{"rendered":"<p>D\u00e9tection de pr\u00e9sence pi\u00e9ton sur la chauss\u00e9e ou v\u00e9hicule \u00e0 l\u2019arret dans une zone interdite, d\u00e9tection de congestion, d\u00e9tection de v\u00e9hicule circulant en sens inverse. La classification des v\u00e9hicules et des pi\u00e9tons est bas\u00e9e sur l\u2019apprentissage en profondeur.<\/p>\n","protected":false},"featured_media":8024,"template":"","meta":[],"product_cat":[401],"product_tag":[],"yoast_head":"<!-- This site is optimized with the Yoast SEO plugin v19.9 - https:\/\/yoast.com\/wordpress\/plugins\/seo\/ -->\n<title>AI-INCIDENT-DEEP - Sicep<\/title>\n<meta name=\"description\" content=\"AI-INCIDENT-DEEP - Sicep - D\u00e9tection de la pr\u00e9sence d&#039;un pi\u00e9ton sur la route ou d&#039;un v\u00e9hicule \u00e0 l&#039;arr\u00eat dans une zone interdite, d\u00e9tection des embouteillages, d\u00e9tection des v\u00e9hicules circulant \u00e0 contresens.\" \/>\n<meta name=\"robots\" content=\"index, follow, max-snippet:-1, max-image-preview:large, max-video-preview:-1\" \/>\n<link rel=\"canonical\" href=\"https:\/\/www.sicep.it\/fr\/producter\/ai-incident-deep\/\" \/>\n<meta property=\"og:locale\" content=\"fr_FR\" \/>\n<meta property=\"og:type\" content=\"article\" \/>\n<meta property=\"og:title\" content=\"AI-INCIDENT-DEEP - Sicep\" \/>\n<meta property=\"og:description\" content=\"AI-INCIDENT-DEEP - Sicep - D\u00e9tection de la pr\u00e9sence d&#039;un pi\u00e9ton sur la route ou d&#039;un v\u00e9hicule \u00e0 l&#039;arr\u00eat dans une zone interdite, d\u00e9tection des embouteillages, d\u00e9tection des v\u00e9hicules circulant \u00e0 contresens.\" \/>\n<meta property=\"og:url\" content=\"https:\/\/www.sicep.it\/fr\/producter\/ai-incident-deep\/\" \/>\n<meta property=\"og:site_name\" content=\"Sicep\" \/>\n<meta property=\"article:modified_time\" content=\"2026-01-20T13:59:47+00:00\" \/>\n<meta property=\"og:image\" content=\"https:\/\/www.sicep.it\/wp-content\/uploads\/2023\/02\/ai-deep.jpg\" \/>\n\t<meta property=\"og:image:width\" content=\"1200\" \/>\n\t<meta property=\"og:image:height\" content=\"1200\" \/>\n\t<meta property=\"og:image:type\" content=\"image\/jpeg\" \/>\n<meta name=\"twitter:card\" content=\"summary_large_image\" \/>\n<script type=\"application\/ld+json\" class=\"yoast-schema-graph\">{\"@context\":\"https:\/\/schema.org\",\"@graph\":[{\"@type\":\"WebPage\",\"@id\":\"https:\/\/www.sicep.it\/fr\/producter\/ai-incident-deep\/\",\"url\":\"https:\/\/www.sicep.it\/fr\/producter\/ai-incident-deep\/\",\"name\":\"AI-INCIDENT-DEEP - Sicep\",\"isPartOf\":{\"@id\":\"https:\/\/www.sicep.it\/#website\"},\"datePublished\":\"2023-02-14T14:50:36+00:00\",\"dateModified\":\"2026-01-20T13:59:47+00:00\",\"description\":\"AI-INCIDENT-DEEP - Sicep - D\u00e9tection de la pr\u00e9sence d'un pi\u00e9ton sur la route ou d'un v\u00e9hicule \u00e0 l'arr\u00eat dans une zone interdite, d\u00e9tection des embouteillages, d\u00e9tection des v\u00e9hicules circulant \u00e0 contresens.\",\"breadcrumb\":{\"@id\":\"https:\/\/www.sicep.it\/fr\/producter\/ai-incident-deep\/#breadcrumb\"},\"inLanguage\":\"fr-FR\",\"potentialAction\":[{\"@type\":\"ReadAction\",\"target\":[\"https:\/\/www.sicep.it\/fr\/producter\/ai-incident-deep\/\"]}]},{\"@type\":\"BreadcrumbList\",\"@id\":\"https:\/\/www.sicep.it\/fr\/producter\/ai-incident-deep\/#breadcrumb\",\"itemListElement\":[{\"@type\":\"ListItem\",\"position\":1,\"name\":\"Home\",\"item\":\"https:\/\/www.sicep.it\/fr\/\"},{\"@type\":\"ListItem\",\"position\":2,\"name\":\"AI-INCIDENT-DEEP\"}]},{\"@type\":\"WebSite\",\"@id\":\"https:\/\/www.sicep.it\/#website\",\"url\":\"https:\/\/www.sicep.it\/\",\"name\":\"Sicep\",\"description\":\"\",\"publisher\":{\"@id\":\"https:\/\/www.sicep.it\/#organization\"},\"potentialAction\":[{\"@type\":\"SearchAction\",\"target\":{\"@type\":\"EntryPoint\",\"urlTemplate\":\"https:\/\/www.sicep.it\/?s={search_term_string}\"},\"query-input\":\"required name=search_term_string\"}],\"inLanguage\":\"fr-FR\"},{\"@type\":\"Organization\",\"@id\":\"https:\/\/www.sicep.it\/#organization\",\"name\":\"Sicep\",\"url\":\"https:\/\/www.sicep.it\/\",\"logo\":{\"@type\":\"ImageObject\",\"inLanguage\":\"fr-FR\",\"@id\":\"https:\/\/www.sicep.it\/#\/schema\/logo\/image\/\",\"url\":\"https:\/\/www.sicep.it\/wp-content\/uploads\/2020\/06\/sicep.jpg\",\"contentUrl\":\"https:\/\/www.sicep.it\/wp-content\/uploads\/2020\/06\/sicep.jpg\",\"width\":512,\"height\":512,\"caption\":\"Sicep\"},\"image\":{\"@id\":\"https:\/\/www.sicep.it\/#\/schema\/logo\/image\/\"}}]}<\/script>\n<!-- \/ Yoast SEO plugin. -->","yoast_head_json":{"title":"AI-INCIDENT-DEEP - Sicep","description":"AI-INCIDENT-DEEP - Sicep - D\u00e9tection de la pr\u00e9sence d'un pi\u00e9ton sur la route ou d'un v\u00e9hicule \u00e0 l'arr\u00eat dans une zone interdite, d\u00e9tection des embouteillages, d\u00e9tection des v\u00e9hicules circulant \u00e0 contresens.","robots":{"index":"index","follow":"follow","max-snippet":"max-snippet:-1","max-image-preview":"max-image-preview:large","max-video-preview":"max-video-preview:-1"},"canonical":"https:\/\/www.sicep.it\/fr\/producter\/ai-incident-deep\/","og_locale":"fr_FR","og_type":"article","og_title":"AI-INCIDENT-DEEP - Sicep","og_description":"AI-INCIDENT-DEEP - Sicep - D\u00e9tection de la pr\u00e9sence d'un pi\u00e9ton sur la route ou d'un v\u00e9hicule \u00e0 l'arr\u00eat dans une zone interdite, d\u00e9tection des embouteillages, d\u00e9tection des v\u00e9hicules circulant \u00e0 contresens.","og_url":"https:\/\/www.sicep.it\/fr\/producter\/ai-incident-deep\/","og_site_name":"Sicep","article_modified_time":"2026-01-20T13:59:47+00:00","og_image":[{"width":1200,"height":1200,"url":"https:\/\/www.sicep.it\/wp-content\/uploads\/2023\/02\/ai-deep.jpg","type":"image\/jpeg"}],"twitter_card":"summary_large_image","schema":{"@context":"https:\/\/schema.org","@graph":[{"@type":"WebPage","@id":"https:\/\/www.sicep.it\/fr\/producter\/ai-incident-deep\/","url":"https:\/\/www.sicep.it\/fr\/producter\/ai-incident-deep\/","name":"AI-INCIDENT-DEEP - Sicep","isPartOf":{"@id":"https:\/\/www.sicep.it\/#website"},"datePublished":"2023-02-14T14:50:36+00:00","dateModified":"2026-01-20T13:59:47+00:00","description":"AI-INCIDENT-DEEP - Sicep - D\u00e9tection de la pr\u00e9sence d'un pi\u00e9ton sur la route ou d'un v\u00e9hicule \u00e0 l'arr\u00eat dans une zone interdite, d\u00e9tection des embouteillages, d\u00e9tection des v\u00e9hicules circulant \u00e0 contresens.","breadcrumb":{"@id":"https:\/\/www.sicep.it\/fr\/producter\/ai-incident-deep\/#breadcrumb"},"inLanguage":"fr-FR","potentialAction":[{"@type":"ReadAction","target":["https:\/\/www.sicep.it\/fr\/producter\/ai-incident-deep\/"]}]},{"@type":"BreadcrumbList","@id":"https:\/\/www.sicep.it\/fr\/producter\/ai-incident-deep\/#breadcrumb","itemListElement":[{"@type":"ListItem","position":1,"name":"Home","item":"https:\/\/www.sicep.it\/fr\/"},{"@type":"ListItem","position":2,"name":"AI-INCIDENT-DEEP"}]},{"@type":"WebSite","@id":"https:\/\/www.sicep.it\/#website","url":"https:\/\/www.sicep.it\/","name":"Sicep","description":"","publisher":{"@id":"https:\/\/www.sicep.it\/#organization"},"potentialAction":[{"@type":"SearchAction","target":{"@type":"EntryPoint","urlTemplate":"https:\/\/www.sicep.it\/?s={search_term_string}"},"query-input":"required name=search_term_string"}],"inLanguage":"fr-FR"},{"@type":"Organization","@id":"https:\/\/www.sicep.it\/#organization","name":"Sicep","url":"https:\/\/www.sicep.it\/","logo":{"@type":"ImageObject","inLanguage":"fr-FR","@id":"https:\/\/www.sicep.it\/#\/schema\/logo\/image\/","url":"https:\/\/www.sicep.it\/wp-content\/uploads\/2020\/06\/sicep.jpg","contentUrl":"https:\/\/www.sicep.it\/wp-content\/uploads\/2020\/06\/sicep.jpg","width":512,"height":512,"caption":"Sicep"},"image":{"@id":"https:\/\/www.sicep.it\/#\/schema\/logo\/image\/"}}]}},"_links":{"self":[{"href":"https:\/\/www.sicep.it\/fr\/wp-json\/wp\/v2\/product\/8084"}],"collection":[{"href":"https:\/\/www.sicep.it\/fr\/wp-json\/wp\/v2\/product"}],"about":[{"href":"https:\/\/www.sicep.it\/fr\/wp-json\/wp\/v2\/types\/product"}],"wp:featuredmedia":[{"embeddable":true,"href":"https:\/\/www.sicep.it\/fr\/wp-json\/wp\/v2\/media\/8024"}],"wp:attachment":[{"href":"https:\/\/www.sicep.it\/fr\/wp-json\/wp\/v2\/media?parent=8084"}],"wp:term":[{"taxonomy":"product_cat","embeddable":true,"href":"https:\/\/www.sicep.it\/fr\/wp-json\/wp\/v2\/product_cat?post=8084"},{"taxonomy":"product_tag","embeddable":true,"href":"https:\/\/www.sicep.it\/fr\/wp-json\/wp\/v2\/product_tag?post=8084"}],"curies":[{"name":"wp","href":"https:\/\/api.w.org\/{rel}","templated":true}]}}