{"id":8081,"date":"2023-02-14T15:49:19","date_gmt":"2023-02-14T14:49:19","guid":{"rendered":"https:\/\/www.sicep.it\/?post_type=product&#038;p=8081"},"modified":"2026-01-20T15:00:26","modified_gmt":"2026-01-20T14:00:26","slug":"ai-intrusion","status":"publish","type":"product","link":"https:\/\/www.sicep.it\/fr\/producter\/ai-intrusion\/","title":{"rendered":"AI-INTRUSION"},"content":{"rendered":"","protected":false},"excerpt":{"rendered":"<p>Permet la d\u00e9tection d\u2019intrusion, en termes de franchissement de ligne virtuelle, franchissement de ligne multiples virtuels, permanence en zone st\u00e9rile, d\u00e9tection de vagabondage. Il permet \u00e9galement de filtrer les objets \u00e0 la fois sur la base de la taille r\u00e9elle de l\u2019objet et sur la base de la classe \u00e0 laquelle il appartient (homme, animal, v\u00e9hicule) grace \u00e0 l\u2019utilisation d\u2019algorithmes de deep learning.<\/p>\n","protected":false},"featured_media":8024,"template":"","meta":[],"product_cat":[401],"product_tag":[],"yoast_head":"<!-- This site is optimized with the Yoast SEO plugin v19.9 - https:\/\/yoast.com\/wordpress\/plugins\/seo\/ -->\n<title>AI-INTRUSION - Sicep<\/title>\n<meta name=\"description\" content=\"AI-INTRUSION - Sicep - Permet la d\u00e9tection d&#039;intrusions, le franchissement de lignes virtuelles multiples, la permanence dans une zone st\u00e9rile, la d\u00e9tection d&#039;errance.\" \/>\n<meta name=\"robots\" content=\"index, follow, max-snippet:-1, max-image-preview:large, max-video-preview:-1\" \/>\n<link rel=\"canonical\" href=\"https:\/\/www.sicep.it\/fr\/producter\/ai-intrusion\/\" \/>\n<meta property=\"og:locale\" content=\"fr_FR\" \/>\n<meta property=\"og:type\" content=\"article\" \/>\n<meta property=\"og:title\" content=\"AI-INTRUSION - Sicep\" \/>\n<meta property=\"og:description\" content=\"AI-INTRUSION - Sicep - Permet la d\u00e9tection d&#039;intrusions, le franchissement de lignes virtuelles multiples, la permanence dans une zone st\u00e9rile, la d\u00e9tection d&#039;errance.\" \/>\n<meta property=\"og:url\" content=\"https:\/\/www.sicep.it\/fr\/producter\/ai-intrusion\/\" \/>\n<meta property=\"og:site_name\" content=\"Sicep\" \/>\n<meta property=\"article:modified_time\" content=\"2026-01-20T14:00:26+00:00\" \/>\n<meta property=\"og:image\" content=\"https:\/\/www.sicep.it\/wp-content\/uploads\/2023\/02\/ai-deep.jpg\" \/>\n\t<meta property=\"og:image:width\" content=\"1200\" \/>\n\t<meta property=\"og:image:height\" content=\"1200\" \/>\n\t<meta property=\"og:image:type\" content=\"image\/jpeg\" \/>\n<meta name=\"twitter:card\" content=\"summary_large_image\" \/>\n<script type=\"application\/ld+json\" class=\"yoast-schema-graph\">{\"@context\":\"https:\/\/schema.org\",\"@graph\":[{\"@type\":\"WebPage\",\"@id\":\"https:\/\/www.sicep.it\/fr\/producter\/ai-intrusion\/\",\"url\":\"https:\/\/www.sicep.it\/fr\/producter\/ai-intrusion\/\",\"name\":\"AI-INTRUSION - Sicep\",\"isPartOf\":{\"@id\":\"https:\/\/www.sicep.it\/#website\"},\"datePublished\":\"2023-02-14T14:49:19+00:00\",\"dateModified\":\"2026-01-20T14:00:26+00:00\",\"description\":\"AI-INTRUSION - Sicep - Permet la d\u00e9tection d'intrusions, le franchissement de lignes virtuelles multiples, la permanence dans une zone st\u00e9rile, la d\u00e9tection d'errance.\",\"breadcrumb\":{\"@id\":\"https:\/\/www.sicep.it\/fr\/producter\/ai-intrusion\/#breadcrumb\"},\"inLanguage\":\"fr-FR\",\"potentialAction\":[{\"@type\":\"ReadAction\",\"target\":[\"https:\/\/www.sicep.it\/fr\/producter\/ai-intrusion\/\"]}]},{\"@type\":\"BreadcrumbList\",\"@id\":\"https:\/\/www.sicep.it\/fr\/producter\/ai-intrusion\/#breadcrumb\",\"itemListElement\":[{\"@type\":\"ListItem\",\"position\":1,\"name\":\"Home\",\"item\":\"https:\/\/www.sicep.it\/fr\/\"},{\"@type\":\"ListItem\",\"position\":2,\"name\":\"AI-INTRUSION\"}]},{\"@type\":\"WebSite\",\"@id\":\"https:\/\/www.sicep.it\/#website\",\"url\":\"https:\/\/www.sicep.it\/\",\"name\":\"Sicep\",\"description\":\"\",\"publisher\":{\"@id\":\"https:\/\/www.sicep.it\/#organization\"},\"potentialAction\":[{\"@type\":\"SearchAction\",\"target\":{\"@type\":\"EntryPoint\",\"urlTemplate\":\"https:\/\/www.sicep.it\/?s={search_term_string}\"},\"query-input\":\"required name=search_term_string\"}],\"inLanguage\":\"fr-FR\"},{\"@type\":\"Organization\",\"@id\":\"https:\/\/www.sicep.it\/#organization\",\"name\":\"Sicep\",\"url\":\"https:\/\/www.sicep.it\/\",\"logo\":{\"@type\":\"ImageObject\",\"inLanguage\":\"fr-FR\",\"@id\":\"https:\/\/www.sicep.it\/#\/schema\/logo\/image\/\",\"url\":\"https:\/\/www.sicep.it\/wp-content\/uploads\/2020\/06\/sicep.jpg\",\"contentUrl\":\"https:\/\/www.sicep.it\/wp-content\/uploads\/2020\/06\/sicep.jpg\",\"width\":512,\"height\":512,\"caption\":\"Sicep\"},\"image\":{\"@id\":\"https:\/\/www.sicep.it\/#\/schema\/logo\/image\/\"}}]}<\/script>\n<!-- \/ Yoast SEO plugin. -->","yoast_head_json":{"title":"AI-INTRUSION - Sicep","description":"AI-INTRUSION - Sicep - Permet la d\u00e9tection d'intrusions, le franchissement de lignes virtuelles multiples, la permanence dans une zone st\u00e9rile, la d\u00e9tection d'errance.","robots":{"index":"index","follow":"follow","max-snippet":"max-snippet:-1","max-image-preview":"max-image-preview:large","max-video-preview":"max-video-preview:-1"},"canonical":"https:\/\/www.sicep.it\/fr\/producter\/ai-intrusion\/","og_locale":"fr_FR","og_type":"article","og_title":"AI-INTRUSION - Sicep","og_description":"AI-INTRUSION - Sicep - Permet la d\u00e9tection d'intrusions, le franchissement de lignes virtuelles multiples, la permanence dans une zone st\u00e9rile, la d\u00e9tection d'errance.","og_url":"https:\/\/www.sicep.it\/fr\/producter\/ai-intrusion\/","og_site_name":"Sicep","article_modified_time":"2026-01-20T14:00:26+00:00","og_image":[{"width":1200,"height":1200,"url":"https:\/\/www.sicep.it\/wp-content\/uploads\/2023\/02\/ai-deep.jpg","type":"image\/jpeg"}],"twitter_card":"summary_large_image","schema":{"@context":"https:\/\/schema.org","@graph":[{"@type":"WebPage","@id":"https:\/\/www.sicep.it\/fr\/producter\/ai-intrusion\/","url":"https:\/\/www.sicep.it\/fr\/producter\/ai-intrusion\/","name":"AI-INTRUSION - Sicep","isPartOf":{"@id":"https:\/\/www.sicep.it\/#website"},"datePublished":"2023-02-14T14:49:19+00:00","dateModified":"2026-01-20T14:00:26+00:00","description":"AI-INTRUSION - Sicep - Permet la d\u00e9tection d'intrusions, le franchissement de lignes virtuelles multiples, la permanence dans une zone st\u00e9rile, la d\u00e9tection d'errance.","breadcrumb":{"@id":"https:\/\/www.sicep.it\/fr\/producter\/ai-intrusion\/#breadcrumb"},"inLanguage":"fr-FR","potentialAction":[{"@type":"ReadAction","target":["https:\/\/www.sicep.it\/fr\/producter\/ai-intrusion\/"]}]},{"@type":"BreadcrumbList","@id":"https:\/\/www.sicep.it\/fr\/producter\/ai-intrusion\/#breadcrumb","itemListElement":[{"@type":"ListItem","position":1,"name":"Home","item":"https:\/\/www.sicep.it\/fr\/"},{"@type":"ListItem","position":2,"name":"AI-INTRUSION"}]},{"@type":"WebSite","@id":"https:\/\/www.sicep.it\/#website","url":"https:\/\/www.sicep.it\/","name":"Sicep","description":"","publisher":{"@id":"https:\/\/www.sicep.it\/#organization"},"potentialAction":[{"@type":"SearchAction","target":{"@type":"EntryPoint","urlTemplate":"https:\/\/www.sicep.it\/?s={search_term_string}"},"query-input":"required name=search_term_string"}],"inLanguage":"fr-FR"},{"@type":"Organization","@id":"https:\/\/www.sicep.it\/#organization","name":"Sicep","url":"https:\/\/www.sicep.it\/","logo":{"@type":"ImageObject","inLanguage":"fr-FR","@id":"https:\/\/www.sicep.it\/#\/schema\/logo\/image\/","url":"https:\/\/www.sicep.it\/wp-content\/uploads\/2020\/06\/sicep.jpg","contentUrl":"https:\/\/www.sicep.it\/wp-content\/uploads\/2020\/06\/sicep.jpg","width":512,"height":512,"caption":"Sicep"},"image":{"@id":"https:\/\/www.sicep.it\/#\/schema\/logo\/image\/"}}]}},"_links":{"self":[{"href":"https:\/\/www.sicep.it\/fr\/wp-json\/wp\/v2\/product\/8081"}],"collection":[{"href":"https:\/\/www.sicep.it\/fr\/wp-json\/wp\/v2\/product"}],"about":[{"href":"https:\/\/www.sicep.it\/fr\/wp-json\/wp\/v2\/types\/product"}],"wp:featuredmedia":[{"embeddable":true,"href":"https:\/\/www.sicep.it\/fr\/wp-json\/wp\/v2\/media\/8024"}],"wp:attachment":[{"href":"https:\/\/www.sicep.it\/fr\/wp-json\/wp\/v2\/media?parent=8081"}],"wp:term":[{"taxonomy":"product_cat","embeddable":true,"href":"https:\/\/www.sicep.it\/fr\/wp-json\/wp\/v2\/product_cat?post=8081"},{"taxonomy":"product_tag","embeddable":true,"href":"https:\/\/www.sicep.it\/fr\/wp-json\/wp\/v2\/product_tag?post=8081"}],"curies":[{"name":"wp","href":"https:\/\/api.w.org\/{rel}","templated":true}]}}