{"id":8051,"date":"2023-02-14T15:37:58","date_gmt":"2023-02-14T14:37:58","guid":{"rendered":"https:\/\/www.sicep.it\/?post_type=product&#038;p=8051"},"modified":"2026-01-20T15:23:35","modified_gmt":"2026-01-20T14:23:35","slug":"ai-violation","status":"publish","type":"product","link":"https:\/\/www.sicep.it\/fr\/producter\/ai-violation\/","title":{"rendered":"AI-VIOLATION"},"content":{"rendered":"","protected":false},"excerpt":{"rendered":"<p>D\u00e9tection et identification des v\u00e9hicules (voitures, motos et camions) franchissant la ligne d\u2019arret alors que le feu est rouge. Vitesse moyenne estim\u00e9e et calcul du temps \u00e9coul\u00e9 depuis que le v\u00e9hicule d\u00e9tect\u00e9 a allum\u00e9 le feu rouge. La d\u00e9tection et la classification sont bas\u00e9es sur des algorithmes d\u2019apprentissage en profondeur. Aucune connexion physique au feu de signalisation n\u2019est requise.<\/p>\n","protected":false},"featured_media":8024,"template":"","meta":[],"product_cat":[401],"product_tag":[],"yoast_head":"<!-- This site is optimized with the Yoast SEO plugin v19.9 - https:\/\/yoast.com\/wordpress\/plugins\/seo\/ -->\n<title>AI-VIOLATION - Sicep<\/title>\n<meta name=\"description\" content=\"AI-VIOLATION - Sicep - Bas\u00e9 sur des algorithmes d&#039;apprentissage profond, il permet la d\u00e9tection et l&#039;identification des v\u00e9hicules qui franchissent la ligne d&#039;arr\u00eat alors que le feu est rouge.\" \/>\n<meta name=\"robots\" content=\"index, follow, max-snippet:-1, max-image-preview:large, max-video-preview:-1\" \/>\n<link rel=\"canonical\" href=\"https:\/\/www.sicep.it\/fr\/producter\/ai-violation\/\" \/>\n<meta property=\"og:locale\" content=\"fr_FR\" \/>\n<meta property=\"og:type\" content=\"article\" \/>\n<meta property=\"og:title\" content=\"AI-VIOLATION - Sicep\" \/>\n<meta property=\"og:description\" content=\"AI-VIOLATION - Sicep - Bas\u00e9 sur des algorithmes d&#039;apprentissage profond, il permet la d\u00e9tection et l&#039;identification des v\u00e9hicules qui franchissent la ligne d&#039;arr\u00eat alors que le feu est rouge.\" \/>\n<meta property=\"og:url\" content=\"https:\/\/www.sicep.it\/fr\/producter\/ai-violation\/\" \/>\n<meta property=\"og:site_name\" content=\"Sicep\" \/>\n<meta property=\"article:modified_time\" content=\"2026-01-20T14:23:35+00:00\" \/>\n<meta property=\"og:image\" content=\"https:\/\/www.sicep.it\/wp-content\/uploads\/2023\/02\/ai-deep.jpg\" \/>\n\t<meta property=\"og:image:width\" content=\"1200\" \/>\n\t<meta property=\"og:image:height\" content=\"1200\" \/>\n\t<meta property=\"og:image:type\" content=\"image\/jpeg\" \/>\n<meta name=\"twitter:card\" content=\"summary_large_image\" \/>\n<script type=\"application\/ld+json\" class=\"yoast-schema-graph\">{\"@context\":\"https:\/\/schema.org\",\"@graph\":[{\"@type\":\"WebPage\",\"@id\":\"https:\/\/www.sicep.it\/fr\/producter\/ai-violation\/\",\"url\":\"https:\/\/www.sicep.it\/fr\/producter\/ai-violation\/\",\"name\":\"AI-VIOLATION - Sicep\",\"isPartOf\":{\"@id\":\"https:\/\/www.sicep.it\/#website\"},\"datePublished\":\"2023-02-14T14:37:58+00:00\",\"dateModified\":\"2026-01-20T14:23:35+00:00\",\"description\":\"AI-VIOLATION - Sicep - Bas\u00e9 sur des algorithmes d'apprentissage profond, il permet la d\u00e9tection et l'identification des v\u00e9hicules qui franchissent la ligne d'arr\u00eat alors que le feu est rouge.\",\"breadcrumb\":{\"@id\":\"https:\/\/www.sicep.it\/fr\/producter\/ai-violation\/#breadcrumb\"},\"inLanguage\":\"fr-FR\",\"potentialAction\":[{\"@type\":\"ReadAction\",\"target\":[\"https:\/\/www.sicep.it\/fr\/producter\/ai-violation\/\"]}]},{\"@type\":\"BreadcrumbList\",\"@id\":\"https:\/\/www.sicep.it\/fr\/producter\/ai-violation\/#breadcrumb\",\"itemListElement\":[{\"@type\":\"ListItem\",\"position\":1,\"name\":\"Home\",\"item\":\"https:\/\/www.sicep.it\/fr\/\"},{\"@type\":\"ListItem\",\"position\":2,\"name\":\"AI-VIOLATION\"}]},{\"@type\":\"WebSite\",\"@id\":\"https:\/\/www.sicep.it\/#website\",\"url\":\"https:\/\/www.sicep.it\/\",\"name\":\"Sicep\",\"description\":\"\",\"publisher\":{\"@id\":\"https:\/\/www.sicep.it\/#organization\"},\"potentialAction\":[{\"@type\":\"SearchAction\",\"target\":{\"@type\":\"EntryPoint\",\"urlTemplate\":\"https:\/\/www.sicep.it\/?s={search_term_string}\"},\"query-input\":\"required name=search_term_string\"}],\"inLanguage\":\"fr-FR\"},{\"@type\":\"Organization\",\"@id\":\"https:\/\/www.sicep.it\/#organization\",\"name\":\"Sicep\",\"url\":\"https:\/\/www.sicep.it\/\",\"logo\":{\"@type\":\"ImageObject\",\"inLanguage\":\"fr-FR\",\"@id\":\"https:\/\/www.sicep.it\/#\/schema\/logo\/image\/\",\"url\":\"https:\/\/www.sicep.it\/wp-content\/uploads\/2020\/06\/sicep.jpg\",\"contentUrl\":\"https:\/\/www.sicep.it\/wp-content\/uploads\/2020\/06\/sicep.jpg\",\"width\":512,\"height\":512,\"caption\":\"Sicep\"},\"image\":{\"@id\":\"https:\/\/www.sicep.it\/#\/schema\/logo\/image\/\"}}]}<\/script>\n<!-- \/ Yoast SEO plugin. -->","yoast_head_json":{"title":"AI-VIOLATION - Sicep","description":"AI-VIOLATION - Sicep - Bas\u00e9 sur des algorithmes d'apprentissage profond, il permet la d\u00e9tection et l'identification des v\u00e9hicules qui franchissent la ligne d'arr\u00eat alors que le feu est rouge.","robots":{"index":"index","follow":"follow","max-snippet":"max-snippet:-1","max-image-preview":"max-image-preview:large","max-video-preview":"max-video-preview:-1"},"canonical":"https:\/\/www.sicep.it\/fr\/producter\/ai-violation\/","og_locale":"fr_FR","og_type":"article","og_title":"AI-VIOLATION - Sicep","og_description":"AI-VIOLATION - Sicep - Bas\u00e9 sur des algorithmes d'apprentissage profond, il permet la d\u00e9tection et l'identification des v\u00e9hicules qui franchissent la ligne d'arr\u00eat alors que le feu est rouge.","og_url":"https:\/\/www.sicep.it\/fr\/producter\/ai-violation\/","og_site_name":"Sicep","article_modified_time":"2026-01-20T14:23:35+00:00","og_image":[{"width":1200,"height":1200,"url":"https:\/\/www.sicep.it\/wp-content\/uploads\/2023\/02\/ai-deep.jpg","type":"image\/jpeg"}],"twitter_card":"summary_large_image","schema":{"@context":"https:\/\/schema.org","@graph":[{"@type":"WebPage","@id":"https:\/\/www.sicep.it\/fr\/producter\/ai-violation\/","url":"https:\/\/www.sicep.it\/fr\/producter\/ai-violation\/","name":"AI-VIOLATION - Sicep","isPartOf":{"@id":"https:\/\/www.sicep.it\/#website"},"datePublished":"2023-02-14T14:37:58+00:00","dateModified":"2026-01-20T14:23:35+00:00","description":"AI-VIOLATION - Sicep - Bas\u00e9 sur des algorithmes d'apprentissage profond, il permet la d\u00e9tection et l'identification des v\u00e9hicules qui franchissent la ligne d'arr\u00eat alors que le feu est rouge.","breadcrumb":{"@id":"https:\/\/www.sicep.it\/fr\/producter\/ai-violation\/#breadcrumb"},"inLanguage":"fr-FR","potentialAction":[{"@type":"ReadAction","target":["https:\/\/www.sicep.it\/fr\/producter\/ai-violation\/"]}]},{"@type":"BreadcrumbList","@id":"https:\/\/www.sicep.it\/fr\/producter\/ai-violation\/#breadcrumb","itemListElement":[{"@type":"ListItem","position":1,"name":"Home","item":"https:\/\/www.sicep.it\/fr\/"},{"@type":"ListItem","position":2,"name":"AI-VIOLATION"}]},{"@type":"WebSite","@id":"https:\/\/www.sicep.it\/#website","url":"https:\/\/www.sicep.it\/","name":"Sicep","description":"","publisher":{"@id":"https:\/\/www.sicep.it\/#organization"},"potentialAction":[{"@type":"SearchAction","target":{"@type":"EntryPoint","urlTemplate":"https:\/\/www.sicep.it\/?s={search_term_string}"},"query-input":"required name=search_term_string"}],"inLanguage":"fr-FR"},{"@type":"Organization","@id":"https:\/\/www.sicep.it\/#organization","name":"Sicep","url":"https:\/\/www.sicep.it\/","logo":{"@type":"ImageObject","inLanguage":"fr-FR","@id":"https:\/\/www.sicep.it\/#\/schema\/logo\/image\/","url":"https:\/\/www.sicep.it\/wp-content\/uploads\/2020\/06\/sicep.jpg","contentUrl":"https:\/\/www.sicep.it\/wp-content\/uploads\/2020\/06\/sicep.jpg","width":512,"height":512,"caption":"Sicep"},"image":{"@id":"https:\/\/www.sicep.it\/#\/schema\/logo\/image\/"}}]}},"_links":{"self":[{"href":"https:\/\/www.sicep.it\/fr\/wp-json\/wp\/v2\/product\/8051"}],"collection":[{"href":"https:\/\/www.sicep.it\/fr\/wp-json\/wp\/v2\/product"}],"about":[{"href":"https:\/\/www.sicep.it\/fr\/wp-json\/wp\/v2\/types\/product"}],"wp:featuredmedia":[{"embeddable":true,"href":"https:\/\/www.sicep.it\/fr\/wp-json\/wp\/v2\/media\/8024"}],"wp:attachment":[{"href":"https:\/\/www.sicep.it\/fr\/wp-json\/wp\/v2\/media?parent=8051"}],"wp:term":[{"taxonomy":"product_cat","embeddable":true,"href":"https:\/\/www.sicep.it\/fr\/wp-json\/wp\/v2\/product_cat?post=8051"},{"taxonomy":"product_tag","embeddable":true,"href":"https:\/\/www.sicep.it\/fr\/wp-json\/wp\/v2\/product_tag?post=8051"}],"curies":[{"name":"wp","href":"https:\/\/api.w.org\/{rel}","templated":true}]}}