{"id":8045,"date":"2023-02-14T15:59:11","date_gmt":"2023-02-14T14:15:11","guid":{"rendered":"https:\/\/www.sicep.it\/?post_type=product&#038;p=8045"},"modified":"2026-01-20T15:10:49","modified_gmt":"2026-01-20T14:10:49","slug":"ai-bio","status":"publish","type":"product","link":"https:\/\/www.sicep.it\/fr\/producter\/ai-bio\/","title":{"rendered":"AI-BIO"},"content":{"rendered":"","protected":false},"excerpt":{"rendered":"<p>Bas\u00e9 sur des algorithmes d\u2019apprentissage en profondeur pour la d\u00e9tection et l\u2019analyse des visages, il permet reconnaissance du genre, de l\u2019ethnie (sur demande explicite), estimation de l\u2019\u00e2ge et de l\u2019\u00e9motion gr\u00e2ce \u00e0 l\u2019utilisation d\u2019une cam\u00e9ra frontale.<\/p>\n","protected":false},"featured_media":8024,"template":"","meta":[],"product_cat":[401],"product_tag":[],"yoast_head":"<!-- This site is optimized with the Yoast SEO plugin v19.9 - https:\/\/yoast.com\/wordpress\/plugins\/seo\/ -->\n<title>AI-BIO - Sicep<\/title>\n<meta name=\"description\" content=\"AI-BIO - Sicep - Bas\u00e9 sur des algorithmes d&#039;apprentissage profond pour la d\u00e9tection et l&#039;analyse du visage, il permet la reconnaissance du genre, de l&#039;origine ethnique et plus encore.\" \/>\n<meta name=\"robots\" content=\"index, follow, max-snippet:-1, max-image-preview:large, max-video-preview:-1\" \/>\n<link rel=\"canonical\" href=\"https:\/\/www.sicep.it\/fr\/producter\/ai-bio\/\" \/>\n<meta property=\"og:locale\" content=\"fr_FR\" \/>\n<meta property=\"og:type\" content=\"article\" \/>\n<meta property=\"og:title\" content=\"AI-BIO - Sicep\" \/>\n<meta property=\"og:description\" content=\"AI-BIO - Sicep - Bas\u00e9 sur des algorithmes d&#039;apprentissage profond pour la d\u00e9tection et l&#039;analyse du visage, il permet la reconnaissance du genre, de l&#039;origine ethnique et plus encore.\" \/>\n<meta property=\"og:url\" content=\"https:\/\/www.sicep.it\/fr\/producter\/ai-bio\/\" \/>\n<meta property=\"og:site_name\" content=\"Sicep\" \/>\n<meta property=\"article:modified_time\" content=\"2026-01-20T14:10:49+00:00\" \/>\n<meta property=\"og:image\" content=\"https:\/\/www.sicep.it\/wp-content\/uploads\/2023\/02\/ai-deep.jpg\" \/>\n\t<meta property=\"og:image:width\" content=\"1200\" \/>\n\t<meta property=\"og:image:height\" content=\"1200\" \/>\n\t<meta property=\"og:image:type\" content=\"image\/jpeg\" \/>\n<meta name=\"twitter:card\" content=\"summary_large_image\" \/>\n<script type=\"application\/ld+json\" class=\"yoast-schema-graph\">{\"@context\":\"https:\/\/schema.org\",\"@graph\":[{\"@type\":\"WebPage\",\"@id\":\"https:\/\/www.sicep.it\/fr\/producter\/ai-bio\/\",\"url\":\"https:\/\/www.sicep.it\/fr\/producter\/ai-bio\/\",\"name\":\"AI-BIO - Sicep\",\"isPartOf\":{\"@id\":\"https:\/\/www.sicep.it\/#website\"},\"datePublished\":\"2023-02-14T14:15:11+00:00\",\"dateModified\":\"2026-01-20T14:10:49+00:00\",\"description\":\"AI-BIO - Sicep - Bas\u00e9 sur des algorithmes d'apprentissage profond pour la d\u00e9tection et l'analyse du visage, il permet la reconnaissance du genre, de l'origine ethnique et plus encore.\",\"breadcrumb\":{\"@id\":\"https:\/\/www.sicep.it\/fr\/producter\/ai-bio\/#breadcrumb\"},\"inLanguage\":\"fr-FR\",\"potentialAction\":[{\"@type\":\"ReadAction\",\"target\":[\"https:\/\/www.sicep.it\/fr\/producter\/ai-bio\/\"]}]},{\"@type\":\"BreadcrumbList\",\"@id\":\"https:\/\/www.sicep.it\/fr\/producter\/ai-bio\/#breadcrumb\",\"itemListElement\":[{\"@type\":\"ListItem\",\"position\":1,\"name\":\"Home\",\"item\":\"https:\/\/www.sicep.it\/fr\/\"},{\"@type\":\"ListItem\",\"position\":2,\"name\":\"AI-BIO\"}]},{\"@type\":\"WebSite\",\"@id\":\"https:\/\/www.sicep.it\/#website\",\"url\":\"https:\/\/www.sicep.it\/\",\"name\":\"Sicep\",\"description\":\"\",\"publisher\":{\"@id\":\"https:\/\/www.sicep.it\/#organization\"},\"potentialAction\":[{\"@type\":\"SearchAction\",\"target\":{\"@type\":\"EntryPoint\",\"urlTemplate\":\"https:\/\/www.sicep.it\/?s={search_term_string}\"},\"query-input\":\"required name=search_term_string\"}],\"inLanguage\":\"fr-FR\"},{\"@type\":\"Organization\",\"@id\":\"https:\/\/www.sicep.it\/#organization\",\"name\":\"Sicep\",\"url\":\"https:\/\/www.sicep.it\/\",\"logo\":{\"@type\":\"ImageObject\",\"inLanguage\":\"fr-FR\",\"@id\":\"https:\/\/www.sicep.it\/#\/schema\/logo\/image\/\",\"url\":\"https:\/\/www.sicep.it\/wp-content\/uploads\/2020\/06\/sicep.jpg\",\"contentUrl\":\"https:\/\/www.sicep.it\/wp-content\/uploads\/2020\/06\/sicep.jpg\",\"width\":512,\"height\":512,\"caption\":\"Sicep\"},\"image\":{\"@id\":\"https:\/\/www.sicep.it\/#\/schema\/logo\/image\/\"}}]}<\/script>\n<!-- \/ Yoast SEO plugin. -->","yoast_head_json":{"title":"AI-BIO - Sicep","description":"AI-BIO - Sicep - Bas\u00e9 sur des algorithmes d'apprentissage profond pour la d\u00e9tection et l'analyse du visage, il permet la reconnaissance du genre, de l'origine ethnique et plus encore.","robots":{"index":"index","follow":"follow","max-snippet":"max-snippet:-1","max-image-preview":"max-image-preview:large","max-video-preview":"max-video-preview:-1"},"canonical":"https:\/\/www.sicep.it\/fr\/producter\/ai-bio\/","og_locale":"fr_FR","og_type":"article","og_title":"AI-BIO - Sicep","og_description":"AI-BIO - Sicep - Bas\u00e9 sur des algorithmes d'apprentissage profond pour la d\u00e9tection et l'analyse du visage, il permet la reconnaissance du genre, de l'origine ethnique et plus encore.","og_url":"https:\/\/www.sicep.it\/fr\/producter\/ai-bio\/","og_site_name":"Sicep","article_modified_time":"2026-01-20T14:10:49+00:00","og_image":[{"width":1200,"height":1200,"url":"https:\/\/www.sicep.it\/wp-content\/uploads\/2023\/02\/ai-deep.jpg","type":"image\/jpeg"}],"twitter_card":"summary_large_image","schema":{"@context":"https:\/\/schema.org","@graph":[{"@type":"WebPage","@id":"https:\/\/www.sicep.it\/fr\/producter\/ai-bio\/","url":"https:\/\/www.sicep.it\/fr\/producter\/ai-bio\/","name":"AI-BIO - Sicep","isPartOf":{"@id":"https:\/\/www.sicep.it\/#website"},"datePublished":"2023-02-14T14:15:11+00:00","dateModified":"2026-01-20T14:10:49+00:00","description":"AI-BIO - Sicep - Bas\u00e9 sur des algorithmes d'apprentissage profond pour la d\u00e9tection et l'analyse du visage, il permet la reconnaissance du genre, de l'origine ethnique et plus encore.","breadcrumb":{"@id":"https:\/\/www.sicep.it\/fr\/producter\/ai-bio\/#breadcrumb"},"inLanguage":"fr-FR","potentialAction":[{"@type":"ReadAction","target":["https:\/\/www.sicep.it\/fr\/producter\/ai-bio\/"]}]},{"@type":"BreadcrumbList","@id":"https:\/\/www.sicep.it\/fr\/producter\/ai-bio\/#breadcrumb","itemListElement":[{"@type":"ListItem","position":1,"name":"Home","item":"https:\/\/www.sicep.it\/fr\/"},{"@type":"ListItem","position":2,"name":"AI-BIO"}]},{"@type":"WebSite","@id":"https:\/\/www.sicep.it\/#website","url":"https:\/\/www.sicep.it\/","name":"Sicep","description":"","publisher":{"@id":"https:\/\/www.sicep.it\/#organization"},"potentialAction":[{"@type":"SearchAction","target":{"@type":"EntryPoint","urlTemplate":"https:\/\/www.sicep.it\/?s={search_term_string}"},"query-input":"required name=search_term_string"}],"inLanguage":"fr-FR"},{"@type":"Organization","@id":"https:\/\/www.sicep.it\/#organization","name":"Sicep","url":"https:\/\/www.sicep.it\/","logo":{"@type":"ImageObject","inLanguage":"fr-FR","@id":"https:\/\/www.sicep.it\/#\/schema\/logo\/image\/","url":"https:\/\/www.sicep.it\/wp-content\/uploads\/2020\/06\/sicep.jpg","contentUrl":"https:\/\/www.sicep.it\/wp-content\/uploads\/2020\/06\/sicep.jpg","width":512,"height":512,"caption":"Sicep"},"image":{"@id":"https:\/\/www.sicep.it\/#\/schema\/logo\/image\/"}}]}},"_links":{"self":[{"href":"https:\/\/www.sicep.it\/fr\/wp-json\/wp\/v2\/product\/8045"}],"collection":[{"href":"https:\/\/www.sicep.it\/fr\/wp-json\/wp\/v2\/product"}],"about":[{"href":"https:\/\/www.sicep.it\/fr\/wp-json\/wp\/v2\/types\/product"}],"wp:featuredmedia":[{"embeddable":true,"href":"https:\/\/www.sicep.it\/fr\/wp-json\/wp\/v2\/media\/8024"}],"wp:attachment":[{"href":"https:\/\/www.sicep.it\/fr\/wp-json\/wp\/v2\/media?parent=8045"}],"wp:term":[{"taxonomy":"product_cat","embeddable":true,"href":"https:\/\/www.sicep.it\/fr\/wp-json\/wp\/v2\/product_cat?post=8045"},{"taxonomy":"product_tag","embeddable":true,"href":"https:\/\/www.sicep.it\/fr\/wp-json\/wp\/v2\/product_tag?post=8045"}],"curies":[{"name":"wp","href":"https:\/\/api.w.org\/{rel}","templated":true}]}}