{"id":8039,"date":"2023-02-14T12:58:38","date_gmt":"2023-02-14T14:12:38","guid":{"rendered":"https:\/\/www.sicep.it\/?post_type=product&#038;p=8039"},"modified":"2026-01-20T15:10:30","modified_gmt":"2026-01-20T14:10:30","slug":"ai-deep-m","status":"publish","type":"product","link":"https:\/\/www.sicep.it\/fr\/producter\/ai-deep-m\/","title":{"rendered":"AI-DEEP-M"},"content":{"rendered":"","protected":false},"excerpt":{"rendered":"<p>Il s&#8217;agit de la proposition int\u00e9gr\u00e9e, mat\u00e9riel + logiciel, MEDIUM. La solution comprend du mat\u00e9riel (un mini serveur bas\u00e9 sur une carte GPU NVIDIA Jetson) auquel il faut ajouter les licences que vous souhaitez utiliser. Carte micro SD. Alimentation 12Vdc (n\u00e9cessite une alimentation de 4A).<\/p>\n","protected":false},"featured_media":8030,"template":"","meta":[],"product_cat":[394],"product_tag":[],"yoast_head":"<!-- This site is optimized with the Yoast SEO plugin v19.9 - https:\/\/yoast.com\/wordpress\/plugins\/seo\/ -->\n<title>AI-DEEP-M - Sicep<\/title>\n<meta name=\"description\" content=\"AI-DEEP-M - Sicep - Il s&#039;agit d&#039;une offre int\u00e9gr\u00e9e, mat\u00e9riel + logiciel, de type MEDIUM. La solution comprend le mat\u00e9riel auquel il faut ajouter les licences.\" \/>\n<meta name=\"robots\" content=\"index, follow, max-snippet:-1, max-image-preview:large, max-video-preview:-1\" \/>\n<link rel=\"canonical\" href=\"https:\/\/www.sicep.it\/fr\/producter\/ai-deep-m\/\" \/>\n<meta property=\"og:locale\" content=\"fr_FR\" \/>\n<meta property=\"og:type\" content=\"article\" \/>\n<meta property=\"og:title\" content=\"AI-DEEP-M - Sicep\" \/>\n<meta property=\"og:description\" content=\"AI-DEEP-M - Sicep - Il s&#039;agit d&#039;une offre int\u00e9gr\u00e9e, mat\u00e9riel + logiciel, de type MEDIUM. La solution comprend le mat\u00e9riel auquel il faut ajouter les licences.\" \/>\n<meta property=\"og:url\" content=\"https:\/\/www.sicep.it\/fr\/producter\/ai-deep-m\/\" \/>\n<meta property=\"og:site_name\" content=\"Sicep\" \/>\n<meta property=\"article:modified_time\" content=\"2026-01-20T14:10:30+00:00\" \/>\n<meta property=\"og:image\" content=\"https:\/\/www.sicep.it\/wp-content\/uploads\/2023\/02\/ai-deep-m.jpg\" \/>\n\t<meta property=\"og:image:width\" content=\"1200\" \/>\n\t<meta property=\"og:image:height\" content=\"1200\" \/>\n\t<meta property=\"og:image:type\" content=\"image\/jpeg\" \/>\n<meta name=\"twitter:card\" content=\"summary_large_image\" \/>\n<script type=\"application\/ld+json\" class=\"yoast-schema-graph\">{\"@context\":\"https:\/\/schema.org\",\"@graph\":[{\"@type\":\"WebPage\",\"@id\":\"https:\/\/www.sicep.it\/fr\/producter\/ai-deep-m\/\",\"url\":\"https:\/\/www.sicep.it\/fr\/producter\/ai-deep-m\/\",\"name\":\"AI-DEEP-M - Sicep\",\"isPartOf\":{\"@id\":\"https:\/\/www.sicep.it\/#website\"},\"datePublished\":\"2023-02-14T14:12:38+00:00\",\"dateModified\":\"2026-01-20T14:10:30+00:00\",\"description\":\"AI-DEEP-M - Sicep - Il s'agit d'une offre int\u00e9gr\u00e9e, mat\u00e9riel + logiciel, de type MEDIUM. La solution comprend le mat\u00e9riel auquel il faut ajouter les licences.\",\"breadcrumb\":{\"@id\":\"https:\/\/www.sicep.it\/fr\/producter\/ai-deep-m\/#breadcrumb\"},\"inLanguage\":\"fr-FR\",\"potentialAction\":[{\"@type\":\"ReadAction\",\"target\":[\"https:\/\/www.sicep.it\/fr\/producter\/ai-deep-m\/\"]}]},{\"@type\":\"BreadcrumbList\",\"@id\":\"https:\/\/www.sicep.it\/fr\/producter\/ai-deep-m\/#breadcrumb\",\"itemListElement\":[{\"@type\":\"ListItem\",\"position\":1,\"name\":\"Home\",\"item\":\"https:\/\/www.sicep.it\/fr\/\"},{\"@type\":\"ListItem\",\"position\":2,\"name\":\"AI-DEEP-M\"}]},{\"@type\":\"WebSite\",\"@id\":\"https:\/\/www.sicep.it\/#website\",\"url\":\"https:\/\/www.sicep.it\/\",\"name\":\"Sicep\",\"description\":\"\",\"publisher\":{\"@id\":\"https:\/\/www.sicep.it\/#organization\"},\"potentialAction\":[{\"@type\":\"SearchAction\",\"target\":{\"@type\":\"EntryPoint\",\"urlTemplate\":\"https:\/\/www.sicep.it\/?s={search_term_string}\"},\"query-input\":\"required name=search_term_string\"}],\"inLanguage\":\"fr-FR\"},{\"@type\":\"Organization\",\"@id\":\"https:\/\/www.sicep.it\/#organization\",\"name\":\"Sicep\",\"url\":\"https:\/\/www.sicep.it\/\",\"logo\":{\"@type\":\"ImageObject\",\"inLanguage\":\"fr-FR\",\"@id\":\"https:\/\/www.sicep.it\/#\/schema\/logo\/image\/\",\"url\":\"https:\/\/www.sicep.it\/wp-content\/uploads\/2020\/06\/sicep.jpg\",\"contentUrl\":\"https:\/\/www.sicep.it\/wp-content\/uploads\/2020\/06\/sicep.jpg\",\"width\":512,\"height\":512,\"caption\":\"Sicep\"},\"image\":{\"@id\":\"https:\/\/www.sicep.it\/#\/schema\/logo\/image\/\"}}]}<\/script>\n<!-- \/ Yoast SEO plugin. -->","yoast_head_json":{"title":"AI-DEEP-M - Sicep","description":"AI-DEEP-M - Sicep - Il s'agit d'une offre int\u00e9gr\u00e9e, mat\u00e9riel + logiciel, de type MEDIUM. La solution comprend le mat\u00e9riel auquel il faut ajouter les licences.","robots":{"index":"index","follow":"follow","max-snippet":"max-snippet:-1","max-image-preview":"max-image-preview:large","max-video-preview":"max-video-preview:-1"},"canonical":"https:\/\/www.sicep.it\/fr\/producter\/ai-deep-m\/","og_locale":"fr_FR","og_type":"article","og_title":"AI-DEEP-M - Sicep","og_description":"AI-DEEP-M - Sicep - Il s'agit d'une offre int\u00e9gr\u00e9e, mat\u00e9riel + logiciel, de type MEDIUM. La solution comprend le mat\u00e9riel auquel il faut ajouter les licences.","og_url":"https:\/\/www.sicep.it\/fr\/producter\/ai-deep-m\/","og_site_name":"Sicep","article_modified_time":"2026-01-20T14:10:30+00:00","og_image":[{"width":1200,"height":1200,"url":"https:\/\/www.sicep.it\/wp-content\/uploads\/2023\/02\/ai-deep-m.jpg","type":"image\/jpeg"}],"twitter_card":"summary_large_image","schema":{"@context":"https:\/\/schema.org","@graph":[{"@type":"WebPage","@id":"https:\/\/www.sicep.it\/fr\/producter\/ai-deep-m\/","url":"https:\/\/www.sicep.it\/fr\/producter\/ai-deep-m\/","name":"AI-DEEP-M - Sicep","isPartOf":{"@id":"https:\/\/www.sicep.it\/#website"},"datePublished":"2023-02-14T14:12:38+00:00","dateModified":"2026-01-20T14:10:30+00:00","description":"AI-DEEP-M - Sicep - Il s'agit d'une offre int\u00e9gr\u00e9e, mat\u00e9riel + logiciel, de type MEDIUM. La solution comprend le mat\u00e9riel auquel il faut ajouter les licences.","breadcrumb":{"@id":"https:\/\/www.sicep.it\/fr\/producter\/ai-deep-m\/#breadcrumb"},"inLanguage":"fr-FR","potentialAction":[{"@type":"ReadAction","target":["https:\/\/www.sicep.it\/fr\/producter\/ai-deep-m\/"]}]},{"@type":"BreadcrumbList","@id":"https:\/\/www.sicep.it\/fr\/producter\/ai-deep-m\/#breadcrumb","itemListElement":[{"@type":"ListItem","position":1,"name":"Home","item":"https:\/\/www.sicep.it\/fr\/"},{"@type":"ListItem","position":2,"name":"AI-DEEP-M"}]},{"@type":"WebSite","@id":"https:\/\/www.sicep.it\/#website","url":"https:\/\/www.sicep.it\/","name":"Sicep","description":"","publisher":{"@id":"https:\/\/www.sicep.it\/#organization"},"potentialAction":[{"@type":"SearchAction","target":{"@type":"EntryPoint","urlTemplate":"https:\/\/www.sicep.it\/?s={search_term_string}"},"query-input":"required name=search_term_string"}],"inLanguage":"fr-FR"},{"@type":"Organization","@id":"https:\/\/www.sicep.it\/#organization","name":"Sicep","url":"https:\/\/www.sicep.it\/","logo":{"@type":"ImageObject","inLanguage":"fr-FR","@id":"https:\/\/www.sicep.it\/#\/schema\/logo\/image\/","url":"https:\/\/www.sicep.it\/wp-content\/uploads\/2020\/06\/sicep.jpg","contentUrl":"https:\/\/www.sicep.it\/wp-content\/uploads\/2020\/06\/sicep.jpg","width":512,"height":512,"caption":"Sicep"},"image":{"@id":"https:\/\/www.sicep.it\/#\/schema\/logo\/image\/"}}]}},"_links":{"self":[{"href":"https:\/\/www.sicep.it\/fr\/wp-json\/wp\/v2\/product\/8039"}],"collection":[{"href":"https:\/\/www.sicep.it\/fr\/wp-json\/wp\/v2\/product"}],"about":[{"href":"https:\/\/www.sicep.it\/fr\/wp-json\/wp\/v2\/types\/product"}],"wp:featuredmedia":[{"embeddable":true,"href":"https:\/\/www.sicep.it\/fr\/wp-json\/wp\/v2\/media\/8030"}],"wp:attachment":[{"href":"https:\/\/www.sicep.it\/fr\/wp-json\/wp\/v2\/media?parent=8039"}],"wp:term":[{"taxonomy":"product_cat","embeddable":true,"href":"https:\/\/www.sicep.it\/fr\/wp-json\/wp\/v2\/product_cat?post=8039"},{"taxonomy":"product_tag","embeddable":true,"href":"https:\/\/www.sicep.it\/fr\/wp-json\/wp\/v2\/product_tag?post=8039"}],"curies":[{"name":"wp","href":"https:\/\/api.w.org\/{rel}","templated":true}]}}