{"id":7156,"date":"2020-05-06T18:23:20","date_gmt":"2020-05-06T16:23:20","guid":{"rendered":"https:\/\/www.sicep.it\/produttore\/lecteur-de-proximite-universel-integre\/"},"modified":"2026-01-20T15:38:03","modified_gmt":"2026-01-20T14:38:03","slug":"lecteur-de-proximite-universel-integre","status":"publish","type":"product","link":"https:\/\/www.sicep.it\/fr\/producter\/lecteur-de-proximite-universel-integre\/","title":{"rendered":"BT-KR2"},"content":{"rendered":"","protected":false},"excerpt":{"rendered":"<p>Lecteur de proximit\u00e9 universel encastrable compatible avec tout type d&#8217;interrupteur. Il peut \u00eatre utilis\u00e9 avec une cl\u00e9 Tag ou une carte de proximit\u00e9.<br \/>\nIl permet d&#8217;armer et de d\u00e9sarmer le syst\u00e8me (en mode p\u00e9rim\u00e9trique ou total) et de visualiser la pr\u00e9sence de zones ouvertes (avec exclusion relative). 4 leds de signalisation de l&#8217;\u00e9tat de l&#8217;installation et des commandes.<br \/>\nLe buzzer peut \u00eatre exclu. Couleur blanche ou noire.<\/p>\n<p>Accessoire compatible avec :<\/p>\n<p>Icon,<br \/>\nBitech,<br \/>\nUnica,<br \/>\nSyst\u00e8me radio int\u00e9gr\u00e9.<\/p>\n","protected":false},"featured_media":7157,"template":"","meta":[],"product_cat":[322],"product_tag":[],"yoast_head":"<!-- This site is optimized with the Yoast SEO plugin v19.9 - https:\/\/yoast.com\/wordpress\/plugins\/seo\/ -->\n<title>BT-KR2 - Sicep<\/title>\n<meta name=\"description\" content=\"BT-KR2 - Sicep - Le lecteur de proximit\u00e9 encastr\u00e9 universel BT-KR2 pour alarme est compatible avec tout type d&#039;interrupteur et peut \u00eatre utilis\u00e9 avec un tag ou une carte.\" \/>\n<meta name=\"robots\" content=\"index, follow, max-snippet:-1, max-image-preview:large, max-video-preview:-1\" \/>\n<link rel=\"canonical\" href=\"https:\/\/www.sicep.it\/fr\/producter\/lecteur-de-proximite-universel-integre\/\" \/>\n<meta property=\"og:locale\" content=\"fr_FR\" \/>\n<meta property=\"og:type\" content=\"article\" \/>\n<meta property=\"og:title\" content=\"BT-KR2 - Sicep\" \/>\n<meta property=\"og:description\" content=\"BT-KR2 - Sicep - Le lecteur de proximit\u00e9 encastr\u00e9 universel BT-KR2 pour alarme est compatible avec tout type d&#039;interrupteur et peut \u00eatre utilis\u00e9 avec un tag ou une carte.\" \/>\n<meta property=\"og:url\" content=\"https:\/\/www.sicep.it\/fr\/producter\/lecteur-de-proximite-universel-integre\/\" \/>\n<meta property=\"og:site_name\" content=\"Sicep\" \/>\n<meta property=\"article:modified_time\" content=\"2026-01-20T14:38:03+00:00\" \/>\n<meta property=\"og:image\" content=\"https:\/\/www.sicep.it\/wp-content\/uploads\/2020\/05\/lettore-prossimita-incasso-universale.jpg\" \/>\n\t<meta property=\"og:image:width\" content=\"1600\" \/>\n\t<meta property=\"og:image:height\" content=\"1600\" \/>\n\t<meta property=\"og:image:type\" content=\"image\/jpeg\" \/>\n<meta name=\"twitter:card\" content=\"summary_large_image\" \/>\n<script type=\"application\/ld+json\" class=\"yoast-schema-graph\">{\"@context\":\"https:\/\/schema.org\",\"@graph\":[{\"@type\":\"WebPage\",\"@id\":\"https:\/\/www.sicep.it\/fr\/producter\/lecteur-de-proximite-universel-integre\/\",\"url\":\"https:\/\/www.sicep.it\/fr\/producter\/lecteur-de-proximite-universel-integre\/\",\"name\":\"BT-KR2 - Sicep\",\"isPartOf\":{\"@id\":\"https:\/\/www.sicep.it\/#website\"},\"datePublished\":\"2020-05-06T16:23:20+00:00\",\"dateModified\":\"2026-01-20T14:38:03+00:00\",\"description\":\"BT-KR2 - Sicep - Le lecteur de proximit\u00e9 encastr\u00e9 universel BT-KR2 pour alarme est compatible avec tout type d'interrupteur et peut \u00eatre utilis\u00e9 avec un tag ou une carte.\",\"breadcrumb\":{\"@id\":\"https:\/\/www.sicep.it\/fr\/producter\/lecteur-de-proximite-universel-integre\/#breadcrumb\"},\"inLanguage\":\"fr-FR\",\"potentialAction\":[{\"@type\":\"ReadAction\",\"target\":[\"https:\/\/www.sicep.it\/fr\/producter\/lecteur-de-proximite-universel-integre\/\"]}]},{\"@type\":\"BreadcrumbList\",\"@id\":\"https:\/\/www.sicep.it\/fr\/producter\/lecteur-de-proximite-universel-integre\/#breadcrumb\",\"itemListElement\":[{\"@type\":\"ListItem\",\"position\":1,\"name\":\"Home\",\"item\":\"https:\/\/www.sicep.it\/fr\/\"},{\"@type\":\"ListItem\",\"position\":2,\"name\":\"BT-KR2\"}]},{\"@type\":\"WebSite\",\"@id\":\"https:\/\/www.sicep.it\/#website\",\"url\":\"https:\/\/www.sicep.it\/\",\"name\":\"Sicep\",\"description\":\"\",\"publisher\":{\"@id\":\"https:\/\/www.sicep.it\/#organization\"},\"potentialAction\":[{\"@type\":\"SearchAction\",\"target\":{\"@type\":\"EntryPoint\",\"urlTemplate\":\"https:\/\/www.sicep.it\/?s={search_term_string}\"},\"query-input\":\"required name=search_term_string\"}],\"inLanguage\":\"fr-FR\"},{\"@type\":\"Organization\",\"@id\":\"https:\/\/www.sicep.it\/#organization\",\"name\":\"Sicep\",\"url\":\"https:\/\/www.sicep.it\/\",\"logo\":{\"@type\":\"ImageObject\",\"inLanguage\":\"fr-FR\",\"@id\":\"https:\/\/www.sicep.it\/#\/schema\/logo\/image\/\",\"url\":\"https:\/\/www.sicep.it\/wp-content\/uploads\/2020\/06\/sicep.jpg\",\"contentUrl\":\"https:\/\/www.sicep.it\/wp-content\/uploads\/2020\/06\/sicep.jpg\",\"width\":512,\"height\":512,\"caption\":\"Sicep\"},\"image\":{\"@id\":\"https:\/\/www.sicep.it\/#\/schema\/logo\/image\/\"}}]}<\/script>\n<!-- \/ Yoast SEO plugin. -->","yoast_head_json":{"title":"BT-KR2 - Sicep","description":"BT-KR2 - Sicep - Le lecteur de proximit\u00e9 encastr\u00e9 universel BT-KR2 pour alarme est compatible avec tout type d'interrupteur et peut \u00eatre utilis\u00e9 avec un tag ou une carte.","robots":{"index":"index","follow":"follow","max-snippet":"max-snippet:-1","max-image-preview":"max-image-preview:large","max-video-preview":"max-video-preview:-1"},"canonical":"https:\/\/www.sicep.it\/fr\/producter\/lecteur-de-proximite-universel-integre\/","og_locale":"fr_FR","og_type":"article","og_title":"BT-KR2 - Sicep","og_description":"BT-KR2 - Sicep - Le lecteur de proximit\u00e9 encastr\u00e9 universel BT-KR2 pour alarme est compatible avec tout type d'interrupteur et peut \u00eatre utilis\u00e9 avec un tag ou une carte.","og_url":"https:\/\/www.sicep.it\/fr\/producter\/lecteur-de-proximite-universel-integre\/","og_site_name":"Sicep","article_modified_time":"2026-01-20T14:38:03+00:00","og_image":[{"width":1600,"height":1600,"url":"https:\/\/www.sicep.it\/wp-content\/uploads\/2020\/05\/lettore-prossimita-incasso-universale.jpg","type":"image\/jpeg"}],"twitter_card":"summary_large_image","schema":{"@context":"https:\/\/schema.org","@graph":[{"@type":"WebPage","@id":"https:\/\/www.sicep.it\/fr\/producter\/lecteur-de-proximite-universel-integre\/","url":"https:\/\/www.sicep.it\/fr\/producter\/lecteur-de-proximite-universel-integre\/","name":"BT-KR2 - Sicep","isPartOf":{"@id":"https:\/\/www.sicep.it\/#website"},"datePublished":"2020-05-06T16:23:20+00:00","dateModified":"2026-01-20T14:38:03+00:00","description":"BT-KR2 - Sicep - Le lecteur de proximit\u00e9 encastr\u00e9 universel BT-KR2 pour alarme est compatible avec tout type d'interrupteur et peut \u00eatre utilis\u00e9 avec un tag ou une carte.","breadcrumb":{"@id":"https:\/\/www.sicep.it\/fr\/producter\/lecteur-de-proximite-universel-integre\/#breadcrumb"},"inLanguage":"fr-FR","potentialAction":[{"@type":"ReadAction","target":["https:\/\/www.sicep.it\/fr\/producter\/lecteur-de-proximite-universel-integre\/"]}]},{"@type":"BreadcrumbList","@id":"https:\/\/www.sicep.it\/fr\/producter\/lecteur-de-proximite-universel-integre\/#breadcrumb","itemListElement":[{"@type":"ListItem","position":1,"name":"Home","item":"https:\/\/www.sicep.it\/fr\/"},{"@type":"ListItem","position":2,"name":"BT-KR2"}]},{"@type":"WebSite","@id":"https:\/\/www.sicep.it\/#website","url":"https:\/\/www.sicep.it\/","name":"Sicep","description":"","publisher":{"@id":"https:\/\/www.sicep.it\/#organization"},"potentialAction":[{"@type":"SearchAction","target":{"@type":"EntryPoint","urlTemplate":"https:\/\/www.sicep.it\/?s={search_term_string}"},"query-input":"required name=search_term_string"}],"inLanguage":"fr-FR"},{"@type":"Organization","@id":"https:\/\/www.sicep.it\/#organization","name":"Sicep","url":"https:\/\/www.sicep.it\/","logo":{"@type":"ImageObject","inLanguage":"fr-FR","@id":"https:\/\/www.sicep.it\/#\/schema\/logo\/image\/","url":"https:\/\/www.sicep.it\/wp-content\/uploads\/2020\/06\/sicep.jpg","contentUrl":"https:\/\/www.sicep.it\/wp-content\/uploads\/2020\/06\/sicep.jpg","width":512,"height":512,"caption":"Sicep"},"image":{"@id":"https:\/\/www.sicep.it\/#\/schema\/logo\/image\/"}}]}},"_links":{"self":[{"href":"https:\/\/www.sicep.it\/fr\/wp-json\/wp\/v2\/product\/7156"}],"collection":[{"href":"https:\/\/www.sicep.it\/fr\/wp-json\/wp\/v2\/product"}],"about":[{"href":"https:\/\/www.sicep.it\/fr\/wp-json\/wp\/v2\/types\/product"}],"wp:featuredmedia":[{"embeddable":true,"href":"https:\/\/www.sicep.it\/fr\/wp-json\/wp\/v2\/media\/7157"}],"wp:attachment":[{"href":"https:\/\/www.sicep.it\/fr\/wp-json\/wp\/v2\/media?parent=7156"}],"wp:term":[{"taxonomy":"product_cat","embeddable":true,"href":"https:\/\/www.sicep.it\/fr\/wp-json\/wp\/v2\/product_cat?post=7156"},{"taxonomy":"product_tag","embeddable":true,"href":"https:\/\/www.sicep.it\/fr\/wp-json\/wp\/v2\/product_tag?post=7156"}],"curies":[{"name":"wp","href":"https:\/\/api.w.org\/{rel}","templated":true}]}}