{"id":7107,"date":"2022-02-01T12:06:54","date_gmt":"2022-02-01T11:06:54","guid":{"rendered":"https:\/\/www.sicep.it\/produttore\/bt-mx3tc\/"},"modified":"2026-01-20T15:51:19","modified_gmt":"2026-01-20T14:51:19","slug":"bt-mx3tc","status":"publish","type":"product","link":"https:\/\/www.sicep.it\/fr\/producter\/bt-mx3tc\/","title":{"rendered":"BT-MX3TC"},"content":{"rendered":"","protected":false},"excerpt":{"rendered":"<p><strong>BiTech D\u00e9tecteur ext\u00e9rieur double technologie radio avec cam\u00e9ra<\/strong><\/p>\n<ul>\n<li>PIR avec optique ind\u00e9pendante.<\/li>\n<li>MW en bande K (24GHz 2 canaux).<\/li>\n<li>Cam\u00e9ra couleur avec capteur CMOS, objectif fixe, 90\u00b0, r\u00e9solution VGA, illuminateur led (6-8m), de\u00a0 1 \u00e0 10 trames d&#8217;alarme s\u00e9lectionnables.<\/li>\n<li>Couverture 4-18m 90\u00b0.<\/li>\n<li>Anti-masquage actif et dynamique sur 2 infrarouges.<\/li>\n<li>Hauteur d&#8217;installation 1-1,2 m \/ 2,1-2,4 m.<\/li>\n<li>Discrimination des petits animaux.<\/li>\n<li>Immunit\u00e9 aux fausses alarmes.<\/li>\n<li>D\u00e9tecteur triaxial contre le sabotage.<\/li>\n<li>Lentilles interchangeables (tente ou animal de compagnie).<\/li>\n<li>Chapeau et joint.<\/li>\n<li>Tamper anti-ouverture.<\/li>\n<li>Degr\u00e9 IP55.<\/li>\n<li>Piles au lithium de 3,6 V (INCLUSES).<\/li>\n<\/ul>\n<p><img loading=\"lazy\" class=\"alignleft wp-image-4710\" src=\"https:\/\/www.sicep.it\/wp-content\/uploads\/2020\/05\/bitech-icona-150x150.jpg\" alt=\"\" width=\"100\" height=\"100\" srcset=\"https:\/\/www.sicep.it\/wp-content\/uploads\/2020\/05\/bitech-icona-150x150.jpg 150w, https:\/\/www.sicep.it\/wp-content\/uploads\/2020\/05\/bitech-icona.jpg 200w\" sizes=\"(max-width: 100px) 100vw, 100px\" \/><img loading=\"lazy\" class=\"alignleft wp-image-4742\" src=\"https:\/\/www.sicep.it\/wp-content\/uploads\/2021\/07\/Risorsa-25-8.png\" alt=\"\" width=\"92\" height=\"92\" data-wp-editing=\"1\" \/><\/p>\n","protected":false},"featured_media":7108,"template":"","meta":[],"product_cat":[328],"product_tag":[],"yoast_head":"<!-- This site is optimized with the Yoast SEO plugin v19.9 - https:\/\/yoast.com\/wordpress\/plugins\/seo\/ -->\n<title>BT-MX3TC - Sicep<\/title>\n<meta name=\"description\" content=\"BT-MX3TC - Sicep - Matrix BT-MX3TC, D\u00e9tecteur ext\u00e9rieur double technologie radio avec cam\u00e9ra, avec une conception \u00e9lev\u00e9e et une installation polyvalente\" \/>\n<meta name=\"robots\" content=\"index, follow, max-snippet:-1, max-image-preview:large, max-video-preview:-1\" \/>\n<link rel=\"canonical\" href=\"https:\/\/www.sicep.it\/fr\/producter\/bt-mx3tc\/\" \/>\n<meta property=\"og:locale\" content=\"fr_FR\" \/>\n<meta property=\"og:type\" content=\"article\" \/>\n<meta property=\"og:title\" content=\"BT-MX3TC - Sicep\" \/>\n<meta property=\"og:description\" content=\"BT-MX3TC - Sicep - Matrix BT-MX3TC, D\u00e9tecteur ext\u00e9rieur double technologie radio avec cam\u00e9ra, avec une conception \u00e9lev\u00e9e et une installation polyvalente\" \/>\n<meta property=\"og:url\" content=\"https:\/\/www.sicep.it\/fr\/producter\/bt-mx3tc\/\" \/>\n<meta property=\"og:site_name\" content=\"Sicep\" \/>\n<meta property=\"article:modified_time\" content=\"2026-01-20T14:51:19+00:00\" \/>\n<meta property=\"og:image\" content=\"https:\/\/www.sicep.it\/wp-content\/uploads\/2022\/02\/matrix-bt-mx3t.jpg\" \/>\n\t<meta property=\"og:image:width\" content=\"1600\" \/>\n\t<meta property=\"og:image:height\" content=\"1600\" \/>\n\t<meta property=\"og:image:type\" content=\"image\/jpeg\" \/>\n<meta name=\"twitter:card\" content=\"summary_large_image\" \/>\n<script type=\"application\/ld+json\" class=\"yoast-schema-graph\">{\"@context\":\"https:\/\/schema.org\",\"@graph\":[{\"@type\":\"WebPage\",\"@id\":\"https:\/\/www.sicep.it\/fr\/producter\/bt-mx3tc\/\",\"url\":\"https:\/\/www.sicep.it\/fr\/producter\/bt-mx3tc\/\",\"name\":\"BT-MX3TC - Sicep\",\"isPartOf\":{\"@id\":\"https:\/\/www.sicep.it\/#website\"},\"datePublished\":\"2022-02-01T11:06:54+00:00\",\"dateModified\":\"2026-01-20T14:51:19+00:00\",\"description\":\"BT-MX3TC - Sicep - Matrix BT-MX3TC, D\u00e9tecteur ext\u00e9rieur double technologie radio avec cam\u00e9ra, avec une conception \u00e9lev\u00e9e et une installation polyvalente\",\"breadcrumb\":{\"@id\":\"https:\/\/www.sicep.it\/fr\/producter\/bt-mx3tc\/#breadcrumb\"},\"inLanguage\":\"fr-FR\",\"potentialAction\":[{\"@type\":\"ReadAction\",\"target\":[\"https:\/\/www.sicep.it\/fr\/producter\/bt-mx3tc\/\"]}]},{\"@type\":\"BreadcrumbList\",\"@id\":\"https:\/\/www.sicep.it\/fr\/producter\/bt-mx3tc\/#breadcrumb\",\"itemListElement\":[{\"@type\":\"ListItem\",\"position\":1,\"name\":\"Home\",\"item\":\"https:\/\/www.sicep.it\/fr\/\"},{\"@type\":\"ListItem\",\"position\":2,\"name\":\"BT-MX3TC\"}]},{\"@type\":\"WebSite\",\"@id\":\"https:\/\/www.sicep.it\/#website\",\"url\":\"https:\/\/www.sicep.it\/\",\"name\":\"Sicep\",\"description\":\"\",\"publisher\":{\"@id\":\"https:\/\/www.sicep.it\/#organization\"},\"potentialAction\":[{\"@type\":\"SearchAction\",\"target\":{\"@type\":\"EntryPoint\",\"urlTemplate\":\"https:\/\/www.sicep.it\/?s={search_term_string}\"},\"query-input\":\"required name=search_term_string\"}],\"inLanguage\":\"fr-FR\"},{\"@type\":\"Organization\",\"@id\":\"https:\/\/www.sicep.it\/#organization\",\"name\":\"Sicep\",\"url\":\"https:\/\/www.sicep.it\/\",\"logo\":{\"@type\":\"ImageObject\",\"inLanguage\":\"fr-FR\",\"@id\":\"https:\/\/www.sicep.it\/#\/schema\/logo\/image\/\",\"url\":\"https:\/\/www.sicep.it\/wp-content\/uploads\/2020\/06\/sicep.jpg\",\"contentUrl\":\"https:\/\/www.sicep.it\/wp-content\/uploads\/2020\/06\/sicep.jpg\",\"width\":512,\"height\":512,\"caption\":\"Sicep\"},\"image\":{\"@id\":\"https:\/\/www.sicep.it\/#\/schema\/logo\/image\/\"}}]}<\/script>\n<!-- \/ Yoast SEO plugin. -->","yoast_head_json":{"title":"BT-MX3TC - Sicep","description":"BT-MX3TC - Sicep - Matrix BT-MX3TC, D\u00e9tecteur ext\u00e9rieur double technologie radio avec cam\u00e9ra, avec une conception \u00e9lev\u00e9e et une installation polyvalente","robots":{"index":"index","follow":"follow","max-snippet":"max-snippet:-1","max-image-preview":"max-image-preview:large","max-video-preview":"max-video-preview:-1"},"canonical":"https:\/\/www.sicep.it\/fr\/producter\/bt-mx3tc\/","og_locale":"fr_FR","og_type":"article","og_title":"BT-MX3TC - Sicep","og_description":"BT-MX3TC - Sicep - Matrix BT-MX3TC, D\u00e9tecteur ext\u00e9rieur double technologie radio avec cam\u00e9ra, avec une conception \u00e9lev\u00e9e et une installation polyvalente","og_url":"https:\/\/www.sicep.it\/fr\/producter\/bt-mx3tc\/","og_site_name":"Sicep","article_modified_time":"2026-01-20T14:51:19+00:00","og_image":[{"width":1600,"height":1600,"url":"https:\/\/www.sicep.it\/wp-content\/uploads\/2022\/02\/matrix-bt-mx3t.jpg","type":"image\/jpeg"}],"twitter_card":"summary_large_image","schema":{"@context":"https:\/\/schema.org","@graph":[{"@type":"WebPage","@id":"https:\/\/www.sicep.it\/fr\/producter\/bt-mx3tc\/","url":"https:\/\/www.sicep.it\/fr\/producter\/bt-mx3tc\/","name":"BT-MX3TC - Sicep","isPartOf":{"@id":"https:\/\/www.sicep.it\/#website"},"datePublished":"2022-02-01T11:06:54+00:00","dateModified":"2026-01-20T14:51:19+00:00","description":"BT-MX3TC - Sicep - Matrix BT-MX3TC, D\u00e9tecteur ext\u00e9rieur double technologie radio avec cam\u00e9ra, avec une conception \u00e9lev\u00e9e et une installation polyvalente","breadcrumb":{"@id":"https:\/\/www.sicep.it\/fr\/producter\/bt-mx3tc\/#breadcrumb"},"inLanguage":"fr-FR","potentialAction":[{"@type":"ReadAction","target":["https:\/\/www.sicep.it\/fr\/producter\/bt-mx3tc\/"]}]},{"@type":"BreadcrumbList","@id":"https:\/\/www.sicep.it\/fr\/producter\/bt-mx3tc\/#breadcrumb","itemListElement":[{"@type":"ListItem","position":1,"name":"Home","item":"https:\/\/www.sicep.it\/fr\/"},{"@type":"ListItem","position":2,"name":"BT-MX3TC"}]},{"@type":"WebSite","@id":"https:\/\/www.sicep.it\/#website","url":"https:\/\/www.sicep.it\/","name":"Sicep","description":"","publisher":{"@id":"https:\/\/www.sicep.it\/#organization"},"potentialAction":[{"@type":"SearchAction","target":{"@type":"EntryPoint","urlTemplate":"https:\/\/www.sicep.it\/?s={search_term_string}"},"query-input":"required name=search_term_string"}],"inLanguage":"fr-FR"},{"@type":"Organization","@id":"https:\/\/www.sicep.it\/#organization","name":"Sicep","url":"https:\/\/www.sicep.it\/","logo":{"@type":"ImageObject","inLanguage":"fr-FR","@id":"https:\/\/www.sicep.it\/#\/schema\/logo\/image\/","url":"https:\/\/www.sicep.it\/wp-content\/uploads\/2020\/06\/sicep.jpg","contentUrl":"https:\/\/www.sicep.it\/wp-content\/uploads\/2020\/06\/sicep.jpg","width":512,"height":512,"caption":"Sicep"},"image":{"@id":"https:\/\/www.sicep.it\/#\/schema\/logo\/image\/"}}]}},"_links":{"self":[{"href":"https:\/\/www.sicep.it\/fr\/wp-json\/wp\/v2\/product\/7107"}],"collection":[{"href":"https:\/\/www.sicep.it\/fr\/wp-json\/wp\/v2\/product"}],"about":[{"href":"https:\/\/www.sicep.it\/fr\/wp-json\/wp\/v2\/types\/product"}],"wp:featuredmedia":[{"embeddable":true,"href":"https:\/\/www.sicep.it\/fr\/wp-json\/wp\/v2\/media\/7108"}],"wp:attachment":[{"href":"https:\/\/www.sicep.it\/fr\/wp-json\/wp\/v2\/media?parent=7107"}],"wp:term":[{"taxonomy":"product_cat","embeddable":true,"href":"https:\/\/www.sicep.it\/fr\/wp-json\/wp\/v2\/product_cat?post=7107"},{"taxonomy":"product_tag","embeddable":true,"href":"https:\/\/www.sicep.it\/fr\/wp-json\/wp\/v2\/product_tag?post=7107"}],"curies":[{"name":"wp","href":"https:\/\/api.w.org\/{rel}","templated":true}]}}