{"id":6938,"date":"2020-05-04T10:52:51","date_gmt":"2020-05-04T08:52:51","guid":{"rendered":"https:\/\/www.sicep.it\/produttore\/centrale-alarme-wifi-sans-fil-2\/"},"modified":"2026-01-20T16:14:20","modified_gmt":"2026-01-20T15:14:20","slug":"centrale-alarme-wifi-sans-fil","status":"publish","type":"product","link":"https:\/\/www.sicep.it\/fr\/producter\/centrale-alarme-wifi-sans-fil\/","title":{"rendered":"DOGMA DG-432"},"content":{"rendered":"","protected":false},"excerpt":{"rendered":"<p>Dogma est un nouveau \u201cconcept\u201d de syst\u00e8me d\u2019alarme facilement installable pour la protection de tout environnement. Le syst\u00e8me DOGMA se compose d\u2019une Centrale d\u2019alarme sans fil BiTech enti\u00e8rement bidirectionnelle, extr\u00eamement compacte, avec possibilit\u00e9 de v\u00e9rification vid\u00e9o int\u00e9gr\u00e9e via des d\u00e9t\u00e9cteurs avec cam\u00e9ra ou cam\u00e9ras IP.<\/p>\n<p>R\u00e9ception des images et des vid\u00e9os de l\u2019\u00e9v\u00e9nement directement sur votre t\u00e9l\u00e9phone mobile ou au centre de t\u00e9l\u00e9surveillance, permettant de v\u00e9rifier la situation et d\u2019autoriser l\u2019envoi d\u2019une patrouille et\/ou des forces de l\u2019ordre. La centrale DOGMA est le coeur du syst\u00e8me, capable de surveiller tous les appareils sans fil enregistr\u00e9s, en respectant les normes de s\u00e9curit\u00e9. Gr\u00e2ce \u00e0 ses organes de contr\u00f4le et \u00e0 l\u2019APP SICEP, il est possible de g\u00e9rer le syst\u00e8me DOGMA d\u2019une mani\u00e8re simple, efficace et fonctionnelle.<\/p>\n<p><img loading=\"lazy\" class=\"alignleft wp-image-6349 size-full\" src=\"https:\/\/www.sicep.it\/wp-content\/uploads\/2020\/05\/4g-lte-icona-e1649339941140.jpg\" alt=\"\" width=\"88\" height=\"100\" \/><img loading=\"lazy\" class=\"alignleft wp-image-1461 size-medium\" src=\"https:\/\/www.sicep.it\/wp-content\/uploads\/2022\/04\/Risorsa-3-8.png\" alt=\"\" width=\"300\" height=\"100\" data-wp-editing=\"1\" \/><\/p>\n<table style=\"border-collapse: collapse; width: 100%; background-color: #ffffff; height: 296px;\" border=\"0\">\n<tbody>\n<tr style=\"height: 144px;\">\n<td style=\"height: 144px; background-color: #ffffff; border-style: hidden; text-align: left;\" colspan=\"2\"><img loading=\"lazy\" style=\"text-align: center;\" src=\"https:\/\/www.sicep.it\/wp-content\/uploads\/2020\/04\/AppSicep-ButtonRound-150x150.png\" alt=\"App SICEP\" width=\"140\" height=\"140\" \/><\/td>\n<\/tr>\n<tr style=\"height: 48px;\">\n<td style=\"height: 48px; text-align: center; width: 30%; vertical-align: middle; background-color: #ffffff; border-style: hidden;\"><a title=\"App SICEP - Google Play Store\" href=\"https:\/\/play.google.com\/store\/apps\/details?id=com.sicep.sicep\" target=\"_blank\" rel=\"noopener\"><img loading=\"lazy\" src=\"https:\/\/www.sicep.it\/wp-content\/uploads\/2020\/04\/QRCode-Google-Sicep-150x150.png\" alt=\"App SICEP - Google Play Store\" width=\"100\" height=\"100\" \/><\/a><\/td>\n<td style=\"width: 70%; height: 48px; text-align: left; vertical-align: middle; background-color: #ffffff; border-style: hidden;\"><a title=\"App SICEP - Google Play Store\" href=\"https:\/\/play.google.com\/store\/apps\/details?id=com.sicep.sicep\" target=\"_blank\" rel=\"noopener\"><img loading=\"lazy\" src=\"https:\/\/www.sicep.it\/wp-content\/uploads\/2025\/06\/google-play-badge_Francese.png\" alt=\"\" width=\"252\" height=\"75\" \/><\/a><\/td>\n<\/tr>\n<tr style=\"height: 104px;\">\n<td style=\"height: 104px; text-align: center; width: 30%; vertical-align: middle; background-color: #ffffff; border-style: hidden;\"><a title=\"App SICEP - Apple App Store\" href=\"https:\/\/apps.apple.com\/fr\/app\/sicep\/id6472173004\" target=\"_blank\" rel=\"noopener\"><img loading=\"lazy\" src=\"https:\/\/www.sicep.it\/wp-content\/uploads\/2020\/04\/QRCode-Apple-Sicep-150x150.png\" alt=\"App SICEP - Apple App Store\" width=\"100\" height=\"100\" \/><\/a><\/td>\n<td style=\"width: 70%; height: 104px; text-align: left; vertical-align: middle; background-color: #ffffff; border-style: hidden;\"><a title=\"App SICEP - Apple App Store\" href=\"https:\/\/apps.apple.com\/fr\/app\/sicep\/id6472173004\" target=\"_blank\" rel=\"noopener\"><img loading=\"lazy\" src=\"https:\/\/www.sicep.it\/wp-content\/uploads\/2025\/06\/Download_on_the_App_Store_Badge_FR_blk_100517.png\" alt=\"\" width=\"223\" height=\"75\" \/><\/a><\/td>\n<\/tr>\n<\/tbody>\n<\/table>\n","protected":false},"featured_media":9085,"template":"","meta":[],"product_cat":[298,379],"product_tag":[],"yoast_head":"<!-- This site is optimized with the Yoast SEO plugin v19.9 - https:\/\/yoast.com\/wordpress\/plugins\/seo\/ -->\n<title>DOGMA DG-432 - Sicep<\/title>\n<meta name=\"description\" content=\"DOGMA DG-432 - Sicep - La centrale d&#039;alarme sans fil Wi-Fi Dogma est un syst\u00e8me antivol sans fil con\u00e7u pour garantir une protection totale et une gestion simplifi\u00e9e via une application.\" \/>\n<meta name=\"robots\" content=\"index, follow, max-snippet:-1, max-image-preview:large, max-video-preview:-1\" \/>\n<link rel=\"canonical\" href=\"https:\/\/www.sicep.it\/fr\/producter\/centrale-alarme-wifi-sans-fil\/\" \/>\n<meta property=\"og:locale\" content=\"fr_FR\" \/>\n<meta property=\"og:type\" content=\"article\" \/>\n<meta property=\"og:title\" content=\"DOGMA DG-432 - Sicep\" \/>\n<meta property=\"og:description\" content=\"DOGMA DG-432 - Sicep - La centrale d&#039;alarme sans fil Wi-Fi Dogma est un syst\u00e8me antivol sans fil con\u00e7u pour garantir une protection totale et une gestion simplifi\u00e9e via une application.\" \/>\n<meta property=\"og:url\" content=\"https:\/\/www.sicep.it\/fr\/producter\/centrale-alarme-wifi-sans-fil\/\" \/>\n<meta property=\"og:site_name\" content=\"Sicep\" \/>\n<meta property=\"article:modified_time\" content=\"2026-01-20T15:14:20+00:00\" \/>\n<meta property=\"og:image\" content=\"https:\/\/www.sicep.it\/wp-content\/uploads\/2020\/05\/dogma-centrale-allarme-senza-fili-wifi.jpg\" \/>\n\t<meta property=\"og:image:width\" content=\"1600\" \/>\n\t<meta property=\"og:image:height\" content=\"1600\" \/>\n\t<meta property=\"og:image:type\" content=\"image\/jpeg\" \/>\n<meta name=\"twitter:card\" content=\"summary_large_image\" \/>\n<script type=\"application\/ld+json\" class=\"yoast-schema-graph\">{\"@context\":\"https:\/\/schema.org\",\"@graph\":[{\"@type\":\"WebPage\",\"@id\":\"https:\/\/www.sicep.it\/fr\/producter\/centrale-alarme-wifi-sans-fil\/\",\"url\":\"https:\/\/www.sicep.it\/fr\/producter\/centrale-alarme-wifi-sans-fil\/\",\"name\":\"DOGMA DG-432 - Sicep\",\"isPartOf\":{\"@id\":\"https:\/\/www.sicep.it\/#website\"},\"datePublished\":\"2020-05-04T08:52:51+00:00\",\"dateModified\":\"2026-01-20T15:14:20+00:00\",\"description\":\"DOGMA DG-432 - Sicep - La centrale d'alarme sans fil Wi-Fi Dogma est un syst\u00e8me antivol sans fil con\u00e7u pour garantir une protection totale et une gestion simplifi\u00e9e via une application.\",\"breadcrumb\":{\"@id\":\"https:\/\/www.sicep.it\/fr\/producter\/centrale-alarme-wifi-sans-fil\/#breadcrumb\"},\"inLanguage\":\"fr-FR\",\"potentialAction\":[{\"@type\":\"ReadAction\",\"target\":[\"https:\/\/www.sicep.it\/fr\/producter\/centrale-alarme-wifi-sans-fil\/\"]}]},{\"@type\":\"BreadcrumbList\",\"@id\":\"https:\/\/www.sicep.it\/fr\/producter\/centrale-alarme-wifi-sans-fil\/#breadcrumb\",\"itemListElement\":[{\"@type\":\"ListItem\",\"position\":1,\"name\":\"Home\",\"item\":\"https:\/\/www.sicep.it\/fr\/\"},{\"@type\":\"ListItem\",\"position\":2,\"name\":\"DOGMA DG-432\"}]},{\"@type\":\"WebSite\",\"@id\":\"https:\/\/www.sicep.it\/#website\",\"url\":\"https:\/\/www.sicep.it\/\",\"name\":\"Sicep\",\"description\":\"\",\"publisher\":{\"@id\":\"https:\/\/www.sicep.it\/#organization\"},\"potentialAction\":[{\"@type\":\"SearchAction\",\"target\":{\"@type\":\"EntryPoint\",\"urlTemplate\":\"https:\/\/www.sicep.it\/?s={search_term_string}\"},\"query-input\":\"required name=search_term_string\"}],\"inLanguage\":\"fr-FR\"},{\"@type\":\"Organization\",\"@id\":\"https:\/\/www.sicep.it\/#organization\",\"name\":\"Sicep\",\"url\":\"https:\/\/www.sicep.it\/\",\"logo\":{\"@type\":\"ImageObject\",\"inLanguage\":\"fr-FR\",\"@id\":\"https:\/\/www.sicep.it\/#\/schema\/logo\/image\/\",\"url\":\"https:\/\/www.sicep.it\/wp-content\/uploads\/2020\/06\/sicep.jpg\",\"contentUrl\":\"https:\/\/www.sicep.it\/wp-content\/uploads\/2020\/06\/sicep.jpg\",\"width\":512,\"height\":512,\"caption\":\"Sicep\"},\"image\":{\"@id\":\"https:\/\/www.sicep.it\/#\/schema\/logo\/image\/\"}}]}<\/script>\n<!-- \/ Yoast SEO plugin. -->","yoast_head_json":{"title":"DOGMA DG-432 - Sicep","description":"DOGMA DG-432 - Sicep - La centrale d'alarme sans fil Wi-Fi Dogma est un syst\u00e8me antivol sans fil con\u00e7u pour garantir une protection totale et une gestion simplifi\u00e9e via une application.","robots":{"index":"index","follow":"follow","max-snippet":"max-snippet:-1","max-image-preview":"max-image-preview:large","max-video-preview":"max-video-preview:-1"},"canonical":"https:\/\/www.sicep.it\/fr\/producter\/centrale-alarme-wifi-sans-fil\/","og_locale":"fr_FR","og_type":"article","og_title":"DOGMA DG-432 - Sicep","og_description":"DOGMA DG-432 - Sicep - La centrale d'alarme sans fil Wi-Fi Dogma est un syst\u00e8me antivol sans fil con\u00e7u pour garantir une protection totale et une gestion simplifi\u00e9e via une application.","og_url":"https:\/\/www.sicep.it\/fr\/producter\/centrale-alarme-wifi-sans-fil\/","og_site_name":"Sicep","article_modified_time":"2026-01-20T15:14:20+00:00","og_image":[{"width":1600,"height":1600,"url":"https:\/\/www.sicep.it\/wp-content\/uploads\/2020\/05\/dogma-centrale-allarme-senza-fili-wifi.jpg","type":"image\/jpeg"}],"twitter_card":"summary_large_image","schema":{"@context":"https:\/\/schema.org","@graph":[{"@type":"WebPage","@id":"https:\/\/www.sicep.it\/fr\/producter\/centrale-alarme-wifi-sans-fil\/","url":"https:\/\/www.sicep.it\/fr\/producter\/centrale-alarme-wifi-sans-fil\/","name":"DOGMA DG-432 - Sicep","isPartOf":{"@id":"https:\/\/www.sicep.it\/#website"},"datePublished":"2020-05-04T08:52:51+00:00","dateModified":"2026-01-20T15:14:20+00:00","description":"DOGMA DG-432 - Sicep - La centrale d'alarme sans fil Wi-Fi Dogma est un syst\u00e8me antivol sans fil con\u00e7u pour garantir une protection totale et une gestion simplifi\u00e9e via une application.","breadcrumb":{"@id":"https:\/\/www.sicep.it\/fr\/producter\/centrale-alarme-wifi-sans-fil\/#breadcrumb"},"inLanguage":"fr-FR","potentialAction":[{"@type":"ReadAction","target":["https:\/\/www.sicep.it\/fr\/producter\/centrale-alarme-wifi-sans-fil\/"]}]},{"@type":"BreadcrumbList","@id":"https:\/\/www.sicep.it\/fr\/producter\/centrale-alarme-wifi-sans-fil\/#breadcrumb","itemListElement":[{"@type":"ListItem","position":1,"name":"Home","item":"https:\/\/www.sicep.it\/fr\/"},{"@type":"ListItem","position":2,"name":"DOGMA DG-432"}]},{"@type":"WebSite","@id":"https:\/\/www.sicep.it\/#website","url":"https:\/\/www.sicep.it\/","name":"Sicep","description":"","publisher":{"@id":"https:\/\/www.sicep.it\/#organization"},"potentialAction":[{"@type":"SearchAction","target":{"@type":"EntryPoint","urlTemplate":"https:\/\/www.sicep.it\/?s={search_term_string}"},"query-input":"required name=search_term_string"}],"inLanguage":"fr-FR"},{"@type":"Organization","@id":"https:\/\/www.sicep.it\/#organization","name":"Sicep","url":"https:\/\/www.sicep.it\/","logo":{"@type":"ImageObject","inLanguage":"fr-FR","@id":"https:\/\/www.sicep.it\/#\/schema\/logo\/image\/","url":"https:\/\/www.sicep.it\/wp-content\/uploads\/2020\/06\/sicep.jpg","contentUrl":"https:\/\/www.sicep.it\/wp-content\/uploads\/2020\/06\/sicep.jpg","width":512,"height":512,"caption":"Sicep"},"image":{"@id":"https:\/\/www.sicep.it\/#\/schema\/logo\/image\/"}}]}},"_links":{"self":[{"href":"https:\/\/www.sicep.it\/fr\/wp-json\/wp\/v2\/product\/6938"}],"collection":[{"href":"https:\/\/www.sicep.it\/fr\/wp-json\/wp\/v2\/product"}],"about":[{"href":"https:\/\/www.sicep.it\/fr\/wp-json\/wp\/v2\/types\/product"}],"wp:featuredmedia":[{"embeddable":true,"href":"https:\/\/www.sicep.it\/fr\/wp-json\/wp\/v2\/media\/9085"}],"wp:attachment":[{"href":"https:\/\/www.sicep.it\/fr\/wp-json\/wp\/v2\/media?parent=6938"}],"wp:term":[{"taxonomy":"product_cat","embeddable":true,"href":"https:\/\/www.sicep.it\/fr\/wp-json\/wp\/v2\/product_cat?post=6938"},{"taxonomy":"product_tag","embeddable":true,"href":"https:\/\/www.sicep.it\/fr\/wp-json\/wp\/v2\/product_tag?post=6938"}],"curies":[{"name":"wp","href":"https:\/\/api.w.org\/{rel}","templated":true}]}}