{"id":6840,"date":"2020-05-06T11:47:59","date_gmt":"2020-05-06T09:47:59","guid":{"rendered":"https:\/\/www.sicep.it\/produttore\/capteur-piezoelectrique-vibration-sismique-faible-absorption\/"},"modified":"2026-01-20T15:12:35","modified_gmt":"2026-01-20T14:12:35","slug":"capteur-piezoelectrique-vibration-sismique-faible-absorption","status":"publish","type":"product","link":"https:\/\/www.sicep.it\/fr\/producter\/capteur-piezoelectrique-vibration-sismique-faible-absorption\/","title":{"rendered":"ACI-CINEM5MA"},"content":{"rendered":"","protected":false},"excerpt":{"rendered":"<p>Capteur pi\u00e9zo\u00e9lectrique vibratoire\/sismique de faible puissance, compatible avec le syst\u00e8me radio BiTech (connectable \u00e0 l&#8217;entr\u00e9e auxiliaire des contacts BT-CME\/CMW), de petite taille (18x18x10mm). Ce petit capteur n&#8217;a pas besoin d&#8217;\u00eatre aliment\u00e9 ; en cas d&#8217;alarme, il ouvre le circuit pendant 2 \u00e0 30 secondes en fonction de la contrainte re\u00e7ue. Rayon de couverture de 2m sur le verre. Livr\u00e9 avec un c\u00e2ble (2 broches, 2m). Installation avec du ruban adh\u00e9sif double face. Mat\u00e9riau ABS, couleur marron.<\/p>\n<p>&nbsp;<\/p>\n<p>Accessoire compatible avec :<\/p>\n<p>Icon,<br \/>\nBitech,<br \/>\nUnica,<br \/>\nOne,<br \/>\nDogma,<br \/>\nIntegrated Radio System<\/p>\n","protected":false},"featured_media":6841,"template":"","meta":[],"product_cat":[325],"product_tag":[],"yoast_head":"<!-- This site is optimized with the Yoast SEO plugin v19.9 - https:\/\/yoast.com\/wordpress\/plugins\/seo\/ -->\n<title>ACI-CINEM5MA - Sicep<\/title>\n<meta name=\"description\" content=\"ACI-CINEM5MA - Sicep - Le capteur de vibration pi\u00e9zo\u00e9lectrique (sismique) ACI-CINEM5MA \u00e0 faible consommation d&#039;\u00e9nergie ne n\u00e9cessite aucune alimentation, il est compatible avec le syst\u00e8me radio BiTech.\" \/>\n<meta name=\"robots\" content=\"index, follow, max-snippet:-1, max-image-preview:large, max-video-preview:-1\" \/>\n<link rel=\"canonical\" href=\"https:\/\/www.sicep.it\/fr\/producter\/capteur-piezoelectrique-vibration-sismique-faible-absorption\/\" \/>\n<meta property=\"og:locale\" content=\"fr_FR\" \/>\n<meta property=\"og:type\" content=\"article\" \/>\n<meta property=\"og:title\" content=\"ACI-CINEM5MA - Sicep\" \/>\n<meta property=\"og:description\" content=\"ACI-CINEM5MA - Sicep - Le capteur de vibration pi\u00e9zo\u00e9lectrique (sismique) ACI-CINEM5MA \u00e0 faible consommation d&#039;\u00e9nergie ne n\u00e9cessite aucune alimentation, il est compatible avec le syst\u00e8me radio BiTech.\" \/>\n<meta property=\"og:url\" content=\"https:\/\/www.sicep.it\/fr\/producter\/capteur-piezoelectrique-vibration-sismique-faible-absorption\/\" \/>\n<meta property=\"og:site_name\" content=\"Sicep\" \/>\n<meta property=\"article:modified_time\" content=\"2026-01-20T14:12:35+00:00\" \/>\n<meta property=\"og:image\" content=\"https:\/\/www.sicep.it\/wp-content\/uploads\/2020\/05\/sensore-piezoelettrico-vibrazione-sismico-basso-assorbimento.jpg\" \/>\n\t<meta property=\"og:image:width\" content=\"1600\" \/>\n\t<meta property=\"og:image:height\" content=\"1600\" \/>\n\t<meta property=\"og:image:type\" content=\"image\/jpeg\" \/>\n<meta name=\"twitter:card\" content=\"summary_large_image\" \/>\n<script type=\"application\/ld+json\" class=\"yoast-schema-graph\">{\"@context\":\"https:\/\/schema.org\",\"@graph\":[{\"@type\":\"WebPage\",\"@id\":\"https:\/\/www.sicep.it\/fr\/producter\/capteur-piezoelectrique-vibration-sismique-faible-absorption\/\",\"url\":\"https:\/\/www.sicep.it\/fr\/producter\/capteur-piezoelectrique-vibration-sismique-faible-absorption\/\",\"name\":\"ACI-CINEM5MA - Sicep\",\"isPartOf\":{\"@id\":\"https:\/\/www.sicep.it\/#website\"},\"datePublished\":\"2020-05-06T09:47:59+00:00\",\"dateModified\":\"2026-01-20T14:12:35+00:00\",\"description\":\"ACI-CINEM5MA - Sicep - Le capteur de vibration pi\u00e9zo\u00e9lectrique (sismique) ACI-CINEM5MA \u00e0 faible consommation d'\u00e9nergie ne n\u00e9cessite aucune alimentation, il est compatible avec le syst\u00e8me radio BiTech.\",\"breadcrumb\":{\"@id\":\"https:\/\/www.sicep.it\/fr\/producter\/capteur-piezoelectrique-vibration-sismique-faible-absorption\/#breadcrumb\"},\"inLanguage\":\"fr-FR\",\"potentialAction\":[{\"@type\":\"ReadAction\",\"target\":[\"https:\/\/www.sicep.it\/fr\/producter\/capteur-piezoelectrique-vibration-sismique-faible-absorption\/\"]}]},{\"@type\":\"BreadcrumbList\",\"@id\":\"https:\/\/www.sicep.it\/fr\/producter\/capteur-piezoelectrique-vibration-sismique-faible-absorption\/#breadcrumb\",\"itemListElement\":[{\"@type\":\"ListItem\",\"position\":1,\"name\":\"Home\",\"item\":\"https:\/\/www.sicep.it\/fr\/\"},{\"@type\":\"ListItem\",\"position\":2,\"name\":\"ACI-CINEM5MA\"}]},{\"@type\":\"WebSite\",\"@id\":\"https:\/\/www.sicep.it\/#website\",\"url\":\"https:\/\/www.sicep.it\/\",\"name\":\"Sicep\",\"description\":\"\",\"publisher\":{\"@id\":\"https:\/\/www.sicep.it\/#organization\"},\"potentialAction\":[{\"@type\":\"SearchAction\",\"target\":{\"@type\":\"EntryPoint\",\"urlTemplate\":\"https:\/\/www.sicep.it\/?s={search_term_string}\"},\"query-input\":\"required name=search_term_string\"}],\"inLanguage\":\"fr-FR\"},{\"@type\":\"Organization\",\"@id\":\"https:\/\/www.sicep.it\/#organization\",\"name\":\"Sicep\",\"url\":\"https:\/\/www.sicep.it\/\",\"logo\":{\"@type\":\"ImageObject\",\"inLanguage\":\"fr-FR\",\"@id\":\"https:\/\/www.sicep.it\/#\/schema\/logo\/image\/\",\"url\":\"https:\/\/www.sicep.it\/wp-content\/uploads\/2020\/06\/sicep.jpg\",\"contentUrl\":\"https:\/\/www.sicep.it\/wp-content\/uploads\/2020\/06\/sicep.jpg\",\"width\":512,\"height\":512,\"caption\":\"Sicep\"},\"image\":{\"@id\":\"https:\/\/www.sicep.it\/#\/schema\/logo\/image\/\"}}]}<\/script>\n<!-- \/ Yoast SEO plugin. -->","yoast_head_json":{"title":"ACI-CINEM5MA - Sicep","description":"ACI-CINEM5MA - Sicep - Le capteur de vibration pi\u00e9zo\u00e9lectrique (sismique) ACI-CINEM5MA \u00e0 faible consommation d'\u00e9nergie ne n\u00e9cessite aucune alimentation, il est compatible avec le syst\u00e8me radio BiTech.","robots":{"index":"index","follow":"follow","max-snippet":"max-snippet:-1","max-image-preview":"max-image-preview:large","max-video-preview":"max-video-preview:-1"},"canonical":"https:\/\/www.sicep.it\/fr\/producter\/capteur-piezoelectrique-vibration-sismique-faible-absorption\/","og_locale":"fr_FR","og_type":"article","og_title":"ACI-CINEM5MA - Sicep","og_description":"ACI-CINEM5MA - Sicep - Le capteur de vibration pi\u00e9zo\u00e9lectrique (sismique) ACI-CINEM5MA \u00e0 faible consommation d'\u00e9nergie ne n\u00e9cessite aucune alimentation, il est compatible avec le syst\u00e8me radio BiTech.","og_url":"https:\/\/www.sicep.it\/fr\/producter\/capteur-piezoelectrique-vibration-sismique-faible-absorption\/","og_site_name":"Sicep","article_modified_time":"2026-01-20T14:12:35+00:00","og_image":[{"width":1600,"height":1600,"url":"https:\/\/www.sicep.it\/wp-content\/uploads\/2020\/05\/sensore-piezoelettrico-vibrazione-sismico-basso-assorbimento.jpg","type":"image\/jpeg"}],"twitter_card":"summary_large_image","schema":{"@context":"https:\/\/schema.org","@graph":[{"@type":"WebPage","@id":"https:\/\/www.sicep.it\/fr\/producter\/capteur-piezoelectrique-vibration-sismique-faible-absorption\/","url":"https:\/\/www.sicep.it\/fr\/producter\/capteur-piezoelectrique-vibration-sismique-faible-absorption\/","name":"ACI-CINEM5MA - Sicep","isPartOf":{"@id":"https:\/\/www.sicep.it\/#website"},"datePublished":"2020-05-06T09:47:59+00:00","dateModified":"2026-01-20T14:12:35+00:00","description":"ACI-CINEM5MA - Sicep - Le capteur de vibration pi\u00e9zo\u00e9lectrique (sismique) ACI-CINEM5MA \u00e0 faible consommation d'\u00e9nergie ne n\u00e9cessite aucune alimentation, il est compatible avec le syst\u00e8me radio BiTech.","breadcrumb":{"@id":"https:\/\/www.sicep.it\/fr\/producter\/capteur-piezoelectrique-vibration-sismique-faible-absorption\/#breadcrumb"},"inLanguage":"fr-FR","potentialAction":[{"@type":"ReadAction","target":["https:\/\/www.sicep.it\/fr\/producter\/capteur-piezoelectrique-vibration-sismique-faible-absorption\/"]}]},{"@type":"BreadcrumbList","@id":"https:\/\/www.sicep.it\/fr\/producter\/capteur-piezoelectrique-vibration-sismique-faible-absorption\/#breadcrumb","itemListElement":[{"@type":"ListItem","position":1,"name":"Home","item":"https:\/\/www.sicep.it\/fr\/"},{"@type":"ListItem","position":2,"name":"ACI-CINEM5MA"}]},{"@type":"WebSite","@id":"https:\/\/www.sicep.it\/#website","url":"https:\/\/www.sicep.it\/","name":"Sicep","description":"","publisher":{"@id":"https:\/\/www.sicep.it\/#organization"},"potentialAction":[{"@type":"SearchAction","target":{"@type":"EntryPoint","urlTemplate":"https:\/\/www.sicep.it\/?s={search_term_string}"},"query-input":"required name=search_term_string"}],"inLanguage":"fr-FR"},{"@type":"Organization","@id":"https:\/\/www.sicep.it\/#organization","name":"Sicep","url":"https:\/\/www.sicep.it\/","logo":{"@type":"ImageObject","inLanguage":"fr-FR","@id":"https:\/\/www.sicep.it\/#\/schema\/logo\/image\/","url":"https:\/\/www.sicep.it\/wp-content\/uploads\/2020\/06\/sicep.jpg","contentUrl":"https:\/\/www.sicep.it\/wp-content\/uploads\/2020\/06\/sicep.jpg","width":512,"height":512,"caption":"Sicep"},"image":{"@id":"https:\/\/www.sicep.it\/#\/schema\/logo\/image\/"}}]}},"_links":{"self":[{"href":"https:\/\/www.sicep.it\/fr\/wp-json\/wp\/v2\/product\/6840"}],"collection":[{"href":"https:\/\/www.sicep.it\/fr\/wp-json\/wp\/v2\/product"}],"about":[{"href":"https:\/\/www.sicep.it\/fr\/wp-json\/wp\/v2\/types\/product"}],"wp:featuredmedia":[{"embeddable":true,"href":"https:\/\/www.sicep.it\/fr\/wp-json\/wp\/v2\/media\/6841"}],"wp:attachment":[{"href":"https:\/\/www.sicep.it\/fr\/wp-json\/wp\/v2\/media?parent=6840"}],"wp:term":[{"taxonomy":"product_cat","embeddable":true,"href":"https:\/\/www.sicep.it\/fr\/wp-json\/wp\/v2\/product_cat?post=6840"},{"taxonomy":"product_tag","embeddable":true,"href":"https:\/\/www.sicep.it\/fr\/wp-json\/wp\/v2\/product_tag?post=6840"}],"curies":[{"name":"wp","href":"https:\/\/api.w.org\/{rel}","templated":true}]}}