{"id":6838,"date":"2020-05-06T11:52:50","date_gmt":"2020-05-06T09:52:50","guid":{"rendered":"https:\/\/www.sicep.it\/produttore\/deteteur-piezoelectrique-vibration-sismique-faible-absorption-blanc\/"},"modified":"2026-01-20T15:13:05","modified_gmt":"2026-01-20T14:13:05","slug":"deteteur-piezoelectrique-vibration-sismique-faible-absorption-blanc","status":"publish","type":"product","link":"https:\/\/www.sicep.it\/fr\/producter\/deteteur-piezoelectrique-vibration-sismique-faible-absorption-blanc\/","title":{"rendered":"ACI-CINEM5"},"content":{"rendered":"","protected":false},"excerpt":{"rendered":"<p>D\u00e9tecteur de vibration\/sismique pi\u00e9zo\u00e9lectrique \u00e0 faible absorption, compatible avec le syst\u00e8me radio BiTech (raccordable \u00e0 l&#8217;entr\u00e9e auxiliaire des contacts BT-CME\/CMW), de petite taille (18x18x10mm). Ce petit d\u00e9tecteur n&#8217;a pas besoin d&#8217;\u00eatre aliment\u00e9 ; lorsqu&#8217;il est en alarme, il ouvre le circuit pendant un temps allant de 2 \u00e0 30 sec. en fonction de la sollicitation re\u00e7ue. Port\u00e9e de couverture 2m sur verre. Livr\u00e9 complet avec c\u00e2ble (2 p\u00f4les, 2m). Installation avec du ruban adh\u00e9sif double face. Mat\u00e9riau ABS, couleur blanche.<\/p>\n<p>Accessoire compatible avec:<\/p>\n<p>Icon,<br \/>\nBitech,<br \/>\nUnica,<br \/>\nOne,<br \/>\nDogma,<br \/>\nSyst\u00e8me radio int\u00e9gr\u00e9.<\/p>\n","protected":false},"featured_media":6839,"template":"","meta":[],"product_cat":[325],"product_tag":[],"yoast_head":"<!-- This site is optimized with the Yoast SEO plugin v19.9 - https:\/\/yoast.com\/wordpress\/plugins\/seo\/ -->\n<title>ACI-CINEM5 - Sicep<\/title>\n<meta name=\"description\" content=\"ACI-CINEM5 - Sicep - Capteur sismique (vibration) pi\u00e9zo\u00e9lectrique \u00e0 faible absorption ACI-CINEM5 compatible avec le syst\u00e8me BiTech Rayon de couverture de 2m sur verre ABS blanc.\" \/>\n<meta name=\"robots\" content=\"index, follow, max-snippet:-1, max-image-preview:large, max-video-preview:-1\" \/>\n<link rel=\"canonical\" href=\"https:\/\/www.sicep.it\/fr\/producter\/deteteur-piezoelectrique-vibration-sismique-faible-absorption-blanc\/\" \/>\n<meta property=\"og:locale\" content=\"fr_FR\" \/>\n<meta property=\"og:type\" content=\"article\" \/>\n<meta property=\"og:title\" content=\"ACI-CINEM5 - Sicep\" \/>\n<meta property=\"og:description\" content=\"ACI-CINEM5 - Sicep - Capteur sismique (vibration) pi\u00e9zo\u00e9lectrique \u00e0 faible absorption ACI-CINEM5 compatible avec le syst\u00e8me BiTech Rayon de couverture de 2m sur verre ABS blanc.\" \/>\n<meta property=\"og:url\" content=\"https:\/\/www.sicep.it\/fr\/producter\/deteteur-piezoelectrique-vibration-sismique-faible-absorption-blanc\/\" \/>\n<meta property=\"og:site_name\" content=\"Sicep\" \/>\n<meta property=\"article:modified_time\" content=\"2026-01-20T14:13:05+00:00\" \/>\n<meta property=\"og:image\" content=\"https:\/\/www.sicep.it\/wp-content\/uploads\/2020\/05\/sensore-piezoelettrico-vibrazione-sismico-basso-assorbimento-bianco.jpg\" \/>\n\t<meta property=\"og:image:width\" content=\"1600\" \/>\n\t<meta property=\"og:image:height\" content=\"1600\" \/>\n\t<meta property=\"og:image:type\" content=\"image\/jpeg\" \/>\n<meta name=\"twitter:card\" content=\"summary_large_image\" \/>\n<script type=\"application\/ld+json\" class=\"yoast-schema-graph\">{\"@context\":\"https:\/\/schema.org\",\"@graph\":[{\"@type\":\"WebPage\",\"@id\":\"https:\/\/www.sicep.it\/fr\/producter\/deteteur-piezoelectrique-vibration-sismique-faible-absorption-blanc\/\",\"url\":\"https:\/\/www.sicep.it\/fr\/producter\/deteteur-piezoelectrique-vibration-sismique-faible-absorption-blanc\/\",\"name\":\"ACI-CINEM5 - Sicep\",\"isPartOf\":{\"@id\":\"https:\/\/www.sicep.it\/#website\"},\"datePublished\":\"2020-05-06T09:52:50+00:00\",\"dateModified\":\"2026-01-20T14:13:05+00:00\",\"description\":\"ACI-CINEM5 - Sicep - Capteur sismique (vibration) pi\u00e9zo\u00e9lectrique \u00e0 faible absorption ACI-CINEM5 compatible avec le syst\u00e8me BiTech Rayon de couverture de 2m sur verre ABS blanc.\",\"breadcrumb\":{\"@id\":\"https:\/\/www.sicep.it\/fr\/producter\/deteteur-piezoelectrique-vibration-sismique-faible-absorption-blanc\/#breadcrumb\"},\"inLanguage\":\"fr-FR\",\"potentialAction\":[{\"@type\":\"ReadAction\",\"target\":[\"https:\/\/www.sicep.it\/fr\/producter\/deteteur-piezoelectrique-vibration-sismique-faible-absorption-blanc\/\"]}]},{\"@type\":\"BreadcrumbList\",\"@id\":\"https:\/\/www.sicep.it\/fr\/producter\/deteteur-piezoelectrique-vibration-sismique-faible-absorption-blanc\/#breadcrumb\",\"itemListElement\":[{\"@type\":\"ListItem\",\"position\":1,\"name\":\"Home\",\"item\":\"https:\/\/www.sicep.it\/fr\/\"},{\"@type\":\"ListItem\",\"position\":2,\"name\":\"ACI-CINEM5\"}]},{\"@type\":\"WebSite\",\"@id\":\"https:\/\/www.sicep.it\/#website\",\"url\":\"https:\/\/www.sicep.it\/\",\"name\":\"Sicep\",\"description\":\"\",\"publisher\":{\"@id\":\"https:\/\/www.sicep.it\/#organization\"},\"potentialAction\":[{\"@type\":\"SearchAction\",\"target\":{\"@type\":\"EntryPoint\",\"urlTemplate\":\"https:\/\/www.sicep.it\/?s={search_term_string}\"},\"query-input\":\"required name=search_term_string\"}],\"inLanguage\":\"fr-FR\"},{\"@type\":\"Organization\",\"@id\":\"https:\/\/www.sicep.it\/#organization\",\"name\":\"Sicep\",\"url\":\"https:\/\/www.sicep.it\/\",\"logo\":{\"@type\":\"ImageObject\",\"inLanguage\":\"fr-FR\",\"@id\":\"https:\/\/www.sicep.it\/#\/schema\/logo\/image\/\",\"url\":\"https:\/\/www.sicep.it\/wp-content\/uploads\/2020\/06\/sicep.jpg\",\"contentUrl\":\"https:\/\/www.sicep.it\/wp-content\/uploads\/2020\/06\/sicep.jpg\",\"width\":512,\"height\":512,\"caption\":\"Sicep\"},\"image\":{\"@id\":\"https:\/\/www.sicep.it\/#\/schema\/logo\/image\/\"}}]}<\/script>\n<!-- \/ Yoast SEO plugin. -->","yoast_head_json":{"title":"ACI-CINEM5 - Sicep","description":"ACI-CINEM5 - Sicep - Capteur sismique (vibration) pi\u00e9zo\u00e9lectrique \u00e0 faible absorption ACI-CINEM5 compatible avec le syst\u00e8me BiTech Rayon de couverture de 2m sur verre ABS blanc.","robots":{"index":"index","follow":"follow","max-snippet":"max-snippet:-1","max-image-preview":"max-image-preview:large","max-video-preview":"max-video-preview:-1"},"canonical":"https:\/\/www.sicep.it\/fr\/producter\/deteteur-piezoelectrique-vibration-sismique-faible-absorption-blanc\/","og_locale":"fr_FR","og_type":"article","og_title":"ACI-CINEM5 - Sicep","og_description":"ACI-CINEM5 - Sicep - Capteur sismique (vibration) pi\u00e9zo\u00e9lectrique \u00e0 faible absorption ACI-CINEM5 compatible avec le syst\u00e8me BiTech Rayon de couverture de 2m sur verre ABS blanc.","og_url":"https:\/\/www.sicep.it\/fr\/producter\/deteteur-piezoelectrique-vibration-sismique-faible-absorption-blanc\/","og_site_name":"Sicep","article_modified_time":"2026-01-20T14:13:05+00:00","og_image":[{"width":1600,"height":1600,"url":"https:\/\/www.sicep.it\/wp-content\/uploads\/2020\/05\/sensore-piezoelettrico-vibrazione-sismico-basso-assorbimento-bianco.jpg","type":"image\/jpeg"}],"twitter_card":"summary_large_image","schema":{"@context":"https:\/\/schema.org","@graph":[{"@type":"WebPage","@id":"https:\/\/www.sicep.it\/fr\/producter\/deteteur-piezoelectrique-vibration-sismique-faible-absorption-blanc\/","url":"https:\/\/www.sicep.it\/fr\/producter\/deteteur-piezoelectrique-vibration-sismique-faible-absorption-blanc\/","name":"ACI-CINEM5 - Sicep","isPartOf":{"@id":"https:\/\/www.sicep.it\/#website"},"datePublished":"2020-05-06T09:52:50+00:00","dateModified":"2026-01-20T14:13:05+00:00","description":"ACI-CINEM5 - Sicep - Capteur sismique (vibration) pi\u00e9zo\u00e9lectrique \u00e0 faible absorption ACI-CINEM5 compatible avec le syst\u00e8me BiTech Rayon de couverture de 2m sur verre ABS blanc.","breadcrumb":{"@id":"https:\/\/www.sicep.it\/fr\/producter\/deteteur-piezoelectrique-vibration-sismique-faible-absorption-blanc\/#breadcrumb"},"inLanguage":"fr-FR","potentialAction":[{"@type":"ReadAction","target":["https:\/\/www.sicep.it\/fr\/producter\/deteteur-piezoelectrique-vibration-sismique-faible-absorption-blanc\/"]}]},{"@type":"BreadcrumbList","@id":"https:\/\/www.sicep.it\/fr\/producter\/deteteur-piezoelectrique-vibration-sismique-faible-absorption-blanc\/#breadcrumb","itemListElement":[{"@type":"ListItem","position":1,"name":"Home","item":"https:\/\/www.sicep.it\/fr\/"},{"@type":"ListItem","position":2,"name":"ACI-CINEM5"}]},{"@type":"WebSite","@id":"https:\/\/www.sicep.it\/#website","url":"https:\/\/www.sicep.it\/","name":"Sicep","description":"","publisher":{"@id":"https:\/\/www.sicep.it\/#organization"},"potentialAction":[{"@type":"SearchAction","target":{"@type":"EntryPoint","urlTemplate":"https:\/\/www.sicep.it\/?s={search_term_string}"},"query-input":"required name=search_term_string"}],"inLanguage":"fr-FR"},{"@type":"Organization","@id":"https:\/\/www.sicep.it\/#organization","name":"Sicep","url":"https:\/\/www.sicep.it\/","logo":{"@type":"ImageObject","inLanguage":"fr-FR","@id":"https:\/\/www.sicep.it\/#\/schema\/logo\/image\/","url":"https:\/\/www.sicep.it\/wp-content\/uploads\/2020\/06\/sicep.jpg","contentUrl":"https:\/\/www.sicep.it\/wp-content\/uploads\/2020\/06\/sicep.jpg","width":512,"height":512,"caption":"Sicep"},"image":{"@id":"https:\/\/www.sicep.it\/#\/schema\/logo\/image\/"}}]}},"_links":{"self":[{"href":"https:\/\/www.sicep.it\/fr\/wp-json\/wp\/v2\/product\/6838"}],"collection":[{"href":"https:\/\/www.sicep.it\/fr\/wp-json\/wp\/v2\/product"}],"about":[{"href":"https:\/\/www.sicep.it\/fr\/wp-json\/wp\/v2\/types\/product"}],"wp:featuredmedia":[{"embeddable":true,"href":"https:\/\/www.sicep.it\/fr\/wp-json\/wp\/v2\/media\/6839"}],"wp:attachment":[{"href":"https:\/\/www.sicep.it\/fr\/wp-json\/wp\/v2\/media?parent=6838"}],"wp:term":[{"taxonomy":"product_cat","embeddable":true,"href":"https:\/\/www.sicep.it\/fr\/wp-json\/wp\/v2\/product_cat?post=6838"},{"taxonomy":"product_tag","embeddable":true,"href":"https:\/\/www.sicep.it\/fr\/wp-json\/wp\/v2\/product_tag?post=6838"}],"curies":[{"name":"wp","href":"https:\/\/api.w.org\/{rel}","templated":true}]}}