{"id":6823,"date":"2020-05-06T11:01:32","date_gmt":"2020-05-06T09:01:32","guid":{"rendered":"https:\/\/www.sicep.it\/produttore\/bitech-radio-infrarouge-capteur-15mt\/"},"modified":"2026-01-20T15:47:17","modified_gmt":"2026-01-20T14:47:17","slug":"bitech-radio-infrarouge-capteur-15m","status":"publish","type":"product","link":"https:\/\/www.sicep.it\/fr\/producter\/bitech-radio-infrarouge-capteur-15m\/","title":{"rendered":"BT-MDCX"},"content":{"rendered":"","protected":false},"excerpt":{"rendered":"<p>D\u00e9tecteur infrarouge radio BiTech 15m. 90\u00b0 avec cam\u00e9ra et anti-masquage. Cam\u00e9ra couleur avec d\u00e9tecteur CMOS. Objectif fixe, r\u00e9solution 640 \u00d7 480 pixels (VGA). Port\u00e9e de la cam\u00e9ra : ouverture \u00e0 90\u00b0, distance maximum 15m, 8m avec illuminateur IR. Illuminateur LED lumi\u00e8re blanche (75lm). N \u00b0 de trames pour alarme s\u00e9lectionnable, au moyen du protocole radio VTech. Verres interchangeables. Complet avec tamper anti-ouverture et anti-d\u00e9chirure. Piles au lithium 3,6 V incluses.<\/p>\n<p>Accessoire compatible avec :<\/p>\n<p>Icon,<br \/>\nUnica,<br \/>\nOne,<br \/>\nDogma.<\/p>\n","protected":false},"featured_media":10967,"template":"","meta":[],"product_cat":[324],"product_tag":[],"yoast_head":"<!-- This site is optimized with the Yoast SEO plugin v19.9 - https:\/\/yoast.com\/wordpress\/plugins\/seo\/ -->\n<title>BT-MDCX - Sicep<\/title>\n<meta name=\"description\" content=\"BT-MDCX - Sicep - Le BT-MDCX est un capteur infrarouge radio BiTech de 15 m avec une cam\u00e9ra couleur dot\u00e9e d&#039;un capteur CMOS d&#039;une r\u00e9solution de 640\u00d7480 pixels (VGA) et d&#039;un dispositif anti-\u00e9blouissement.\" \/>\n<meta name=\"robots\" content=\"index, follow, max-snippet:-1, max-image-preview:large, max-video-preview:-1\" \/>\n<link rel=\"canonical\" href=\"https:\/\/www.sicep.it\/fr\/producter\/bitech-radio-infrarouge-capteur-15m\/\" \/>\n<meta property=\"og:locale\" content=\"fr_FR\" \/>\n<meta property=\"og:type\" content=\"article\" \/>\n<meta property=\"og:title\" content=\"BT-MDCX - Sicep\" \/>\n<meta property=\"og:description\" content=\"BT-MDCX - Sicep - Le BT-MDCX est un capteur infrarouge radio BiTech de 15 m avec une cam\u00e9ra couleur dot\u00e9e d&#039;un capteur CMOS d&#039;une r\u00e9solution de 640\u00d7480 pixels (VGA) et d&#039;un dispositif anti-\u00e9blouissement.\" \/>\n<meta property=\"og:url\" content=\"https:\/\/www.sicep.it\/fr\/producter\/bitech-radio-infrarouge-capteur-15m\/\" \/>\n<meta property=\"og:site_name\" content=\"Sicep\" \/>\n<meta property=\"article:modified_time\" content=\"2026-01-20T14:47:17+00:00\" \/>\n<meta property=\"og:image\" content=\"https:\/\/www.sicep.it\/wp-content\/uploads\/2026\/01\/BT-PIRCAMX.jpg\" \/>\n\t<meta property=\"og:image:width\" content=\"1600\" \/>\n\t<meta property=\"og:image:height\" content=\"1600\" \/>\n\t<meta property=\"og:image:type\" content=\"image\/jpeg\" \/>\n<meta name=\"twitter:card\" content=\"summary_large_image\" \/>\n<script type=\"application\/ld+json\" class=\"yoast-schema-graph\">{\"@context\":\"https:\/\/schema.org\",\"@graph\":[{\"@type\":\"WebPage\",\"@id\":\"https:\/\/www.sicep.it\/fr\/producter\/bitech-radio-infrarouge-capteur-15m\/\",\"url\":\"https:\/\/www.sicep.it\/fr\/producter\/bitech-radio-infrarouge-capteur-15m\/\",\"name\":\"BT-MDCX - Sicep\",\"isPartOf\":{\"@id\":\"https:\/\/www.sicep.it\/#website\"},\"datePublished\":\"2020-05-06T09:01:32+00:00\",\"dateModified\":\"2026-01-20T14:47:17+00:00\",\"description\":\"BT-MDCX - Sicep - Le BT-MDCX est un capteur infrarouge radio BiTech de 15 m avec une cam\u00e9ra couleur dot\u00e9e d'un capteur CMOS d'une r\u00e9solution de 640\u00d7480 pixels (VGA) et d'un dispositif anti-\u00e9blouissement.\",\"breadcrumb\":{\"@id\":\"https:\/\/www.sicep.it\/fr\/producter\/bitech-radio-infrarouge-capteur-15m\/#breadcrumb\"},\"inLanguage\":\"fr-FR\",\"potentialAction\":[{\"@type\":\"ReadAction\",\"target\":[\"https:\/\/www.sicep.it\/fr\/producter\/bitech-radio-infrarouge-capteur-15m\/\"]}]},{\"@type\":\"BreadcrumbList\",\"@id\":\"https:\/\/www.sicep.it\/fr\/producter\/bitech-radio-infrarouge-capteur-15m\/#breadcrumb\",\"itemListElement\":[{\"@type\":\"ListItem\",\"position\":1,\"name\":\"Home\",\"item\":\"https:\/\/www.sicep.it\/fr\/\"},{\"@type\":\"ListItem\",\"position\":2,\"name\":\"BT-MDCX\"}]},{\"@type\":\"WebSite\",\"@id\":\"https:\/\/www.sicep.it\/#website\",\"url\":\"https:\/\/www.sicep.it\/\",\"name\":\"Sicep\",\"description\":\"\",\"publisher\":{\"@id\":\"https:\/\/www.sicep.it\/#organization\"},\"potentialAction\":[{\"@type\":\"SearchAction\",\"target\":{\"@type\":\"EntryPoint\",\"urlTemplate\":\"https:\/\/www.sicep.it\/?s={search_term_string}\"},\"query-input\":\"required name=search_term_string\"}],\"inLanguage\":\"fr-FR\"},{\"@type\":\"Organization\",\"@id\":\"https:\/\/www.sicep.it\/#organization\",\"name\":\"Sicep\",\"url\":\"https:\/\/www.sicep.it\/\",\"logo\":{\"@type\":\"ImageObject\",\"inLanguage\":\"fr-FR\",\"@id\":\"https:\/\/www.sicep.it\/#\/schema\/logo\/image\/\",\"url\":\"https:\/\/www.sicep.it\/wp-content\/uploads\/2020\/06\/sicep.jpg\",\"contentUrl\":\"https:\/\/www.sicep.it\/wp-content\/uploads\/2020\/06\/sicep.jpg\",\"width\":512,\"height\":512,\"caption\":\"Sicep\"},\"image\":{\"@id\":\"https:\/\/www.sicep.it\/#\/schema\/logo\/image\/\"}}]}<\/script>\n<!-- \/ Yoast SEO plugin. -->","yoast_head_json":{"title":"BT-MDCX - Sicep","description":"BT-MDCX - Sicep - Le BT-MDCX est un capteur infrarouge radio BiTech de 15 m avec une cam\u00e9ra couleur dot\u00e9e d'un capteur CMOS d'une r\u00e9solution de 640\u00d7480 pixels (VGA) et d'un dispositif anti-\u00e9blouissement.","robots":{"index":"index","follow":"follow","max-snippet":"max-snippet:-1","max-image-preview":"max-image-preview:large","max-video-preview":"max-video-preview:-1"},"canonical":"https:\/\/www.sicep.it\/fr\/producter\/bitech-radio-infrarouge-capteur-15m\/","og_locale":"fr_FR","og_type":"article","og_title":"BT-MDCX - Sicep","og_description":"BT-MDCX - Sicep - Le BT-MDCX est un capteur infrarouge radio BiTech de 15 m avec une cam\u00e9ra couleur dot\u00e9e d'un capteur CMOS d'une r\u00e9solution de 640\u00d7480 pixels (VGA) et d'un dispositif anti-\u00e9blouissement.","og_url":"https:\/\/www.sicep.it\/fr\/producter\/bitech-radio-infrarouge-capteur-15m\/","og_site_name":"Sicep","article_modified_time":"2026-01-20T14:47:17+00:00","og_image":[{"width":1600,"height":1600,"url":"https:\/\/www.sicep.it\/wp-content\/uploads\/2026\/01\/BT-PIRCAMX.jpg","type":"image\/jpeg"}],"twitter_card":"summary_large_image","schema":{"@context":"https:\/\/schema.org","@graph":[{"@type":"WebPage","@id":"https:\/\/www.sicep.it\/fr\/producter\/bitech-radio-infrarouge-capteur-15m\/","url":"https:\/\/www.sicep.it\/fr\/producter\/bitech-radio-infrarouge-capteur-15m\/","name":"BT-MDCX - Sicep","isPartOf":{"@id":"https:\/\/www.sicep.it\/#website"},"datePublished":"2020-05-06T09:01:32+00:00","dateModified":"2026-01-20T14:47:17+00:00","description":"BT-MDCX - Sicep - Le BT-MDCX est un capteur infrarouge radio BiTech de 15 m avec une cam\u00e9ra couleur dot\u00e9e d'un capteur CMOS d'une r\u00e9solution de 640\u00d7480 pixels (VGA) et d'un dispositif anti-\u00e9blouissement.","breadcrumb":{"@id":"https:\/\/www.sicep.it\/fr\/producter\/bitech-radio-infrarouge-capteur-15m\/#breadcrumb"},"inLanguage":"fr-FR","potentialAction":[{"@type":"ReadAction","target":["https:\/\/www.sicep.it\/fr\/producter\/bitech-radio-infrarouge-capteur-15m\/"]}]},{"@type":"BreadcrumbList","@id":"https:\/\/www.sicep.it\/fr\/producter\/bitech-radio-infrarouge-capteur-15m\/#breadcrumb","itemListElement":[{"@type":"ListItem","position":1,"name":"Home","item":"https:\/\/www.sicep.it\/fr\/"},{"@type":"ListItem","position":2,"name":"BT-MDCX"}]},{"@type":"WebSite","@id":"https:\/\/www.sicep.it\/#website","url":"https:\/\/www.sicep.it\/","name":"Sicep","description":"","publisher":{"@id":"https:\/\/www.sicep.it\/#organization"},"potentialAction":[{"@type":"SearchAction","target":{"@type":"EntryPoint","urlTemplate":"https:\/\/www.sicep.it\/?s={search_term_string}"},"query-input":"required name=search_term_string"}],"inLanguage":"fr-FR"},{"@type":"Organization","@id":"https:\/\/www.sicep.it\/#organization","name":"Sicep","url":"https:\/\/www.sicep.it\/","logo":{"@type":"ImageObject","inLanguage":"fr-FR","@id":"https:\/\/www.sicep.it\/#\/schema\/logo\/image\/","url":"https:\/\/www.sicep.it\/wp-content\/uploads\/2020\/06\/sicep.jpg","contentUrl":"https:\/\/www.sicep.it\/wp-content\/uploads\/2020\/06\/sicep.jpg","width":512,"height":512,"caption":"Sicep"},"image":{"@id":"https:\/\/www.sicep.it\/#\/schema\/logo\/image\/"}}]}},"_links":{"self":[{"href":"https:\/\/www.sicep.it\/fr\/wp-json\/wp\/v2\/product\/6823"}],"collection":[{"href":"https:\/\/www.sicep.it\/fr\/wp-json\/wp\/v2\/product"}],"about":[{"href":"https:\/\/www.sicep.it\/fr\/wp-json\/wp\/v2\/types\/product"}],"wp:featuredmedia":[{"embeddable":true,"href":"https:\/\/www.sicep.it\/fr\/wp-json\/wp\/v2\/media\/10967"}],"wp:attachment":[{"href":"https:\/\/www.sicep.it\/fr\/wp-json\/wp\/v2\/media?parent=6823"}],"wp:term":[{"taxonomy":"product_cat","embeddable":true,"href":"https:\/\/www.sicep.it\/fr\/wp-json\/wp\/v2\/product_cat?post=6823"},{"taxonomy":"product_tag","embeddable":true,"href":"https:\/\/www.sicep.it\/fr\/wp-json\/wp\/v2\/product_tag?post=6823"}],"curies":[{"name":"wp","href":"https:\/\/api.w.org\/{rel}","templated":true}]}}