{"id":6799,"date":"2020-05-06T16:22:01","date_gmt":"2020-05-06T14:22:01","guid":{"rendered":"https:\/\/www.sicep.it\/produttore\/connexion-bidirectionnelle-telecommande-2-canaux-rf\/"},"modified":"2026-01-20T15:40:09","modified_gmt":"2026-01-20T14:40:09","slug":"connexion-bidirectionnelle-telecommande-2-canaux-rf","status":"publish","type":"product","link":"https:\/\/www.sicep.it\/fr\/producter\/connexion-bidirectionnelle-telecommande-2-canaux-rf\/","title":{"rendered":"BT-KT\/3"},"content":{"rendered":"","protected":false},"excerpt":{"rendered":"<p>T\u00e9l\u00e9commande bidirectionnelle. Il permet l&#8217;envoi du rapport d&#8217;attaque\/sauvetage, l&#8217;identification du conducteur au d\u00e9marrage du v\u00e9hicule ou l&#8217;activation des sorties.<\/p>\n<p>&nbsp;<\/p>\n<p>Accessoire compatible avec :<\/p>\n<p>GEO-TRACK<\/p>\n","protected":false},"featured_media":6800,"template":"","meta":[],"product_cat":[322],"product_tag":[],"yoast_head":"<!-- This site is optimized with the Yoast SEO plugin v19.9 - https:\/\/yoast.com\/wordpress\/plugins\/seo\/ -->\n<title>BT-KT\/3 - Sicep<\/title>\n<meta name=\"description\" content=\"BT-KT\/3 - Sicep - Avec la t\u00e9l\u00e9commande bidirectionnelle \u00e0 2 canaux BT-KT\/3, vous pouvez envoyer des signaux d&#039;agression\/d&#039;urgence, identifier le conducteur au d\u00e9marrage du v\u00e9hicule, etc.\" \/>\n<meta name=\"robots\" content=\"index, follow, max-snippet:-1, max-image-preview:large, max-video-preview:-1\" \/>\n<link rel=\"canonical\" href=\"https:\/\/www.sicep.it\/fr\/producter\/connexion-bidirectionnelle-telecommande-2-canaux-rf\/\" \/>\n<meta property=\"og:locale\" content=\"fr_FR\" \/>\n<meta property=\"og:type\" content=\"article\" \/>\n<meta property=\"og:title\" content=\"BT-KT\/3 - Sicep\" \/>\n<meta property=\"og:description\" content=\"BT-KT\/3 - Sicep - Avec la t\u00e9l\u00e9commande bidirectionnelle \u00e0 2 canaux BT-KT\/3, vous pouvez envoyer des signaux d&#039;agression\/d&#039;urgence, identifier le conducteur au d\u00e9marrage du v\u00e9hicule, etc.\" \/>\n<meta property=\"og:url\" content=\"https:\/\/www.sicep.it\/fr\/producter\/connexion-bidirectionnelle-telecommande-2-canaux-rf\/\" \/>\n<meta property=\"og:site_name\" content=\"Sicep\" \/>\n<meta property=\"article:modified_time\" content=\"2026-01-20T14:40:09+00:00\" \/>\n<meta property=\"og:image\" content=\"https:\/\/www.sicep.it\/wp-content\/uploads\/2020\/05\/telecomando-bidirezionale-2-canali.jpg\" \/>\n\t<meta property=\"og:image:width\" content=\"1600\" \/>\n\t<meta property=\"og:image:height\" content=\"1600\" \/>\n\t<meta property=\"og:image:type\" content=\"image\/jpeg\" \/>\n<meta name=\"twitter:card\" content=\"summary_large_image\" \/>\n<script type=\"application\/ld+json\" class=\"yoast-schema-graph\">{\"@context\":\"https:\/\/schema.org\",\"@graph\":[{\"@type\":\"WebPage\",\"@id\":\"https:\/\/www.sicep.it\/fr\/producter\/connexion-bidirectionnelle-telecommande-2-canaux-rf\/\",\"url\":\"https:\/\/www.sicep.it\/fr\/producter\/connexion-bidirectionnelle-telecommande-2-canaux-rf\/\",\"name\":\"BT-KT\/3 - Sicep\",\"isPartOf\":{\"@id\":\"https:\/\/www.sicep.it\/#website\"},\"datePublished\":\"2020-05-06T14:22:01+00:00\",\"dateModified\":\"2026-01-20T14:40:09+00:00\",\"description\":\"BT-KT\/3 - Sicep - Avec la t\u00e9l\u00e9commande bidirectionnelle \u00e0 2 canaux BT-KT\/3, vous pouvez envoyer des signaux d'agression\/d'urgence, identifier le conducteur au d\u00e9marrage du v\u00e9hicule, etc.\",\"breadcrumb\":{\"@id\":\"https:\/\/www.sicep.it\/fr\/producter\/connexion-bidirectionnelle-telecommande-2-canaux-rf\/#breadcrumb\"},\"inLanguage\":\"fr-FR\",\"potentialAction\":[{\"@type\":\"ReadAction\",\"target\":[\"https:\/\/www.sicep.it\/fr\/producter\/connexion-bidirectionnelle-telecommande-2-canaux-rf\/\"]}]},{\"@type\":\"BreadcrumbList\",\"@id\":\"https:\/\/www.sicep.it\/fr\/producter\/connexion-bidirectionnelle-telecommande-2-canaux-rf\/#breadcrumb\",\"itemListElement\":[{\"@type\":\"ListItem\",\"position\":1,\"name\":\"Home\",\"item\":\"https:\/\/www.sicep.it\/fr\/\"},{\"@type\":\"ListItem\",\"position\":2,\"name\":\"BT-KT\/3\"}]},{\"@type\":\"WebSite\",\"@id\":\"https:\/\/www.sicep.it\/#website\",\"url\":\"https:\/\/www.sicep.it\/\",\"name\":\"Sicep\",\"description\":\"\",\"publisher\":{\"@id\":\"https:\/\/www.sicep.it\/#organization\"},\"potentialAction\":[{\"@type\":\"SearchAction\",\"target\":{\"@type\":\"EntryPoint\",\"urlTemplate\":\"https:\/\/www.sicep.it\/?s={search_term_string}\"},\"query-input\":\"required name=search_term_string\"}],\"inLanguage\":\"fr-FR\"},{\"@type\":\"Organization\",\"@id\":\"https:\/\/www.sicep.it\/#organization\",\"name\":\"Sicep\",\"url\":\"https:\/\/www.sicep.it\/\",\"logo\":{\"@type\":\"ImageObject\",\"inLanguage\":\"fr-FR\",\"@id\":\"https:\/\/www.sicep.it\/#\/schema\/logo\/image\/\",\"url\":\"https:\/\/www.sicep.it\/wp-content\/uploads\/2020\/06\/sicep.jpg\",\"contentUrl\":\"https:\/\/www.sicep.it\/wp-content\/uploads\/2020\/06\/sicep.jpg\",\"width\":512,\"height\":512,\"caption\":\"Sicep\"},\"image\":{\"@id\":\"https:\/\/www.sicep.it\/#\/schema\/logo\/image\/\"}}]}<\/script>\n<!-- \/ Yoast SEO plugin. -->","yoast_head_json":{"title":"BT-KT\/3 - Sicep","description":"BT-KT\/3 - Sicep - Avec la t\u00e9l\u00e9commande bidirectionnelle \u00e0 2 canaux BT-KT\/3, vous pouvez envoyer des signaux d'agression\/d'urgence, identifier le conducteur au d\u00e9marrage du v\u00e9hicule, etc.","robots":{"index":"index","follow":"follow","max-snippet":"max-snippet:-1","max-image-preview":"max-image-preview:large","max-video-preview":"max-video-preview:-1"},"canonical":"https:\/\/www.sicep.it\/fr\/producter\/connexion-bidirectionnelle-telecommande-2-canaux-rf\/","og_locale":"fr_FR","og_type":"article","og_title":"BT-KT\/3 - Sicep","og_description":"BT-KT\/3 - Sicep - Avec la t\u00e9l\u00e9commande bidirectionnelle \u00e0 2 canaux BT-KT\/3, vous pouvez envoyer des signaux d'agression\/d'urgence, identifier le conducteur au d\u00e9marrage du v\u00e9hicule, etc.","og_url":"https:\/\/www.sicep.it\/fr\/producter\/connexion-bidirectionnelle-telecommande-2-canaux-rf\/","og_site_name":"Sicep","article_modified_time":"2026-01-20T14:40:09+00:00","og_image":[{"width":1600,"height":1600,"url":"https:\/\/www.sicep.it\/wp-content\/uploads\/2020\/05\/telecomando-bidirezionale-2-canali.jpg","type":"image\/jpeg"}],"twitter_card":"summary_large_image","schema":{"@context":"https:\/\/schema.org","@graph":[{"@type":"WebPage","@id":"https:\/\/www.sicep.it\/fr\/producter\/connexion-bidirectionnelle-telecommande-2-canaux-rf\/","url":"https:\/\/www.sicep.it\/fr\/producter\/connexion-bidirectionnelle-telecommande-2-canaux-rf\/","name":"BT-KT\/3 - Sicep","isPartOf":{"@id":"https:\/\/www.sicep.it\/#website"},"datePublished":"2020-05-06T14:22:01+00:00","dateModified":"2026-01-20T14:40:09+00:00","description":"BT-KT\/3 - Sicep - Avec la t\u00e9l\u00e9commande bidirectionnelle \u00e0 2 canaux BT-KT\/3, vous pouvez envoyer des signaux d'agression\/d'urgence, identifier le conducteur au d\u00e9marrage du v\u00e9hicule, etc.","breadcrumb":{"@id":"https:\/\/www.sicep.it\/fr\/producter\/connexion-bidirectionnelle-telecommande-2-canaux-rf\/#breadcrumb"},"inLanguage":"fr-FR","potentialAction":[{"@type":"ReadAction","target":["https:\/\/www.sicep.it\/fr\/producter\/connexion-bidirectionnelle-telecommande-2-canaux-rf\/"]}]},{"@type":"BreadcrumbList","@id":"https:\/\/www.sicep.it\/fr\/producter\/connexion-bidirectionnelle-telecommande-2-canaux-rf\/#breadcrumb","itemListElement":[{"@type":"ListItem","position":1,"name":"Home","item":"https:\/\/www.sicep.it\/fr\/"},{"@type":"ListItem","position":2,"name":"BT-KT\/3"}]},{"@type":"WebSite","@id":"https:\/\/www.sicep.it\/#website","url":"https:\/\/www.sicep.it\/","name":"Sicep","description":"","publisher":{"@id":"https:\/\/www.sicep.it\/#organization"},"potentialAction":[{"@type":"SearchAction","target":{"@type":"EntryPoint","urlTemplate":"https:\/\/www.sicep.it\/?s={search_term_string}"},"query-input":"required name=search_term_string"}],"inLanguage":"fr-FR"},{"@type":"Organization","@id":"https:\/\/www.sicep.it\/#organization","name":"Sicep","url":"https:\/\/www.sicep.it\/","logo":{"@type":"ImageObject","inLanguage":"fr-FR","@id":"https:\/\/www.sicep.it\/#\/schema\/logo\/image\/","url":"https:\/\/www.sicep.it\/wp-content\/uploads\/2020\/06\/sicep.jpg","contentUrl":"https:\/\/www.sicep.it\/wp-content\/uploads\/2020\/06\/sicep.jpg","width":512,"height":512,"caption":"Sicep"},"image":{"@id":"https:\/\/www.sicep.it\/#\/schema\/logo\/image\/"}}]}},"_links":{"self":[{"href":"https:\/\/www.sicep.it\/fr\/wp-json\/wp\/v2\/product\/6799"}],"collection":[{"href":"https:\/\/www.sicep.it\/fr\/wp-json\/wp\/v2\/product"}],"about":[{"href":"https:\/\/www.sicep.it\/fr\/wp-json\/wp\/v2\/types\/product"}],"wp:featuredmedia":[{"embeddable":true,"href":"https:\/\/www.sicep.it\/fr\/wp-json\/wp\/v2\/media\/6800"}],"wp:attachment":[{"href":"https:\/\/www.sicep.it\/fr\/wp-json\/wp\/v2\/media?parent=6799"}],"wp:term":[{"taxonomy":"product_cat","embeddable":true,"href":"https:\/\/www.sicep.it\/fr\/wp-json\/wp\/v2\/product_cat?post=6799"},{"taxonomy":"product_tag","embeddable":true,"href":"https:\/\/www.sicep.it\/fr\/wp-json\/wp\/v2\/product_tag?post=6799"}],"curies":[{"name":"wp","href":"https:\/\/api.w.org\/{rel}","templated":true}]}}