{"id":6793,"date":"2020-05-06T17:19:29","date_gmt":"2020-05-06T15:19:29","guid":{"rendered":"https:\/\/www.sicep.it\/produttore\/telecommande-bidirectionelle-2-caneaux-connexion-rf\/"},"modified":"2026-01-20T15:39:24","modified_gmt":"2026-01-20T14:39:24","slug":"telecommande-bidirectionelle-2-caneaux-connexion-rf","status":"publish","type":"product","link":"https:\/\/www.sicep.it\/fr\/producter\/telecommande-bidirectionelle-2-caneaux-connexion-rf\/","title":{"rendered":"BT-KT\/2"},"content":{"rendered":"<p>%%title%% %%page%% %%sep%% %%sitename%% %%sep%%<\/p>\n","protected":false},"excerpt":{"rendered":"<p>T\u00e9l\u00e9commande bidirectionnelle. Connexion RF au p\u00e9riph\u00e9rique via la technologie BiTech.<\/p>\n<p>Accessoire compatible avec :<\/p>\n<p>Syst\u00e8me radio int\u00e9gr\u00e9,<br \/>\nRadiofr\u00e9quence double,<br \/>\nSmart Link.<\/p>\n","protected":false},"featured_media":6794,"template":"","meta":[],"product_cat":[322],"product_tag":[],"yoast_head":"<!-- This site is optimized with the Yoast SEO plugin v19.9 - https:\/\/yoast.com\/wordpress\/plugins\/seo\/ -->\n<title>BT-KT\/2 - Sicep<\/title>\n<meta name=\"description\" content=\"BT-KT\/2 - Sicep - Le dispositif de commande BT-KT\/2 est une t\u00e9l\u00e9commande bidirectionnelle \u00e0 2 canaux avec connexion RF vers le p\u00e9riph\u00e9rique gr\u00e2ce \u00e0 la technologie BiTech.\" \/>\n<meta name=\"robots\" content=\"index, follow, max-snippet:-1, max-image-preview:large, max-video-preview:-1\" \/>\n<link rel=\"canonical\" href=\"https:\/\/www.sicep.it\/fr\/producter\/telecommande-bidirectionelle-2-caneaux-connexion-rf\/\" \/>\n<meta property=\"og:locale\" content=\"fr_FR\" \/>\n<meta property=\"og:type\" content=\"article\" \/>\n<meta property=\"og:title\" content=\"BT-KT\/2 - Sicep\" \/>\n<meta property=\"og:description\" content=\"BT-KT\/2 - Sicep - Le dispositif de commande BT-KT\/2 est une t\u00e9l\u00e9commande bidirectionnelle \u00e0 2 canaux avec connexion RF vers le p\u00e9riph\u00e9rique gr\u00e2ce \u00e0 la technologie BiTech.\" \/>\n<meta property=\"og:url\" content=\"https:\/\/www.sicep.it\/fr\/producter\/telecommande-bidirectionelle-2-caneaux-connexion-rf\/\" \/>\n<meta property=\"og:site_name\" content=\"Sicep\" \/>\n<meta property=\"article:modified_time\" content=\"2026-01-20T14:39:24+00:00\" \/>\n<meta property=\"og:image\" content=\"https:\/\/www.sicep.it\/wp-content\/uploads\/2020\/05\/telecomando-bidirezionale-2-canali-connessione-rf.jpg\" \/>\n\t<meta property=\"og:image:width\" content=\"1600\" \/>\n\t<meta property=\"og:image:height\" content=\"1600\" \/>\n\t<meta property=\"og:image:type\" content=\"image\/jpeg\" \/>\n<meta name=\"twitter:card\" content=\"summary_large_image\" \/>\n<meta name=\"twitter:label1\" content=\"Dur\u00e9e de lecture estim\u00e9e\" \/>\n\t<meta name=\"twitter:data1\" content=\"1 minute\" \/>\n<script type=\"application\/ld+json\" class=\"yoast-schema-graph\">{\"@context\":\"https:\/\/schema.org\",\"@graph\":[{\"@type\":\"WebPage\",\"@id\":\"https:\/\/www.sicep.it\/fr\/producter\/telecommande-bidirectionelle-2-caneaux-connexion-rf\/\",\"url\":\"https:\/\/www.sicep.it\/fr\/producter\/telecommande-bidirectionelle-2-caneaux-connexion-rf\/\",\"name\":\"BT-KT\/2 - Sicep\",\"isPartOf\":{\"@id\":\"https:\/\/www.sicep.it\/#website\"},\"datePublished\":\"2020-05-06T15:19:29+00:00\",\"dateModified\":\"2026-01-20T14:39:24+00:00\",\"description\":\"BT-KT\/2 - Sicep - Le dispositif de commande BT-KT\/2 est une t\u00e9l\u00e9commande bidirectionnelle \u00e0 2 canaux avec connexion RF vers le p\u00e9riph\u00e9rique gr\u00e2ce \u00e0 la technologie BiTech.\",\"breadcrumb\":{\"@id\":\"https:\/\/www.sicep.it\/fr\/producter\/telecommande-bidirectionelle-2-caneaux-connexion-rf\/#breadcrumb\"},\"inLanguage\":\"fr-FR\",\"potentialAction\":[{\"@type\":\"ReadAction\",\"target\":[\"https:\/\/www.sicep.it\/fr\/producter\/telecommande-bidirectionelle-2-caneaux-connexion-rf\/\"]}]},{\"@type\":\"BreadcrumbList\",\"@id\":\"https:\/\/www.sicep.it\/fr\/producter\/telecommande-bidirectionelle-2-caneaux-connexion-rf\/#breadcrumb\",\"itemListElement\":[{\"@type\":\"ListItem\",\"position\":1,\"name\":\"Home\",\"item\":\"https:\/\/www.sicep.it\/fr\/\"},{\"@type\":\"ListItem\",\"position\":2,\"name\":\"BT-KT\/2\"}]},{\"@type\":\"WebSite\",\"@id\":\"https:\/\/www.sicep.it\/#website\",\"url\":\"https:\/\/www.sicep.it\/\",\"name\":\"Sicep\",\"description\":\"\",\"publisher\":{\"@id\":\"https:\/\/www.sicep.it\/#organization\"},\"potentialAction\":[{\"@type\":\"SearchAction\",\"target\":{\"@type\":\"EntryPoint\",\"urlTemplate\":\"https:\/\/www.sicep.it\/?s={search_term_string}\"},\"query-input\":\"required name=search_term_string\"}],\"inLanguage\":\"fr-FR\"},{\"@type\":\"Organization\",\"@id\":\"https:\/\/www.sicep.it\/#organization\",\"name\":\"Sicep\",\"url\":\"https:\/\/www.sicep.it\/\",\"logo\":{\"@type\":\"ImageObject\",\"inLanguage\":\"fr-FR\",\"@id\":\"https:\/\/www.sicep.it\/#\/schema\/logo\/image\/\",\"url\":\"https:\/\/www.sicep.it\/wp-content\/uploads\/2020\/06\/sicep.jpg\",\"contentUrl\":\"https:\/\/www.sicep.it\/wp-content\/uploads\/2020\/06\/sicep.jpg\",\"width\":512,\"height\":512,\"caption\":\"Sicep\"},\"image\":{\"@id\":\"https:\/\/www.sicep.it\/#\/schema\/logo\/image\/\"}}]}<\/script>\n<!-- \/ Yoast SEO plugin. -->","yoast_head_json":{"title":"BT-KT\/2 - Sicep","description":"BT-KT\/2 - Sicep - Le dispositif de commande BT-KT\/2 est une t\u00e9l\u00e9commande bidirectionnelle \u00e0 2 canaux avec connexion RF vers le p\u00e9riph\u00e9rique gr\u00e2ce \u00e0 la technologie BiTech.","robots":{"index":"index","follow":"follow","max-snippet":"max-snippet:-1","max-image-preview":"max-image-preview:large","max-video-preview":"max-video-preview:-1"},"canonical":"https:\/\/www.sicep.it\/fr\/producter\/telecommande-bidirectionelle-2-caneaux-connexion-rf\/","og_locale":"fr_FR","og_type":"article","og_title":"BT-KT\/2 - Sicep","og_description":"BT-KT\/2 - Sicep - Le dispositif de commande BT-KT\/2 est une t\u00e9l\u00e9commande bidirectionnelle \u00e0 2 canaux avec connexion RF vers le p\u00e9riph\u00e9rique gr\u00e2ce \u00e0 la technologie BiTech.","og_url":"https:\/\/www.sicep.it\/fr\/producter\/telecommande-bidirectionelle-2-caneaux-connexion-rf\/","og_site_name":"Sicep","article_modified_time":"2026-01-20T14:39:24+00:00","og_image":[{"width":1600,"height":1600,"url":"https:\/\/www.sicep.it\/wp-content\/uploads\/2020\/05\/telecomando-bidirezionale-2-canali-connessione-rf.jpg","type":"image\/jpeg"}],"twitter_card":"summary_large_image","twitter_misc":{"Dur\u00e9e de lecture estim\u00e9e":"1 minute"},"schema":{"@context":"https:\/\/schema.org","@graph":[{"@type":"WebPage","@id":"https:\/\/www.sicep.it\/fr\/producter\/telecommande-bidirectionelle-2-caneaux-connexion-rf\/","url":"https:\/\/www.sicep.it\/fr\/producter\/telecommande-bidirectionelle-2-caneaux-connexion-rf\/","name":"BT-KT\/2 - Sicep","isPartOf":{"@id":"https:\/\/www.sicep.it\/#website"},"datePublished":"2020-05-06T15:19:29+00:00","dateModified":"2026-01-20T14:39:24+00:00","description":"BT-KT\/2 - Sicep - Le dispositif de commande BT-KT\/2 est une t\u00e9l\u00e9commande bidirectionnelle \u00e0 2 canaux avec connexion RF vers le p\u00e9riph\u00e9rique gr\u00e2ce \u00e0 la technologie BiTech.","breadcrumb":{"@id":"https:\/\/www.sicep.it\/fr\/producter\/telecommande-bidirectionelle-2-caneaux-connexion-rf\/#breadcrumb"},"inLanguage":"fr-FR","potentialAction":[{"@type":"ReadAction","target":["https:\/\/www.sicep.it\/fr\/producter\/telecommande-bidirectionelle-2-caneaux-connexion-rf\/"]}]},{"@type":"BreadcrumbList","@id":"https:\/\/www.sicep.it\/fr\/producter\/telecommande-bidirectionelle-2-caneaux-connexion-rf\/#breadcrumb","itemListElement":[{"@type":"ListItem","position":1,"name":"Home","item":"https:\/\/www.sicep.it\/fr\/"},{"@type":"ListItem","position":2,"name":"BT-KT\/2"}]},{"@type":"WebSite","@id":"https:\/\/www.sicep.it\/#website","url":"https:\/\/www.sicep.it\/","name":"Sicep","description":"","publisher":{"@id":"https:\/\/www.sicep.it\/#organization"},"potentialAction":[{"@type":"SearchAction","target":{"@type":"EntryPoint","urlTemplate":"https:\/\/www.sicep.it\/?s={search_term_string}"},"query-input":"required name=search_term_string"}],"inLanguage":"fr-FR"},{"@type":"Organization","@id":"https:\/\/www.sicep.it\/#organization","name":"Sicep","url":"https:\/\/www.sicep.it\/","logo":{"@type":"ImageObject","inLanguage":"fr-FR","@id":"https:\/\/www.sicep.it\/#\/schema\/logo\/image\/","url":"https:\/\/www.sicep.it\/wp-content\/uploads\/2020\/06\/sicep.jpg","contentUrl":"https:\/\/www.sicep.it\/wp-content\/uploads\/2020\/06\/sicep.jpg","width":512,"height":512,"caption":"Sicep"},"image":{"@id":"https:\/\/www.sicep.it\/#\/schema\/logo\/image\/"}}]}},"_links":{"self":[{"href":"https:\/\/www.sicep.it\/fr\/wp-json\/wp\/v2\/product\/6793"}],"collection":[{"href":"https:\/\/www.sicep.it\/fr\/wp-json\/wp\/v2\/product"}],"about":[{"href":"https:\/\/www.sicep.it\/fr\/wp-json\/wp\/v2\/types\/product"}],"wp:featuredmedia":[{"embeddable":true,"href":"https:\/\/www.sicep.it\/fr\/wp-json\/wp\/v2\/media\/6794"}],"wp:attachment":[{"href":"https:\/\/www.sicep.it\/fr\/wp-json\/wp\/v2\/media?parent=6793"}],"wp:term":[{"taxonomy":"product_cat","embeddable":true,"href":"https:\/\/www.sicep.it\/fr\/wp-json\/wp\/v2\/product_cat?post=6793"},{"taxonomy":"product_tag","embeddable":true,"href":"https:\/\/www.sicep.it\/fr\/wp-json\/wp\/v2\/product_tag?post=6793"}],"curies":[{"name":"wp","href":"https:\/\/api.w.org\/{rel}","templated":true}]}}