{"id":6757,"date":"2020-05-05T17:47:00","date_gmt":"2020-05-05T15:47:00","guid":{"rendered":"https:\/\/www.sicep.it\/produttore\/antenne-5-8-omnidirectionnelle-attaque-n-bande-vhf\/"},"modified":"2026-01-20T15:24:42","modified_gmt":"2026-01-20T14:24:42","slug":"antenne-5-8-omnidirectionnelle-attaque-n-bande-vhf","status":"publish","type":"product","link":"https:\/\/www.sicep.it\/fr\/producter\/antenne-5-8-omnidirectionnelle-attaque-n-bande-vhf\/","title":{"rendered":"ANT-S158"},"content":{"rendered":"","protected":false},"excerpt":{"rendered":"<p>Antenne omnidirectionnelle 5\/8 avec monture N en bande VHF.<\/p>\n<p>Accessoire compatible avec :<br \/>\nDouble radiofr\u00e9quence,<br \/>\nSyst\u00e8me radio int\u00e9gr\u00e9.<\/p>\n","protected":false},"featured_media":6758,"template":"","meta":[],"product_cat":[319],"product_tag":[],"yoast_head":"<!-- This site is optimized with the Yoast SEO plugin v19.9 - https:\/\/yoast.com\/wordpress\/plugins\/seo\/ -->\n<title>ANT-S158 - Sicep<\/title>\n<meta name=\"description\" content=\"ANT-S158 - Sicep - L&#039;antenne omnidirectionnelle 5\/8 ANT-S158 avec connecteur N en bande VHF est un accessoire compatible avec le syst\u00e8me radio int\u00e9gr\u00e9 \u00e0 double fr\u00e9quence.\" \/>\n<meta name=\"robots\" content=\"index, follow, max-snippet:-1, max-image-preview:large, max-video-preview:-1\" \/>\n<link rel=\"canonical\" href=\"https:\/\/www.sicep.it\/fr\/producter\/antenne-5-8-omnidirectionnelle-attaque-n-bande-vhf\/\" \/>\n<meta property=\"og:locale\" content=\"fr_FR\" \/>\n<meta property=\"og:type\" content=\"article\" \/>\n<meta property=\"og:title\" content=\"ANT-S158 - Sicep\" \/>\n<meta property=\"og:description\" content=\"ANT-S158 - Sicep - L&#039;antenne omnidirectionnelle 5\/8 ANT-S158 avec connecteur N en bande VHF est un accessoire compatible avec le syst\u00e8me radio int\u00e9gr\u00e9 \u00e0 double fr\u00e9quence.\" \/>\n<meta property=\"og:url\" content=\"https:\/\/www.sicep.it\/fr\/producter\/antenne-5-8-omnidirectionnelle-attaque-n-bande-vhf\/\" \/>\n<meta property=\"og:site_name\" content=\"Sicep\" \/>\n<meta property=\"article:modified_time\" content=\"2026-01-20T14:24:42+00:00\" \/>\n<meta property=\"og:image\" content=\"https:\/\/www.sicep.it\/wp-content\/uploads\/2020\/05\/antenna-5-8-omnidirezionale-attacco-n-banda-vhf.jpg\" \/>\n\t<meta property=\"og:image:width\" content=\"1600\" \/>\n\t<meta property=\"og:image:height\" content=\"1600\" \/>\n\t<meta property=\"og:image:type\" content=\"image\/jpeg\" \/>\n<meta name=\"twitter:card\" content=\"summary_large_image\" \/>\n<script type=\"application\/ld+json\" class=\"yoast-schema-graph\">{\"@context\":\"https:\/\/schema.org\",\"@graph\":[{\"@type\":\"WebPage\",\"@id\":\"https:\/\/www.sicep.it\/fr\/producter\/antenne-5-8-omnidirectionnelle-attaque-n-bande-vhf\/\",\"url\":\"https:\/\/www.sicep.it\/fr\/producter\/antenne-5-8-omnidirectionnelle-attaque-n-bande-vhf\/\",\"name\":\"ANT-S158 - Sicep\",\"isPartOf\":{\"@id\":\"https:\/\/www.sicep.it\/#website\"},\"datePublished\":\"2020-05-05T15:47:00+00:00\",\"dateModified\":\"2026-01-20T14:24:42+00:00\",\"description\":\"ANT-S158 - Sicep - L'antenne omnidirectionnelle 5\/8 ANT-S158 avec connecteur N en bande VHF est un accessoire compatible avec le syst\u00e8me radio int\u00e9gr\u00e9 \u00e0 double fr\u00e9quence.\",\"breadcrumb\":{\"@id\":\"https:\/\/www.sicep.it\/fr\/producter\/antenne-5-8-omnidirectionnelle-attaque-n-bande-vhf\/#breadcrumb\"},\"inLanguage\":\"fr-FR\",\"potentialAction\":[{\"@type\":\"ReadAction\",\"target\":[\"https:\/\/www.sicep.it\/fr\/producter\/antenne-5-8-omnidirectionnelle-attaque-n-bande-vhf\/\"]}]},{\"@type\":\"BreadcrumbList\",\"@id\":\"https:\/\/www.sicep.it\/fr\/producter\/antenne-5-8-omnidirectionnelle-attaque-n-bande-vhf\/#breadcrumb\",\"itemListElement\":[{\"@type\":\"ListItem\",\"position\":1,\"name\":\"Home\",\"item\":\"https:\/\/www.sicep.it\/fr\/\"},{\"@type\":\"ListItem\",\"position\":2,\"name\":\"ANT-S158\"}]},{\"@type\":\"WebSite\",\"@id\":\"https:\/\/www.sicep.it\/#website\",\"url\":\"https:\/\/www.sicep.it\/\",\"name\":\"Sicep\",\"description\":\"\",\"publisher\":{\"@id\":\"https:\/\/www.sicep.it\/#organization\"},\"potentialAction\":[{\"@type\":\"SearchAction\",\"target\":{\"@type\":\"EntryPoint\",\"urlTemplate\":\"https:\/\/www.sicep.it\/?s={search_term_string}\"},\"query-input\":\"required name=search_term_string\"}],\"inLanguage\":\"fr-FR\"},{\"@type\":\"Organization\",\"@id\":\"https:\/\/www.sicep.it\/#organization\",\"name\":\"Sicep\",\"url\":\"https:\/\/www.sicep.it\/\",\"logo\":{\"@type\":\"ImageObject\",\"inLanguage\":\"fr-FR\",\"@id\":\"https:\/\/www.sicep.it\/#\/schema\/logo\/image\/\",\"url\":\"https:\/\/www.sicep.it\/wp-content\/uploads\/2020\/06\/sicep.jpg\",\"contentUrl\":\"https:\/\/www.sicep.it\/wp-content\/uploads\/2020\/06\/sicep.jpg\",\"width\":512,\"height\":512,\"caption\":\"Sicep\"},\"image\":{\"@id\":\"https:\/\/www.sicep.it\/#\/schema\/logo\/image\/\"}}]}<\/script>\n<!-- \/ Yoast SEO plugin. -->","yoast_head_json":{"title":"ANT-S158 - Sicep","description":"ANT-S158 - Sicep - L'antenne omnidirectionnelle 5\/8 ANT-S158 avec connecteur N en bande VHF est un accessoire compatible avec le syst\u00e8me radio int\u00e9gr\u00e9 \u00e0 double fr\u00e9quence.","robots":{"index":"index","follow":"follow","max-snippet":"max-snippet:-1","max-image-preview":"max-image-preview:large","max-video-preview":"max-video-preview:-1"},"canonical":"https:\/\/www.sicep.it\/fr\/producter\/antenne-5-8-omnidirectionnelle-attaque-n-bande-vhf\/","og_locale":"fr_FR","og_type":"article","og_title":"ANT-S158 - Sicep","og_description":"ANT-S158 - Sicep - L'antenne omnidirectionnelle 5\/8 ANT-S158 avec connecteur N en bande VHF est un accessoire compatible avec le syst\u00e8me radio int\u00e9gr\u00e9 \u00e0 double fr\u00e9quence.","og_url":"https:\/\/www.sicep.it\/fr\/producter\/antenne-5-8-omnidirectionnelle-attaque-n-bande-vhf\/","og_site_name":"Sicep","article_modified_time":"2026-01-20T14:24:42+00:00","og_image":[{"width":1600,"height":1600,"url":"https:\/\/www.sicep.it\/wp-content\/uploads\/2020\/05\/antenna-5-8-omnidirezionale-attacco-n-banda-vhf.jpg","type":"image\/jpeg"}],"twitter_card":"summary_large_image","schema":{"@context":"https:\/\/schema.org","@graph":[{"@type":"WebPage","@id":"https:\/\/www.sicep.it\/fr\/producter\/antenne-5-8-omnidirectionnelle-attaque-n-bande-vhf\/","url":"https:\/\/www.sicep.it\/fr\/producter\/antenne-5-8-omnidirectionnelle-attaque-n-bande-vhf\/","name":"ANT-S158 - Sicep","isPartOf":{"@id":"https:\/\/www.sicep.it\/#website"},"datePublished":"2020-05-05T15:47:00+00:00","dateModified":"2026-01-20T14:24:42+00:00","description":"ANT-S158 - Sicep - L'antenne omnidirectionnelle 5\/8 ANT-S158 avec connecteur N en bande VHF est un accessoire compatible avec le syst\u00e8me radio int\u00e9gr\u00e9 \u00e0 double fr\u00e9quence.","breadcrumb":{"@id":"https:\/\/www.sicep.it\/fr\/producter\/antenne-5-8-omnidirectionnelle-attaque-n-bande-vhf\/#breadcrumb"},"inLanguage":"fr-FR","potentialAction":[{"@type":"ReadAction","target":["https:\/\/www.sicep.it\/fr\/producter\/antenne-5-8-omnidirectionnelle-attaque-n-bande-vhf\/"]}]},{"@type":"BreadcrumbList","@id":"https:\/\/www.sicep.it\/fr\/producter\/antenne-5-8-omnidirectionnelle-attaque-n-bande-vhf\/#breadcrumb","itemListElement":[{"@type":"ListItem","position":1,"name":"Home","item":"https:\/\/www.sicep.it\/fr\/"},{"@type":"ListItem","position":2,"name":"ANT-S158"}]},{"@type":"WebSite","@id":"https:\/\/www.sicep.it\/#website","url":"https:\/\/www.sicep.it\/","name":"Sicep","description":"","publisher":{"@id":"https:\/\/www.sicep.it\/#organization"},"potentialAction":[{"@type":"SearchAction","target":{"@type":"EntryPoint","urlTemplate":"https:\/\/www.sicep.it\/?s={search_term_string}"},"query-input":"required name=search_term_string"}],"inLanguage":"fr-FR"},{"@type":"Organization","@id":"https:\/\/www.sicep.it\/#organization","name":"Sicep","url":"https:\/\/www.sicep.it\/","logo":{"@type":"ImageObject","inLanguage":"fr-FR","@id":"https:\/\/www.sicep.it\/#\/schema\/logo\/image\/","url":"https:\/\/www.sicep.it\/wp-content\/uploads\/2020\/06\/sicep.jpg","contentUrl":"https:\/\/www.sicep.it\/wp-content\/uploads\/2020\/06\/sicep.jpg","width":512,"height":512,"caption":"Sicep"},"image":{"@id":"https:\/\/www.sicep.it\/#\/schema\/logo\/image\/"}}]}},"_links":{"self":[{"href":"https:\/\/www.sicep.it\/fr\/wp-json\/wp\/v2\/product\/6757"}],"collection":[{"href":"https:\/\/www.sicep.it\/fr\/wp-json\/wp\/v2\/product"}],"about":[{"href":"https:\/\/www.sicep.it\/fr\/wp-json\/wp\/v2\/types\/product"}],"wp:featuredmedia":[{"embeddable":true,"href":"https:\/\/www.sicep.it\/fr\/wp-json\/wp\/v2\/media\/6758"}],"wp:attachment":[{"href":"https:\/\/www.sicep.it\/fr\/wp-json\/wp\/v2\/media?parent=6757"}],"wp:term":[{"taxonomy":"product_cat","embeddable":true,"href":"https:\/\/www.sicep.it\/fr\/wp-json\/wp\/v2\/product_cat?post=6757"},{"taxonomy":"product_tag","embeddable":true,"href":"https:\/\/www.sicep.it\/fr\/wp-json\/wp\/v2\/product_tag?post=6757"}],"curies":[{"name":"wp","href":"https:\/\/api.w.org\/{rel}","templated":true}]}}