{"id":6747,"date":"2021-07-30T17:14:14","date_gmt":"2021-07-30T15:14:14","guid":{"rendered":"https:\/\/www.sicep.it\/produttore\/ev-d12w-camera\/"},"modified":"2026-01-20T16:17:32","modified_gmt":"2026-01-20T15:17:32","slug":"ev-d12w-camera","status":"publish","type":"product","link":"https:\/\/www.sicep.it\/fr\/producter\/ev-d12w-camera\/","title":{"rendered":"EV-D12W"},"content":{"rendered":"","protected":false},"excerpt":{"rendered":"<p>Cam\u00e9ra d\u00f4me IP int\u00e9rieure (ext\u00e9rieure) IP67, d\u00e9t\u00e9cteur CMOS progressif 1\/2,8\u201d, r\u00e9solution 2Mp \u00e0 25fps, H.265, vision nocturne avec port\u00e9e de 30m, objectif fixe 2,8 mm, zoom num\u00e9rique 16x, 1 port LAN 100 Mbps, Wi-fi IEEE802.11 b\/g\/n port\u00e9e jusqu\u2019\u00e0 100m en champ libre, double antenne interne, App pour iOS et Android, audio bidirectionnel avec microphone et haut-parleur int\u00e9gr\u00e9s, dissuasion active avec projecteur et sir\u00e8ne int\u00e9gr\u00e9s, bouton de r\u00e9initialisation, d\u00e9tection de mouvement, micro SD (jusqu\u2019\u00e0 256 GB) Alimentation 12 Vdc la fourniture.<\/p>\n","protected":false},"featured_media":6748,"template":"","meta":[],"product_cat":[295,356,357],"product_tag":[],"yoast_head":"<!-- This site is optimized with the Yoast SEO plugin v19.9 - https:\/\/yoast.com\/wordpress\/plugins\/seo\/ -->\n<title>EV-D12W - Sicep<\/title>\n<meta name=\"description\" content=\"EV-D12W - Sicep - Gr\u00e2ce \u00e0 une large gamme de cam\u00e9ras, il est possible d&#039;associer un syst\u00e8me de vid\u00e9osurveillance \u00e0 chaque syst\u00e8me anti-intrusion.\" \/>\n<meta name=\"robots\" content=\"index, follow, max-snippet:-1, max-image-preview:large, max-video-preview:-1\" \/>\n<link rel=\"canonical\" href=\"https:\/\/www.sicep.it\/fr\/producter\/ev-d12w-camera\/\" \/>\n<meta property=\"og:locale\" content=\"fr_FR\" \/>\n<meta property=\"og:type\" content=\"article\" \/>\n<meta property=\"og:title\" content=\"EV-D12W - Sicep\" \/>\n<meta property=\"og:description\" content=\"EV-D12W - Sicep - Gr\u00e2ce \u00e0 une large gamme de cam\u00e9ras, il est possible d&#039;associer un syst\u00e8me de vid\u00e9osurveillance \u00e0 chaque syst\u00e8me anti-intrusion.\" \/>\n<meta property=\"og:url\" content=\"https:\/\/www.sicep.it\/fr\/producter\/ev-d12w-camera\/\" \/>\n<meta property=\"og:site_name\" content=\"Sicep\" \/>\n<meta property=\"article:modified_time\" content=\"2026-01-20T15:17:32+00:00\" \/>\n<meta property=\"og:image\" content=\"https:\/\/www.sicep.it\/wp-content\/uploads\/2021\/07\/e-view-telecamere-sistema-video.jpg\" \/>\n\t<meta property=\"og:image:width\" content=\"1600\" \/>\n\t<meta property=\"og:image:height\" content=\"1600\" \/>\n\t<meta property=\"og:image:type\" content=\"image\/jpeg\" \/>\n<meta name=\"twitter:card\" content=\"summary_large_image\" \/>\n<script type=\"application\/ld+json\" class=\"yoast-schema-graph\">{\"@context\":\"https:\/\/schema.org\",\"@graph\":[{\"@type\":\"WebPage\",\"@id\":\"https:\/\/www.sicep.it\/fr\/producter\/ev-d12w-camera\/\",\"url\":\"https:\/\/www.sicep.it\/fr\/producter\/ev-d12w-camera\/\",\"name\":\"EV-D12W - Sicep\",\"isPartOf\":{\"@id\":\"https:\/\/www.sicep.it\/#website\"},\"datePublished\":\"2021-07-30T15:14:14+00:00\",\"dateModified\":\"2026-01-20T15:17:32+00:00\",\"description\":\"EV-D12W - Sicep - Gr\u00e2ce \u00e0 une large gamme de cam\u00e9ras, il est possible d'associer un syst\u00e8me de vid\u00e9osurveillance \u00e0 chaque syst\u00e8me anti-intrusion.\",\"breadcrumb\":{\"@id\":\"https:\/\/www.sicep.it\/fr\/producter\/ev-d12w-camera\/#breadcrumb\"},\"inLanguage\":\"fr-FR\",\"potentialAction\":[{\"@type\":\"ReadAction\",\"target\":[\"https:\/\/www.sicep.it\/fr\/producter\/ev-d12w-camera\/\"]}]},{\"@type\":\"BreadcrumbList\",\"@id\":\"https:\/\/www.sicep.it\/fr\/producter\/ev-d12w-camera\/#breadcrumb\",\"itemListElement\":[{\"@type\":\"ListItem\",\"position\":1,\"name\":\"Home\",\"item\":\"https:\/\/www.sicep.it\/fr\/\"},{\"@type\":\"ListItem\",\"position\":2,\"name\":\"EV-D12W\"}]},{\"@type\":\"WebSite\",\"@id\":\"https:\/\/www.sicep.it\/#website\",\"url\":\"https:\/\/www.sicep.it\/\",\"name\":\"Sicep\",\"description\":\"\",\"publisher\":{\"@id\":\"https:\/\/www.sicep.it\/#organization\"},\"potentialAction\":[{\"@type\":\"SearchAction\",\"target\":{\"@type\":\"EntryPoint\",\"urlTemplate\":\"https:\/\/www.sicep.it\/?s={search_term_string}\"},\"query-input\":\"required name=search_term_string\"}],\"inLanguage\":\"fr-FR\"},{\"@type\":\"Organization\",\"@id\":\"https:\/\/www.sicep.it\/#organization\",\"name\":\"Sicep\",\"url\":\"https:\/\/www.sicep.it\/\",\"logo\":{\"@type\":\"ImageObject\",\"inLanguage\":\"fr-FR\",\"@id\":\"https:\/\/www.sicep.it\/#\/schema\/logo\/image\/\",\"url\":\"https:\/\/www.sicep.it\/wp-content\/uploads\/2020\/06\/sicep.jpg\",\"contentUrl\":\"https:\/\/www.sicep.it\/wp-content\/uploads\/2020\/06\/sicep.jpg\",\"width\":512,\"height\":512,\"caption\":\"Sicep\"},\"image\":{\"@id\":\"https:\/\/www.sicep.it\/#\/schema\/logo\/image\/\"}}]}<\/script>\n<!-- \/ Yoast SEO plugin. -->","yoast_head_json":{"title":"EV-D12W - Sicep","description":"EV-D12W - Sicep - Gr\u00e2ce \u00e0 une large gamme de cam\u00e9ras, il est possible d'associer un syst\u00e8me de vid\u00e9osurveillance \u00e0 chaque syst\u00e8me anti-intrusion.","robots":{"index":"index","follow":"follow","max-snippet":"max-snippet:-1","max-image-preview":"max-image-preview:large","max-video-preview":"max-video-preview:-1"},"canonical":"https:\/\/www.sicep.it\/fr\/producter\/ev-d12w-camera\/","og_locale":"fr_FR","og_type":"article","og_title":"EV-D12W - Sicep","og_description":"EV-D12W - Sicep - Gr\u00e2ce \u00e0 une large gamme de cam\u00e9ras, il est possible d'associer un syst\u00e8me de vid\u00e9osurveillance \u00e0 chaque syst\u00e8me anti-intrusion.","og_url":"https:\/\/www.sicep.it\/fr\/producter\/ev-d12w-camera\/","og_site_name":"Sicep","article_modified_time":"2026-01-20T15:17:32+00:00","og_image":[{"width":1600,"height":1600,"url":"https:\/\/www.sicep.it\/wp-content\/uploads\/2021\/07\/e-view-telecamere-sistema-video.jpg","type":"image\/jpeg"}],"twitter_card":"summary_large_image","schema":{"@context":"https:\/\/schema.org","@graph":[{"@type":"WebPage","@id":"https:\/\/www.sicep.it\/fr\/producter\/ev-d12w-camera\/","url":"https:\/\/www.sicep.it\/fr\/producter\/ev-d12w-camera\/","name":"EV-D12W - Sicep","isPartOf":{"@id":"https:\/\/www.sicep.it\/#website"},"datePublished":"2021-07-30T15:14:14+00:00","dateModified":"2026-01-20T15:17:32+00:00","description":"EV-D12W - Sicep - Gr\u00e2ce \u00e0 une large gamme de cam\u00e9ras, il est possible d'associer un syst\u00e8me de vid\u00e9osurveillance \u00e0 chaque syst\u00e8me anti-intrusion.","breadcrumb":{"@id":"https:\/\/www.sicep.it\/fr\/producter\/ev-d12w-camera\/#breadcrumb"},"inLanguage":"fr-FR","potentialAction":[{"@type":"ReadAction","target":["https:\/\/www.sicep.it\/fr\/producter\/ev-d12w-camera\/"]}]},{"@type":"BreadcrumbList","@id":"https:\/\/www.sicep.it\/fr\/producter\/ev-d12w-camera\/#breadcrumb","itemListElement":[{"@type":"ListItem","position":1,"name":"Home","item":"https:\/\/www.sicep.it\/fr\/"},{"@type":"ListItem","position":2,"name":"EV-D12W"}]},{"@type":"WebSite","@id":"https:\/\/www.sicep.it\/#website","url":"https:\/\/www.sicep.it\/","name":"Sicep","description":"","publisher":{"@id":"https:\/\/www.sicep.it\/#organization"},"potentialAction":[{"@type":"SearchAction","target":{"@type":"EntryPoint","urlTemplate":"https:\/\/www.sicep.it\/?s={search_term_string}"},"query-input":"required name=search_term_string"}],"inLanguage":"fr-FR"},{"@type":"Organization","@id":"https:\/\/www.sicep.it\/#organization","name":"Sicep","url":"https:\/\/www.sicep.it\/","logo":{"@type":"ImageObject","inLanguage":"fr-FR","@id":"https:\/\/www.sicep.it\/#\/schema\/logo\/image\/","url":"https:\/\/www.sicep.it\/wp-content\/uploads\/2020\/06\/sicep.jpg","contentUrl":"https:\/\/www.sicep.it\/wp-content\/uploads\/2020\/06\/sicep.jpg","width":512,"height":512,"caption":"Sicep"},"image":{"@id":"https:\/\/www.sicep.it\/#\/schema\/logo\/image\/"}}]}},"_links":{"self":[{"href":"https:\/\/www.sicep.it\/fr\/wp-json\/wp\/v2\/product\/6747"}],"collection":[{"href":"https:\/\/www.sicep.it\/fr\/wp-json\/wp\/v2\/product"}],"about":[{"href":"https:\/\/www.sicep.it\/fr\/wp-json\/wp\/v2\/types\/product"}],"wp:featuredmedia":[{"embeddable":true,"href":"https:\/\/www.sicep.it\/fr\/wp-json\/wp\/v2\/media\/6748"}],"wp:attachment":[{"href":"https:\/\/www.sicep.it\/fr\/wp-json\/wp\/v2\/media?parent=6747"}],"wp:term":[{"taxonomy":"product_cat","embeddable":true,"href":"https:\/\/www.sicep.it\/fr\/wp-json\/wp\/v2\/product_cat?post=6747"},{"taxonomy":"product_tag","embeddable":true,"href":"https:\/\/www.sicep.it\/fr\/wp-json\/wp\/v2\/product_tag?post=6747"}],"curies":[{"name":"wp","href":"https:\/\/api.w.org\/{rel}","templated":true}]}}