{"id":6721,"date":"2020-04-29T17:35:50","date_gmt":"2020-04-29T15:35:50","guid":{"rendered":"https:\/\/www.sicep.it\/produttore\/recepteur-telephonique-standard-2-lignes-separees-multi-protocole\/"},"modified":"2026-01-20T16:43:48","modified_gmt":"2026-01-20T15:43:48","slug":"recepteur-telephonique-standard-2-lignes-separees-multi-protocole","status":"publish","type":"product","link":"https:\/\/www.sicep.it\/fr\/producter\/recepteur-telephonique-standard-2-lignes-separees-multi-protocole\/","title":{"rendered":"SD-T2"},"content":{"rendered":"","protected":false},"excerpt":{"rendered":"<p>R\u00e9cepteur t\u00e9l\u00e9phonique standard avec 2 lignes multiprotocoles s\u00e9par\u00e9es (Contact-ID, Ademco Fast, Ademco 3+1, 4+1 et 4+2, SIA, Silent Knight 4+2). Il dispose d&#8217;un tampon de 32 Ko capable de contenir environ 1300 \u00e9v\u00e9nements. Effectue en continu un contr\u00f4le de coupe de ligne sans frais. Fabriqu\u00e9 dans un conteneur Rack \u00e0 partir d&#8217;une unit\u00e9 avec le panneau avant compos\u00e9 de LED lumineuses pour contr\u00f4ler les lignes t\u00e9l\u00e9phoniques et l&#8217;activit\u00e9 du r\u00e9cepteur.<\/p>\n","protected":false},"featured_media":1716,"template":"","meta":[],"product_cat":[317],"product_tag":[],"yoast_head":"<!-- This site is optimized with the Yoast SEO plugin v19.9 - https:\/\/yoast.com\/wordpress\/plugins\/seo\/ -->\n<title>SD-T2 - Sicep<\/title>\n<meta name=\"description\" content=\"SD-T2 - Sicep - Le r\u00e9cepteur t\u00e9l\u00e9phonique standard \u00e0 2 lignes s\u00e9par\u00e9es multiprotocole effectue en permanence le contr\u00f4le de la coupure de ligne sans aucun co\u00fbt suppl\u00e9mentaire.\" \/>\n<meta name=\"robots\" content=\"index, follow, max-snippet:-1, max-image-preview:large, max-video-preview:-1\" \/>\n<link rel=\"canonical\" href=\"https:\/\/www.sicep.it\/fr\/producter\/recepteur-telephonique-standard-2-lignes-separees-multi-protocole\/\" \/>\n<meta property=\"og:locale\" content=\"fr_FR\" \/>\n<meta property=\"og:type\" content=\"article\" \/>\n<meta property=\"og:title\" content=\"SD-T2 - Sicep\" \/>\n<meta property=\"og:description\" content=\"SD-T2 - Sicep - Le r\u00e9cepteur t\u00e9l\u00e9phonique standard \u00e0 2 lignes s\u00e9par\u00e9es multiprotocole effectue en permanence le contr\u00f4le de la coupure de ligne sans aucun co\u00fbt suppl\u00e9mentaire.\" \/>\n<meta property=\"og:url\" content=\"https:\/\/www.sicep.it\/fr\/producter\/recepteur-telephonique-standard-2-lignes-separees-multi-protocole\/\" \/>\n<meta property=\"og:site_name\" content=\"Sicep\" \/>\n<meta property=\"article:modified_time\" content=\"2026-01-20T15:43:48+00:00\" \/>\n<meta name=\"twitter:card\" content=\"summary_large_image\" \/>\n<script type=\"application\/ld+json\" class=\"yoast-schema-graph\">{\"@context\":\"https:\/\/schema.org\",\"@graph\":[{\"@type\":\"WebPage\",\"@id\":\"https:\/\/www.sicep.it\/fr\/producter\/recepteur-telephonique-standard-2-lignes-separees-multi-protocole\/\",\"url\":\"https:\/\/www.sicep.it\/fr\/producter\/recepteur-telephonique-standard-2-lignes-separees-multi-protocole\/\",\"name\":\"SD-T2 - Sicep\",\"isPartOf\":{\"@id\":\"https:\/\/www.sicep.it\/#website\"},\"datePublished\":\"2020-04-29T15:35:50+00:00\",\"dateModified\":\"2026-01-20T15:43:48+00:00\",\"description\":\"SD-T2 - Sicep - Le r\u00e9cepteur t\u00e9l\u00e9phonique standard \u00e0 2 lignes s\u00e9par\u00e9es multiprotocole effectue en permanence le contr\u00f4le de la coupure de ligne sans aucun co\u00fbt suppl\u00e9mentaire.\",\"breadcrumb\":{\"@id\":\"https:\/\/www.sicep.it\/fr\/producter\/recepteur-telephonique-standard-2-lignes-separees-multi-protocole\/#breadcrumb\"},\"inLanguage\":\"fr-FR\",\"potentialAction\":[{\"@type\":\"ReadAction\",\"target\":[\"https:\/\/www.sicep.it\/fr\/producter\/recepteur-telephonique-standard-2-lignes-separees-multi-protocole\/\"]}]},{\"@type\":\"BreadcrumbList\",\"@id\":\"https:\/\/www.sicep.it\/fr\/producter\/recepteur-telephonique-standard-2-lignes-separees-multi-protocole\/#breadcrumb\",\"itemListElement\":[{\"@type\":\"ListItem\",\"position\":1,\"name\":\"Home\",\"item\":\"https:\/\/www.sicep.it\/fr\/\"},{\"@type\":\"ListItem\",\"position\":2,\"name\":\"SD-T2\"}]},{\"@type\":\"WebSite\",\"@id\":\"https:\/\/www.sicep.it\/#website\",\"url\":\"https:\/\/www.sicep.it\/\",\"name\":\"Sicep\",\"description\":\"\",\"publisher\":{\"@id\":\"https:\/\/www.sicep.it\/#organization\"},\"potentialAction\":[{\"@type\":\"SearchAction\",\"target\":{\"@type\":\"EntryPoint\",\"urlTemplate\":\"https:\/\/www.sicep.it\/?s={search_term_string}\"},\"query-input\":\"required name=search_term_string\"}],\"inLanguage\":\"fr-FR\"},{\"@type\":\"Organization\",\"@id\":\"https:\/\/www.sicep.it\/#organization\",\"name\":\"Sicep\",\"url\":\"https:\/\/www.sicep.it\/\",\"logo\":{\"@type\":\"ImageObject\",\"inLanguage\":\"fr-FR\",\"@id\":\"https:\/\/www.sicep.it\/#\/schema\/logo\/image\/\",\"url\":\"https:\/\/www.sicep.it\/wp-content\/uploads\/2020\/06\/sicep.jpg\",\"contentUrl\":\"https:\/\/www.sicep.it\/wp-content\/uploads\/2020\/06\/sicep.jpg\",\"width\":512,\"height\":512,\"caption\":\"Sicep\"},\"image\":{\"@id\":\"https:\/\/www.sicep.it\/#\/schema\/logo\/image\/\"}}]}<\/script>\n<!-- \/ Yoast SEO plugin. -->","yoast_head_json":{"title":"SD-T2 - Sicep","description":"SD-T2 - Sicep - Le r\u00e9cepteur t\u00e9l\u00e9phonique standard \u00e0 2 lignes s\u00e9par\u00e9es multiprotocole effectue en permanence le contr\u00f4le de la coupure de ligne sans aucun co\u00fbt suppl\u00e9mentaire.","robots":{"index":"index","follow":"follow","max-snippet":"max-snippet:-1","max-image-preview":"max-image-preview:large","max-video-preview":"max-video-preview:-1"},"canonical":"https:\/\/www.sicep.it\/fr\/producter\/recepteur-telephonique-standard-2-lignes-separees-multi-protocole\/","og_locale":"fr_FR","og_type":"article","og_title":"SD-T2 - Sicep","og_description":"SD-T2 - Sicep - Le r\u00e9cepteur t\u00e9l\u00e9phonique standard \u00e0 2 lignes s\u00e9par\u00e9es multiprotocole effectue en permanence le contr\u00f4le de la coupure de ligne sans aucun co\u00fbt suppl\u00e9mentaire.","og_url":"https:\/\/www.sicep.it\/fr\/producter\/recepteur-telephonique-standard-2-lignes-separees-multi-protocole\/","og_site_name":"Sicep","article_modified_time":"2026-01-20T15:43:48+00:00","twitter_card":"summary_large_image","schema":{"@context":"https:\/\/schema.org","@graph":[{"@type":"WebPage","@id":"https:\/\/www.sicep.it\/fr\/producter\/recepteur-telephonique-standard-2-lignes-separees-multi-protocole\/","url":"https:\/\/www.sicep.it\/fr\/producter\/recepteur-telephonique-standard-2-lignes-separees-multi-protocole\/","name":"SD-T2 - Sicep","isPartOf":{"@id":"https:\/\/www.sicep.it\/#website"},"datePublished":"2020-04-29T15:35:50+00:00","dateModified":"2026-01-20T15:43:48+00:00","description":"SD-T2 - Sicep - Le r\u00e9cepteur t\u00e9l\u00e9phonique standard \u00e0 2 lignes s\u00e9par\u00e9es multiprotocole effectue en permanence le contr\u00f4le de la coupure de ligne sans aucun co\u00fbt suppl\u00e9mentaire.","breadcrumb":{"@id":"https:\/\/www.sicep.it\/fr\/producter\/recepteur-telephonique-standard-2-lignes-separees-multi-protocole\/#breadcrumb"},"inLanguage":"fr-FR","potentialAction":[{"@type":"ReadAction","target":["https:\/\/www.sicep.it\/fr\/producter\/recepteur-telephonique-standard-2-lignes-separees-multi-protocole\/"]}]},{"@type":"BreadcrumbList","@id":"https:\/\/www.sicep.it\/fr\/producter\/recepteur-telephonique-standard-2-lignes-separees-multi-protocole\/#breadcrumb","itemListElement":[{"@type":"ListItem","position":1,"name":"Home","item":"https:\/\/www.sicep.it\/fr\/"},{"@type":"ListItem","position":2,"name":"SD-T2"}]},{"@type":"WebSite","@id":"https:\/\/www.sicep.it\/#website","url":"https:\/\/www.sicep.it\/","name":"Sicep","description":"","publisher":{"@id":"https:\/\/www.sicep.it\/#organization"},"potentialAction":[{"@type":"SearchAction","target":{"@type":"EntryPoint","urlTemplate":"https:\/\/www.sicep.it\/?s={search_term_string}"},"query-input":"required name=search_term_string"}],"inLanguage":"fr-FR"},{"@type":"Organization","@id":"https:\/\/www.sicep.it\/#organization","name":"Sicep","url":"https:\/\/www.sicep.it\/","logo":{"@type":"ImageObject","inLanguage":"fr-FR","@id":"https:\/\/www.sicep.it\/#\/schema\/logo\/image\/","url":"https:\/\/www.sicep.it\/wp-content\/uploads\/2020\/06\/sicep.jpg","contentUrl":"https:\/\/www.sicep.it\/wp-content\/uploads\/2020\/06\/sicep.jpg","width":512,"height":512,"caption":"Sicep"},"image":{"@id":"https:\/\/www.sicep.it\/#\/schema\/logo\/image\/"}}]}},"_links":{"self":[{"href":"https:\/\/www.sicep.it\/fr\/wp-json\/wp\/v2\/product\/6721"}],"collection":[{"href":"https:\/\/www.sicep.it\/fr\/wp-json\/wp\/v2\/product"}],"about":[{"href":"https:\/\/www.sicep.it\/fr\/wp-json\/wp\/v2\/types\/product"}],"wp:featuredmedia":[{"embeddable":true,"href":"https:\/\/www.sicep.it\/fr\/wp-json\/wp\/v2\/media\/1716"}],"wp:attachment":[{"href":"https:\/\/www.sicep.it\/fr\/wp-json\/wp\/v2\/media?parent=6721"}],"wp:term":[{"taxonomy":"product_cat","embeddable":true,"href":"https:\/\/www.sicep.it\/fr\/wp-json\/wp\/v2\/product_cat?post=6721"},{"taxonomy":"product_tag","embeddable":true,"href":"https:\/\/www.sicep.it\/fr\/wp-json\/wp\/v2\/product_tag?post=6721"}],"curies":[{"name":"wp","href":"https:\/\/api.w.org\/{rel}","templated":true}]}}