{"id":6710,"date":"2020-03-30T12:41:21","date_gmt":"2020-03-30T10:41:21","guid":{"rendered":"https:\/\/www.sicep.it\/produttore\/logiciel-creation-d-interfaces-web\/"},"modified":"2026-01-20T16:35:49","modified_gmt":"2026-01-20T15:35:49","slug":"logiciel-creation-d-interfaces-web","status":"publish","type":"product","link":"https:\/\/www.sicep.it\/fr\/producter\/logiciel-creation-d-interfaces-web\/","title":{"rendered":"NET-WEB"},"content":{"rendered":"","protected":false},"excerpt":{"rendered":"<p>Application logicielle MvsNET pour la cr\u00e9ation d&#8217;une interface WEB. Le Client, \u00e0 travers son propre compte sur le site de la Supervision, peut v\u00e9rifier et consulter toute une s\u00e9rie de donn\u00e9es mises \u00e0 disposition du Centre d&#8217;Op\u00e9rations. La licence comprend une application PHP et une interface XML.<\/p>\n","protected":false},"featured_media":6715,"template":"","meta":[],"product_cat":[313],"product_tag":[],"yoast_head":"<!-- This site is optimized with the Yoast SEO plugin v19.9 - https:\/\/yoast.com\/wordpress\/plugins\/seo\/ -->\n<title>NET-WEB - Sicep<\/title>\n<meta name=\"description\" content=\"NET-WEB - Sicep - NET-WEB est l&#039;application logicielle permettant de cr\u00e9er des interfaces web. La licence comprend une application PHP et une interface XML.\" \/>\n<meta name=\"robots\" content=\"index, follow, max-snippet:-1, max-image-preview:large, max-video-preview:-1\" \/>\n<link rel=\"canonical\" href=\"https:\/\/www.sicep.it\/fr\/producter\/logiciel-creation-d-interfaces-web\/\" \/>\n<meta property=\"og:locale\" content=\"fr_FR\" \/>\n<meta property=\"og:type\" content=\"article\" \/>\n<meta property=\"og:title\" content=\"NET-WEB - Sicep\" \/>\n<meta property=\"og:description\" content=\"NET-WEB - Sicep - NET-WEB est l&#039;application logicielle permettant de cr\u00e9er des interfaces web. La licence comprend une application PHP et une interface XML.\" \/>\n<meta property=\"og:url\" content=\"https:\/\/www.sicep.it\/fr\/producter\/logiciel-creation-d-interfaces-web\/\" \/>\n<meta property=\"og:site_name\" content=\"Sicep\" \/>\n<meta property=\"article:modified_time\" content=\"2026-01-20T15:35:49+00:00\" \/>\n<meta property=\"og:image\" content=\"https:\/\/www.sicep.it\/wp-content\/uploads\/2020\/03\/software-realizzazione-interfaccia-web-4.jpg\" \/>\n\t<meta property=\"og:image:width\" content=\"1600\" \/>\n\t<meta property=\"og:image:height\" content=\"1600\" \/>\n\t<meta property=\"og:image:type\" content=\"image\/jpeg\" \/>\n<meta name=\"twitter:card\" content=\"summary_large_image\" \/>\n<script type=\"application\/ld+json\" class=\"yoast-schema-graph\">{\"@context\":\"https:\/\/schema.org\",\"@graph\":[{\"@type\":\"WebPage\",\"@id\":\"https:\/\/www.sicep.it\/fr\/producter\/logiciel-creation-d-interfaces-web\/\",\"url\":\"https:\/\/www.sicep.it\/fr\/producter\/logiciel-creation-d-interfaces-web\/\",\"name\":\"NET-WEB - Sicep\",\"isPartOf\":{\"@id\":\"https:\/\/www.sicep.it\/#website\"},\"datePublished\":\"2020-03-30T10:41:21+00:00\",\"dateModified\":\"2026-01-20T15:35:49+00:00\",\"description\":\"NET-WEB - Sicep - NET-WEB est l'application logicielle permettant de cr\u00e9er des interfaces web. La licence comprend une application PHP et une interface XML.\",\"breadcrumb\":{\"@id\":\"https:\/\/www.sicep.it\/fr\/producter\/logiciel-creation-d-interfaces-web\/#breadcrumb\"},\"inLanguage\":\"fr-FR\",\"potentialAction\":[{\"@type\":\"ReadAction\",\"target\":[\"https:\/\/www.sicep.it\/fr\/producter\/logiciel-creation-d-interfaces-web\/\"]}]},{\"@type\":\"BreadcrumbList\",\"@id\":\"https:\/\/www.sicep.it\/fr\/producter\/logiciel-creation-d-interfaces-web\/#breadcrumb\",\"itemListElement\":[{\"@type\":\"ListItem\",\"position\":1,\"name\":\"Home\",\"item\":\"https:\/\/www.sicep.it\/fr\/\"},{\"@type\":\"ListItem\",\"position\":2,\"name\":\"NET-WEB\"}]},{\"@type\":\"WebSite\",\"@id\":\"https:\/\/www.sicep.it\/#website\",\"url\":\"https:\/\/www.sicep.it\/\",\"name\":\"Sicep\",\"description\":\"\",\"publisher\":{\"@id\":\"https:\/\/www.sicep.it\/#organization\"},\"potentialAction\":[{\"@type\":\"SearchAction\",\"target\":{\"@type\":\"EntryPoint\",\"urlTemplate\":\"https:\/\/www.sicep.it\/?s={search_term_string}\"},\"query-input\":\"required name=search_term_string\"}],\"inLanguage\":\"fr-FR\"},{\"@type\":\"Organization\",\"@id\":\"https:\/\/www.sicep.it\/#organization\",\"name\":\"Sicep\",\"url\":\"https:\/\/www.sicep.it\/\",\"logo\":{\"@type\":\"ImageObject\",\"inLanguage\":\"fr-FR\",\"@id\":\"https:\/\/www.sicep.it\/#\/schema\/logo\/image\/\",\"url\":\"https:\/\/www.sicep.it\/wp-content\/uploads\/2020\/06\/sicep.jpg\",\"contentUrl\":\"https:\/\/www.sicep.it\/wp-content\/uploads\/2020\/06\/sicep.jpg\",\"width\":512,\"height\":512,\"caption\":\"Sicep\"},\"image\":{\"@id\":\"https:\/\/www.sicep.it\/#\/schema\/logo\/image\/\"}}]}<\/script>\n<!-- \/ Yoast SEO plugin. -->","yoast_head_json":{"title":"NET-WEB - Sicep","description":"NET-WEB - Sicep - NET-WEB est l'application logicielle permettant de cr\u00e9er des interfaces web. La licence comprend une application PHP et une interface XML.","robots":{"index":"index","follow":"follow","max-snippet":"max-snippet:-1","max-image-preview":"max-image-preview:large","max-video-preview":"max-video-preview:-1"},"canonical":"https:\/\/www.sicep.it\/fr\/producter\/logiciel-creation-d-interfaces-web\/","og_locale":"fr_FR","og_type":"article","og_title":"NET-WEB - Sicep","og_description":"NET-WEB - Sicep - NET-WEB est l'application logicielle permettant de cr\u00e9er des interfaces web. La licence comprend une application PHP et une interface XML.","og_url":"https:\/\/www.sicep.it\/fr\/producter\/logiciel-creation-d-interfaces-web\/","og_site_name":"Sicep","article_modified_time":"2026-01-20T15:35:49+00:00","og_image":[{"width":1600,"height":1600,"url":"https:\/\/www.sicep.it\/wp-content\/uploads\/2020\/03\/software-realizzazione-interfaccia-web-4.jpg","type":"image\/jpeg"}],"twitter_card":"summary_large_image","schema":{"@context":"https:\/\/schema.org","@graph":[{"@type":"WebPage","@id":"https:\/\/www.sicep.it\/fr\/producter\/logiciel-creation-d-interfaces-web\/","url":"https:\/\/www.sicep.it\/fr\/producter\/logiciel-creation-d-interfaces-web\/","name":"NET-WEB - Sicep","isPartOf":{"@id":"https:\/\/www.sicep.it\/#website"},"datePublished":"2020-03-30T10:41:21+00:00","dateModified":"2026-01-20T15:35:49+00:00","description":"NET-WEB - Sicep - NET-WEB est l'application logicielle permettant de cr\u00e9er des interfaces web. La licence comprend une application PHP et une interface XML.","breadcrumb":{"@id":"https:\/\/www.sicep.it\/fr\/producter\/logiciel-creation-d-interfaces-web\/#breadcrumb"},"inLanguage":"fr-FR","potentialAction":[{"@type":"ReadAction","target":["https:\/\/www.sicep.it\/fr\/producter\/logiciel-creation-d-interfaces-web\/"]}]},{"@type":"BreadcrumbList","@id":"https:\/\/www.sicep.it\/fr\/producter\/logiciel-creation-d-interfaces-web\/#breadcrumb","itemListElement":[{"@type":"ListItem","position":1,"name":"Home","item":"https:\/\/www.sicep.it\/fr\/"},{"@type":"ListItem","position":2,"name":"NET-WEB"}]},{"@type":"WebSite","@id":"https:\/\/www.sicep.it\/#website","url":"https:\/\/www.sicep.it\/","name":"Sicep","description":"","publisher":{"@id":"https:\/\/www.sicep.it\/#organization"},"potentialAction":[{"@type":"SearchAction","target":{"@type":"EntryPoint","urlTemplate":"https:\/\/www.sicep.it\/?s={search_term_string}"},"query-input":"required name=search_term_string"}],"inLanguage":"fr-FR"},{"@type":"Organization","@id":"https:\/\/www.sicep.it\/#organization","name":"Sicep","url":"https:\/\/www.sicep.it\/","logo":{"@type":"ImageObject","inLanguage":"fr-FR","@id":"https:\/\/www.sicep.it\/#\/schema\/logo\/image\/","url":"https:\/\/www.sicep.it\/wp-content\/uploads\/2020\/06\/sicep.jpg","contentUrl":"https:\/\/www.sicep.it\/wp-content\/uploads\/2020\/06\/sicep.jpg","width":512,"height":512,"caption":"Sicep"},"image":{"@id":"https:\/\/www.sicep.it\/#\/schema\/logo\/image\/"}}]}},"_links":{"self":[{"href":"https:\/\/www.sicep.it\/fr\/wp-json\/wp\/v2\/product\/6710"}],"collection":[{"href":"https:\/\/www.sicep.it\/fr\/wp-json\/wp\/v2\/product"}],"about":[{"href":"https:\/\/www.sicep.it\/fr\/wp-json\/wp\/v2\/types\/product"}],"wp:featuredmedia":[{"embeddable":true,"href":"https:\/\/www.sicep.it\/fr\/wp-json\/wp\/v2\/media\/6715"}],"wp:attachment":[{"href":"https:\/\/www.sicep.it\/fr\/wp-json\/wp\/v2\/media?parent=6710"}],"wp:term":[{"taxonomy":"product_cat","embeddable":true,"href":"https:\/\/www.sicep.it\/fr\/wp-json\/wp\/v2\/product_cat?post=6710"},{"taxonomy":"product_tag","embeddable":true,"href":"https:\/\/www.sicep.it\/fr\/wp-json\/wp\/v2\/product_tag?post=6710"}],"curies":[{"name":"wp","href":"https:\/\/api.w.org\/{rel}","templated":true}]}}