{"id":6683,"date":"2020-03-31T12:33:23","date_gmt":"2020-03-31T10:33:23","guid":{"rendered":"https:\/\/www.sicep.it\/produttore\/logiciel-la-concretisation-network-server\/"},"modified":"2026-01-20T16:36:44","modified_gmt":"2026-01-20T15:36:44","slug":"logiciel-la-concretisation-network-server","status":"publish","type":"product","link":"https:\/\/www.sicep.it\/fr\/producter\/logiciel-la-concretisation-network-server\/","title":{"rendered":"NET-IMS"},"content":{"rendered":"","protected":false},"excerpt":{"rendered":"<p>Licence du logiciel MvsNET pour la cr\u00e9ation d&#8217;un r\u00e9seau de serveurs. Il permet au NET-SERVER d&#8217;\u00eatre g\u00e9r\u00e9 par une seule interface Client connect\u00e9e simultan\u00e9ment \u00e0 plusieurs serveurs (Multi Server Interface).<\/p>\n","protected":false},"featured_media":6686,"template":"","meta":[],"product_cat":[313],"product_tag":[],"yoast_head":"<!-- This site is optimized with the Yoast SEO plugin v19.9 - https:\/\/yoast.com\/wordpress\/plugins\/seo\/ -->\n<title>NET-IMS - Sicep<\/title>\n<meta name=\"description\" content=\"NET-IMS - Sicep - Licence logicielle pour la cr\u00e9ation de r\u00e9seaux de serveurs. Elle permet au NET-SERVER d&#039;\u00eatre g\u00e9r\u00e9 par une interface multi-serveurs.\" \/>\n<meta name=\"robots\" content=\"index, follow, max-snippet:-1, max-image-preview:large, max-video-preview:-1\" \/>\n<link rel=\"canonical\" href=\"https:\/\/www.sicep.it\/fr\/producter\/logiciel-la-concretisation-network-server\/\" \/>\n<meta property=\"og:locale\" content=\"fr_FR\" \/>\n<meta property=\"og:type\" content=\"article\" \/>\n<meta property=\"og:title\" content=\"NET-IMS - Sicep\" \/>\n<meta property=\"og:description\" content=\"NET-IMS - Sicep - Licence logicielle pour la cr\u00e9ation de r\u00e9seaux de serveurs. Elle permet au NET-SERVER d&#039;\u00eatre g\u00e9r\u00e9 par une interface multi-serveurs.\" \/>\n<meta property=\"og:url\" content=\"https:\/\/www.sicep.it\/fr\/producter\/logiciel-la-concretisation-network-server\/\" \/>\n<meta property=\"og:site_name\" content=\"Sicep\" \/>\n<meta property=\"article:modified_time\" content=\"2026-01-20T15:36:44+00:00\" \/>\n<meta property=\"og:image\" content=\"https:\/\/www.sicep.it\/wp-content\/uploads\/2020\/03\/software-realizzazione-network-server-4.jpg\" \/>\n\t<meta property=\"og:image:width\" content=\"1600\" \/>\n\t<meta property=\"og:image:height\" content=\"1600\" \/>\n\t<meta property=\"og:image:type\" content=\"image\/jpeg\" \/>\n<meta name=\"twitter:card\" content=\"summary_large_image\" \/>\n<script type=\"application\/ld+json\" class=\"yoast-schema-graph\">{\"@context\":\"https:\/\/schema.org\",\"@graph\":[{\"@type\":\"WebPage\",\"@id\":\"https:\/\/www.sicep.it\/fr\/producter\/logiciel-la-concretisation-network-server\/\",\"url\":\"https:\/\/www.sicep.it\/fr\/producter\/logiciel-la-concretisation-network-server\/\",\"name\":\"NET-IMS - Sicep\",\"isPartOf\":{\"@id\":\"https:\/\/www.sicep.it\/#website\"},\"datePublished\":\"2020-03-31T10:33:23+00:00\",\"dateModified\":\"2026-01-20T15:36:44+00:00\",\"description\":\"NET-IMS - Sicep - Licence logicielle pour la cr\u00e9ation de r\u00e9seaux de serveurs. Elle permet au NET-SERVER d'\u00eatre g\u00e9r\u00e9 par une interface multi-serveurs.\",\"breadcrumb\":{\"@id\":\"https:\/\/www.sicep.it\/fr\/producter\/logiciel-la-concretisation-network-server\/#breadcrumb\"},\"inLanguage\":\"fr-FR\",\"potentialAction\":[{\"@type\":\"ReadAction\",\"target\":[\"https:\/\/www.sicep.it\/fr\/producter\/logiciel-la-concretisation-network-server\/\"]}]},{\"@type\":\"BreadcrumbList\",\"@id\":\"https:\/\/www.sicep.it\/fr\/producter\/logiciel-la-concretisation-network-server\/#breadcrumb\",\"itemListElement\":[{\"@type\":\"ListItem\",\"position\":1,\"name\":\"Home\",\"item\":\"https:\/\/www.sicep.it\/fr\/\"},{\"@type\":\"ListItem\",\"position\":2,\"name\":\"NET-IMS\"}]},{\"@type\":\"WebSite\",\"@id\":\"https:\/\/www.sicep.it\/#website\",\"url\":\"https:\/\/www.sicep.it\/\",\"name\":\"Sicep\",\"description\":\"\",\"publisher\":{\"@id\":\"https:\/\/www.sicep.it\/#organization\"},\"potentialAction\":[{\"@type\":\"SearchAction\",\"target\":{\"@type\":\"EntryPoint\",\"urlTemplate\":\"https:\/\/www.sicep.it\/?s={search_term_string}\"},\"query-input\":\"required name=search_term_string\"}],\"inLanguage\":\"fr-FR\"},{\"@type\":\"Organization\",\"@id\":\"https:\/\/www.sicep.it\/#organization\",\"name\":\"Sicep\",\"url\":\"https:\/\/www.sicep.it\/\",\"logo\":{\"@type\":\"ImageObject\",\"inLanguage\":\"fr-FR\",\"@id\":\"https:\/\/www.sicep.it\/#\/schema\/logo\/image\/\",\"url\":\"https:\/\/www.sicep.it\/wp-content\/uploads\/2020\/06\/sicep.jpg\",\"contentUrl\":\"https:\/\/www.sicep.it\/wp-content\/uploads\/2020\/06\/sicep.jpg\",\"width\":512,\"height\":512,\"caption\":\"Sicep\"},\"image\":{\"@id\":\"https:\/\/www.sicep.it\/#\/schema\/logo\/image\/\"}}]}<\/script>\n<!-- \/ Yoast SEO plugin. -->","yoast_head_json":{"title":"NET-IMS - Sicep","description":"NET-IMS - Sicep - Licence logicielle pour la cr\u00e9ation de r\u00e9seaux de serveurs. Elle permet au NET-SERVER d'\u00eatre g\u00e9r\u00e9 par une interface multi-serveurs.","robots":{"index":"index","follow":"follow","max-snippet":"max-snippet:-1","max-image-preview":"max-image-preview:large","max-video-preview":"max-video-preview:-1"},"canonical":"https:\/\/www.sicep.it\/fr\/producter\/logiciel-la-concretisation-network-server\/","og_locale":"fr_FR","og_type":"article","og_title":"NET-IMS - Sicep","og_description":"NET-IMS - Sicep - Licence logicielle pour la cr\u00e9ation de r\u00e9seaux de serveurs. Elle permet au NET-SERVER d'\u00eatre g\u00e9r\u00e9 par une interface multi-serveurs.","og_url":"https:\/\/www.sicep.it\/fr\/producter\/logiciel-la-concretisation-network-server\/","og_site_name":"Sicep","article_modified_time":"2026-01-20T15:36:44+00:00","og_image":[{"width":1600,"height":1600,"url":"https:\/\/www.sicep.it\/wp-content\/uploads\/2020\/03\/software-realizzazione-network-server-4.jpg","type":"image\/jpeg"}],"twitter_card":"summary_large_image","schema":{"@context":"https:\/\/schema.org","@graph":[{"@type":"WebPage","@id":"https:\/\/www.sicep.it\/fr\/producter\/logiciel-la-concretisation-network-server\/","url":"https:\/\/www.sicep.it\/fr\/producter\/logiciel-la-concretisation-network-server\/","name":"NET-IMS - Sicep","isPartOf":{"@id":"https:\/\/www.sicep.it\/#website"},"datePublished":"2020-03-31T10:33:23+00:00","dateModified":"2026-01-20T15:36:44+00:00","description":"NET-IMS - Sicep - Licence logicielle pour la cr\u00e9ation de r\u00e9seaux de serveurs. Elle permet au NET-SERVER d'\u00eatre g\u00e9r\u00e9 par une interface multi-serveurs.","breadcrumb":{"@id":"https:\/\/www.sicep.it\/fr\/producter\/logiciel-la-concretisation-network-server\/#breadcrumb"},"inLanguage":"fr-FR","potentialAction":[{"@type":"ReadAction","target":["https:\/\/www.sicep.it\/fr\/producter\/logiciel-la-concretisation-network-server\/"]}]},{"@type":"BreadcrumbList","@id":"https:\/\/www.sicep.it\/fr\/producter\/logiciel-la-concretisation-network-server\/#breadcrumb","itemListElement":[{"@type":"ListItem","position":1,"name":"Home","item":"https:\/\/www.sicep.it\/fr\/"},{"@type":"ListItem","position":2,"name":"NET-IMS"}]},{"@type":"WebSite","@id":"https:\/\/www.sicep.it\/#website","url":"https:\/\/www.sicep.it\/","name":"Sicep","description":"","publisher":{"@id":"https:\/\/www.sicep.it\/#organization"},"potentialAction":[{"@type":"SearchAction","target":{"@type":"EntryPoint","urlTemplate":"https:\/\/www.sicep.it\/?s={search_term_string}"},"query-input":"required name=search_term_string"}],"inLanguage":"fr-FR"},{"@type":"Organization","@id":"https:\/\/www.sicep.it\/#organization","name":"Sicep","url":"https:\/\/www.sicep.it\/","logo":{"@type":"ImageObject","inLanguage":"fr-FR","@id":"https:\/\/www.sicep.it\/#\/schema\/logo\/image\/","url":"https:\/\/www.sicep.it\/wp-content\/uploads\/2020\/06\/sicep.jpg","contentUrl":"https:\/\/www.sicep.it\/wp-content\/uploads\/2020\/06\/sicep.jpg","width":512,"height":512,"caption":"Sicep"},"image":{"@id":"https:\/\/www.sicep.it\/#\/schema\/logo\/image\/"}}]}},"_links":{"self":[{"href":"https:\/\/www.sicep.it\/fr\/wp-json\/wp\/v2\/product\/6683"}],"collection":[{"href":"https:\/\/www.sicep.it\/fr\/wp-json\/wp\/v2\/product"}],"about":[{"href":"https:\/\/www.sicep.it\/fr\/wp-json\/wp\/v2\/types\/product"}],"wp:featuredmedia":[{"embeddable":true,"href":"https:\/\/www.sicep.it\/fr\/wp-json\/wp\/v2\/media\/6686"}],"wp:attachment":[{"href":"https:\/\/www.sicep.it\/fr\/wp-json\/wp\/v2\/media?parent=6683"}],"wp:term":[{"taxonomy":"product_cat","embeddable":true,"href":"https:\/\/www.sicep.it\/fr\/wp-json\/wp\/v2\/product_cat?post=6683"},{"taxonomy":"product_tag","embeddable":true,"href":"https:\/\/www.sicep.it\/fr\/wp-json\/wp\/v2\/product_tag?post=6683"}],"curies":[{"name":"wp","href":"https:\/\/api.w.org\/{rel}","templated":true}]}}