{"id":6622,"date":"2020-05-04T18:41:16","date_gmt":"2020-05-04T16:41:16","guid":{"rendered":"https:\/\/www.sicep.it\/produttore\/antivol-generateur-de-brouillard\/"},"modified":"2026-01-20T16:41:07","modified_gmt":"2026-01-20T15:41:07","slug":"antivol-generateur-de-brouillard","status":"publish","type":"product","link":"https:\/\/www.sicep.it\/fr\/producter\/antivol-generateur-de-brouillard\/","title":{"rendered":"NIMBUS NI-100UN"},"content":{"rendered":"","protected":false},"excerpt":{"rendered":"<p>Nimbus, g\u00e9n\u00e9rateur de fum\u00e9e universel. Remplissage, sans visibilit\u00e9, jusqu&#8217;\u00e0 100m3 en 35 secondes environ. Aliment\u00e9 \u00e0 12Vdc ou 3.6Vdc pour les syst\u00e8mes radio. Il dispose de 2 entr\u00e9es d\u00e9di\u00e9es \u00e0 son activation. Possibilit\u00e9 de tester le fonctionnement sans activation de la capsule. Il int\u00e8gre une sir\u00e8ne pi\u00e9zo\u00e9lectrique pour amplifier l&#8217;effet panique. Pr\u00e9sence d&#8217;une LED d&#8217;\u00e9tat. Programmation par commutateur DIP. Capsule jetable, non toxique et certifi\u00e9e, \u00e0 base d&#8217;encens incluse.<\/p>\n","protected":false},"featured_media":1534,"template":"","meta":[],"product_cat":[304],"product_tag":[],"yoast_head":"<!-- This site is optimized with the Yoast SEO plugin v19.9 - https:\/\/yoast.com\/wordpress\/plugins\/seo\/ -->\n<title>NIMBUS NI-100UN - Sicep<\/title>\n<meta name=\"description\" content=\"NIMBUS NI-100UN - Sicep - Le g\u00e9n\u00e9rateur de brouillard compact Nimbus NI-UN permet un remplissage, avec une visibilit\u00e9 nulle, jusqu&#039;\u00e0 100 m\u00b3 en environ 35 secondes avec une sir\u00e8ne int\u00e9gr\u00e9e. Il est compatible avec votre alarme.\" \/>\n<meta name=\"robots\" content=\"index, follow, max-snippet:-1, max-image-preview:large, max-video-preview:-1\" \/>\n<link rel=\"canonical\" href=\"https:\/\/www.sicep.it\/fr\/producter\/antivol-generateur-de-brouillard\/\" \/>\n<meta property=\"og:locale\" content=\"fr_FR\" \/>\n<meta property=\"og:type\" content=\"article\" \/>\n<meta property=\"og:title\" content=\"NIMBUS NI-100UN - Sicep\" \/>\n<meta property=\"og:description\" content=\"NIMBUS NI-100UN - Sicep - Le g\u00e9n\u00e9rateur de brouillard compact Nimbus NI-UN permet un remplissage, avec une visibilit\u00e9 nulle, jusqu&#039;\u00e0 100 m\u00b3 en environ 35 secondes avec une sir\u00e8ne int\u00e9gr\u00e9e. Il est compatible avec votre alarme.\" \/>\n<meta property=\"og:url\" content=\"https:\/\/www.sicep.it\/fr\/producter\/antivol-generateur-de-brouillard\/\" \/>\n<meta property=\"og:site_name\" content=\"Sicep\" \/>\n<meta property=\"article:modified_time\" content=\"2026-01-20T15:41:07+00:00\" \/>\n<meta name=\"twitter:card\" content=\"summary_large_image\" \/>\n<script type=\"application\/ld+json\" class=\"yoast-schema-graph\">{\"@context\":\"https:\/\/schema.org\",\"@graph\":[{\"@type\":\"WebPage\",\"@id\":\"https:\/\/www.sicep.it\/fr\/producter\/antivol-generateur-de-brouillard\/\",\"url\":\"https:\/\/www.sicep.it\/fr\/producter\/antivol-generateur-de-brouillard\/\",\"name\":\"NIMBUS NI-100UN - Sicep\",\"isPartOf\":{\"@id\":\"https:\/\/www.sicep.it\/#website\"},\"datePublished\":\"2020-05-04T16:41:16+00:00\",\"dateModified\":\"2026-01-20T15:41:07+00:00\",\"description\":\"NIMBUS NI-100UN - Sicep - Le g\u00e9n\u00e9rateur de brouillard compact Nimbus NI-UN permet un remplissage, avec une visibilit\u00e9 nulle, jusqu'\u00e0 100 m\u00b3 en environ 35 secondes avec une sir\u00e8ne int\u00e9gr\u00e9e. Il est compatible avec votre alarme.\",\"breadcrumb\":{\"@id\":\"https:\/\/www.sicep.it\/fr\/producter\/antivol-generateur-de-brouillard\/#breadcrumb\"},\"inLanguage\":\"fr-FR\",\"potentialAction\":[{\"@type\":\"ReadAction\",\"target\":[\"https:\/\/www.sicep.it\/fr\/producter\/antivol-generateur-de-brouillard\/\"]}]},{\"@type\":\"BreadcrumbList\",\"@id\":\"https:\/\/www.sicep.it\/fr\/producter\/antivol-generateur-de-brouillard\/#breadcrumb\",\"itemListElement\":[{\"@type\":\"ListItem\",\"position\":1,\"name\":\"Home\",\"item\":\"https:\/\/www.sicep.it\/fr\/\"},{\"@type\":\"ListItem\",\"position\":2,\"name\":\"NIMBUS NI-100UN\"}]},{\"@type\":\"WebSite\",\"@id\":\"https:\/\/www.sicep.it\/#website\",\"url\":\"https:\/\/www.sicep.it\/\",\"name\":\"Sicep\",\"description\":\"\",\"publisher\":{\"@id\":\"https:\/\/www.sicep.it\/#organization\"},\"potentialAction\":[{\"@type\":\"SearchAction\",\"target\":{\"@type\":\"EntryPoint\",\"urlTemplate\":\"https:\/\/www.sicep.it\/?s={search_term_string}\"},\"query-input\":\"required name=search_term_string\"}],\"inLanguage\":\"fr-FR\"},{\"@type\":\"Organization\",\"@id\":\"https:\/\/www.sicep.it\/#organization\",\"name\":\"Sicep\",\"url\":\"https:\/\/www.sicep.it\/\",\"logo\":{\"@type\":\"ImageObject\",\"inLanguage\":\"fr-FR\",\"@id\":\"https:\/\/www.sicep.it\/#\/schema\/logo\/image\/\",\"url\":\"https:\/\/www.sicep.it\/wp-content\/uploads\/2020\/06\/sicep.jpg\",\"contentUrl\":\"https:\/\/www.sicep.it\/wp-content\/uploads\/2020\/06\/sicep.jpg\",\"width\":512,\"height\":512,\"caption\":\"Sicep\"},\"image\":{\"@id\":\"https:\/\/www.sicep.it\/#\/schema\/logo\/image\/\"}}]}<\/script>\n<!-- \/ Yoast SEO plugin. -->","yoast_head_json":{"title":"NIMBUS NI-100UN - Sicep","description":"NIMBUS NI-100UN - Sicep - Le g\u00e9n\u00e9rateur de brouillard compact Nimbus NI-UN permet un remplissage, avec une visibilit\u00e9 nulle, jusqu'\u00e0 100 m\u00b3 en environ 35 secondes avec une sir\u00e8ne int\u00e9gr\u00e9e. Il est compatible avec votre alarme.","robots":{"index":"index","follow":"follow","max-snippet":"max-snippet:-1","max-image-preview":"max-image-preview:large","max-video-preview":"max-video-preview:-1"},"canonical":"https:\/\/www.sicep.it\/fr\/producter\/antivol-generateur-de-brouillard\/","og_locale":"fr_FR","og_type":"article","og_title":"NIMBUS NI-100UN - Sicep","og_description":"NIMBUS NI-100UN - Sicep - Le g\u00e9n\u00e9rateur de brouillard compact Nimbus NI-UN permet un remplissage, avec une visibilit\u00e9 nulle, jusqu'\u00e0 100 m\u00b3 en environ 35 secondes avec une sir\u00e8ne int\u00e9gr\u00e9e. Il est compatible avec votre alarme.","og_url":"https:\/\/www.sicep.it\/fr\/producter\/antivol-generateur-de-brouillard\/","og_site_name":"Sicep","article_modified_time":"2026-01-20T15:41:07+00:00","twitter_card":"summary_large_image","schema":{"@context":"https:\/\/schema.org","@graph":[{"@type":"WebPage","@id":"https:\/\/www.sicep.it\/fr\/producter\/antivol-generateur-de-brouillard\/","url":"https:\/\/www.sicep.it\/fr\/producter\/antivol-generateur-de-brouillard\/","name":"NIMBUS NI-100UN - Sicep","isPartOf":{"@id":"https:\/\/www.sicep.it\/#website"},"datePublished":"2020-05-04T16:41:16+00:00","dateModified":"2026-01-20T15:41:07+00:00","description":"NIMBUS NI-100UN - Sicep - Le g\u00e9n\u00e9rateur de brouillard compact Nimbus NI-UN permet un remplissage, avec une visibilit\u00e9 nulle, jusqu'\u00e0 100 m\u00b3 en environ 35 secondes avec une sir\u00e8ne int\u00e9gr\u00e9e. Il est compatible avec votre alarme.","breadcrumb":{"@id":"https:\/\/www.sicep.it\/fr\/producter\/antivol-generateur-de-brouillard\/#breadcrumb"},"inLanguage":"fr-FR","potentialAction":[{"@type":"ReadAction","target":["https:\/\/www.sicep.it\/fr\/producter\/antivol-generateur-de-brouillard\/"]}]},{"@type":"BreadcrumbList","@id":"https:\/\/www.sicep.it\/fr\/producter\/antivol-generateur-de-brouillard\/#breadcrumb","itemListElement":[{"@type":"ListItem","position":1,"name":"Home","item":"https:\/\/www.sicep.it\/fr\/"},{"@type":"ListItem","position":2,"name":"NIMBUS NI-100UN"}]},{"@type":"WebSite","@id":"https:\/\/www.sicep.it\/#website","url":"https:\/\/www.sicep.it\/","name":"Sicep","description":"","publisher":{"@id":"https:\/\/www.sicep.it\/#organization"},"potentialAction":[{"@type":"SearchAction","target":{"@type":"EntryPoint","urlTemplate":"https:\/\/www.sicep.it\/?s={search_term_string}"},"query-input":"required name=search_term_string"}],"inLanguage":"fr-FR"},{"@type":"Organization","@id":"https:\/\/www.sicep.it\/#organization","name":"Sicep","url":"https:\/\/www.sicep.it\/","logo":{"@type":"ImageObject","inLanguage":"fr-FR","@id":"https:\/\/www.sicep.it\/#\/schema\/logo\/image\/","url":"https:\/\/www.sicep.it\/wp-content\/uploads\/2020\/06\/sicep.jpg","contentUrl":"https:\/\/www.sicep.it\/wp-content\/uploads\/2020\/06\/sicep.jpg","width":512,"height":512,"caption":"Sicep"},"image":{"@id":"https:\/\/www.sicep.it\/#\/schema\/logo\/image\/"}}]}},"_links":{"self":[{"href":"https:\/\/www.sicep.it\/fr\/wp-json\/wp\/v2\/product\/6622"}],"collection":[{"href":"https:\/\/www.sicep.it\/fr\/wp-json\/wp\/v2\/product"}],"about":[{"href":"https:\/\/www.sicep.it\/fr\/wp-json\/wp\/v2\/types\/product"}],"wp:featuredmedia":[{"embeddable":true,"href":"https:\/\/www.sicep.it\/fr\/wp-json\/wp\/v2\/media\/1534"}],"wp:attachment":[{"href":"https:\/\/www.sicep.it\/fr\/wp-json\/wp\/v2\/media?parent=6622"}],"wp:term":[{"taxonomy":"product_cat","embeddable":true,"href":"https:\/\/www.sicep.it\/fr\/wp-json\/wp\/v2\/product_cat?post=6622"},{"taxonomy":"product_tag","embeddable":true,"href":"https:\/\/www.sicep.it\/fr\/wp-json\/wp\/v2\/product_tag?post=6622"}],"curies":[{"name":"wp","href":"https:\/\/api.w.org\/{rel}","templated":true}]}}