{"id":6619,"date":"2020-05-04T18:49:12","date_gmt":"2020-05-04T16:49:12","guid":{"rendered":"https:\/\/www.sicep.it\/produttore\/antivol-fumigene-universel-sans-fil\/"},"modified":"2026-01-20T16:39:55","modified_gmt":"2026-01-20T15:39:55","slug":"antivol-fumigene-universel-sans-fil","status":"publish","type":"product","link":"https:\/\/www.sicep.it\/fr\/producter\/antivol-fumigene-universel-sans-fil\/","title":{"rendered":"NIMBUS BT-100NI"},"content":{"rendered":"","protected":false},"excerpt":{"rendered":"<p>Nimbus, g\u00e9n\u00e9rateur de fum\u00e9e radio BiTech pour centrales DOGMA, ICON et UNICA. Remplissage, sans visibilit\u00e9, jusqu&#8217;\u00e0 100m3 en 35 secondes environ. Activation par commande radio (double consentement, via l&#8217;App Sicep ou depuis le Centre des Op\u00e9rations). Possibilit\u00e9 de tester le fonctionnement sans activation de la capsule. Il int\u00e8gre une sir\u00e8ne pi\u00e9zo\u00e9lectrique pour amplifier l&#8217;effet panique. Pr\u00e9sence d&#8217;une LED d&#8217;\u00e9tat. Capsule jetable, non toxique et certifi\u00e9e, \u00e0 base d&#8217;encens et piles incluses.<\/p>\n<p><img loading=\"lazy\" class=\"alignleft wp-image-1539\" src=\"https:\/\/www.sicep.it\/wp-content\/uploads\/2020\/05\/generatore-fumo-radio-bitech-centrali-dogma-icon-unica-2.jpg\" alt=\"\" width=\"100\" height=\"100\" srcset=\"https:\/\/www.sicep.it\/wp-content\/uploads\/2020\/05\/generatore-fumo-radio-bitech-centrali-dogma-icon-unica-2.jpg 200w, https:\/\/www.sicep.it\/wp-content\/uploads\/2020\/05\/generatore-fumo-radio-bitech-centrali-dogma-icon-unica-2-150x150.jpg 150w\" sizes=\"(max-width: 100px) 100vw, 100px\" \/><\/p>\n<p>&nbsp;<\/p>\n","protected":false},"featured_media":1537,"template":"","meta":[],"product_cat":[304],"product_tag":[],"yoast_head":"<!-- This site is optimized with the Yoast SEO plugin v19.9 - https:\/\/yoast.com\/wordpress\/plugins\/seo\/ -->\n<title>NIMBUS BT-100NI - Sicep<\/title>\n<meta name=\"description\" content=\"NIMBUS BT-100NI - Sicep - Nimbus BT-100NI est le d\u00e9tecteur de fum\u00e9e universel sans fil qui inhibe les cambrioleurs en saturant la visibilit\u00e9 en 35 secondes d&#039;activation radio.\" \/>\n<meta name=\"robots\" content=\"index, follow, max-snippet:-1, max-image-preview:large, max-video-preview:-1\" \/>\n<link rel=\"canonical\" href=\"https:\/\/www.sicep.it\/fr\/producter\/antivol-fumigene-universel-sans-fil\/\" \/>\n<meta property=\"og:locale\" content=\"fr_FR\" \/>\n<meta property=\"og:type\" content=\"article\" \/>\n<meta property=\"og:title\" content=\"NIMBUS BT-100NI - Sicep\" \/>\n<meta property=\"og:description\" content=\"NIMBUS BT-100NI - Sicep - Nimbus BT-100NI est le d\u00e9tecteur de fum\u00e9e universel sans fil qui inhibe les cambrioleurs en saturant la visibilit\u00e9 en 35 secondes d&#039;activation radio.\" \/>\n<meta property=\"og:url\" content=\"https:\/\/www.sicep.it\/fr\/producter\/antivol-fumigene-universel-sans-fil\/\" \/>\n<meta property=\"og:site_name\" content=\"Sicep\" \/>\n<meta property=\"article:modified_time\" content=\"2026-01-20T15:39:55+00:00\" \/>\n<meta name=\"twitter:card\" content=\"summary_large_image\" \/>\n<script type=\"application\/ld+json\" class=\"yoast-schema-graph\">{\"@context\":\"https:\/\/schema.org\",\"@graph\":[{\"@type\":\"WebPage\",\"@id\":\"https:\/\/www.sicep.it\/fr\/producter\/antivol-fumigene-universel-sans-fil\/\",\"url\":\"https:\/\/www.sicep.it\/fr\/producter\/antivol-fumigene-universel-sans-fil\/\",\"name\":\"NIMBUS BT-100NI - Sicep\",\"isPartOf\":{\"@id\":\"https:\/\/www.sicep.it\/#website\"},\"datePublished\":\"2020-05-04T16:49:12+00:00\",\"dateModified\":\"2026-01-20T15:39:55+00:00\",\"description\":\"NIMBUS BT-100NI - Sicep - Nimbus BT-100NI est le d\u00e9tecteur de fum\u00e9e universel sans fil qui inhibe les cambrioleurs en saturant la visibilit\u00e9 en 35 secondes d'activation radio.\",\"breadcrumb\":{\"@id\":\"https:\/\/www.sicep.it\/fr\/producter\/antivol-fumigene-universel-sans-fil\/#breadcrumb\"},\"inLanguage\":\"fr-FR\",\"potentialAction\":[{\"@type\":\"ReadAction\",\"target\":[\"https:\/\/www.sicep.it\/fr\/producter\/antivol-fumigene-universel-sans-fil\/\"]}]},{\"@type\":\"BreadcrumbList\",\"@id\":\"https:\/\/www.sicep.it\/fr\/producter\/antivol-fumigene-universel-sans-fil\/#breadcrumb\",\"itemListElement\":[{\"@type\":\"ListItem\",\"position\":1,\"name\":\"Home\",\"item\":\"https:\/\/www.sicep.it\/fr\/\"},{\"@type\":\"ListItem\",\"position\":2,\"name\":\"NIMBUS BT-100NI\"}]},{\"@type\":\"WebSite\",\"@id\":\"https:\/\/www.sicep.it\/#website\",\"url\":\"https:\/\/www.sicep.it\/\",\"name\":\"Sicep\",\"description\":\"\",\"publisher\":{\"@id\":\"https:\/\/www.sicep.it\/#organization\"},\"potentialAction\":[{\"@type\":\"SearchAction\",\"target\":{\"@type\":\"EntryPoint\",\"urlTemplate\":\"https:\/\/www.sicep.it\/?s={search_term_string}\"},\"query-input\":\"required name=search_term_string\"}],\"inLanguage\":\"fr-FR\"},{\"@type\":\"Organization\",\"@id\":\"https:\/\/www.sicep.it\/#organization\",\"name\":\"Sicep\",\"url\":\"https:\/\/www.sicep.it\/\",\"logo\":{\"@type\":\"ImageObject\",\"inLanguage\":\"fr-FR\",\"@id\":\"https:\/\/www.sicep.it\/#\/schema\/logo\/image\/\",\"url\":\"https:\/\/www.sicep.it\/wp-content\/uploads\/2020\/06\/sicep.jpg\",\"contentUrl\":\"https:\/\/www.sicep.it\/wp-content\/uploads\/2020\/06\/sicep.jpg\",\"width\":512,\"height\":512,\"caption\":\"Sicep\"},\"image\":{\"@id\":\"https:\/\/www.sicep.it\/#\/schema\/logo\/image\/\"}}]}<\/script>\n<!-- \/ Yoast SEO plugin. -->","yoast_head_json":{"title":"NIMBUS BT-100NI - Sicep","description":"NIMBUS BT-100NI - Sicep - Nimbus BT-100NI est le d\u00e9tecteur de fum\u00e9e universel sans fil qui inhibe les cambrioleurs en saturant la visibilit\u00e9 en 35 secondes d'activation radio.","robots":{"index":"index","follow":"follow","max-snippet":"max-snippet:-1","max-image-preview":"max-image-preview:large","max-video-preview":"max-video-preview:-1"},"canonical":"https:\/\/www.sicep.it\/fr\/producter\/antivol-fumigene-universel-sans-fil\/","og_locale":"fr_FR","og_type":"article","og_title":"NIMBUS BT-100NI - Sicep","og_description":"NIMBUS BT-100NI - Sicep - Nimbus BT-100NI est le d\u00e9tecteur de fum\u00e9e universel sans fil qui inhibe les cambrioleurs en saturant la visibilit\u00e9 en 35 secondes d'activation radio.","og_url":"https:\/\/www.sicep.it\/fr\/producter\/antivol-fumigene-universel-sans-fil\/","og_site_name":"Sicep","article_modified_time":"2026-01-20T15:39:55+00:00","twitter_card":"summary_large_image","schema":{"@context":"https:\/\/schema.org","@graph":[{"@type":"WebPage","@id":"https:\/\/www.sicep.it\/fr\/producter\/antivol-fumigene-universel-sans-fil\/","url":"https:\/\/www.sicep.it\/fr\/producter\/antivol-fumigene-universel-sans-fil\/","name":"NIMBUS BT-100NI - Sicep","isPartOf":{"@id":"https:\/\/www.sicep.it\/#website"},"datePublished":"2020-05-04T16:49:12+00:00","dateModified":"2026-01-20T15:39:55+00:00","description":"NIMBUS BT-100NI - Sicep - Nimbus BT-100NI est le d\u00e9tecteur de fum\u00e9e universel sans fil qui inhibe les cambrioleurs en saturant la visibilit\u00e9 en 35 secondes d'activation radio.","breadcrumb":{"@id":"https:\/\/www.sicep.it\/fr\/producter\/antivol-fumigene-universel-sans-fil\/#breadcrumb"},"inLanguage":"fr-FR","potentialAction":[{"@type":"ReadAction","target":["https:\/\/www.sicep.it\/fr\/producter\/antivol-fumigene-universel-sans-fil\/"]}]},{"@type":"BreadcrumbList","@id":"https:\/\/www.sicep.it\/fr\/producter\/antivol-fumigene-universel-sans-fil\/#breadcrumb","itemListElement":[{"@type":"ListItem","position":1,"name":"Home","item":"https:\/\/www.sicep.it\/fr\/"},{"@type":"ListItem","position":2,"name":"NIMBUS BT-100NI"}]},{"@type":"WebSite","@id":"https:\/\/www.sicep.it\/#website","url":"https:\/\/www.sicep.it\/","name":"Sicep","description":"","publisher":{"@id":"https:\/\/www.sicep.it\/#organization"},"potentialAction":[{"@type":"SearchAction","target":{"@type":"EntryPoint","urlTemplate":"https:\/\/www.sicep.it\/?s={search_term_string}"},"query-input":"required name=search_term_string"}],"inLanguage":"fr-FR"},{"@type":"Organization","@id":"https:\/\/www.sicep.it\/#organization","name":"Sicep","url":"https:\/\/www.sicep.it\/","logo":{"@type":"ImageObject","inLanguage":"fr-FR","@id":"https:\/\/www.sicep.it\/#\/schema\/logo\/image\/","url":"https:\/\/www.sicep.it\/wp-content\/uploads\/2020\/06\/sicep.jpg","contentUrl":"https:\/\/www.sicep.it\/wp-content\/uploads\/2020\/06\/sicep.jpg","width":512,"height":512,"caption":"Sicep"},"image":{"@id":"https:\/\/www.sicep.it\/#\/schema\/logo\/image\/"}}]}},"_links":{"self":[{"href":"https:\/\/www.sicep.it\/fr\/wp-json\/wp\/v2\/product\/6619"}],"collection":[{"href":"https:\/\/www.sicep.it\/fr\/wp-json\/wp\/v2\/product"}],"about":[{"href":"https:\/\/www.sicep.it\/fr\/wp-json\/wp\/v2\/types\/product"}],"wp:featuredmedia":[{"embeddable":true,"href":"https:\/\/www.sicep.it\/fr\/wp-json\/wp\/v2\/media\/1537"}],"wp:attachment":[{"href":"https:\/\/www.sicep.it\/fr\/wp-json\/wp\/v2\/media?parent=6619"}],"wp:term":[{"taxonomy":"product_cat","embeddable":true,"href":"https:\/\/www.sicep.it\/fr\/wp-json\/wp\/v2\/product_cat?post=6619"},{"taxonomy":"product_tag","embeddable":true,"href":"https:\/\/www.sicep.it\/fr\/wp-json\/wp\/v2\/product_tag?post=6619"}],"curies":[{"name":"wp","href":"https:\/\/api.w.org\/{rel}","templated":true}]}}