{"id":6608,"date":"2020-05-04T18:19:44","date_gmt":"2020-05-04T16:19:44","guid":{"rendered":"https:\/\/www.sicep.it\/produttore\/android-app-echange-de-donnees-information-patrouille\/"},"modified":"2026-01-20T16:34:16","modified_gmt":"2026-01-20T15:34:16","slug":"android-app-echange-de-donnees-information-patrouille","status":"publish","type":"product","link":"https:\/\/www.sicep.it\/fr\/producter\/android-app-echange-de-donnees-information-patrouille\/","title":{"rendered":"NAV-NET\/2"},"content":{"rendered":"","protected":false},"excerpt":{"rendered":"<p>Le syst\u00e8me Nav-NET \/ 2 est une application qui peut \u00eatre install\u00e9e sur n&#8217;importe quel appareil (tablette ou smartphone) avec un syst\u00e8me d&#8217;exploitation Android capable de cr\u00e9er un \u00e9change continu de donn\u00e9es \/ informations entre la patrouille \/ garde en service et le centre d&#8217;op\u00e9rations, permettant \u00e9galement la gestion des inspections . Pour son fonctionnement, il n\u00e9cessite une licence sur le syst\u00e8me MvsNET li\u00e9e au nombre de connexions choisies (1, 5, 10, 20, 50).<\/p>\n<p><img loading=\"lazy\" class=\"alignleft wp-image-1748\" src=\"https:\/\/sicep.it\/wp-content\/uploads\/2020\/05\/app-android-scambio-dati-informazioni-pattuglia-2-1.jpg\" alt=\"\" width=\"310\" height=\"100\" srcset=\"https:\/\/www.sicep.it\/wp-content\/uploads\/2020\/05\/app-android-scambio-dati-informazioni-pattuglia-2-1.jpg 620w, https:\/\/www.sicep.it\/wp-content\/uploads\/2020\/05\/app-android-scambio-dati-informazioni-pattuglia-2-1-300x97.jpg 300w\" sizes=\"(max-width: 310px) 100vw, 310px\" \/><\/p>\n","protected":false},"featured_media":4186,"template":"","meta":[],"product_cat":[300],"product_tag":[],"yoast_head":"<!-- This site is optimized with the Yoast SEO plugin v19.9 - https:\/\/yoast.com\/wordpress\/plugins\/seo\/ -->\n<title>NAV-NET\/2 - Sicep<\/title>\n<meta name=\"description\" content=\"NAV-NET\/2 - Sicep - Le syst\u00e8me Nav-NET\/2 est une application permettant l&#039;\u00e9change de donn\u00e9es entre la patrouille en service et le centre op\u00e9rationnel. Il permet \u00e9galement la gestion des inspections et peut \u00eatre install\u00e9 sur Android.\" \/>\n<meta name=\"robots\" content=\"index, follow, max-snippet:-1, max-image-preview:large, max-video-preview:-1\" \/>\n<link rel=\"canonical\" href=\"https:\/\/www.sicep.it\/fr\/producter\/android-app-echange-de-donnees-information-patrouille\/\" \/>\n<meta property=\"og:locale\" content=\"fr_FR\" \/>\n<meta property=\"og:type\" content=\"article\" \/>\n<meta property=\"og:title\" content=\"NAV-NET\/2 - Sicep\" \/>\n<meta property=\"og:description\" content=\"NAV-NET\/2 - Sicep - Le syst\u00e8me Nav-NET\/2 est une application permettant l&#039;\u00e9change de donn\u00e9es entre la patrouille en service et le centre op\u00e9rationnel. Il permet \u00e9galement la gestion des inspections et peut \u00eatre install\u00e9 sur Android.\" \/>\n<meta property=\"og:url\" content=\"https:\/\/www.sicep.it\/fr\/producter\/android-app-echange-de-donnees-information-patrouille\/\" \/>\n<meta property=\"og:site_name\" content=\"Sicep\" \/>\n<meta property=\"article:modified_time\" content=\"2026-01-20T15:34:16+00:00\" \/>\n<meta name=\"twitter:card\" content=\"summary_large_image\" \/>\n<script type=\"application\/ld+json\" class=\"yoast-schema-graph\">{\"@context\":\"https:\/\/schema.org\",\"@graph\":[{\"@type\":\"WebPage\",\"@id\":\"https:\/\/www.sicep.it\/fr\/producter\/android-app-echange-de-donnees-information-patrouille\/\",\"url\":\"https:\/\/www.sicep.it\/fr\/producter\/android-app-echange-de-donnees-information-patrouille\/\",\"name\":\"NAV-NET\/2 - Sicep\",\"isPartOf\":{\"@id\":\"https:\/\/www.sicep.it\/#website\"},\"datePublished\":\"2020-05-04T16:19:44+00:00\",\"dateModified\":\"2026-01-20T15:34:16+00:00\",\"description\":\"NAV-NET\/2 - Sicep - Le syst\u00e8me Nav-NET\/2 est une application permettant l'\u00e9change de donn\u00e9es entre la patrouille en service et le centre op\u00e9rationnel. Il permet \u00e9galement la gestion des inspections et peut \u00eatre install\u00e9 sur Android.\",\"breadcrumb\":{\"@id\":\"https:\/\/www.sicep.it\/fr\/producter\/android-app-echange-de-donnees-information-patrouille\/#breadcrumb\"},\"inLanguage\":\"fr-FR\",\"potentialAction\":[{\"@type\":\"ReadAction\",\"target\":[\"https:\/\/www.sicep.it\/fr\/producter\/android-app-echange-de-donnees-information-patrouille\/\"]}]},{\"@type\":\"BreadcrumbList\",\"@id\":\"https:\/\/www.sicep.it\/fr\/producter\/android-app-echange-de-donnees-information-patrouille\/#breadcrumb\",\"itemListElement\":[{\"@type\":\"ListItem\",\"position\":1,\"name\":\"Home\",\"item\":\"https:\/\/www.sicep.it\/fr\/\"},{\"@type\":\"ListItem\",\"position\":2,\"name\":\"NAV-NET\/2\"}]},{\"@type\":\"WebSite\",\"@id\":\"https:\/\/www.sicep.it\/#website\",\"url\":\"https:\/\/www.sicep.it\/\",\"name\":\"Sicep\",\"description\":\"\",\"publisher\":{\"@id\":\"https:\/\/www.sicep.it\/#organization\"},\"potentialAction\":[{\"@type\":\"SearchAction\",\"target\":{\"@type\":\"EntryPoint\",\"urlTemplate\":\"https:\/\/www.sicep.it\/?s={search_term_string}\"},\"query-input\":\"required name=search_term_string\"}],\"inLanguage\":\"fr-FR\"},{\"@type\":\"Organization\",\"@id\":\"https:\/\/www.sicep.it\/#organization\",\"name\":\"Sicep\",\"url\":\"https:\/\/www.sicep.it\/\",\"logo\":{\"@type\":\"ImageObject\",\"inLanguage\":\"fr-FR\",\"@id\":\"https:\/\/www.sicep.it\/#\/schema\/logo\/image\/\",\"url\":\"https:\/\/www.sicep.it\/wp-content\/uploads\/2020\/06\/sicep.jpg\",\"contentUrl\":\"https:\/\/www.sicep.it\/wp-content\/uploads\/2020\/06\/sicep.jpg\",\"width\":512,\"height\":512,\"caption\":\"Sicep\"},\"image\":{\"@id\":\"https:\/\/www.sicep.it\/#\/schema\/logo\/image\/\"}}]}<\/script>\n<!-- \/ Yoast SEO plugin. -->","yoast_head_json":{"title":"NAV-NET\/2 - Sicep","description":"NAV-NET\/2 - Sicep - Le syst\u00e8me Nav-NET\/2 est une application permettant l'\u00e9change de donn\u00e9es entre la patrouille en service et le centre op\u00e9rationnel. Il permet \u00e9galement la gestion des inspections et peut \u00eatre install\u00e9 sur Android.","robots":{"index":"index","follow":"follow","max-snippet":"max-snippet:-1","max-image-preview":"max-image-preview:large","max-video-preview":"max-video-preview:-1"},"canonical":"https:\/\/www.sicep.it\/fr\/producter\/android-app-echange-de-donnees-information-patrouille\/","og_locale":"fr_FR","og_type":"article","og_title":"NAV-NET\/2 - Sicep","og_description":"NAV-NET\/2 - Sicep - Le syst\u00e8me Nav-NET\/2 est une application permettant l'\u00e9change de donn\u00e9es entre la patrouille en service et le centre op\u00e9rationnel. Il permet \u00e9galement la gestion des inspections et peut \u00eatre install\u00e9 sur Android.","og_url":"https:\/\/www.sicep.it\/fr\/producter\/android-app-echange-de-donnees-information-patrouille\/","og_site_name":"Sicep","article_modified_time":"2026-01-20T15:34:16+00:00","twitter_card":"summary_large_image","schema":{"@context":"https:\/\/schema.org","@graph":[{"@type":"WebPage","@id":"https:\/\/www.sicep.it\/fr\/producter\/android-app-echange-de-donnees-information-patrouille\/","url":"https:\/\/www.sicep.it\/fr\/producter\/android-app-echange-de-donnees-information-patrouille\/","name":"NAV-NET\/2 - Sicep","isPartOf":{"@id":"https:\/\/www.sicep.it\/#website"},"datePublished":"2020-05-04T16:19:44+00:00","dateModified":"2026-01-20T15:34:16+00:00","description":"NAV-NET\/2 - Sicep - Le syst\u00e8me Nav-NET\/2 est une application permettant l'\u00e9change de donn\u00e9es entre la patrouille en service et le centre op\u00e9rationnel. Il permet \u00e9galement la gestion des inspections et peut \u00eatre install\u00e9 sur Android.","breadcrumb":{"@id":"https:\/\/www.sicep.it\/fr\/producter\/android-app-echange-de-donnees-information-patrouille\/#breadcrumb"},"inLanguage":"fr-FR","potentialAction":[{"@type":"ReadAction","target":["https:\/\/www.sicep.it\/fr\/producter\/android-app-echange-de-donnees-information-patrouille\/"]}]},{"@type":"BreadcrumbList","@id":"https:\/\/www.sicep.it\/fr\/producter\/android-app-echange-de-donnees-information-patrouille\/#breadcrumb","itemListElement":[{"@type":"ListItem","position":1,"name":"Home","item":"https:\/\/www.sicep.it\/fr\/"},{"@type":"ListItem","position":2,"name":"NAV-NET\/2"}]},{"@type":"WebSite","@id":"https:\/\/www.sicep.it\/#website","url":"https:\/\/www.sicep.it\/","name":"Sicep","description":"","publisher":{"@id":"https:\/\/www.sicep.it\/#organization"},"potentialAction":[{"@type":"SearchAction","target":{"@type":"EntryPoint","urlTemplate":"https:\/\/www.sicep.it\/?s={search_term_string}"},"query-input":"required name=search_term_string"}],"inLanguage":"fr-FR"},{"@type":"Organization","@id":"https:\/\/www.sicep.it\/#organization","name":"Sicep","url":"https:\/\/www.sicep.it\/","logo":{"@type":"ImageObject","inLanguage":"fr-FR","@id":"https:\/\/www.sicep.it\/#\/schema\/logo\/image\/","url":"https:\/\/www.sicep.it\/wp-content\/uploads\/2020\/06\/sicep.jpg","contentUrl":"https:\/\/www.sicep.it\/wp-content\/uploads\/2020\/06\/sicep.jpg","width":512,"height":512,"caption":"Sicep"},"image":{"@id":"https:\/\/www.sicep.it\/#\/schema\/logo\/image\/"}}]}},"_links":{"self":[{"href":"https:\/\/www.sicep.it\/fr\/wp-json\/wp\/v2\/product\/6608"}],"collection":[{"href":"https:\/\/www.sicep.it\/fr\/wp-json\/wp\/v2\/product"}],"about":[{"href":"https:\/\/www.sicep.it\/fr\/wp-json\/wp\/v2\/types\/product"}],"wp:featuredmedia":[{"embeddable":true,"href":"https:\/\/www.sicep.it\/fr\/wp-json\/wp\/v2\/media\/4186"}],"wp:attachment":[{"href":"https:\/\/www.sicep.it\/fr\/wp-json\/wp\/v2\/media?parent=6608"}],"wp:term":[{"taxonomy":"product_cat","embeddable":true,"href":"https:\/\/www.sicep.it\/fr\/wp-json\/wp\/v2\/product_cat?post=6608"},{"taxonomy":"product_tag","embeddable":true,"href":"https:\/\/www.sicep.it\/fr\/wp-json\/wp\/v2\/product_tag?post=6608"}],"curies":[{"name":"wp","href":"https:\/\/api.w.org\/{rel}","templated":true}]}}