{"id":6602,"date":"2020-05-04T17:16:03","date_gmt":"2020-05-04T15:16:03","guid":{"rendered":"https:\/\/www.sicep.it\/produttore\/interface-multi-liaison-8-entrees-8-sorties\/"},"modified":"2026-01-20T16:33:38","modified_gmt":"2026-01-20T15:33:38","slug":"interface-multi-liaison-8-entrees-8-sorties","status":"publish","type":"product","link":"https:\/\/www.sicep.it\/fr\/producter\/interface-multi-liaison-8-entrees-8-sorties\/","title":{"rendered":"Multi-Link ML-8X"},"content":{"rendered":"","protected":false},"excerpt":{"rendered":"<p style=\"text-align: justify;\">SICEP pr\u00e9sente officiellement le nouvel \u00e9metteur ML-8X, qui \u00e9volue avec la connectivit\u00e9 4G \/ LTE, se projetant vers les communications de donn\u00e9es du futur.<\/p>\n<p style=\"text-align: justify;\">La technologie LTE, class\u00e9e comme r\u00e9seau 4G, utilise un plus grand nombre de bandes de fr\u00e9quences et permet des vitesses de navigation plus \u00e9lev\u00e9es.<\/p>\n<p>L&#8217;interface Multi-Link est un dispositif multi-vecteur avec 8 entr\u00e9es &#8211; 8 sorties extensibles \u00e0 32IN \/ OUT, connectable \u00e0 n&#8217;importe quelle centrale d&#8217;alarme, capable d&#8217;envoyer des rapports au format Contact-ID (ou Ademco Fast) via LAN (ou back- en LTE) aux syst\u00e8mes de gestion SICEP. Le Multi-Link peut \u00eatre programm\u00e9 \u00e0 la fois comme un p\u00e9riph\u00e9rique bidirectionnel et comme une simple interface capable de convertir les signaux, au format LAN Contact-ID, de n&#8217;importe quelle centrale qui lui est connect\u00e9e.<\/p>\n<p><img loading=\"lazy\" class=\"alignleft wp-image-4710\" src=\"https:\/\/www.sicep.it\/wp-content\/uploads\/2020\/05\/bitech-icona-150x150.jpg\" alt=\"\" width=\"100\" height=\"100\" srcset=\"https:\/\/www.sicep.it\/wp-content\/uploads\/2020\/05\/bitech-icona-150x150.jpg 150w, https:\/\/www.sicep.it\/wp-content\/uploads\/2020\/05\/bitech-icona.jpg 200w\" sizes=\"(max-width: 100px) 100vw, 100px\" \/> <img loading=\"lazy\" class=\"alignleft wp-image-4712\" src=\"https:\/\/www.sicep.it\/wp-content\/uploads\/2020\/05\/4G-lte-ready-150x150.jpg\" alt=\"\" width=\"100\" height=\"100\" \/><\/p>\n","protected":false},"featured_media":8171,"template":"","meta":[],"product_cat":[299],"product_tag":[],"yoast_head":"<!-- This site is optimized with the Yoast SEO plugin v19.9 - https:\/\/yoast.com\/wordpress\/plugins\/seo\/ -->\n<title>Multi-Link ML-8X - Sicep<\/title>\n<meta name=\"description\" content=\"Multi-Link ML-8X - Sicep - ML-8X Interface Multi Link \u00e0 8 entr\u00e9es et 3 canaux de service sur r\u00e9seau LAN, gestion IP statique et dynamique, connexion avec MvsNET Sauvegarde sur ligne 4G\/LTE\" \/>\n<meta name=\"robots\" content=\"index, follow, max-snippet:-1, max-image-preview:large, max-video-preview:-1\" \/>\n<link rel=\"canonical\" href=\"https:\/\/www.sicep.it\/fr\/producter\/interface-multi-liaison-8-entrees-8-sorties\/\" \/>\n<meta property=\"og:locale\" content=\"fr_FR\" \/>\n<meta property=\"og:type\" content=\"article\" \/>\n<meta property=\"og:title\" content=\"Multi-Link ML-8X - Sicep\" \/>\n<meta property=\"og:description\" content=\"Multi-Link ML-8X - Sicep - ML-8X Interface Multi Link \u00e0 8 entr\u00e9es et 3 canaux de service sur r\u00e9seau LAN, gestion IP statique et dynamique, connexion avec MvsNET Sauvegarde sur ligne 4G\/LTE\" \/>\n<meta property=\"og:url\" content=\"https:\/\/www.sicep.it\/fr\/producter\/interface-multi-liaison-8-entrees-8-sorties\/\" \/>\n<meta property=\"og:site_name\" content=\"Sicep\" \/>\n<meta property=\"article:modified_time\" content=\"2026-01-20T15:33:38+00:00\" \/>\n<meta name=\"twitter:card\" content=\"summary_large_image\" \/>\n<script type=\"application\/ld+json\" class=\"yoast-schema-graph\">{\"@context\":\"https:\/\/schema.org\",\"@graph\":[{\"@type\":\"WebPage\",\"@id\":\"https:\/\/www.sicep.it\/fr\/producter\/interface-multi-liaison-8-entrees-8-sorties\/\",\"url\":\"https:\/\/www.sicep.it\/fr\/producter\/interface-multi-liaison-8-entrees-8-sorties\/\",\"name\":\"Multi-Link ML-8X - Sicep\",\"isPartOf\":{\"@id\":\"https:\/\/www.sicep.it\/#website\"},\"datePublished\":\"2020-05-04T15:16:03+00:00\",\"dateModified\":\"2026-01-20T15:33:38+00:00\",\"description\":\"Multi-Link ML-8X - Sicep - ML-8X Interface Multi Link \u00e0 8 entr\u00e9es et 3 canaux de service sur r\u00e9seau LAN, gestion IP statique et dynamique, connexion avec MvsNET Sauvegarde sur ligne 4G\/LTE\",\"breadcrumb\":{\"@id\":\"https:\/\/www.sicep.it\/fr\/producter\/interface-multi-liaison-8-entrees-8-sorties\/#breadcrumb\"},\"inLanguage\":\"fr-FR\",\"potentialAction\":[{\"@type\":\"ReadAction\",\"target\":[\"https:\/\/www.sicep.it\/fr\/producter\/interface-multi-liaison-8-entrees-8-sorties\/\"]}]},{\"@type\":\"BreadcrumbList\",\"@id\":\"https:\/\/www.sicep.it\/fr\/producter\/interface-multi-liaison-8-entrees-8-sorties\/#breadcrumb\",\"itemListElement\":[{\"@type\":\"ListItem\",\"position\":1,\"name\":\"Home\",\"item\":\"https:\/\/www.sicep.it\/fr\/\"},{\"@type\":\"ListItem\",\"position\":2,\"name\":\"Multi-Link ML-8X\"}]},{\"@type\":\"WebSite\",\"@id\":\"https:\/\/www.sicep.it\/#website\",\"url\":\"https:\/\/www.sicep.it\/\",\"name\":\"Sicep\",\"description\":\"\",\"publisher\":{\"@id\":\"https:\/\/www.sicep.it\/#organization\"},\"potentialAction\":[{\"@type\":\"SearchAction\",\"target\":{\"@type\":\"EntryPoint\",\"urlTemplate\":\"https:\/\/www.sicep.it\/?s={search_term_string}\"},\"query-input\":\"required name=search_term_string\"}],\"inLanguage\":\"fr-FR\"},{\"@type\":\"Organization\",\"@id\":\"https:\/\/www.sicep.it\/#organization\",\"name\":\"Sicep\",\"url\":\"https:\/\/www.sicep.it\/\",\"logo\":{\"@type\":\"ImageObject\",\"inLanguage\":\"fr-FR\",\"@id\":\"https:\/\/www.sicep.it\/#\/schema\/logo\/image\/\",\"url\":\"https:\/\/www.sicep.it\/wp-content\/uploads\/2020\/06\/sicep.jpg\",\"contentUrl\":\"https:\/\/www.sicep.it\/wp-content\/uploads\/2020\/06\/sicep.jpg\",\"width\":512,\"height\":512,\"caption\":\"Sicep\"},\"image\":{\"@id\":\"https:\/\/www.sicep.it\/#\/schema\/logo\/image\/\"}}]}<\/script>\n<!-- \/ Yoast SEO plugin. -->","yoast_head_json":{"title":"Multi-Link ML-8X - Sicep","description":"Multi-Link ML-8X - Sicep - ML-8X Interface Multi Link \u00e0 8 entr\u00e9es et 3 canaux de service sur r\u00e9seau LAN, gestion IP statique et dynamique, connexion avec MvsNET Sauvegarde sur ligne 4G\/LTE","robots":{"index":"index","follow":"follow","max-snippet":"max-snippet:-1","max-image-preview":"max-image-preview:large","max-video-preview":"max-video-preview:-1"},"canonical":"https:\/\/www.sicep.it\/fr\/producter\/interface-multi-liaison-8-entrees-8-sorties\/","og_locale":"fr_FR","og_type":"article","og_title":"Multi-Link ML-8X - Sicep","og_description":"Multi-Link ML-8X - Sicep - ML-8X Interface Multi Link \u00e0 8 entr\u00e9es et 3 canaux de service sur r\u00e9seau LAN, gestion IP statique et dynamique, connexion avec MvsNET Sauvegarde sur ligne 4G\/LTE","og_url":"https:\/\/www.sicep.it\/fr\/producter\/interface-multi-liaison-8-entrees-8-sorties\/","og_site_name":"Sicep","article_modified_time":"2026-01-20T15:33:38+00:00","twitter_card":"summary_large_image","schema":{"@context":"https:\/\/schema.org","@graph":[{"@type":"WebPage","@id":"https:\/\/www.sicep.it\/fr\/producter\/interface-multi-liaison-8-entrees-8-sorties\/","url":"https:\/\/www.sicep.it\/fr\/producter\/interface-multi-liaison-8-entrees-8-sorties\/","name":"Multi-Link ML-8X - Sicep","isPartOf":{"@id":"https:\/\/www.sicep.it\/#website"},"datePublished":"2020-05-04T15:16:03+00:00","dateModified":"2026-01-20T15:33:38+00:00","description":"Multi-Link ML-8X - Sicep - ML-8X Interface Multi Link \u00e0 8 entr\u00e9es et 3 canaux de service sur r\u00e9seau LAN, gestion IP statique et dynamique, connexion avec MvsNET Sauvegarde sur ligne 4G\/LTE","breadcrumb":{"@id":"https:\/\/www.sicep.it\/fr\/producter\/interface-multi-liaison-8-entrees-8-sorties\/#breadcrumb"},"inLanguage":"fr-FR","potentialAction":[{"@type":"ReadAction","target":["https:\/\/www.sicep.it\/fr\/producter\/interface-multi-liaison-8-entrees-8-sorties\/"]}]},{"@type":"BreadcrumbList","@id":"https:\/\/www.sicep.it\/fr\/producter\/interface-multi-liaison-8-entrees-8-sorties\/#breadcrumb","itemListElement":[{"@type":"ListItem","position":1,"name":"Home","item":"https:\/\/www.sicep.it\/fr\/"},{"@type":"ListItem","position":2,"name":"Multi-Link ML-8X"}]},{"@type":"WebSite","@id":"https:\/\/www.sicep.it\/#website","url":"https:\/\/www.sicep.it\/","name":"Sicep","description":"","publisher":{"@id":"https:\/\/www.sicep.it\/#organization"},"potentialAction":[{"@type":"SearchAction","target":{"@type":"EntryPoint","urlTemplate":"https:\/\/www.sicep.it\/?s={search_term_string}"},"query-input":"required name=search_term_string"}],"inLanguage":"fr-FR"},{"@type":"Organization","@id":"https:\/\/www.sicep.it\/#organization","name":"Sicep","url":"https:\/\/www.sicep.it\/","logo":{"@type":"ImageObject","inLanguage":"fr-FR","@id":"https:\/\/www.sicep.it\/#\/schema\/logo\/image\/","url":"https:\/\/www.sicep.it\/wp-content\/uploads\/2020\/06\/sicep.jpg","contentUrl":"https:\/\/www.sicep.it\/wp-content\/uploads\/2020\/06\/sicep.jpg","width":512,"height":512,"caption":"Sicep"},"image":{"@id":"https:\/\/www.sicep.it\/#\/schema\/logo\/image\/"}}]}},"_links":{"self":[{"href":"https:\/\/www.sicep.it\/fr\/wp-json\/wp\/v2\/product\/6602"}],"collection":[{"href":"https:\/\/www.sicep.it\/fr\/wp-json\/wp\/v2\/product"}],"about":[{"href":"https:\/\/www.sicep.it\/fr\/wp-json\/wp\/v2\/types\/product"}],"wp:featuredmedia":[{"embeddable":true,"href":"https:\/\/www.sicep.it\/fr\/wp-json\/wp\/v2\/media\/8171"}],"wp:attachment":[{"href":"https:\/\/www.sicep.it\/fr\/wp-json\/wp\/v2\/media?parent=6602"}],"wp:term":[{"taxonomy":"product_cat","embeddable":true,"href":"https:\/\/www.sicep.it\/fr\/wp-json\/wp\/v2\/product_cat?post=6602"},{"taxonomy":"product_tag","embeddable":true,"href":"https:\/\/www.sicep.it\/fr\/wp-json\/wp\/v2\/product_tag?post=6602"}],"curies":[{"name":"wp","href":"https:\/\/api.w.org\/{rel}","templated":true}]}}