{"id":6592,"date":"2020-05-04T17:44:26","date_gmt":"2020-05-04T15:44:26","guid":{"rendered":"https:\/\/www.sicep.it\/produttore\/transmetteur-compact-service-4-entrees-sorties-3-canaux\/"},"modified":"2026-01-20T16:44:54","modified_gmt":"2026-01-20T15:44:54","slug":"transmetteur-compact-service-4-entrees-sorties-3-canaux","status":"publish","type":"product","link":"https:\/\/www.sicep.it\/fr\/producter\/transmetteur-compact-service-4-entrees-sorties-3-canaux\/","title":{"rendered":"Smart-Link SL-4"},"content":{"rendered":"","protected":false},"excerpt":{"rendered":"<p>Emetteur compact avec 4 IN-OUT + 3 canaux de service (extensible \u00e0 12 IN-OUT avec BT-EX8\/3) en GPRS (Sim M2M, mode de fonctionnement Standard\/Off-Line ou Always-On) ou WiFi (avec module en option) . Gestion IP statique et dynamique. Connexion bidirectionnelle avec MvsNET. Simulateur de ligne int\u00e9gr\u00e9. Historique des \u00e9v\u00e9nements (max 400). Alimentation 9 &#8211; 15Vdc. Kit antivol\/sauvetage int\u00e9gr\u00e9 (SL-K2). R\u00e9cipient en plastique avec tamper anti-ouverture.<\/p>\n<p><img loading=\"lazy\" class=\"alignleft wp-image-1744\" src=\"https:\/\/www.sicep.it\/wp-content\/uploads\/2020\/05\/trasmettitore-compatto-4in-out-3-canali-servizio-2-1.jpg\" alt=\"\" width=\"205\" height=\"100\" srcset=\"https:\/\/www.sicep.it\/wp-content\/uploads\/2020\/05\/trasmettitore-compatto-4in-out-3-canali-servizio-2-1.jpg 410w, https:\/\/www.sicep.it\/wp-content\/uploads\/2020\/05\/trasmettitore-compatto-4in-out-3-canali-servizio-2-1-300x146.jpg 300w\" sizes=\"(max-width: 205px) 100vw, 205px\" \/><\/p>\n","protected":false},"featured_media":3302,"template":"","meta":[],"product_cat":[299],"product_tag":[],"yoast_head":"<!-- This site is optimized with the Yoast SEO plugin v19.9 - https:\/\/yoast.com\/wordpress\/plugins\/seo\/ -->\n<title>Smart-Link SL-4 - Sicep<\/title>\n<meta name=\"description\" content=\"Smart-Link SL-4 - Sicep - SL-4 le transmetteur compact avec 4 IN-OUT + 3 canaux de service en 4G\/LTE ou WiFi, gestion IP statique et dynamique, connexion bidirectionnelle avec MvsNET.\" \/>\n<meta name=\"robots\" content=\"index, follow, max-snippet:-1, max-image-preview:large, max-video-preview:-1\" \/>\n<link rel=\"canonical\" href=\"https:\/\/www.sicep.it\/fr\/producter\/transmetteur-compact-service-4-entrees-sorties-3-canaux\/\" \/>\n<meta property=\"og:locale\" content=\"fr_FR\" \/>\n<meta property=\"og:type\" content=\"article\" \/>\n<meta property=\"og:title\" content=\"Smart-Link SL-4 - Sicep\" \/>\n<meta property=\"og:description\" content=\"Smart-Link SL-4 - Sicep - SL-4 le transmetteur compact avec 4 IN-OUT + 3 canaux de service en 4G\/LTE ou WiFi, gestion IP statique et dynamique, connexion bidirectionnelle avec MvsNET.\" \/>\n<meta property=\"og:url\" content=\"https:\/\/www.sicep.it\/fr\/producter\/transmetteur-compact-service-4-entrees-sorties-3-canaux\/\" \/>\n<meta property=\"og:site_name\" content=\"Sicep\" \/>\n<meta property=\"article:modified_time\" content=\"2026-01-20T15:44:54+00:00\" \/>\n<meta name=\"twitter:card\" content=\"summary_large_image\" \/>\n<script type=\"application\/ld+json\" class=\"yoast-schema-graph\">{\"@context\":\"https:\/\/schema.org\",\"@graph\":[{\"@type\":\"WebPage\",\"@id\":\"https:\/\/www.sicep.it\/fr\/producter\/transmetteur-compact-service-4-entrees-sorties-3-canaux\/\",\"url\":\"https:\/\/www.sicep.it\/fr\/producter\/transmetteur-compact-service-4-entrees-sorties-3-canaux\/\",\"name\":\"Smart-Link SL-4 - Sicep\",\"isPartOf\":{\"@id\":\"https:\/\/www.sicep.it\/#website\"},\"datePublished\":\"2020-05-04T15:44:26+00:00\",\"dateModified\":\"2026-01-20T15:44:54+00:00\",\"description\":\"Smart-Link SL-4 - Sicep - SL-4 le transmetteur compact avec 4 IN-OUT + 3 canaux de service en 4G\/LTE ou WiFi, gestion IP statique et dynamique, connexion bidirectionnelle avec MvsNET.\",\"breadcrumb\":{\"@id\":\"https:\/\/www.sicep.it\/fr\/producter\/transmetteur-compact-service-4-entrees-sorties-3-canaux\/#breadcrumb\"},\"inLanguage\":\"fr-FR\",\"potentialAction\":[{\"@type\":\"ReadAction\",\"target\":[\"https:\/\/www.sicep.it\/fr\/producter\/transmetteur-compact-service-4-entrees-sorties-3-canaux\/\"]}]},{\"@type\":\"BreadcrumbList\",\"@id\":\"https:\/\/www.sicep.it\/fr\/producter\/transmetteur-compact-service-4-entrees-sorties-3-canaux\/#breadcrumb\",\"itemListElement\":[{\"@type\":\"ListItem\",\"position\":1,\"name\":\"Home\",\"item\":\"https:\/\/www.sicep.it\/fr\/\"},{\"@type\":\"ListItem\",\"position\":2,\"name\":\"Smart-Link SL-4\"}]},{\"@type\":\"WebSite\",\"@id\":\"https:\/\/www.sicep.it\/#website\",\"url\":\"https:\/\/www.sicep.it\/\",\"name\":\"Sicep\",\"description\":\"\",\"publisher\":{\"@id\":\"https:\/\/www.sicep.it\/#organization\"},\"potentialAction\":[{\"@type\":\"SearchAction\",\"target\":{\"@type\":\"EntryPoint\",\"urlTemplate\":\"https:\/\/www.sicep.it\/?s={search_term_string}\"},\"query-input\":\"required name=search_term_string\"}],\"inLanguage\":\"fr-FR\"},{\"@type\":\"Organization\",\"@id\":\"https:\/\/www.sicep.it\/#organization\",\"name\":\"Sicep\",\"url\":\"https:\/\/www.sicep.it\/\",\"logo\":{\"@type\":\"ImageObject\",\"inLanguage\":\"fr-FR\",\"@id\":\"https:\/\/www.sicep.it\/#\/schema\/logo\/image\/\",\"url\":\"https:\/\/www.sicep.it\/wp-content\/uploads\/2020\/06\/sicep.jpg\",\"contentUrl\":\"https:\/\/www.sicep.it\/wp-content\/uploads\/2020\/06\/sicep.jpg\",\"width\":512,\"height\":512,\"caption\":\"Sicep\"},\"image\":{\"@id\":\"https:\/\/www.sicep.it\/#\/schema\/logo\/image\/\"}}]}<\/script>\n<!-- \/ Yoast SEO plugin. -->","yoast_head_json":{"title":"Smart-Link SL-4 - Sicep","description":"Smart-Link SL-4 - Sicep - SL-4 le transmetteur compact avec 4 IN-OUT + 3 canaux de service en 4G\/LTE ou WiFi, gestion IP statique et dynamique, connexion bidirectionnelle avec MvsNET.","robots":{"index":"index","follow":"follow","max-snippet":"max-snippet:-1","max-image-preview":"max-image-preview:large","max-video-preview":"max-video-preview:-1"},"canonical":"https:\/\/www.sicep.it\/fr\/producter\/transmetteur-compact-service-4-entrees-sorties-3-canaux\/","og_locale":"fr_FR","og_type":"article","og_title":"Smart-Link SL-4 - Sicep","og_description":"Smart-Link SL-4 - Sicep - SL-4 le transmetteur compact avec 4 IN-OUT + 3 canaux de service en 4G\/LTE ou WiFi, gestion IP statique et dynamique, connexion bidirectionnelle avec MvsNET.","og_url":"https:\/\/www.sicep.it\/fr\/producter\/transmetteur-compact-service-4-entrees-sorties-3-canaux\/","og_site_name":"Sicep","article_modified_time":"2026-01-20T15:44:54+00:00","twitter_card":"summary_large_image","schema":{"@context":"https:\/\/schema.org","@graph":[{"@type":"WebPage","@id":"https:\/\/www.sicep.it\/fr\/producter\/transmetteur-compact-service-4-entrees-sorties-3-canaux\/","url":"https:\/\/www.sicep.it\/fr\/producter\/transmetteur-compact-service-4-entrees-sorties-3-canaux\/","name":"Smart-Link SL-4 - Sicep","isPartOf":{"@id":"https:\/\/www.sicep.it\/#website"},"datePublished":"2020-05-04T15:44:26+00:00","dateModified":"2026-01-20T15:44:54+00:00","description":"Smart-Link SL-4 - Sicep - SL-4 le transmetteur compact avec 4 IN-OUT + 3 canaux de service en 4G\/LTE ou WiFi, gestion IP statique et dynamique, connexion bidirectionnelle avec MvsNET.","breadcrumb":{"@id":"https:\/\/www.sicep.it\/fr\/producter\/transmetteur-compact-service-4-entrees-sorties-3-canaux\/#breadcrumb"},"inLanguage":"fr-FR","potentialAction":[{"@type":"ReadAction","target":["https:\/\/www.sicep.it\/fr\/producter\/transmetteur-compact-service-4-entrees-sorties-3-canaux\/"]}]},{"@type":"BreadcrumbList","@id":"https:\/\/www.sicep.it\/fr\/producter\/transmetteur-compact-service-4-entrees-sorties-3-canaux\/#breadcrumb","itemListElement":[{"@type":"ListItem","position":1,"name":"Home","item":"https:\/\/www.sicep.it\/fr\/"},{"@type":"ListItem","position":2,"name":"Smart-Link SL-4"}]},{"@type":"WebSite","@id":"https:\/\/www.sicep.it\/#website","url":"https:\/\/www.sicep.it\/","name":"Sicep","description":"","publisher":{"@id":"https:\/\/www.sicep.it\/#organization"},"potentialAction":[{"@type":"SearchAction","target":{"@type":"EntryPoint","urlTemplate":"https:\/\/www.sicep.it\/?s={search_term_string}"},"query-input":"required name=search_term_string"}],"inLanguage":"fr-FR"},{"@type":"Organization","@id":"https:\/\/www.sicep.it\/#organization","name":"Sicep","url":"https:\/\/www.sicep.it\/","logo":{"@type":"ImageObject","inLanguage":"fr-FR","@id":"https:\/\/www.sicep.it\/#\/schema\/logo\/image\/","url":"https:\/\/www.sicep.it\/wp-content\/uploads\/2020\/06\/sicep.jpg","contentUrl":"https:\/\/www.sicep.it\/wp-content\/uploads\/2020\/06\/sicep.jpg","width":512,"height":512,"caption":"Sicep"},"image":{"@id":"https:\/\/www.sicep.it\/#\/schema\/logo\/image\/"}}]}},"_links":{"self":[{"href":"https:\/\/www.sicep.it\/fr\/wp-json\/wp\/v2\/product\/6592"}],"collection":[{"href":"https:\/\/www.sicep.it\/fr\/wp-json\/wp\/v2\/product"}],"about":[{"href":"https:\/\/www.sicep.it\/fr\/wp-json\/wp\/v2\/types\/product"}],"wp:featuredmedia":[{"embeddable":true,"href":"https:\/\/www.sicep.it\/fr\/wp-json\/wp\/v2\/media\/3302"}],"wp:attachment":[{"href":"https:\/\/www.sicep.it\/fr\/wp-json\/wp\/v2\/media?parent=6592"}],"wp:term":[{"taxonomy":"product_cat","embeddable":true,"href":"https:\/\/www.sicep.it\/fr\/wp-json\/wp\/v2\/product_cat?post=6592"},{"taxonomy":"product_tag","embeddable":true,"href":"https:\/\/www.sicep.it\/fr\/wp-json\/wp\/v2\/product_tag?post=6592"}],"curies":[{"name":"wp","href":"https:\/\/api.w.org\/{rel}","templated":true}]}}