{"id":6580,"date":"2020-05-04T15:42:45","date_gmt":"2020-05-04T13:42:45","guid":{"rendered":"https:\/\/www.sicep.it\/produttore\/emetteur-de-poche-anti-agression-unidirectionnel-2-canaux\/"},"modified":"2026-01-20T16:42:03","modified_gmt":"2026-01-20T15:42:03","slug":"emetteur-de-poche-anti-agression-unidirectionnel-2-canaux","status":"publish","type":"product","link":"https:\/\/www.sicep.it\/fr\/producter\/emetteur-de-poche-anti-agression-unidirectionnel-2-canaux\/","title":{"rendered":"RadioPocket"},"content":{"rendered":"","protected":false},"excerpt":{"rendered":"<p>Emetteur de poche anti-agression monodirectionnel 2 canaux (alarme temporis\u00e9e ou instantan\u00e9e). Bande de fr\u00e9quence VHF ou UHF. Il a besoin d&#8217;un p\u00e9riph\u00e9rique radio bidirectionnel avec fonction REP pour \u00eatre r\u00e9p\u00e9t\u00e9. Version &#8220;Homme \u00e0 terre&#8221; en option. Pile au lithium (INCLUSE).<\/p>\n<p><img loading=\"lazy\" class=\"alignleft wp-image-1741\" src=\"https:\/\/www.sicep.it\/wp-content\/uploads\/2022\/04\/Risorsa-24-8.png\" alt=\"\" width=\"205\" height=\"100\" \/><\/p>\n","protected":false},"featured_media":4196,"template":"","meta":[],"product_cat":[306],"product_tag":[],"yoast_head":"<!-- This site is optimized with the Yoast SEO plugin v19.9 - https:\/\/yoast.com\/wordpress\/plugins\/seo\/ -->\n<title>RadioPocket - Sicep<\/title>\n<meta name=\"description\" content=\"RadioPocket - Sicep - RadioPocket l&#039;\u00e9metteur de poche anti-agression unidirectionnel \u00e0 2 canaux, alarme retard\u00e9e ou instantan\u00e9e. Bande de fr\u00e9quence VHF ou UHF\" \/>\n<meta name=\"robots\" content=\"index, follow, max-snippet:-1, max-image-preview:large, max-video-preview:-1\" \/>\n<link rel=\"canonical\" href=\"https:\/\/www.sicep.it\/fr\/producter\/emetteur-de-poche-anti-agression-unidirectionnel-2-canaux\/\" \/>\n<meta property=\"og:locale\" content=\"fr_FR\" \/>\n<meta property=\"og:type\" content=\"article\" \/>\n<meta property=\"og:title\" content=\"RadioPocket - Sicep\" \/>\n<meta property=\"og:description\" content=\"RadioPocket - Sicep - RadioPocket l&#039;\u00e9metteur de poche anti-agression unidirectionnel \u00e0 2 canaux, alarme retard\u00e9e ou instantan\u00e9e. Bande de fr\u00e9quence VHF ou UHF\" \/>\n<meta property=\"og:url\" content=\"https:\/\/www.sicep.it\/fr\/producter\/emetteur-de-poche-anti-agression-unidirectionnel-2-canaux\/\" \/>\n<meta property=\"og:site_name\" content=\"Sicep\" \/>\n<meta property=\"article:modified_time\" content=\"2026-01-20T15:42:03+00:00\" \/>\n<meta name=\"twitter:card\" content=\"summary_large_image\" \/>\n<script type=\"application\/ld+json\" class=\"yoast-schema-graph\">{\"@context\":\"https:\/\/schema.org\",\"@graph\":[{\"@type\":\"WebPage\",\"@id\":\"https:\/\/www.sicep.it\/fr\/producter\/emetteur-de-poche-anti-agression-unidirectionnel-2-canaux\/\",\"url\":\"https:\/\/www.sicep.it\/fr\/producter\/emetteur-de-poche-anti-agression-unidirectionnel-2-canaux\/\",\"name\":\"RadioPocket - Sicep\",\"isPartOf\":{\"@id\":\"https:\/\/www.sicep.it\/#website\"},\"datePublished\":\"2020-05-04T13:42:45+00:00\",\"dateModified\":\"2026-01-20T15:42:03+00:00\",\"description\":\"RadioPocket - Sicep - RadioPocket l'\u00e9metteur de poche anti-agression unidirectionnel \u00e0 2 canaux, alarme retard\u00e9e ou instantan\u00e9e. Bande de fr\u00e9quence VHF ou UHF\",\"breadcrumb\":{\"@id\":\"https:\/\/www.sicep.it\/fr\/producter\/emetteur-de-poche-anti-agression-unidirectionnel-2-canaux\/#breadcrumb\"},\"inLanguage\":\"fr-FR\",\"potentialAction\":[{\"@type\":\"ReadAction\",\"target\":[\"https:\/\/www.sicep.it\/fr\/producter\/emetteur-de-poche-anti-agression-unidirectionnel-2-canaux\/\"]}]},{\"@type\":\"BreadcrumbList\",\"@id\":\"https:\/\/www.sicep.it\/fr\/producter\/emetteur-de-poche-anti-agression-unidirectionnel-2-canaux\/#breadcrumb\",\"itemListElement\":[{\"@type\":\"ListItem\",\"position\":1,\"name\":\"Home\",\"item\":\"https:\/\/www.sicep.it\/fr\/\"},{\"@type\":\"ListItem\",\"position\":2,\"name\":\"RadioPocket\"}]},{\"@type\":\"WebSite\",\"@id\":\"https:\/\/www.sicep.it\/#website\",\"url\":\"https:\/\/www.sicep.it\/\",\"name\":\"Sicep\",\"description\":\"\",\"publisher\":{\"@id\":\"https:\/\/www.sicep.it\/#organization\"},\"potentialAction\":[{\"@type\":\"SearchAction\",\"target\":{\"@type\":\"EntryPoint\",\"urlTemplate\":\"https:\/\/www.sicep.it\/?s={search_term_string}\"},\"query-input\":\"required name=search_term_string\"}],\"inLanguage\":\"fr-FR\"},{\"@type\":\"Organization\",\"@id\":\"https:\/\/www.sicep.it\/#organization\",\"name\":\"Sicep\",\"url\":\"https:\/\/www.sicep.it\/\",\"logo\":{\"@type\":\"ImageObject\",\"inLanguage\":\"fr-FR\",\"@id\":\"https:\/\/www.sicep.it\/#\/schema\/logo\/image\/\",\"url\":\"https:\/\/www.sicep.it\/wp-content\/uploads\/2020\/06\/sicep.jpg\",\"contentUrl\":\"https:\/\/www.sicep.it\/wp-content\/uploads\/2020\/06\/sicep.jpg\",\"width\":512,\"height\":512,\"caption\":\"Sicep\"},\"image\":{\"@id\":\"https:\/\/www.sicep.it\/#\/schema\/logo\/image\/\"}}]}<\/script>\n<!-- \/ Yoast SEO plugin. -->","yoast_head_json":{"title":"RadioPocket - Sicep","description":"RadioPocket - Sicep - RadioPocket l'\u00e9metteur de poche anti-agression unidirectionnel \u00e0 2 canaux, alarme retard\u00e9e ou instantan\u00e9e. Bande de fr\u00e9quence VHF ou UHF","robots":{"index":"index","follow":"follow","max-snippet":"max-snippet:-1","max-image-preview":"max-image-preview:large","max-video-preview":"max-video-preview:-1"},"canonical":"https:\/\/www.sicep.it\/fr\/producter\/emetteur-de-poche-anti-agression-unidirectionnel-2-canaux\/","og_locale":"fr_FR","og_type":"article","og_title":"RadioPocket - Sicep","og_description":"RadioPocket - Sicep - RadioPocket l'\u00e9metteur de poche anti-agression unidirectionnel \u00e0 2 canaux, alarme retard\u00e9e ou instantan\u00e9e. Bande de fr\u00e9quence VHF ou UHF","og_url":"https:\/\/www.sicep.it\/fr\/producter\/emetteur-de-poche-anti-agression-unidirectionnel-2-canaux\/","og_site_name":"Sicep","article_modified_time":"2026-01-20T15:42:03+00:00","twitter_card":"summary_large_image","schema":{"@context":"https:\/\/schema.org","@graph":[{"@type":"WebPage","@id":"https:\/\/www.sicep.it\/fr\/producter\/emetteur-de-poche-anti-agression-unidirectionnel-2-canaux\/","url":"https:\/\/www.sicep.it\/fr\/producter\/emetteur-de-poche-anti-agression-unidirectionnel-2-canaux\/","name":"RadioPocket - Sicep","isPartOf":{"@id":"https:\/\/www.sicep.it\/#website"},"datePublished":"2020-05-04T13:42:45+00:00","dateModified":"2026-01-20T15:42:03+00:00","description":"RadioPocket - Sicep - RadioPocket l'\u00e9metteur de poche anti-agression unidirectionnel \u00e0 2 canaux, alarme retard\u00e9e ou instantan\u00e9e. Bande de fr\u00e9quence VHF ou UHF","breadcrumb":{"@id":"https:\/\/www.sicep.it\/fr\/producter\/emetteur-de-poche-anti-agression-unidirectionnel-2-canaux\/#breadcrumb"},"inLanguage":"fr-FR","potentialAction":[{"@type":"ReadAction","target":["https:\/\/www.sicep.it\/fr\/producter\/emetteur-de-poche-anti-agression-unidirectionnel-2-canaux\/"]}]},{"@type":"BreadcrumbList","@id":"https:\/\/www.sicep.it\/fr\/producter\/emetteur-de-poche-anti-agression-unidirectionnel-2-canaux\/#breadcrumb","itemListElement":[{"@type":"ListItem","position":1,"name":"Home","item":"https:\/\/www.sicep.it\/fr\/"},{"@type":"ListItem","position":2,"name":"RadioPocket"}]},{"@type":"WebSite","@id":"https:\/\/www.sicep.it\/#website","url":"https:\/\/www.sicep.it\/","name":"Sicep","description":"","publisher":{"@id":"https:\/\/www.sicep.it\/#organization"},"potentialAction":[{"@type":"SearchAction","target":{"@type":"EntryPoint","urlTemplate":"https:\/\/www.sicep.it\/?s={search_term_string}"},"query-input":"required name=search_term_string"}],"inLanguage":"fr-FR"},{"@type":"Organization","@id":"https:\/\/www.sicep.it\/#organization","name":"Sicep","url":"https:\/\/www.sicep.it\/","logo":{"@type":"ImageObject","inLanguage":"fr-FR","@id":"https:\/\/www.sicep.it\/#\/schema\/logo\/image\/","url":"https:\/\/www.sicep.it\/wp-content\/uploads\/2020\/06\/sicep.jpg","contentUrl":"https:\/\/www.sicep.it\/wp-content\/uploads\/2020\/06\/sicep.jpg","width":512,"height":512,"caption":"Sicep"},"image":{"@id":"https:\/\/www.sicep.it\/#\/schema\/logo\/image\/"}}]}},"_links":{"self":[{"href":"https:\/\/www.sicep.it\/fr\/wp-json\/wp\/v2\/product\/6580"}],"collection":[{"href":"https:\/\/www.sicep.it\/fr\/wp-json\/wp\/v2\/product"}],"about":[{"href":"https:\/\/www.sicep.it\/fr\/wp-json\/wp\/v2\/types\/product"}],"wp:featuredmedia":[{"embeddable":true,"href":"https:\/\/www.sicep.it\/fr\/wp-json\/wp\/v2\/media\/4196"}],"wp:attachment":[{"href":"https:\/\/www.sicep.it\/fr\/wp-json\/wp\/v2\/media?parent=6580"}],"wp:term":[{"taxonomy":"product_cat","embeddable":true,"href":"https:\/\/www.sicep.it\/fr\/wp-json\/wp\/v2\/product_cat?post=6580"},{"taxonomy":"product_tag","embeddable":true,"href":"https:\/\/www.sicep.it\/fr\/wp-json\/wp\/v2\/product_tag?post=6580"}],"curies":[{"name":"wp","href":"https:\/\/api.w.org\/{rel}","templated":true}]}}