{"id":6574,"date":"2020-05-04T15:55:45","date_gmt":"2020-05-04T13:55:45","guid":{"rendered":"https:\/\/www.sicep.it\/produttore\/appareil-gps-de-poche-gsm-gprs-4-touches-de-numerotation-rapide\/"},"modified":"2026-01-21T16:08:24","modified_gmt":"2026-01-21T15:08:24","slug":"appareil-gps-de-poche-gsm-gprs-4-touches-de-numerotation-rapide","status":"publish","type":"product","link":"https:\/\/www.sicep.it\/fr\/producter\/appareil-gps-de-poche-gsm-gprs-4-touches-de-numerotation-rapide\/","title":{"rendered":"PERSONAL TRACKER  PT-100"},"content":{"rendered":"","protected":false},"excerpt":{"rendered":"<p>Appareil GPS de poche en GSM\/GPRS. 4 touches de num\u00e9rotation abr\u00e9g\u00e9e + 1 panique (transmission en data, voix ou sms). 2 destinataires param\u00e9trables. Option d&#8217;\u00e9coute de l&#8217;environnement, fonction homme \u00e0 terre et g\u00e9orep\u00e9rage (8 zones configurable). Utilisation de SIM M2M Data ou Voix. Gestion du cr\u00e9dit r\u00e9siduel et de l&#8217;expiration de la carte SIM. Livr\u00e9 complet avec chargeur de batterie, c\u00e2ble USB et clip ceinture. Coque de protection en caoutchouc, ergonomique et r\u00e9sistante aux chocs, incluse dans l&#8217;emballage.<\/p>\n<p><img loading=\"lazy\" class=\"alignleft wp-image-1739\" src=\"https:\/\/www.sicep.it\/wp-content\/uploads\/2022\/04\/Risorsa-30-8.png\" alt=\"\" width=\"310\" height=\"100\" \/><\/p>\n<p><img loading=\"lazy\" class=\"alignleft size-full wp-image-4114\" src=\"https:\/\/www.sicep.it\/wp-content\/uploads\/2020\/11\/guscio-protettivo-personal-tracker-laterale.jpg\" alt=\"\" width=\"1200\" height=\"800\" srcset=\"https:\/\/www.sicep.it\/wp-content\/uploads\/2020\/11\/guscio-protettivo-personal-tracker-laterale.jpg 1200w, https:\/\/www.sicep.it\/wp-content\/uploads\/2020\/11\/guscio-protettivo-personal-tracker-laterale-768x512.jpg 768w\" sizes=\"(max-width: 1200px) 100vw, 1200px\" \/><\/p>\n","protected":false},"featured_media":4194,"template":"","meta":[],"product_cat":[306,300],"product_tag":[],"yoast_head":"<!-- This site is optimized with the Yoast SEO plugin v19.9 - https:\/\/yoast.com\/wordpress\/plugins\/seo\/ -->\n<title>PERSONAL TRACKER PT-100 - Sicep<\/title>\n<meta name=\"description\" content=\"PERSONAL TRACKER PT-100 - Sicep - PT-100 Appareil GPS de poche GSM\/GPRS avec 4 touches d&#039;appel rapide, 2 destinataires configurables, \u00e9coute environnementale, homme \u00e0 terre et fonction g\u00e9orep\u00e9rage\" \/>\n<meta name=\"robots\" content=\"index, follow, max-snippet:-1, max-image-preview:large, max-video-preview:-1\" \/>\n<link rel=\"canonical\" href=\"https:\/\/www.sicep.it\/fr\/producter\/appareil-gps-de-poche-gsm-gprs-4-touches-de-numerotation-rapide\/\" \/>\n<meta property=\"og:locale\" content=\"fr_FR\" \/>\n<meta property=\"og:type\" content=\"article\" \/>\n<meta property=\"og:title\" content=\"PERSONAL TRACKER PT-100 - Sicep\" \/>\n<meta property=\"og:description\" content=\"PERSONAL TRACKER PT-100 - Sicep - PT-100 Appareil GPS de poche GSM\/GPRS avec 4 touches d&#039;appel rapide, 2 destinataires configurables, \u00e9coute environnementale, homme \u00e0 terre et fonction g\u00e9orep\u00e9rage\" \/>\n<meta property=\"og:url\" content=\"https:\/\/www.sicep.it\/fr\/producter\/appareil-gps-de-poche-gsm-gprs-4-touches-de-numerotation-rapide\/\" \/>\n<meta property=\"og:site_name\" content=\"Sicep\" \/>\n<meta property=\"article:modified_time\" content=\"2026-01-21T15:08:24+00:00\" \/>\n<meta name=\"twitter:card\" content=\"summary_large_image\" \/>\n<script type=\"application\/ld+json\" class=\"yoast-schema-graph\">{\"@context\":\"https:\/\/schema.org\",\"@graph\":[{\"@type\":\"WebPage\",\"@id\":\"https:\/\/www.sicep.it\/fr\/producter\/appareil-gps-de-poche-gsm-gprs-4-touches-de-numerotation-rapide\/\",\"url\":\"https:\/\/www.sicep.it\/fr\/producter\/appareil-gps-de-poche-gsm-gprs-4-touches-de-numerotation-rapide\/\",\"name\":\"PERSONAL TRACKER PT-100 - Sicep\",\"isPartOf\":{\"@id\":\"https:\/\/www.sicep.it\/#website\"},\"datePublished\":\"2020-05-04T13:55:45+00:00\",\"dateModified\":\"2026-01-21T15:08:24+00:00\",\"description\":\"PERSONAL TRACKER PT-100 - Sicep - PT-100 Appareil GPS de poche GSM\/GPRS avec 4 touches d'appel rapide, 2 destinataires configurables, \u00e9coute environnementale, homme \u00e0 terre et fonction g\u00e9orep\u00e9rage\",\"breadcrumb\":{\"@id\":\"https:\/\/www.sicep.it\/fr\/producter\/appareil-gps-de-poche-gsm-gprs-4-touches-de-numerotation-rapide\/#breadcrumb\"},\"inLanguage\":\"fr-FR\",\"potentialAction\":[{\"@type\":\"ReadAction\",\"target\":[\"https:\/\/www.sicep.it\/fr\/producter\/appareil-gps-de-poche-gsm-gprs-4-touches-de-numerotation-rapide\/\"]}]},{\"@type\":\"BreadcrumbList\",\"@id\":\"https:\/\/www.sicep.it\/fr\/producter\/appareil-gps-de-poche-gsm-gprs-4-touches-de-numerotation-rapide\/#breadcrumb\",\"itemListElement\":[{\"@type\":\"ListItem\",\"position\":1,\"name\":\"Home\",\"item\":\"https:\/\/www.sicep.it\/fr\/\"},{\"@type\":\"ListItem\",\"position\":2,\"name\":\"PERSONAL TRACKER PT-100\"}]},{\"@type\":\"WebSite\",\"@id\":\"https:\/\/www.sicep.it\/#website\",\"url\":\"https:\/\/www.sicep.it\/\",\"name\":\"Sicep\",\"description\":\"\",\"publisher\":{\"@id\":\"https:\/\/www.sicep.it\/#organization\"},\"potentialAction\":[{\"@type\":\"SearchAction\",\"target\":{\"@type\":\"EntryPoint\",\"urlTemplate\":\"https:\/\/www.sicep.it\/?s={search_term_string}\"},\"query-input\":\"required name=search_term_string\"}],\"inLanguage\":\"fr-FR\"},{\"@type\":\"Organization\",\"@id\":\"https:\/\/www.sicep.it\/#organization\",\"name\":\"Sicep\",\"url\":\"https:\/\/www.sicep.it\/\",\"logo\":{\"@type\":\"ImageObject\",\"inLanguage\":\"fr-FR\",\"@id\":\"https:\/\/www.sicep.it\/#\/schema\/logo\/image\/\",\"url\":\"https:\/\/www.sicep.it\/wp-content\/uploads\/2020\/06\/sicep.jpg\",\"contentUrl\":\"https:\/\/www.sicep.it\/wp-content\/uploads\/2020\/06\/sicep.jpg\",\"width\":512,\"height\":512,\"caption\":\"Sicep\"},\"image\":{\"@id\":\"https:\/\/www.sicep.it\/#\/schema\/logo\/image\/\"}}]}<\/script>\n<!-- \/ Yoast SEO plugin. -->","yoast_head_json":{"title":"PERSONAL TRACKER PT-100 - Sicep","description":"PERSONAL TRACKER PT-100 - Sicep - PT-100 Appareil GPS de poche GSM\/GPRS avec 4 touches d'appel rapide, 2 destinataires configurables, \u00e9coute environnementale, homme \u00e0 terre et fonction g\u00e9orep\u00e9rage","robots":{"index":"index","follow":"follow","max-snippet":"max-snippet:-1","max-image-preview":"max-image-preview:large","max-video-preview":"max-video-preview:-1"},"canonical":"https:\/\/www.sicep.it\/fr\/producter\/appareil-gps-de-poche-gsm-gprs-4-touches-de-numerotation-rapide\/","og_locale":"fr_FR","og_type":"article","og_title":"PERSONAL TRACKER PT-100 - Sicep","og_description":"PERSONAL TRACKER PT-100 - Sicep - PT-100 Appareil GPS de poche GSM\/GPRS avec 4 touches d'appel rapide, 2 destinataires configurables, \u00e9coute environnementale, homme \u00e0 terre et fonction g\u00e9orep\u00e9rage","og_url":"https:\/\/www.sicep.it\/fr\/producter\/appareil-gps-de-poche-gsm-gprs-4-touches-de-numerotation-rapide\/","og_site_name":"Sicep","article_modified_time":"2026-01-21T15:08:24+00:00","twitter_card":"summary_large_image","schema":{"@context":"https:\/\/schema.org","@graph":[{"@type":"WebPage","@id":"https:\/\/www.sicep.it\/fr\/producter\/appareil-gps-de-poche-gsm-gprs-4-touches-de-numerotation-rapide\/","url":"https:\/\/www.sicep.it\/fr\/producter\/appareil-gps-de-poche-gsm-gprs-4-touches-de-numerotation-rapide\/","name":"PERSONAL TRACKER PT-100 - Sicep","isPartOf":{"@id":"https:\/\/www.sicep.it\/#website"},"datePublished":"2020-05-04T13:55:45+00:00","dateModified":"2026-01-21T15:08:24+00:00","description":"PERSONAL TRACKER PT-100 - Sicep - PT-100 Appareil GPS de poche GSM\/GPRS avec 4 touches d'appel rapide, 2 destinataires configurables, \u00e9coute environnementale, homme \u00e0 terre et fonction g\u00e9orep\u00e9rage","breadcrumb":{"@id":"https:\/\/www.sicep.it\/fr\/producter\/appareil-gps-de-poche-gsm-gprs-4-touches-de-numerotation-rapide\/#breadcrumb"},"inLanguage":"fr-FR","potentialAction":[{"@type":"ReadAction","target":["https:\/\/www.sicep.it\/fr\/producter\/appareil-gps-de-poche-gsm-gprs-4-touches-de-numerotation-rapide\/"]}]},{"@type":"BreadcrumbList","@id":"https:\/\/www.sicep.it\/fr\/producter\/appareil-gps-de-poche-gsm-gprs-4-touches-de-numerotation-rapide\/#breadcrumb","itemListElement":[{"@type":"ListItem","position":1,"name":"Home","item":"https:\/\/www.sicep.it\/fr\/"},{"@type":"ListItem","position":2,"name":"PERSONAL TRACKER PT-100"}]},{"@type":"WebSite","@id":"https:\/\/www.sicep.it\/#website","url":"https:\/\/www.sicep.it\/","name":"Sicep","description":"","publisher":{"@id":"https:\/\/www.sicep.it\/#organization"},"potentialAction":[{"@type":"SearchAction","target":{"@type":"EntryPoint","urlTemplate":"https:\/\/www.sicep.it\/?s={search_term_string}"},"query-input":"required name=search_term_string"}],"inLanguage":"fr-FR"},{"@type":"Organization","@id":"https:\/\/www.sicep.it\/#organization","name":"Sicep","url":"https:\/\/www.sicep.it\/","logo":{"@type":"ImageObject","inLanguage":"fr-FR","@id":"https:\/\/www.sicep.it\/#\/schema\/logo\/image\/","url":"https:\/\/www.sicep.it\/wp-content\/uploads\/2020\/06\/sicep.jpg","contentUrl":"https:\/\/www.sicep.it\/wp-content\/uploads\/2020\/06\/sicep.jpg","width":512,"height":512,"caption":"Sicep"},"image":{"@id":"https:\/\/www.sicep.it\/#\/schema\/logo\/image\/"}}]}},"_links":{"self":[{"href":"https:\/\/www.sicep.it\/fr\/wp-json\/wp\/v2\/product\/6574"}],"collection":[{"href":"https:\/\/www.sicep.it\/fr\/wp-json\/wp\/v2\/product"}],"about":[{"href":"https:\/\/www.sicep.it\/fr\/wp-json\/wp\/v2\/types\/product"}],"wp:featuredmedia":[{"embeddable":true,"href":"https:\/\/www.sicep.it\/fr\/wp-json\/wp\/v2\/media\/4194"}],"wp:attachment":[{"href":"https:\/\/www.sicep.it\/fr\/wp-json\/wp\/v2\/media?parent=6574"}],"wp:term":[{"taxonomy":"product_cat","embeddable":true,"href":"https:\/\/www.sicep.it\/fr\/wp-json\/wp\/v2\/product_cat?post=6574"},{"taxonomy":"product_tag","embeddable":true,"href":"https:\/\/www.sicep.it\/fr\/wp-json\/wp\/v2\/product_tag?post=6574"}],"curies":[{"name":"wp","href":"https:\/\/api.w.org\/{rel}","templated":true}]}}