{"id":6556,"date":"2020-05-04T12:32:55","date_gmt":"2020-05-04T10:32:55","guid":{"rendered":"https:\/\/www.sicep.it\/produttore\/unite-peripherique-radio-bidirectionnelle-multi-protocole\/"},"modified":"2026-01-20T16:28:15","modified_gmt":"2026-01-20T15:28:15","slug":"unite-peripherique-radio-bidirectionnelle-multi-protocole","status":"publish","type":"product","link":"https:\/\/www.sicep.it\/fr\/producter\/unite-peripherique-radio-bidirectionnelle-multi-protocole\/","title":{"rendered":"IRS-8B"},"content":{"rendered":"","protected":false},"excerpt":{"rendered":"<p>P\u00e9riph\u00e9rique radio multiprotocole BIDIRECTIONNEL, 8 entr\u00e9es &#8211; 8 sorties (extensible \u00e0 32 IN-OUT avec cartes en option) + 3 canaux de service (r\u00e9seau, autoprotection et batterie). Journal des \u00e9v\u00e9nements (max 512). Sauvegarde en ligne t\u00e9l\u00e9phone (avec IF-TL) et sur Gsm\/Gprs (avec module BT-GSM). R\u00e9cipient en plastique avec tamper anti-ouverture.<\/p>\n<p><img loading=\"lazy\" class=\"alignleft wp-image-1734\" src=\"https:\/\/www.sicep.it\/wp-content\/uploads\/2022\/04\/Risorsa-22-8.png\" alt=\"\" width=\"305\" height=\"100\" \/><\/p>\n","protected":false},"featured_media":1476,"template":"","meta":[],"product_cat":[310],"product_tag":[],"yoast_head":"<!-- This site is optimized with the Yoast SEO plugin v19.9 - https:\/\/yoast.com\/wordpress\/plugins\/seo\/ -->\n<title>IRS-8B - Sicep<\/title>\n<meta name=\"description\" content=\"IRS-8B - Sicep - IRS-8B unit\u00e9 p\u00e9riph\u00e9rique radio BIDIRECTIONNELLE multiprotocole \u00e0 8 entr\u00e9es 8 sorties, 3 canaux de service, sauvegarde sur ligne t\u00e9l\u00e9phonique et sur GSM\/GPRS\" \/>\n<meta name=\"robots\" content=\"index, follow, max-snippet:-1, max-image-preview:large, max-video-preview:-1\" \/>\n<link rel=\"canonical\" href=\"https:\/\/www.sicep.it\/fr\/producter\/unite-peripherique-radio-bidirectionnelle-multi-protocole\/\" \/>\n<meta property=\"og:locale\" content=\"fr_FR\" \/>\n<meta property=\"og:type\" content=\"article\" \/>\n<meta property=\"og:title\" content=\"IRS-8B - Sicep\" \/>\n<meta property=\"og:description\" content=\"IRS-8B - Sicep - IRS-8B unit\u00e9 p\u00e9riph\u00e9rique radio BIDIRECTIONNELLE multiprotocole \u00e0 8 entr\u00e9es 8 sorties, 3 canaux de service, sauvegarde sur ligne t\u00e9l\u00e9phonique et sur GSM\/GPRS\" \/>\n<meta property=\"og:url\" content=\"https:\/\/www.sicep.it\/fr\/producter\/unite-peripherique-radio-bidirectionnelle-multi-protocole\/\" \/>\n<meta property=\"og:site_name\" content=\"Sicep\" \/>\n<meta property=\"article:modified_time\" content=\"2026-01-20T15:28:15+00:00\" \/>\n<meta name=\"twitter:card\" content=\"summary_large_image\" \/>\n<script type=\"application\/ld+json\" class=\"yoast-schema-graph\">{\"@context\":\"https:\/\/schema.org\",\"@graph\":[{\"@type\":\"WebPage\",\"@id\":\"https:\/\/www.sicep.it\/fr\/producter\/unite-peripherique-radio-bidirectionnelle-multi-protocole\/\",\"url\":\"https:\/\/www.sicep.it\/fr\/producter\/unite-peripherique-radio-bidirectionnelle-multi-protocole\/\",\"name\":\"IRS-8B - Sicep\",\"isPartOf\":{\"@id\":\"https:\/\/www.sicep.it\/#website\"},\"datePublished\":\"2020-05-04T10:32:55+00:00\",\"dateModified\":\"2026-01-20T15:28:15+00:00\",\"description\":\"IRS-8B - Sicep - IRS-8B unit\u00e9 p\u00e9riph\u00e9rique radio BIDIRECTIONNELLE multiprotocole \u00e0 8 entr\u00e9es 8 sorties, 3 canaux de service, sauvegarde sur ligne t\u00e9l\u00e9phonique et sur GSM\/GPRS\",\"breadcrumb\":{\"@id\":\"https:\/\/www.sicep.it\/fr\/producter\/unite-peripherique-radio-bidirectionnelle-multi-protocole\/#breadcrumb\"},\"inLanguage\":\"fr-FR\",\"potentialAction\":[{\"@type\":\"ReadAction\",\"target\":[\"https:\/\/www.sicep.it\/fr\/producter\/unite-peripherique-radio-bidirectionnelle-multi-protocole\/\"]}]},{\"@type\":\"BreadcrumbList\",\"@id\":\"https:\/\/www.sicep.it\/fr\/producter\/unite-peripherique-radio-bidirectionnelle-multi-protocole\/#breadcrumb\",\"itemListElement\":[{\"@type\":\"ListItem\",\"position\":1,\"name\":\"Home\",\"item\":\"https:\/\/www.sicep.it\/fr\/\"},{\"@type\":\"ListItem\",\"position\":2,\"name\":\"IRS-8B\"}]},{\"@type\":\"WebSite\",\"@id\":\"https:\/\/www.sicep.it\/#website\",\"url\":\"https:\/\/www.sicep.it\/\",\"name\":\"Sicep\",\"description\":\"\",\"publisher\":{\"@id\":\"https:\/\/www.sicep.it\/#organization\"},\"potentialAction\":[{\"@type\":\"SearchAction\",\"target\":{\"@type\":\"EntryPoint\",\"urlTemplate\":\"https:\/\/www.sicep.it\/?s={search_term_string}\"},\"query-input\":\"required name=search_term_string\"}],\"inLanguage\":\"fr-FR\"},{\"@type\":\"Organization\",\"@id\":\"https:\/\/www.sicep.it\/#organization\",\"name\":\"Sicep\",\"url\":\"https:\/\/www.sicep.it\/\",\"logo\":{\"@type\":\"ImageObject\",\"inLanguage\":\"fr-FR\",\"@id\":\"https:\/\/www.sicep.it\/#\/schema\/logo\/image\/\",\"url\":\"https:\/\/www.sicep.it\/wp-content\/uploads\/2020\/06\/sicep.jpg\",\"contentUrl\":\"https:\/\/www.sicep.it\/wp-content\/uploads\/2020\/06\/sicep.jpg\",\"width\":512,\"height\":512,\"caption\":\"Sicep\"},\"image\":{\"@id\":\"https:\/\/www.sicep.it\/#\/schema\/logo\/image\/\"}}]}<\/script>\n<!-- \/ Yoast SEO plugin. -->","yoast_head_json":{"title":"IRS-8B - Sicep","description":"IRS-8B - Sicep - IRS-8B unit\u00e9 p\u00e9riph\u00e9rique radio BIDIRECTIONNELLE multiprotocole \u00e0 8 entr\u00e9es 8 sorties, 3 canaux de service, sauvegarde sur ligne t\u00e9l\u00e9phonique et sur GSM\/GPRS","robots":{"index":"index","follow":"follow","max-snippet":"max-snippet:-1","max-image-preview":"max-image-preview:large","max-video-preview":"max-video-preview:-1"},"canonical":"https:\/\/www.sicep.it\/fr\/producter\/unite-peripherique-radio-bidirectionnelle-multi-protocole\/","og_locale":"fr_FR","og_type":"article","og_title":"IRS-8B - Sicep","og_description":"IRS-8B - Sicep - IRS-8B unit\u00e9 p\u00e9riph\u00e9rique radio BIDIRECTIONNELLE multiprotocole \u00e0 8 entr\u00e9es 8 sorties, 3 canaux de service, sauvegarde sur ligne t\u00e9l\u00e9phonique et sur GSM\/GPRS","og_url":"https:\/\/www.sicep.it\/fr\/producter\/unite-peripherique-radio-bidirectionnelle-multi-protocole\/","og_site_name":"Sicep","article_modified_time":"2026-01-20T15:28:15+00:00","twitter_card":"summary_large_image","schema":{"@context":"https:\/\/schema.org","@graph":[{"@type":"WebPage","@id":"https:\/\/www.sicep.it\/fr\/producter\/unite-peripherique-radio-bidirectionnelle-multi-protocole\/","url":"https:\/\/www.sicep.it\/fr\/producter\/unite-peripherique-radio-bidirectionnelle-multi-protocole\/","name":"IRS-8B - Sicep","isPartOf":{"@id":"https:\/\/www.sicep.it\/#website"},"datePublished":"2020-05-04T10:32:55+00:00","dateModified":"2026-01-20T15:28:15+00:00","description":"IRS-8B - Sicep - IRS-8B unit\u00e9 p\u00e9riph\u00e9rique radio BIDIRECTIONNELLE multiprotocole \u00e0 8 entr\u00e9es 8 sorties, 3 canaux de service, sauvegarde sur ligne t\u00e9l\u00e9phonique et sur GSM\/GPRS","breadcrumb":{"@id":"https:\/\/www.sicep.it\/fr\/producter\/unite-peripherique-radio-bidirectionnelle-multi-protocole\/#breadcrumb"},"inLanguage":"fr-FR","potentialAction":[{"@type":"ReadAction","target":["https:\/\/www.sicep.it\/fr\/producter\/unite-peripherique-radio-bidirectionnelle-multi-protocole\/"]}]},{"@type":"BreadcrumbList","@id":"https:\/\/www.sicep.it\/fr\/producter\/unite-peripherique-radio-bidirectionnelle-multi-protocole\/#breadcrumb","itemListElement":[{"@type":"ListItem","position":1,"name":"Home","item":"https:\/\/www.sicep.it\/fr\/"},{"@type":"ListItem","position":2,"name":"IRS-8B"}]},{"@type":"WebSite","@id":"https:\/\/www.sicep.it\/#website","url":"https:\/\/www.sicep.it\/","name":"Sicep","description":"","publisher":{"@id":"https:\/\/www.sicep.it\/#organization"},"potentialAction":[{"@type":"SearchAction","target":{"@type":"EntryPoint","urlTemplate":"https:\/\/www.sicep.it\/?s={search_term_string}"},"query-input":"required name=search_term_string"}],"inLanguage":"fr-FR"},{"@type":"Organization","@id":"https:\/\/www.sicep.it\/#organization","name":"Sicep","url":"https:\/\/www.sicep.it\/","logo":{"@type":"ImageObject","inLanguage":"fr-FR","@id":"https:\/\/www.sicep.it\/#\/schema\/logo\/image\/","url":"https:\/\/www.sicep.it\/wp-content\/uploads\/2020\/06\/sicep.jpg","contentUrl":"https:\/\/www.sicep.it\/wp-content\/uploads\/2020\/06\/sicep.jpg","width":512,"height":512,"caption":"Sicep"},"image":{"@id":"https:\/\/www.sicep.it\/#\/schema\/logo\/image\/"}}]}},"_links":{"self":[{"href":"https:\/\/www.sicep.it\/fr\/wp-json\/wp\/v2\/product\/6556"}],"collection":[{"href":"https:\/\/www.sicep.it\/fr\/wp-json\/wp\/v2\/product"}],"about":[{"href":"https:\/\/www.sicep.it\/fr\/wp-json\/wp\/v2\/types\/product"}],"wp:featuredmedia":[{"embeddable":true,"href":"https:\/\/www.sicep.it\/fr\/wp-json\/wp\/v2\/media\/1476"}],"wp:attachment":[{"href":"https:\/\/www.sicep.it\/fr\/wp-json\/wp\/v2\/media?parent=6556"}],"wp:term":[{"taxonomy":"product_cat","embeddable":true,"href":"https:\/\/www.sicep.it\/fr\/wp-json\/wp\/v2\/product_cat?post=6556"},{"taxonomy":"product_tag","embeddable":true,"href":"https:\/\/www.sicep.it\/fr\/wp-json\/wp\/v2\/product_tag?post=6556"}],"curies":[{"name":"wp","href":"https:\/\/api.w.org\/{rel}","templated":true}]}}