{"id":6553,"date":"2020-05-04T12:41:56","date_gmt":"2020-05-04T10:41:56","guid":{"rendered":"https:\/\/www.sicep.it\/produttore\/centrale-alarme-radio-bidirectionelle-multiprotocole-8-entrees-8-sorties\/"},"modified":"2026-01-20T16:28:55","modified_gmt":"2026-01-20T15:28:55","slug":"centrale-alarme-radio-bidirectionelle-multiprotocole-8-entrees-8-sorties","status":"publish","type":"product","link":"https:\/\/www.sicep.it\/fr\/producter\/centrale-alarme-radio-bidirectionelle-multiprotocole-8-entrees-8-sorties\/","title":{"rendered":"IRS-CB"},"content":{"rendered":"","protected":false},"excerpt":{"rendered":"<p>Centrale d&#8217;alarme radio BIDIRECTIONNELLE multiprotocole, 8 entr\u00e9es &#8211; 8 sorties (extensible \u00e0 32 avec cartes en option) + 3 canaux de service (r\u00e9seau, autoprotection et batterie). 28 zones radio 868MHz BiTech + 4 REP. 4 domaines. Secours sur ligne t\u00e9l\u00e9phonique (avec IF-TL) et sur Gsm\/Gprs (avec module BT-GSM). Programmateur hebdomadaire (4 fois par jour). Journal des \u00e9v\u00e9nements (max 512). R\u00e9cipient en plastique avec tamper anti-ouverture. L&#8217;unit\u00e9 est livr\u00e9e compl\u00e8te avec t\u00e9l\u00e9commande (5 canaux BiTech) et sir\u00e8ne int\u00e9rieure.<\/p>\n<p><img loading=\"lazy\" class=\"alignleft wp-image-1461 size-full\" src=\"https:\/\/www.sicep.it\/wp-content\/uploads\/2022\/04\/Risorsa-21-8.png\" alt=\"\" width=\"310\" height=\"100\" \/><\/p>\n","protected":false},"featured_media":1482,"template":"","meta":[],"product_cat":[302],"product_tag":[],"yoast_head":"<!-- This site is optimized with the Yoast SEO plugin v19.9 - https:\/\/yoast.com\/wordpress\/plugins\/seo\/ -->\n<title>IRS-CB - Sicep<\/title>\n<meta name=\"description\" content=\"IRS-CB - Sicep - IRS-CB la centrale d&#039;alarme radio bidirectionnelle multiprotocole avec 8 entr\u00e9es-8 sorties et 3 canaux de service. Sauvegarde sur ligne t\u00e9l\u00e9phonique et sur Gsm\/Gprs.\" \/>\n<meta name=\"robots\" content=\"index, follow, max-snippet:-1, max-image-preview:large, max-video-preview:-1\" \/>\n<link rel=\"canonical\" href=\"https:\/\/www.sicep.it\/fr\/producter\/centrale-alarme-radio-bidirectionelle-multiprotocole-8-entrees-8-sorties\/\" \/>\n<meta property=\"og:locale\" content=\"fr_FR\" \/>\n<meta property=\"og:type\" content=\"article\" \/>\n<meta property=\"og:title\" content=\"IRS-CB - Sicep\" \/>\n<meta property=\"og:description\" content=\"IRS-CB - Sicep - IRS-CB la centrale d&#039;alarme radio bidirectionnelle multiprotocole avec 8 entr\u00e9es-8 sorties et 3 canaux de service. Sauvegarde sur ligne t\u00e9l\u00e9phonique et sur Gsm\/Gprs.\" \/>\n<meta property=\"og:url\" content=\"https:\/\/www.sicep.it\/fr\/producter\/centrale-alarme-radio-bidirectionelle-multiprotocole-8-entrees-8-sorties\/\" \/>\n<meta property=\"og:site_name\" content=\"Sicep\" \/>\n<meta property=\"article:modified_time\" content=\"2026-01-20T15:28:55+00:00\" \/>\n<meta name=\"twitter:card\" content=\"summary_large_image\" \/>\n<script type=\"application\/ld+json\" class=\"yoast-schema-graph\">{\"@context\":\"https:\/\/schema.org\",\"@graph\":[{\"@type\":\"WebPage\",\"@id\":\"https:\/\/www.sicep.it\/fr\/producter\/centrale-alarme-radio-bidirectionelle-multiprotocole-8-entrees-8-sorties\/\",\"url\":\"https:\/\/www.sicep.it\/fr\/producter\/centrale-alarme-radio-bidirectionelle-multiprotocole-8-entrees-8-sorties\/\",\"name\":\"IRS-CB - Sicep\",\"isPartOf\":{\"@id\":\"https:\/\/www.sicep.it\/#website\"},\"datePublished\":\"2020-05-04T10:41:56+00:00\",\"dateModified\":\"2026-01-20T15:28:55+00:00\",\"description\":\"IRS-CB - Sicep - IRS-CB la centrale d'alarme radio bidirectionnelle multiprotocole avec 8 entr\u00e9es-8 sorties et 3 canaux de service. Sauvegarde sur ligne t\u00e9l\u00e9phonique et sur Gsm\/Gprs.\",\"breadcrumb\":{\"@id\":\"https:\/\/www.sicep.it\/fr\/producter\/centrale-alarme-radio-bidirectionelle-multiprotocole-8-entrees-8-sorties\/#breadcrumb\"},\"inLanguage\":\"fr-FR\",\"potentialAction\":[{\"@type\":\"ReadAction\",\"target\":[\"https:\/\/www.sicep.it\/fr\/producter\/centrale-alarme-radio-bidirectionelle-multiprotocole-8-entrees-8-sorties\/\"]}]},{\"@type\":\"BreadcrumbList\",\"@id\":\"https:\/\/www.sicep.it\/fr\/producter\/centrale-alarme-radio-bidirectionelle-multiprotocole-8-entrees-8-sorties\/#breadcrumb\",\"itemListElement\":[{\"@type\":\"ListItem\",\"position\":1,\"name\":\"Home\",\"item\":\"https:\/\/www.sicep.it\/fr\/\"},{\"@type\":\"ListItem\",\"position\":2,\"name\":\"IRS-CB\"}]},{\"@type\":\"WebSite\",\"@id\":\"https:\/\/www.sicep.it\/#website\",\"url\":\"https:\/\/www.sicep.it\/\",\"name\":\"Sicep\",\"description\":\"\",\"publisher\":{\"@id\":\"https:\/\/www.sicep.it\/#organization\"},\"potentialAction\":[{\"@type\":\"SearchAction\",\"target\":{\"@type\":\"EntryPoint\",\"urlTemplate\":\"https:\/\/www.sicep.it\/?s={search_term_string}\"},\"query-input\":\"required name=search_term_string\"}],\"inLanguage\":\"fr-FR\"},{\"@type\":\"Organization\",\"@id\":\"https:\/\/www.sicep.it\/#organization\",\"name\":\"Sicep\",\"url\":\"https:\/\/www.sicep.it\/\",\"logo\":{\"@type\":\"ImageObject\",\"inLanguage\":\"fr-FR\",\"@id\":\"https:\/\/www.sicep.it\/#\/schema\/logo\/image\/\",\"url\":\"https:\/\/www.sicep.it\/wp-content\/uploads\/2020\/06\/sicep.jpg\",\"contentUrl\":\"https:\/\/www.sicep.it\/wp-content\/uploads\/2020\/06\/sicep.jpg\",\"width\":512,\"height\":512,\"caption\":\"Sicep\"},\"image\":{\"@id\":\"https:\/\/www.sicep.it\/#\/schema\/logo\/image\/\"}}]}<\/script>\n<!-- \/ Yoast SEO plugin. -->","yoast_head_json":{"title":"IRS-CB - Sicep","description":"IRS-CB - Sicep - IRS-CB la centrale d'alarme radio bidirectionnelle multiprotocole avec 8 entr\u00e9es-8 sorties et 3 canaux de service. Sauvegarde sur ligne t\u00e9l\u00e9phonique et sur Gsm\/Gprs.","robots":{"index":"index","follow":"follow","max-snippet":"max-snippet:-1","max-image-preview":"max-image-preview:large","max-video-preview":"max-video-preview:-1"},"canonical":"https:\/\/www.sicep.it\/fr\/producter\/centrale-alarme-radio-bidirectionelle-multiprotocole-8-entrees-8-sorties\/","og_locale":"fr_FR","og_type":"article","og_title":"IRS-CB - Sicep","og_description":"IRS-CB - Sicep - IRS-CB la centrale d'alarme radio bidirectionnelle multiprotocole avec 8 entr\u00e9es-8 sorties et 3 canaux de service. Sauvegarde sur ligne t\u00e9l\u00e9phonique et sur Gsm\/Gprs.","og_url":"https:\/\/www.sicep.it\/fr\/producter\/centrale-alarme-radio-bidirectionelle-multiprotocole-8-entrees-8-sorties\/","og_site_name":"Sicep","article_modified_time":"2026-01-20T15:28:55+00:00","twitter_card":"summary_large_image","schema":{"@context":"https:\/\/schema.org","@graph":[{"@type":"WebPage","@id":"https:\/\/www.sicep.it\/fr\/producter\/centrale-alarme-radio-bidirectionelle-multiprotocole-8-entrees-8-sorties\/","url":"https:\/\/www.sicep.it\/fr\/producter\/centrale-alarme-radio-bidirectionelle-multiprotocole-8-entrees-8-sorties\/","name":"IRS-CB - Sicep","isPartOf":{"@id":"https:\/\/www.sicep.it\/#website"},"datePublished":"2020-05-04T10:41:56+00:00","dateModified":"2026-01-20T15:28:55+00:00","description":"IRS-CB - Sicep - IRS-CB la centrale d'alarme radio bidirectionnelle multiprotocole avec 8 entr\u00e9es-8 sorties et 3 canaux de service. Sauvegarde sur ligne t\u00e9l\u00e9phonique et sur Gsm\/Gprs.","breadcrumb":{"@id":"https:\/\/www.sicep.it\/fr\/producter\/centrale-alarme-radio-bidirectionelle-multiprotocole-8-entrees-8-sorties\/#breadcrumb"},"inLanguage":"fr-FR","potentialAction":[{"@type":"ReadAction","target":["https:\/\/www.sicep.it\/fr\/producter\/centrale-alarme-radio-bidirectionelle-multiprotocole-8-entrees-8-sorties\/"]}]},{"@type":"BreadcrumbList","@id":"https:\/\/www.sicep.it\/fr\/producter\/centrale-alarme-radio-bidirectionelle-multiprotocole-8-entrees-8-sorties\/#breadcrumb","itemListElement":[{"@type":"ListItem","position":1,"name":"Home","item":"https:\/\/www.sicep.it\/fr\/"},{"@type":"ListItem","position":2,"name":"IRS-CB"}]},{"@type":"WebSite","@id":"https:\/\/www.sicep.it\/#website","url":"https:\/\/www.sicep.it\/","name":"Sicep","description":"","publisher":{"@id":"https:\/\/www.sicep.it\/#organization"},"potentialAction":[{"@type":"SearchAction","target":{"@type":"EntryPoint","urlTemplate":"https:\/\/www.sicep.it\/?s={search_term_string}"},"query-input":"required name=search_term_string"}],"inLanguage":"fr-FR"},{"@type":"Organization","@id":"https:\/\/www.sicep.it\/#organization","name":"Sicep","url":"https:\/\/www.sicep.it\/","logo":{"@type":"ImageObject","inLanguage":"fr-FR","@id":"https:\/\/www.sicep.it\/#\/schema\/logo\/image\/","url":"https:\/\/www.sicep.it\/wp-content\/uploads\/2020\/06\/sicep.jpg","contentUrl":"https:\/\/www.sicep.it\/wp-content\/uploads\/2020\/06\/sicep.jpg","width":512,"height":512,"caption":"Sicep"},"image":{"@id":"https:\/\/www.sicep.it\/#\/schema\/logo\/image\/"}}]}},"_links":{"self":[{"href":"https:\/\/www.sicep.it\/fr\/wp-json\/wp\/v2\/product\/6553"}],"collection":[{"href":"https:\/\/www.sicep.it\/fr\/wp-json\/wp\/v2\/product"}],"about":[{"href":"https:\/\/www.sicep.it\/fr\/wp-json\/wp\/v2\/types\/product"}],"wp:featuredmedia":[{"embeddable":true,"href":"https:\/\/www.sicep.it\/fr\/wp-json\/wp\/v2\/media\/1482"}],"wp:attachment":[{"href":"https:\/\/www.sicep.it\/fr\/wp-json\/wp\/v2\/media?parent=6553"}],"wp:term":[{"taxonomy":"product_cat","embeddable":true,"href":"https:\/\/www.sicep.it\/fr\/wp-json\/wp\/v2\/product_cat?post=6553"},{"taxonomy":"product_tag","embeddable":true,"href":"https:\/\/www.sicep.it\/fr\/wp-json\/wp\/v2\/product_tag?post=6553"}],"curies":[{"name":"wp","href":"https:\/\/api.w.org\/{rel}","templated":true}]}}