{"id":6549,"date":"2020-05-04T15:16:37","date_gmt":"2020-05-04T13:16:37","guid":{"rendered":"https:\/\/www.sicep.it\/produttore\/centrale-radio-unidirectionnel-multiprotocole\/"},"modified":"2026-01-20T16:29:10","modified_gmt":"2026-01-20T15:29:10","slug":"centrale-radio-unidirectionnel-multiprotocole","status":"publish","type":"product","link":"https:\/\/www.sicep.it\/fr\/producter\/centrale-radio-unidirectionnel-multiprotocole\/","title":{"rendered":"IRS-CM"},"content":{"rendered":"","protected":false},"excerpt":{"rendered":"<p>Centrale d&#8217;alarme radio monodirectionnelle multiprotocole, \u00e0 8 entr\u00e9es (extensible \u00e0 32 avec cartes en option) + 3 canaux de service (r\u00e9seau, autoprotection et batterie). 28 zones radio 868MHz BiTech + 4 REP. 4 domaines. Programmateur hebdomadaire (4 fois par jour). Journal des \u00e9v\u00e9nements (max 512). R\u00e9cipient en plastique avec tamper anti-ouverture. L&#8217;unit\u00e9 est livr\u00e9e compl\u00e8te avec t\u00e9l\u00e9commande (5 canaux BiTech) et sir\u00e8ne int\u00e9rieure.<\/p>\n<p><img loading=\"lazy\" class=\"alignleft wp-image-1461 size-full\" src=\"https:\/\/www.sicep.it\/wp-content\/uploads\/2022\/04\/Risorsa-19-8.png\" alt=\"\" width=\"310\" height=\"100\" \/><\/p>\n","protected":false},"featured_media":3223,"template":"","meta":[],"product_cat":[302],"product_tag":[],"yoast_head":"<!-- This site is optimized with the Yoast SEO plugin v19.9 - https:\/\/yoast.com\/wordpress\/plugins\/seo\/ -->\n<title>IRS-CM - Sicep<\/title>\n<meta name=\"description\" content=\"IRS-CM - Sicep - Centrale d&#039;alarme radio monodirectionnelle multiprotocole, \u00e0 8 entr\u00e9es et 3 canaux de service\" \/>\n<meta name=\"robots\" content=\"index, follow, max-snippet:-1, max-image-preview:large, max-video-preview:-1\" \/>\n<link rel=\"canonical\" href=\"https:\/\/www.sicep.it\/fr\/producter\/centrale-radio-unidirectionnel-multiprotocole\/\" \/>\n<meta property=\"og:locale\" content=\"fr_FR\" \/>\n<meta property=\"og:type\" content=\"article\" \/>\n<meta property=\"og:title\" content=\"IRS-CM - Sicep\" \/>\n<meta property=\"og:description\" content=\"IRS-CM - Sicep - Centrale d&#039;alarme radio monodirectionnelle multiprotocole, \u00e0 8 entr\u00e9es et 3 canaux de service\" \/>\n<meta property=\"og:url\" content=\"https:\/\/www.sicep.it\/fr\/producter\/centrale-radio-unidirectionnel-multiprotocole\/\" \/>\n<meta property=\"og:site_name\" content=\"Sicep\" \/>\n<meta property=\"article:modified_time\" content=\"2026-01-20T15:29:10+00:00\" \/>\n<meta name=\"twitter:card\" content=\"summary_large_image\" \/>\n<script type=\"application\/ld+json\" class=\"yoast-schema-graph\">{\"@context\":\"https:\/\/schema.org\",\"@graph\":[{\"@type\":\"WebPage\",\"@id\":\"https:\/\/www.sicep.it\/fr\/producter\/centrale-radio-unidirectionnel-multiprotocole\/\",\"url\":\"https:\/\/www.sicep.it\/fr\/producter\/centrale-radio-unidirectionnel-multiprotocole\/\",\"name\":\"IRS-CM - Sicep\",\"isPartOf\":{\"@id\":\"https:\/\/www.sicep.it\/#website\"},\"datePublished\":\"2020-05-04T13:16:37+00:00\",\"dateModified\":\"2026-01-20T15:29:10+00:00\",\"description\":\"IRS-CM - Sicep - Centrale d'alarme radio monodirectionnelle multiprotocole, \u00e0 8 entr\u00e9es et 3 canaux de service\",\"breadcrumb\":{\"@id\":\"https:\/\/www.sicep.it\/fr\/producter\/centrale-radio-unidirectionnel-multiprotocole\/#breadcrumb\"},\"inLanguage\":\"fr-FR\",\"potentialAction\":[{\"@type\":\"ReadAction\",\"target\":[\"https:\/\/www.sicep.it\/fr\/producter\/centrale-radio-unidirectionnel-multiprotocole\/\"]}]},{\"@type\":\"BreadcrumbList\",\"@id\":\"https:\/\/www.sicep.it\/fr\/producter\/centrale-radio-unidirectionnel-multiprotocole\/#breadcrumb\",\"itemListElement\":[{\"@type\":\"ListItem\",\"position\":1,\"name\":\"Home\",\"item\":\"https:\/\/www.sicep.it\/fr\/\"},{\"@type\":\"ListItem\",\"position\":2,\"name\":\"IRS-CM\"}]},{\"@type\":\"WebSite\",\"@id\":\"https:\/\/www.sicep.it\/#website\",\"url\":\"https:\/\/www.sicep.it\/\",\"name\":\"Sicep\",\"description\":\"\",\"publisher\":{\"@id\":\"https:\/\/www.sicep.it\/#organization\"},\"potentialAction\":[{\"@type\":\"SearchAction\",\"target\":{\"@type\":\"EntryPoint\",\"urlTemplate\":\"https:\/\/www.sicep.it\/?s={search_term_string}\"},\"query-input\":\"required name=search_term_string\"}],\"inLanguage\":\"fr-FR\"},{\"@type\":\"Organization\",\"@id\":\"https:\/\/www.sicep.it\/#organization\",\"name\":\"Sicep\",\"url\":\"https:\/\/www.sicep.it\/\",\"logo\":{\"@type\":\"ImageObject\",\"inLanguage\":\"fr-FR\",\"@id\":\"https:\/\/www.sicep.it\/#\/schema\/logo\/image\/\",\"url\":\"https:\/\/www.sicep.it\/wp-content\/uploads\/2020\/06\/sicep.jpg\",\"contentUrl\":\"https:\/\/www.sicep.it\/wp-content\/uploads\/2020\/06\/sicep.jpg\",\"width\":512,\"height\":512,\"caption\":\"Sicep\"},\"image\":{\"@id\":\"https:\/\/www.sicep.it\/#\/schema\/logo\/image\/\"}}]}<\/script>\n<!-- \/ Yoast SEO plugin. -->","yoast_head_json":{"title":"IRS-CM - Sicep","description":"IRS-CM - Sicep - Centrale d'alarme radio monodirectionnelle multiprotocole, \u00e0 8 entr\u00e9es et 3 canaux de service","robots":{"index":"index","follow":"follow","max-snippet":"max-snippet:-1","max-image-preview":"max-image-preview:large","max-video-preview":"max-video-preview:-1"},"canonical":"https:\/\/www.sicep.it\/fr\/producter\/centrale-radio-unidirectionnel-multiprotocole\/","og_locale":"fr_FR","og_type":"article","og_title":"IRS-CM - Sicep","og_description":"IRS-CM - Sicep - Centrale d'alarme radio monodirectionnelle multiprotocole, \u00e0 8 entr\u00e9es et 3 canaux de service","og_url":"https:\/\/www.sicep.it\/fr\/producter\/centrale-radio-unidirectionnel-multiprotocole\/","og_site_name":"Sicep","article_modified_time":"2026-01-20T15:29:10+00:00","twitter_card":"summary_large_image","schema":{"@context":"https:\/\/schema.org","@graph":[{"@type":"WebPage","@id":"https:\/\/www.sicep.it\/fr\/producter\/centrale-radio-unidirectionnel-multiprotocole\/","url":"https:\/\/www.sicep.it\/fr\/producter\/centrale-radio-unidirectionnel-multiprotocole\/","name":"IRS-CM - Sicep","isPartOf":{"@id":"https:\/\/www.sicep.it\/#website"},"datePublished":"2020-05-04T13:16:37+00:00","dateModified":"2026-01-20T15:29:10+00:00","description":"IRS-CM - Sicep - Centrale d'alarme radio monodirectionnelle multiprotocole, \u00e0 8 entr\u00e9es et 3 canaux de service","breadcrumb":{"@id":"https:\/\/www.sicep.it\/fr\/producter\/centrale-radio-unidirectionnel-multiprotocole\/#breadcrumb"},"inLanguage":"fr-FR","potentialAction":[{"@type":"ReadAction","target":["https:\/\/www.sicep.it\/fr\/producter\/centrale-radio-unidirectionnel-multiprotocole\/"]}]},{"@type":"BreadcrumbList","@id":"https:\/\/www.sicep.it\/fr\/producter\/centrale-radio-unidirectionnel-multiprotocole\/#breadcrumb","itemListElement":[{"@type":"ListItem","position":1,"name":"Home","item":"https:\/\/www.sicep.it\/fr\/"},{"@type":"ListItem","position":2,"name":"IRS-CM"}]},{"@type":"WebSite","@id":"https:\/\/www.sicep.it\/#website","url":"https:\/\/www.sicep.it\/","name":"Sicep","description":"","publisher":{"@id":"https:\/\/www.sicep.it\/#organization"},"potentialAction":[{"@type":"SearchAction","target":{"@type":"EntryPoint","urlTemplate":"https:\/\/www.sicep.it\/?s={search_term_string}"},"query-input":"required name=search_term_string"}],"inLanguage":"fr-FR"},{"@type":"Organization","@id":"https:\/\/www.sicep.it\/#organization","name":"Sicep","url":"https:\/\/www.sicep.it\/","logo":{"@type":"ImageObject","inLanguage":"fr-FR","@id":"https:\/\/www.sicep.it\/#\/schema\/logo\/image\/","url":"https:\/\/www.sicep.it\/wp-content\/uploads\/2020\/06\/sicep.jpg","contentUrl":"https:\/\/www.sicep.it\/wp-content\/uploads\/2020\/06\/sicep.jpg","width":512,"height":512,"caption":"Sicep"},"image":{"@id":"https:\/\/www.sicep.it\/#\/schema\/logo\/image\/"}}]}},"_links":{"self":[{"href":"https:\/\/www.sicep.it\/fr\/wp-json\/wp\/v2\/product\/6549"}],"collection":[{"href":"https:\/\/www.sicep.it\/fr\/wp-json\/wp\/v2\/product"}],"about":[{"href":"https:\/\/www.sicep.it\/fr\/wp-json\/wp\/v2\/types\/product"}],"wp:featuredmedia":[{"embeddable":true,"href":"https:\/\/www.sicep.it\/fr\/wp-json\/wp\/v2\/media\/3223"}],"wp:attachment":[{"href":"https:\/\/www.sicep.it\/fr\/wp-json\/wp\/v2\/media?parent=6549"}],"wp:term":[{"taxonomy":"product_cat","embeddable":true,"href":"https:\/\/www.sicep.it\/fr\/wp-json\/wp\/v2\/product_cat?post=6549"},{"taxonomy":"product_tag","embeddable":true,"href":"https:\/\/www.sicep.it\/fr\/wp-json\/wp\/v2\/product_tag?post=6549"}],"curies":[{"name":"wp","href":"https:\/\/api.w.org\/{rel}","templated":true}]}}