{"id":6546,"date":"2020-04-30T18:59:31","date_gmt":"2020-04-30T16:59:31","guid":{"rendered":"https:\/\/www.sicep.it\/produttore\/centrale-alarme-8-zones-filaires-4-sorties-extensibles\/"},"modified":"2026-01-20T16:46:21","modified_gmt":"2026-01-20T15:46:21","slug":"centrale-alarme-8-zones-filaires-4-sorties-extensibles","status":"publish","type":"product","link":"https:\/\/www.sicep.it\/fr\/producter\/centrale-alarme-8-zones-filaires-4-sorties-extensibles\/","title":{"rendered":"UNICA UN-15167"},"content":{"rendered":"","protected":false},"excerpt":{"rendered":"<p>Centrale d&#8217;alarme avec 8 zones filaires (4 sorties) extensible \u00e0 104 IN &#8211; 100 OUT. Gestion de 55 Appareils radio BiTech, 100 BT-KT, 8 REP et v\u00e9rification vid\u00e9o avec Module VTech. 15 domaines. 100 codes utilisateurs. Communicateur num\u00e9rique (Contact-ID), Module r\u00e9seau et int\u00e9gr\u00e9 Gsm\/Gprs (protocole Sicep). Messages vocaux par synth\u00e8se vocale, SMS ou e-mail. Syst\u00e8me anti-brouillage sur 868Mhz et Gsm. Sir\u00e8ne pi\u00e9zo\u00e9lectrique. Programmateur hebdomadaire. \u00c9v\u00e9nements historiques (2 048). Gestion via l&#8217;application SICEP (iOS, Android).<\/p>\n<p><img loading=\"lazy\" class=\"alignleft wp-image-1251\" src=\"https:\/\/www.sicep.it\/wp-content\/uploads\/2022\/04\/Risorsa-6-8.png\" alt=\"\" width=\"415\" height=\"100\" \/><\/p>\n<table style=\"border-collapse: collapse; width: 100%; background-color: #ffffff; height: 296px;\" border=\"0\">\n<tbody>\n<tr style=\"height: 144px;\">\n<td style=\"height: 144px; background-color: #ffffff; border-style: hidden; text-align: left;\" colspan=\"2\"><img loading=\"lazy\" style=\"text-align: center;\" src=\"https:\/\/www.sicep.it\/wp-content\/uploads\/2020\/04\/AppSicep-ButtonRound-150x150.png\" alt=\"App SICEP\" width=\"140\" height=\"140\" \/><\/td>\n<\/tr>\n<tr style=\"height: 48px;\">\n<td style=\"height: 48px; text-align: center; width: 30%; vertical-align: middle; background-color: #ffffff; border-style: hidden;\"><a title=\"App SICEP - Google Play Store\" href=\"https:\/\/play.google.com\/store\/apps\/details?id=com.sicep.sicep\" target=\"_blank\" rel=\"noopener\"><img loading=\"lazy\" src=\"https:\/\/www.sicep.it\/wp-content\/uploads\/2020\/04\/QRCode-Google-Sicep-150x150.png\" alt=\"App SICEP - Google Play Store\" width=\"100\" height=\"100\" \/><\/a><\/td>\n<td style=\"width: 70%; height: 48px; text-align: left; vertical-align: middle; background-color: #ffffff; border-style: hidden;\"><a title=\"App SICEP - Google Play Store\" href=\"https:\/\/play.google.com\/store\/apps\/details?id=com.sicep.sicep\" target=\"_blank\" rel=\"noopener\"><img loading=\"lazy\" src=\"https:\/\/www.sicep.it\/wp-content\/uploads\/2025\/06\/google-play-badge_Francese.png\" alt=\"\" width=\"252\" height=\"75\" \/><\/a><\/td>\n<\/tr>\n<tr style=\"height: 104px;\">\n<td style=\"height: 104px; text-align: center; width: 30%; vertical-align: middle; background-color: #ffffff; border-style: hidden;\"><a title=\"App SICEP - Apple App Store\" href=\"https:\/\/apps.apple.com\/fr\/app\/sicep\/id6472173004\" target=\"_blank\" rel=\"noopener\"><img loading=\"lazy\" src=\"https:\/\/www.sicep.it\/wp-content\/uploads\/2020\/04\/QRCode-Apple-Sicep-150x150.png\" alt=\"App SICEP - Apple App Store\" width=\"100\" height=\"100\" \/><\/a><\/td>\n<td style=\"width: 70%; height: 104px; text-align: left; vertical-align: middle; background-color: #ffffff; border-style: hidden;\"><a title=\"App SICEP - Apple App Store\" href=\"https:\/\/apps.apple.com\/fr\/app\/sicep\/id6472173004\" target=\"_blank\" rel=\"noopener\"><img loading=\"lazy\" src=\"https:\/\/www.sicep.it\/wp-content\/uploads\/2025\/06\/Download_on_the_App_Store_Badge_FR_blk_100517.png\" alt=\"\" width=\"223\" height=\"75\" \/><\/a><\/td>\n<\/tr>\n<\/tbody>\n<\/table>\n","protected":false},"featured_media":1444,"template":"","meta":[],"product_cat":[298,384],"product_tag":[],"yoast_head":"<!-- This site is optimized with the Yoast SEO plugin v19.9 - https:\/\/yoast.com\/wordpress\/plugins\/seo\/ -->\n<title>UNICA UN-15167 - Sicep<\/title>\n<meta name=\"description\" content=\"UNICA UN-15167 - Sicep - Centrale d&#039;alarme avec 8 zones filaires 4 sorties extensible. Gestion de 55 Appareils radio BiTech, 100 BT-KT, 8 REP et v\u00e9rification vid\u00e9o avec Module VTech. 15 domaines\" \/>\n<meta name=\"robots\" content=\"index, follow, max-snippet:-1, max-image-preview:large, max-video-preview:-1\" \/>\n<link rel=\"canonical\" href=\"https:\/\/www.sicep.it\/fr\/producter\/centrale-alarme-8-zones-filaires-4-sorties-extensibles\/\" \/>\n<meta property=\"og:locale\" content=\"fr_FR\" \/>\n<meta property=\"og:type\" content=\"article\" \/>\n<meta property=\"og:title\" content=\"UNICA UN-15167 - Sicep\" \/>\n<meta property=\"og:description\" content=\"UNICA UN-15167 - Sicep - Centrale d&#039;alarme avec 8 zones filaires 4 sorties extensible. Gestion de 55 Appareils radio BiTech, 100 BT-KT, 8 REP et v\u00e9rification vid\u00e9o avec Module VTech. 15 domaines\" \/>\n<meta property=\"og:url\" content=\"https:\/\/www.sicep.it\/fr\/producter\/centrale-alarme-8-zones-filaires-4-sorties-extensibles\/\" \/>\n<meta property=\"og:site_name\" content=\"Sicep\" \/>\n<meta property=\"article:modified_time\" content=\"2026-01-20T15:46:21+00:00\" \/>\n<meta name=\"twitter:card\" content=\"summary_large_image\" \/>\n<script type=\"application\/ld+json\" class=\"yoast-schema-graph\">{\"@context\":\"https:\/\/schema.org\",\"@graph\":[{\"@type\":\"WebPage\",\"@id\":\"https:\/\/www.sicep.it\/fr\/producter\/centrale-alarme-8-zones-filaires-4-sorties-extensibles\/\",\"url\":\"https:\/\/www.sicep.it\/fr\/producter\/centrale-alarme-8-zones-filaires-4-sorties-extensibles\/\",\"name\":\"UNICA UN-15167 - Sicep\",\"isPartOf\":{\"@id\":\"https:\/\/www.sicep.it\/#website\"},\"datePublished\":\"2020-04-30T16:59:31+00:00\",\"dateModified\":\"2026-01-20T15:46:21+00:00\",\"description\":\"UNICA UN-15167 - Sicep - Centrale d'alarme avec 8 zones filaires 4 sorties extensible. Gestion de 55 Appareils radio BiTech, 100 BT-KT, 8 REP et v\u00e9rification vid\u00e9o avec Module VTech. 15 domaines\",\"breadcrumb\":{\"@id\":\"https:\/\/www.sicep.it\/fr\/producter\/centrale-alarme-8-zones-filaires-4-sorties-extensibles\/#breadcrumb\"},\"inLanguage\":\"fr-FR\",\"potentialAction\":[{\"@type\":\"ReadAction\",\"target\":[\"https:\/\/www.sicep.it\/fr\/producter\/centrale-alarme-8-zones-filaires-4-sorties-extensibles\/\"]}]},{\"@type\":\"BreadcrumbList\",\"@id\":\"https:\/\/www.sicep.it\/fr\/producter\/centrale-alarme-8-zones-filaires-4-sorties-extensibles\/#breadcrumb\",\"itemListElement\":[{\"@type\":\"ListItem\",\"position\":1,\"name\":\"Home\",\"item\":\"https:\/\/www.sicep.it\/fr\/\"},{\"@type\":\"ListItem\",\"position\":2,\"name\":\"UNICA UN-15167\"}]},{\"@type\":\"WebSite\",\"@id\":\"https:\/\/www.sicep.it\/#website\",\"url\":\"https:\/\/www.sicep.it\/\",\"name\":\"Sicep\",\"description\":\"\",\"publisher\":{\"@id\":\"https:\/\/www.sicep.it\/#organization\"},\"potentialAction\":[{\"@type\":\"SearchAction\",\"target\":{\"@type\":\"EntryPoint\",\"urlTemplate\":\"https:\/\/www.sicep.it\/?s={search_term_string}\"},\"query-input\":\"required name=search_term_string\"}],\"inLanguage\":\"fr-FR\"},{\"@type\":\"Organization\",\"@id\":\"https:\/\/www.sicep.it\/#organization\",\"name\":\"Sicep\",\"url\":\"https:\/\/www.sicep.it\/\",\"logo\":{\"@type\":\"ImageObject\",\"inLanguage\":\"fr-FR\",\"@id\":\"https:\/\/www.sicep.it\/#\/schema\/logo\/image\/\",\"url\":\"https:\/\/www.sicep.it\/wp-content\/uploads\/2020\/06\/sicep.jpg\",\"contentUrl\":\"https:\/\/www.sicep.it\/wp-content\/uploads\/2020\/06\/sicep.jpg\",\"width\":512,\"height\":512,\"caption\":\"Sicep\"},\"image\":{\"@id\":\"https:\/\/www.sicep.it\/#\/schema\/logo\/image\/\"}}]}<\/script>\n<!-- \/ Yoast SEO plugin. -->","yoast_head_json":{"title":"UNICA UN-15167 - Sicep","description":"UNICA UN-15167 - Sicep - Centrale d'alarme avec 8 zones filaires 4 sorties extensible. Gestion de 55 Appareils radio BiTech, 100 BT-KT, 8 REP et v\u00e9rification vid\u00e9o avec Module VTech. 15 domaines","robots":{"index":"index","follow":"follow","max-snippet":"max-snippet:-1","max-image-preview":"max-image-preview:large","max-video-preview":"max-video-preview:-1"},"canonical":"https:\/\/www.sicep.it\/fr\/producter\/centrale-alarme-8-zones-filaires-4-sorties-extensibles\/","og_locale":"fr_FR","og_type":"article","og_title":"UNICA UN-15167 - Sicep","og_description":"UNICA UN-15167 - Sicep - Centrale d'alarme avec 8 zones filaires 4 sorties extensible. Gestion de 55 Appareils radio BiTech, 100 BT-KT, 8 REP et v\u00e9rification vid\u00e9o avec Module VTech. 15 domaines","og_url":"https:\/\/www.sicep.it\/fr\/producter\/centrale-alarme-8-zones-filaires-4-sorties-extensibles\/","og_site_name":"Sicep","article_modified_time":"2026-01-20T15:46:21+00:00","twitter_card":"summary_large_image","schema":{"@context":"https:\/\/schema.org","@graph":[{"@type":"WebPage","@id":"https:\/\/www.sicep.it\/fr\/producter\/centrale-alarme-8-zones-filaires-4-sorties-extensibles\/","url":"https:\/\/www.sicep.it\/fr\/producter\/centrale-alarme-8-zones-filaires-4-sorties-extensibles\/","name":"UNICA UN-15167 - Sicep","isPartOf":{"@id":"https:\/\/www.sicep.it\/#website"},"datePublished":"2020-04-30T16:59:31+00:00","dateModified":"2026-01-20T15:46:21+00:00","description":"UNICA UN-15167 - Sicep - Centrale d'alarme avec 8 zones filaires 4 sorties extensible. Gestion de 55 Appareils radio BiTech, 100 BT-KT, 8 REP et v\u00e9rification vid\u00e9o avec Module VTech. 15 domaines","breadcrumb":{"@id":"https:\/\/www.sicep.it\/fr\/producter\/centrale-alarme-8-zones-filaires-4-sorties-extensibles\/#breadcrumb"},"inLanguage":"fr-FR","potentialAction":[{"@type":"ReadAction","target":["https:\/\/www.sicep.it\/fr\/producter\/centrale-alarme-8-zones-filaires-4-sorties-extensibles\/"]}]},{"@type":"BreadcrumbList","@id":"https:\/\/www.sicep.it\/fr\/producter\/centrale-alarme-8-zones-filaires-4-sorties-extensibles\/#breadcrumb","itemListElement":[{"@type":"ListItem","position":1,"name":"Home","item":"https:\/\/www.sicep.it\/fr\/"},{"@type":"ListItem","position":2,"name":"UNICA UN-15167"}]},{"@type":"WebSite","@id":"https:\/\/www.sicep.it\/#website","url":"https:\/\/www.sicep.it\/","name":"Sicep","description":"","publisher":{"@id":"https:\/\/www.sicep.it\/#organization"},"potentialAction":[{"@type":"SearchAction","target":{"@type":"EntryPoint","urlTemplate":"https:\/\/www.sicep.it\/?s={search_term_string}"},"query-input":"required name=search_term_string"}],"inLanguage":"fr-FR"},{"@type":"Organization","@id":"https:\/\/www.sicep.it\/#organization","name":"Sicep","url":"https:\/\/www.sicep.it\/","logo":{"@type":"ImageObject","inLanguage":"fr-FR","@id":"https:\/\/www.sicep.it\/#\/schema\/logo\/image\/","url":"https:\/\/www.sicep.it\/wp-content\/uploads\/2020\/06\/sicep.jpg","contentUrl":"https:\/\/www.sicep.it\/wp-content\/uploads\/2020\/06\/sicep.jpg","width":512,"height":512,"caption":"Sicep"},"image":{"@id":"https:\/\/www.sicep.it\/#\/schema\/logo\/image\/"}}]}},"_links":{"self":[{"href":"https:\/\/www.sicep.it\/fr\/wp-json\/wp\/v2\/product\/6546"}],"collection":[{"href":"https:\/\/www.sicep.it\/fr\/wp-json\/wp\/v2\/product"}],"about":[{"href":"https:\/\/www.sicep.it\/fr\/wp-json\/wp\/v2\/types\/product"}],"wp:featuredmedia":[{"embeddable":true,"href":"https:\/\/www.sicep.it\/fr\/wp-json\/wp\/v2\/media\/1444"}],"wp:attachment":[{"href":"https:\/\/www.sicep.it\/fr\/wp-json\/wp\/v2\/media?parent=6546"}],"wp:term":[{"taxonomy":"product_cat","embeddable":true,"href":"https:\/\/www.sicep.it\/fr\/wp-json\/wp\/v2\/product_cat?post=6546"},{"taxonomy":"product_tag","embeddable":true,"href":"https:\/\/www.sicep.it\/fr\/wp-json\/wp\/v2\/product_tag?post=6546"}],"curies":[{"name":"wp","href":"https:\/\/api.w.org\/{rel}","templated":true}]}}