{"id":6539,"date":"2020-05-04T10:12:44","date_gmt":"2020-05-04T08:12:44","guid":{"rendered":"https:\/\/www.sicep.it\/produttore\/centrale-alarme-sans-fil-bidirectionnelle-bitech\/"},"modified":"2026-01-20T16:41:22","modified_gmt":"2026-01-20T15:41:22","slug":"centrale-alarme-sans-fil-bidirectionnelle-bitech","status":"publish","type":"product","link":"https:\/\/www.sicep.it\/fr\/producter\/centrale-alarme-sans-fil-bidirectionnelle-bitech\/","title":{"rendered":"ONE-114"},"content":{"rendered":"","protected":false},"excerpt":{"rendered":"<p>Est un syst\u00e8me d\u2019alarme innovant compos\u00e9 d\u2019une centrale d\u2019alarme antivol enti\u00e8rement sans fil BiTech bidirectionnel, \u00e0 piles (batteries torches) et\/ou sur secteur, avec possibilit\u00e9 de v\u00e9rification vid\u00e9o sur demande ou alarme (technologie VTech). La v\u00e9rification vid\u00e9o vous permet de recevoir photo de l\u2019\u00e9v\u00e9nement directement sur le t\u00e9l\u00e9phone mobile ou dans le centre de surveillance permettant de v\u00e9rifier la situation et d\u2019autoriser l\u2019envoi de la patrouille et\/ou de la police. L\u00e0 facilit\u00e9 d\u2019installation et la facilit\u00e9 de programmation (mode Plug &amp; Play) permettent une configuration rapide m\u00eame par du personnel non qualifi\u00e9. Le clavier capacitif, le large affichage graphique et lecteur de proximit\u00e9, permettent une utilisation facile de toutes les fonctions du syst\u00e8me.<\/p>\n<p><img loading=\"lazy\" class=\"alignleft wp-image-1251\" src=\"https:\/\/www.sicep.it\/wp-content\/uploads\/2022\/04\/Risorsa-5-8.png\" alt=\"\" width=\"415px\" height=\"100px\" \/><\/p>\n","protected":false},"featured_media":1454,"template":"","meta":[],"product_cat":[298,382],"product_tag":[],"yoast_head":"<!-- This site is optimized with the Yoast SEO plugin v19.9 - https:\/\/yoast.com\/wordpress\/plugins\/seo\/ -->\n<title>ONE-114 - Sicep<\/title>\n<meta name=\"description\" content=\"ONE-114 - Sicep - Centrale di allarme wireless bidirezionale BiTech, alimentazione a batterie e\/o rete elettrica, tastiera capacitiva, lettore prossimit\u00e0 RFID e molto altro\" \/>\n<meta name=\"robots\" content=\"index, follow, max-snippet:-1, max-image-preview:large, max-video-preview:-1\" \/>\n<link rel=\"canonical\" href=\"https:\/\/www.sicep.it\/fr\/producter\/centrale-alarme-sans-fil-bidirectionnelle-bitech\/\" \/>\n<meta property=\"og:locale\" content=\"fr_FR\" \/>\n<meta property=\"og:type\" content=\"article\" \/>\n<meta property=\"og:title\" content=\"ONE-114 - Sicep\" \/>\n<meta property=\"og:description\" content=\"ONE-114 - Sicep - Centrale di allarme wireless bidirezionale BiTech, alimentazione a batterie e\/o rete elettrica, tastiera capacitiva, lettore prossimit\u00e0 RFID e molto altro\" \/>\n<meta property=\"og:url\" content=\"https:\/\/www.sicep.it\/fr\/producter\/centrale-alarme-sans-fil-bidirectionnelle-bitech\/\" \/>\n<meta property=\"og:site_name\" content=\"Sicep\" \/>\n<meta property=\"article:modified_time\" content=\"2026-01-20T15:41:22+00:00\" \/>\n<meta name=\"twitter:card\" content=\"summary_large_image\" \/>\n<script type=\"application\/ld+json\" class=\"yoast-schema-graph\">{\"@context\":\"https:\/\/schema.org\",\"@graph\":[{\"@type\":\"WebPage\",\"@id\":\"https:\/\/www.sicep.it\/fr\/producter\/centrale-alarme-sans-fil-bidirectionnelle-bitech\/\",\"url\":\"https:\/\/www.sicep.it\/fr\/producter\/centrale-alarme-sans-fil-bidirectionnelle-bitech\/\",\"name\":\"ONE-114 - Sicep\",\"isPartOf\":{\"@id\":\"https:\/\/www.sicep.it\/#website\"},\"datePublished\":\"2020-05-04T08:12:44+00:00\",\"dateModified\":\"2026-01-20T15:41:22+00:00\",\"description\":\"ONE-114 - Sicep - Centrale di allarme wireless bidirezionale BiTech, alimentazione a batterie e\/o rete elettrica, tastiera capacitiva, lettore prossimit\u00e0 RFID e molto altro\",\"breadcrumb\":{\"@id\":\"https:\/\/www.sicep.it\/fr\/producter\/centrale-alarme-sans-fil-bidirectionnelle-bitech\/#breadcrumb\"},\"inLanguage\":\"fr-FR\",\"potentialAction\":[{\"@type\":\"ReadAction\",\"target\":[\"https:\/\/www.sicep.it\/fr\/producter\/centrale-alarme-sans-fil-bidirectionnelle-bitech\/\"]}]},{\"@type\":\"BreadcrumbList\",\"@id\":\"https:\/\/www.sicep.it\/fr\/producter\/centrale-alarme-sans-fil-bidirectionnelle-bitech\/#breadcrumb\",\"itemListElement\":[{\"@type\":\"ListItem\",\"position\":1,\"name\":\"Home\",\"item\":\"https:\/\/www.sicep.it\/fr\/\"},{\"@type\":\"ListItem\",\"position\":2,\"name\":\"ONE-114\"}]},{\"@type\":\"WebSite\",\"@id\":\"https:\/\/www.sicep.it\/#website\",\"url\":\"https:\/\/www.sicep.it\/\",\"name\":\"Sicep\",\"description\":\"\",\"publisher\":{\"@id\":\"https:\/\/www.sicep.it\/#organization\"},\"potentialAction\":[{\"@type\":\"SearchAction\",\"target\":{\"@type\":\"EntryPoint\",\"urlTemplate\":\"https:\/\/www.sicep.it\/?s={search_term_string}\"},\"query-input\":\"required name=search_term_string\"}],\"inLanguage\":\"fr-FR\"},{\"@type\":\"Organization\",\"@id\":\"https:\/\/www.sicep.it\/#organization\",\"name\":\"Sicep\",\"url\":\"https:\/\/www.sicep.it\/\",\"logo\":{\"@type\":\"ImageObject\",\"inLanguage\":\"fr-FR\",\"@id\":\"https:\/\/www.sicep.it\/#\/schema\/logo\/image\/\",\"url\":\"https:\/\/www.sicep.it\/wp-content\/uploads\/2020\/06\/sicep.jpg\",\"contentUrl\":\"https:\/\/www.sicep.it\/wp-content\/uploads\/2020\/06\/sicep.jpg\",\"width\":512,\"height\":512,\"caption\":\"Sicep\"},\"image\":{\"@id\":\"https:\/\/www.sicep.it\/#\/schema\/logo\/image\/\"}}]}<\/script>\n<!-- \/ Yoast SEO plugin. -->","yoast_head_json":{"title":"ONE-114 - Sicep","description":"ONE-114 - Sicep - Centrale di allarme wireless bidirezionale BiTech, alimentazione a batterie e\/o rete elettrica, tastiera capacitiva, lettore prossimit\u00e0 RFID e molto altro","robots":{"index":"index","follow":"follow","max-snippet":"max-snippet:-1","max-image-preview":"max-image-preview:large","max-video-preview":"max-video-preview:-1"},"canonical":"https:\/\/www.sicep.it\/fr\/producter\/centrale-alarme-sans-fil-bidirectionnelle-bitech\/","og_locale":"fr_FR","og_type":"article","og_title":"ONE-114 - Sicep","og_description":"ONE-114 - Sicep - Centrale di allarme wireless bidirezionale BiTech, alimentazione a batterie e\/o rete elettrica, tastiera capacitiva, lettore prossimit\u00e0 RFID e molto altro","og_url":"https:\/\/www.sicep.it\/fr\/producter\/centrale-alarme-sans-fil-bidirectionnelle-bitech\/","og_site_name":"Sicep","article_modified_time":"2026-01-20T15:41:22+00:00","twitter_card":"summary_large_image","schema":{"@context":"https:\/\/schema.org","@graph":[{"@type":"WebPage","@id":"https:\/\/www.sicep.it\/fr\/producter\/centrale-alarme-sans-fil-bidirectionnelle-bitech\/","url":"https:\/\/www.sicep.it\/fr\/producter\/centrale-alarme-sans-fil-bidirectionnelle-bitech\/","name":"ONE-114 - Sicep","isPartOf":{"@id":"https:\/\/www.sicep.it\/#website"},"datePublished":"2020-05-04T08:12:44+00:00","dateModified":"2026-01-20T15:41:22+00:00","description":"ONE-114 - Sicep - Centrale di allarme wireless bidirezionale BiTech, alimentazione a batterie e\/o rete elettrica, tastiera capacitiva, lettore prossimit\u00e0 RFID e molto altro","breadcrumb":{"@id":"https:\/\/www.sicep.it\/fr\/producter\/centrale-alarme-sans-fil-bidirectionnelle-bitech\/#breadcrumb"},"inLanguage":"fr-FR","potentialAction":[{"@type":"ReadAction","target":["https:\/\/www.sicep.it\/fr\/producter\/centrale-alarme-sans-fil-bidirectionnelle-bitech\/"]}]},{"@type":"BreadcrumbList","@id":"https:\/\/www.sicep.it\/fr\/producter\/centrale-alarme-sans-fil-bidirectionnelle-bitech\/#breadcrumb","itemListElement":[{"@type":"ListItem","position":1,"name":"Home","item":"https:\/\/www.sicep.it\/fr\/"},{"@type":"ListItem","position":2,"name":"ONE-114"}]},{"@type":"WebSite","@id":"https:\/\/www.sicep.it\/#website","url":"https:\/\/www.sicep.it\/","name":"Sicep","description":"","publisher":{"@id":"https:\/\/www.sicep.it\/#organization"},"potentialAction":[{"@type":"SearchAction","target":{"@type":"EntryPoint","urlTemplate":"https:\/\/www.sicep.it\/?s={search_term_string}"},"query-input":"required name=search_term_string"}],"inLanguage":"fr-FR"},{"@type":"Organization","@id":"https:\/\/www.sicep.it\/#organization","name":"Sicep","url":"https:\/\/www.sicep.it\/","logo":{"@type":"ImageObject","inLanguage":"fr-FR","@id":"https:\/\/www.sicep.it\/#\/schema\/logo\/image\/","url":"https:\/\/www.sicep.it\/wp-content\/uploads\/2020\/06\/sicep.jpg","contentUrl":"https:\/\/www.sicep.it\/wp-content\/uploads\/2020\/06\/sicep.jpg","width":512,"height":512,"caption":"Sicep"},"image":{"@id":"https:\/\/www.sicep.it\/#\/schema\/logo\/image\/"}}]}},"_links":{"self":[{"href":"https:\/\/www.sicep.it\/fr\/wp-json\/wp\/v2\/product\/6539"}],"collection":[{"href":"https:\/\/www.sicep.it\/fr\/wp-json\/wp\/v2\/product"}],"about":[{"href":"https:\/\/www.sicep.it\/fr\/wp-json\/wp\/v2\/types\/product"}],"wp:featuredmedia":[{"embeddable":true,"href":"https:\/\/www.sicep.it\/fr\/wp-json\/wp\/v2\/media\/1454"}],"wp:attachment":[{"href":"https:\/\/www.sicep.it\/fr\/wp-json\/wp\/v2\/media?parent=6539"}],"wp:term":[{"taxonomy":"product_cat","embeddable":true,"href":"https:\/\/www.sicep.it\/fr\/wp-json\/wp\/v2\/product_cat?post=6539"},{"taxonomy":"product_tag","embeddable":true,"href":"https:\/\/www.sicep.it\/fr\/wp-json\/wp\/v2\/product_tag?post=6539"}],"curies":[{"name":"wp","href":"https:\/\/api.w.org\/{rel}","templated":true}]}}