{"id":10327,"date":"2025-06-03T11:18:41","date_gmt":"2025-06-03T09:18:41","guid":{"rendered":"https:\/\/www.sicep.it\/?post_type=product&#038;p=10327"},"modified":"2026-01-20T16:19:55","modified_gmt":"2026-01-20T15:19:55","slug":"fg-l-compact","status":"publish","type":"product","link":"https:\/\/www.sicep.it\/fr\/producter\/fg-l-compact\/","title":{"rendered":"FG-L COMPACT"},"content":{"rendered":"","protected":false},"excerpt":{"rendered":"<p>G\u00e9n\u00e9rateur de brouillard minimal \u00e0 haute performance et faible consommation d&#8217;\u00e9nergie. Jet de brouillard et saturation jusqu&#8217;\u00e0 390 m\u00b3 en 50 secondes (130 m\u00b3 de visibilit\u00e9 \u00e0 moins de 1 m). N.6 tirs avec d\u00e9bit maximum. Recommand\u00e9 pour 40mq. Bo\u00eetier en plastique. Batterie de secours. Complet avec sac de liquide de 500ml, certification Food Grade.<\/p>\n","protected":false},"featured_media":10334,"template":"","meta":[],"product_cat":[389],"product_tag":[],"yoast_head":"<!-- This site is optimized with the Yoast SEO plugin v19.9 - https:\/\/yoast.com\/wordpress\/plugins\/seo\/ -->\n<title>FG-L COMPACT - Sicep<\/title>\n<meta name=\"description\" content=\"FG-L COMPACT - Sicep - Le plus petit des brumisateurs avec des performances \u00e9lev\u00e9es et une faible consommation d&#039;\u00e9nergie.\" \/>\n<meta name=\"robots\" content=\"index, follow, max-snippet:-1, max-image-preview:large, max-video-preview:-1\" \/>\n<link rel=\"canonical\" href=\"https:\/\/www.sicep.it\/fr\/producter\/fg-l-compact\/\" \/>\n<meta property=\"og:locale\" content=\"fr_FR\" \/>\n<meta property=\"og:type\" content=\"article\" \/>\n<meta property=\"og:title\" content=\"FG-L COMPACT - Sicep\" \/>\n<meta property=\"og:description\" content=\"FG-L COMPACT - Sicep - Le plus petit des brumisateurs avec des performances \u00e9lev\u00e9es et une faible consommation d&#039;\u00e9nergie.\" \/>\n<meta property=\"og:url\" content=\"https:\/\/www.sicep.it\/fr\/producter\/fg-l-compact\/\" \/>\n<meta property=\"og:site_name\" content=\"Sicep\" \/>\n<meta property=\"article:modified_time\" content=\"2026-01-20T15:19:55+00:00\" \/>\n<meta property=\"og:image\" content=\"https:\/\/www.sicep.it\/wp-content\/uploads\/2025\/06\/FG-L-COMPACT.jpg\" \/>\n\t<meta property=\"og:image:width\" content=\"1200\" \/>\n\t<meta property=\"og:image:height\" content=\"1200\" \/>\n\t<meta property=\"og:image:type\" content=\"image\/jpeg\" \/>\n<meta name=\"twitter:card\" content=\"summary_large_image\" \/>\n<script type=\"application\/ld+json\" class=\"yoast-schema-graph\">{\"@context\":\"https:\/\/schema.org\",\"@graph\":[{\"@type\":\"WebPage\",\"@id\":\"https:\/\/www.sicep.it\/fr\/producter\/fg-l-compact\/\",\"url\":\"https:\/\/www.sicep.it\/fr\/producter\/fg-l-compact\/\",\"name\":\"FG-L COMPACT - Sicep\",\"isPartOf\":{\"@id\":\"https:\/\/www.sicep.it\/#website\"},\"datePublished\":\"2025-06-03T09:18:41+00:00\",\"dateModified\":\"2026-01-20T15:19:55+00:00\",\"description\":\"FG-L COMPACT - Sicep - Le plus petit des brumisateurs avec des performances \u00e9lev\u00e9es et une faible consommation d'\u00e9nergie.\",\"breadcrumb\":{\"@id\":\"https:\/\/www.sicep.it\/fr\/producter\/fg-l-compact\/#breadcrumb\"},\"inLanguage\":\"fr-FR\",\"potentialAction\":[{\"@type\":\"ReadAction\",\"target\":[\"https:\/\/www.sicep.it\/fr\/producter\/fg-l-compact\/\"]}]},{\"@type\":\"BreadcrumbList\",\"@id\":\"https:\/\/www.sicep.it\/fr\/producter\/fg-l-compact\/#breadcrumb\",\"itemListElement\":[{\"@type\":\"ListItem\",\"position\":1,\"name\":\"Home\",\"item\":\"https:\/\/www.sicep.it\/fr\/\"},{\"@type\":\"ListItem\",\"position\":2,\"name\":\"FG-L COMPACT\"}]},{\"@type\":\"WebSite\",\"@id\":\"https:\/\/www.sicep.it\/#website\",\"url\":\"https:\/\/www.sicep.it\/\",\"name\":\"Sicep\",\"description\":\"\",\"publisher\":{\"@id\":\"https:\/\/www.sicep.it\/#organization\"},\"potentialAction\":[{\"@type\":\"SearchAction\",\"target\":{\"@type\":\"EntryPoint\",\"urlTemplate\":\"https:\/\/www.sicep.it\/?s={search_term_string}\"},\"query-input\":\"required name=search_term_string\"}],\"inLanguage\":\"fr-FR\"},{\"@type\":\"Organization\",\"@id\":\"https:\/\/www.sicep.it\/#organization\",\"name\":\"Sicep\",\"url\":\"https:\/\/www.sicep.it\/\",\"logo\":{\"@type\":\"ImageObject\",\"inLanguage\":\"fr-FR\",\"@id\":\"https:\/\/www.sicep.it\/#\/schema\/logo\/image\/\",\"url\":\"https:\/\/www.sicep.it\/wp-content\/uploads\/2020\/06\/sicep.jpg\",\"contentUrl\":\"https:\/\/www.sicep.it\/wp-content\/uploads\/2020\/06\/sicep.jpg\",\"width\":512,\"height\":512,\"caption\":\"Sicep\"},\"image\":{\"@id\":\"https:\/\/www.sicep.it\/#\/schema\/logo\/image\/\"}}]}<\/script>\n<!-- \/ Yoast SEO plugin. -->","yoast_head_json":{"title":"FG-L COMPACT - Sicep","description":"FG-L COMPACT - Sicep - Le plus petit des brumisateurs avec des performances \u00e9lev\u00e9es et une faible consommation d'\u00e9nergie.","robots":{"index":"index","follow":"follow","max-snippet":"max-snippet:-1","max-image-preview":"max-image-preview:large","max-video-preview":"max-video-preview:-1"},"canonical":"https:\/\/www.sicep.it\/fr\/producter\/fg-l-compact\/","og_locale":"fr_FR","og_type":"article","og_title":"FG-L COMPACT - Sicep","og_description":"FG-L COMPACT - Sicep - Le plus petit des brumisateurs avec des performances \u00e9lev\u00e9es et une faible consommation d'\u00e9nergie.","og_url":"https:\/\/www.sicep.it\/fr\/producter\/fg-l-compact\/","og_site_name":"Sicep","article_modified_time":"2026-01-20T15:19:55+00:00","og_image":[{"width":1200,"height":1200,"url":"https:\/\/www.sicep.it\/wp-content\/uploads\/2025\/06\/FG-L-COMPACT.jpg","type":"image\/jpeg"}],"twitter_card":"summary_large_image","schema":{"@context":"https:\/\/schema.org","@graph":[{"@type":"WebPage","@id":"https:\/\/www.sicep.it\/fr\/producter\/fg-l-compact\/","url":"https:\/\/www.sicep.it\/fr\/producter\/fg-l-compact\/","name":"FG-L COMPACT - Sicep","isPartOf":{"@id":"https:\/\/www.sicep.it\/#website"},"datePublished":"2025-06-03T09:18:41+00:00","dateModified":"2026-01-20T15:19:55+00:00","description":"FG-L COMPACT - Sicep - Le plus petit des brumisateurs avec des performances \u00e9lev\u00e9es et une faible consommation d'\u00e9nergie.","breadcrumb":{"@id":"https:\/\/www.sicep.it\/fr\/producter\/fg-l-compact\/#breadcrumb"},"inLanguage":"fr-FR","potentialAction":[{"@type":"ReadAction","target":["https:\/\/www.sicep.it\/fr\/producter\/fg-l-compact\/"]}]},{"@type":"BreadcrumbList","@id":"https:\/\/www.sicep.it\/fr\/producter\/fg-l-compact\/#breadcrumb","itemListElement":[{"@type":"ListItem","position":1,"name":"Home","item":"https:\/\/www.sicep.it\/fr\/"},{"@type":"ListItem","position":2,"name":"FG-L COMPACT"}]},{"@type":"WebSite","@id":"https:\/\/www.sicep.it\/#website","url":"https:\/\/www.sicep.it\/","name":"Sicep","description":"","publisher":{"@id":"https:\/\/www.sicep.it\/#organization"},"potentialAction":[{"@type":"SearchAction","target":{"@type":"EntryPoint","urlTemplate":"https:\/\/www.sicep.it\/?s={search_term_string}"},"query-input":"required name=search_term_string"}],"inLanguage":"fr-FR"},{"@type":"Organization","@id":"https:\/\/www.sicep.it\/#organization","name":"Sicep","url":"https:\/\/www.sicep.it\/","logo":{"@type":"ImageObject","inLanguage":"fr-FR","@id":"https:\/\/www.sicep.it\/#\/schema\/logo\/image\/","url":"https:\/\/www.sicep.it\/wp-content\/uploads\/2020\/06\/sicep.jpg","contentUrl":"https:\/\/www.sicep.it\/wp-content\/uploads\/2020\/06\/sicep.jpg","width":512,"height":512,"caption":"Sicep"},"image":{"@id":"https:\/\/www.sicep.it\/#\/schema\/logo\/image\/"}}]}},"_links":{"self":[{"href":"https:\/\/www.sicep.it\/fr\/wp-json\/wp\/v2\/product\/10327"}],"collection":[{"href":"https:\/\/www.sicep.it\/fr\/wp-json\/wp\/v2\/product"}],"about":[{"href":"https:\/\/www.sicep.it\/fr\/wp-json\/wp\/v2\/types\/product"}],"wp:featuredmedia":[{"embeddable":true,"href":"https:\/\/www.sicep.it\/fr\/wp-json\/wp\/v2\/media\/10334"}],"wp:attachment":[{"href":"https:\/\/www.sicep.it\/fr\/wp-json\/wp\/v2\/media?parent=10327"}],"wp:term":[{"taxonomy":"product_cat","embeddable":true,"href":"https:\/\/www.sicep.it\/fr\/wp-json\/wp\/v2\/product_cat?post=10327"},{"taxonomy":"product_tag","embeddable":true,"href":"https:\/\/www.sicep.it\/fr\/wp-json\/wp\/v2\/product_tag?post=10327"}],"curies":[{"name":"wp","href":"https:\/\/api.w.org\/{rel}","templated":true}]}}