{"id":7738,"date":"2022-09-29T09:43:17","date_gmt":"2022-09-29T07:43:17","guid":{"rendered":"https:\/\/www.sicep.it\/privacy-policy\/"},"modified":"2022-09-29T09:43:17","modified_gmt":"2022-09-29T07:43:17","slug":"privacy-policy","status":"publish","type":"page","link":"https:\/\/www.sicep.it\/fr\/privacy-policy\/","title":{"rendered":"privacy-policy"},"content":{"rendered":"<h2>Politique de confidentialit\u00e9<\/h2>\n<p><b> Politique de confidentialit\u00e9 <\/b> Cette page d\u00e9crit comment g\u00e9rer le site en r\u00e9f\u00e9rence au traitement des donn\u00e9es personnelles des utilisateurs qui le consultent conform\u00e9ment au r\u00e8glement UE 2016\/679 (r\u00e8glement g\u00e9n\u00e9ral sur la protection des donn\u00e9es). <b> Propri\u00e9taire et gestionnaire du traitement <\/b> Le responsable du traitement est <b> SICEP Srl <\/b> bas\u00e9 \u00e0 <b> Via Calabria, 14 &#8211; 50052 Certaldo (FI) &#8211; Italie &#8211; T\u00e9l +39 0571664166 &#8211; Num\u00e9ro de TVA 04552390488 &#8211; email sicep@sicep.it<\/b>\u00a0qui garantit le respect de la r\u00e9glementation sur la protection des donn\u00e9es personnelles. Le responsable du traitement des donn\u00e9es est M. RC Iode. Finalit\u00e9 du traitement Les donn\u00e9es personnelles fournies spontan\u00e9ment par les utilisateurs qui consultent le site seront trait\u00e9es aux fins suivantes :<\/p>\n<ul>\n<li>Statistiques de visites du site<\/li>\n<li>Optimisation et distribution du trafic<\/li>\n<li>Autoriser l&#8217;inscription et l&#8217;acc\u00e8s \u00e0 la zone r\u00e9serv\u00e9e du site et \u00e0 toutes ses fonctionnalit\u00e9s<\/li>\n<\/ul>\n<p><b> D\u00e9tails des donn\u00e9es trait\u00e9es <\/b> <b> Donn\u00e9es de navigation \/ d&#8217;utilisation <\/b> Les syst\u00e8mes informatiques et les proc\u00e9dures logicielles utilis\u00e9es pour faire fonctionner ce site Web acqui\u00e8rent, au cours de leur fonctionnement normal, certaines donn\u00e9es personnelles dont la transmission est implicite dans l&#8217;utilisation des protocoles de communication Internet.<\/p>\n<pre id=\"tw-target-text\" class=\"tw-data-text tw-text-large tw-ta\" dir=\"ltr\" data-placeholder=\"Traduzione\"><\/pre>\n<p>Il s&#8217;agit d&#8217;informations qui ne sont pas collect\u00e9es pour \u00eatre associ\u00e9es \u00e0 des int\u00e9ress\u00e9s identifi\u00e9s, mais qui, de par leur nature m\u00eame, pourraient, par des \u00e9laborations et des associations avec des donn\u00e9es d\u00e9tenues par des tiers, permettre d&#8217;identifier les utilisateurs.<\/p>\n<p>Cette cat\u00e9gorie de donn\u00e9es comprend les adresses IP ou les noms de domaine des ordinateurs utilis\u00e9s par les utilisateurs qui se connectent au site, les adresses URI (Uniform Resource Identifier) \u200b\u200b\u200b\u200bdes ressources demand\u00e9es, l&#8217;heure de la demande, la m\u00e9thode utilis\u00e9e pour soumettre le demande au serveur, la taille du fichier obtenu en r\u00e9ponse, le code num\u00e9rique indiquant l&#8217;\u00e9tat de la r\u00e9ponse donn\u00e9e par le serveur (succ\u00e8s, erreur, etc.) et d&#8217;autres param\u00e8tres relatifs au syst\u00e8me d&#8217;exploitation et \u00e0 l&#8217;environnement informatique de l&#8217;utilisateur.<\/p>\n<p>Ces donn\u00e9es sont utilis\u00e9es dans le seul but d&#8217;obtenir des informations statistiques anonymes sur l&#8217;utilisation du site et de v\u00e9rifier son bon fonctionnement. Les donn\u00e9es pourraient \u00eatre utilis\u00e9es pour d\u00e9terminer la responsabilit\u00e9 en cas d&#8217;hypoth\u00e9tiques d\u00e9lits informatiques contre le site.<\/p>\n<p><b> Donn\u00e9es fournies volontairement par l&#8217;utilisateur <\/b><\/p>\n<p>L&#8217;envoi facultatif, explicite et volontaire d&#8217;e-mails aux adresses indiqu\u00e9es sur ce site implique l&#8217;acquisition ult\u00e9rieure de l&#8217;adresse de l&#8217;exp\u00e9diteur, n\u00e9cessaire pour r\u00e9pondre aux demandes, ainsi que de toute autre donn\u00e9e personnelle incluse dans le message.<\/p>\n<p><b> Cookies <\/b><\/p>\n<p><a href=\"http:\/\/www.sicep.it\/it\/Home\/t:cookie\/\"> Voir les informations associ\u00e9es <\/a>.<\/p>\n<p><b> Donn\u00e9es personnelles trait\u00e9es pour acc\u00e9der aux services du site <\/b><\/p>\n<ul>\n<li> <b> Formulaire <\/b> <b> d&#8217;inscription <\/b> <b> et acc\u00e8s \u00e0 l&#8217;espace r\u00e9serv\u00e9 <\/b> : Nom d&#8217;utilisateur, Mot de passe, Email, Nom, Pr\u00e9nom, Adresse, Num\u00e9ro de t\u00e9l\u00e9phone, Num\u00e9ro par Fax, Pays, Province, Code Postal, Municipalit\u00e9 \/ Ville <\/li>\n<li> <b> Formulaire de r\u00e9servation <\/b> : Email, Nom, Pr\u00e9nom, Adresse, Num\u00e9ro de t\u00e9l\u00e9phone, Num\u00e9ro de fax, Pays, Province, Code postal, Commune \/ Ville <\/li>\n<\/ul>\n<p><b> M\u00e9thodes de traitement <\/b><\/p>\n<p>Le traitement des donn\u00e9es sera effectu\u00e9 \u00e0 la fois manuellement et \u00e0 l&#8217;aide de moyens informatiques et t\u00e9l\u00e9matiques par courrier ordinaire ou \u00e9lectronique. Les donn\u00e9es seront conserv\u00e9es dans des archives papier et \u00e9lectroniques pendant le temps strictement n\u00e9cessaire \u00e0 la r\u00e9alisation des finalit\u00e9s pour lesquelles elles ont \u00e9t\u00e9 collect\u00e9es.<\/p>\n<p>Des mesures de s\u00e9curit\u00e9 sp\u00e9cifiques sont observ\u00e9es pour pr\u00e9venir la perte de donn\u00e9es, l&#8217;utilisation illicite ou incorrecte et l&#8217;acc\u00e8s non autoris\u00e9.<\/p>\n<p>Le traitement sera bas\u00e9 sur les principes d&#8217;exactitude, de l\u00e9galit\u00e9 et de transparence. Les donn\u00e9es ne seront pas diffus\u00e9es.<\/p>\n<p>En dehors de celle pr\u00e9cis\u00e9e pour les donn\u00e9es de navigation, l&#8217;utilisateur est libre de fournir les donn\u00e9es personnelles demand\u00e9es par les diff\u00e9rents services du site. Le d\u00e9faut de les fournir peut rendre impossible l&#8217;obtention de ce qui est demand\u00e9.<\/p>\n<p>\u00c0 tout moment, il est possible de s&#8217;opposer au traitement ou de demander l&#8217;annulation, la modification ou la mise \u00e0 jour de toutes les informations personnelles en notre possession, en envoyant un courrier \u00e9lectronique \u00e0 : sicep@sicep.it<\/p>\n<p><b> Modifications de cette politique de confidentialit\u00e9 <\/b><\/p>\n<p>Le responsable du traitement se r\u00e9serve le droit d&#8217;apporter des modifications \u00e0 cette politique de confidentialit\u00e9 \u00e0 tout moment en informant les utilisateurs sur cette page. Par cons\u00e9quent, veuillez consulter souvent cette page en vous r\u00e9f\u00e9rant \u00e0 la date de la derni\u00e8re modification indiqu\u00e9e en bas. En cas de non-acceptation des modifications apport\u00e9es \u00e0 cette politique de confidentialit\u00e9, l&#8217;Utilisateur peut demander au Responsable du traitement de supprimer ses Donn\u00e9es personnelles. Sauf indication contraire, la politique de confidentialit\u00e9 pr\u00e9c\u00e9dente continuera de s&#8217;appliquer aux donn\u00e9es personnelles collect\u00e9es jusqu&#8217;\u00e0 ce moment.<\/p>\n<p><b> Droits des parties int\u00e9ress\u00e9es <\/b><\/p>\n<p>\u00c0 tout moment, l&#8217;int\u00e9ress\u00e9 peut exercer ses droits (d&#8217;acc\u00e8s, de r\u00e9clamation, d&#8217;annulation, de limitation, d&#8217;opposition, de portabilit\u00e9 des donn\u00e9es) aupr\u00e8s du responsable du traitement conform\u00e9ment au r\u00e8glement UE 2016\/679.<\/p>\n<p>Derni\u00e8re modification : 29 septembre 2022<\/p>\n","protected":false},"excerpt":{"rendered":"<p>Politique de confidentialit\u00e9 Politique de confidentialit\u00e9 Cette page d\u00e9crit comment g\u00e9rer le site en r\u00e9f\u00e9rence au traitement des donn\u00e9es personnelles des utilisateurs qui le consultent conform\u00e9ment au r\u00e8glement UE 2016\/679 (r\u00e8glement g\u00e9n\u00e9ral sur la protection des donn\u00e9es). Propri\u00e9taire et gestionnaire du traitement Le responsable du traitement est SICEP Srl bas\u00e9 \u00e0 Via Calabria, 14 &#8211; [&hellip;]<\/p>\n","protected":false},"author":1,"featured_media":0,"parent":0,"menu_order":0,"comment_status":"closed","ping_status":"open","template":"","meta":[],"yoast_head":"<!-- This site is optimized with the Yoast SEO plugin v19.9 - https:\/\/yoast.com\/wordpress\/plugins\/seo\/ -->\n<title>privacy-policy - Sicep<\/title>\n<meta name=\"robots\" content=\"index, follow, max-snippet:-1, max-image-preview:large, max-video-preview:-1\" \/>\n<link rel=\"canonical\" href=\"https:\/\/www.sicep.it\/privacy-policy\/\" \/>\n<meta property=\"og:locale\" content=\"fr_FR\" \/>\n<meta property=\"og:type\" content=\"article\" \/>\n<meta property=\"og:title\" content=\"privacy-policy - Sicep\" \/>\n<meta property=\"og:description\" content=\"Politique de confidentialit\u00e9 Politique de confidentialit\u00e9 Cette page d\u00e9crit comment g\u00e9rer le site en r\u00e9f\u00e9rence au traitement des donn\u00e9es personnelles des utilisateurs qui le consultent conform\u00e9ment au r\u00e8glement UE 2016\/679 (r\u00e8glement g\u00e9n\u00e9ral sur la protection des donn\u00e9es). Propri\u00e9taire et gestionnaire du traitement Le responsable du traitement est SICEP Srl bas\u00e9 \u00e0 Via Calabria, 14 &#8211; [&hellip;]\" \/>\n<meta property=\"og:url\" content=\"https:\/\/www.sicep.it\/privacy-policy\/\" \/>\n<meta property=\"og:site_name\" content=\"Sicep\" \/>\n<meta name=\"twitter:card\" content=\"summary_large_image\" \/>\n<meta name=\"twitter:label1\" content=\"Dur\u00e9e de lecture estim\u00e9e\" \/>\n\t<meta name=\"twitter:data1\" content=\"4 minutes\" \/>\n<script type=\"application\/ld+json\" class=\"yoast-schema-graph\">{\"@context\":\"https:\/\/schema.org\",\"@graph\":[{\"@type\":\"WebPage\",\"@id\":\"https:\/\/www.sicep.it\/privacy-policy\/\",\"url\":\"https:\/\/www.sicep.it\/privacy-policy\/\",\"name\":\"privacy-policy - Sicep\",\"isPartOf\":{\"@id\":\"https:\/\/www.sicep.it\/#website\"},\"datePublished\":\"2022-09-29T07:43:17+00:00\",\"dateModified\":\"2022-09-29T07:43:17+00:00\",\"breadcrumb\":{\"@id\":\"https:\/\/www.sicep.it\/privacy-policy\/#breadcrumb\"},\"inLanguage\":\"fr-FR\",\"potentialAction\":[{\"@type\":\"ReadAction\",\"target\":[\"https:\/\/www.sicep.it\/privacy-policy\/\"]}]},{\"@type\":\"BreadcrumbList\",\"@id\":\"https:\/\/www.sicep.it\/privacy-policy\/#breadcrumb\",\"itemListElement\":[{\"@type\":\"ListItem\",\"position\":1,\"name\":\"Home\",\"item\":\"https:\/\/www.sicep.it\/fr\/\"},{\"@type\":\"ListItem\",\"position\":2,\"name\":\"privacy-policy\"}]},{\"@type\":\"WebSite\",\"@id\":\"https:\/\/www.sicep.it\/#website\",\"url\":\"https:\/\/www.sicep.it\/\",\"name\":\"Sicep\",\"description\":\"\",\"publisher\":{\"@id\":\"https:\/\/www.sicep.it\/#organization\"},\"potentialAction\":[{\"@type\":\"SearchAction\",\"target\":{\"@type\":\"EntryPoint\",\"urlTemplate\":\"https:\/\/www.sicep.it\/?s={search_term_string}\"},\"query-input\":\"required name=search_term_string\"}],\"inLanguage\":\"fr-FR\"},{\"@type\":\"Organization\",\"@id\":\"https:\/\/www.sicep.it\/#organization\",\"name\":\"Sicep\",\"url\":\"https:\/\/www.sicep.it\/\",\"logo\":{\"@type\":\"ImageObject\",\"inLanguage\":\"fr-FR\",\"@id\":\"https:\/\/www.sicep.it\/#\/schema\/logo\/image\/\",\"url\":\"https:\/\/www.sicep.it\/wp-content\/uploads\/2020\/06\/sicep.jpg\",\"contentUrl\":\"https:\/\/www.sicep.it\/wp-content\/uploads\/2020\/06\/sicep.jpg\",\"width\":512,\"height\":512,\"caption\":\"Sicep\"},\"image\":{\"@id\":\"https:\/\/www.sicep.it\/#\/schema\/logo\/image\/\"}}]}<\/script>\n<!-- \/ Yoast SEO plugin. -->","yoast_head_json":{"title":"privacy-policy - Sicep","robots":{"index":"index","follow":"follow","max-snippet":"max-snippet:-1","max-image-preview":"max-image-preview:large","max-video-preview":"max-video-preview:-1"},"canonical":"https:\/\/www.sicep.it\/privacy-policy\/","og_locale":"fr_FR","og_type":"article","og_title":"privacy-policy - Sicep","og_description":"Politique de confidentialit\u00e9 Politique de confidentialit\u00e9 Cette page d\u00e9crit comment g\u00e9rer le site en r\u00e9f\u00e9rence au traitement des donn\u00e9es personnelles des utilisateurs qui le consultent conform\u00e9ment au r\u00e8glement UE 2016\/679 (r\u00e8glement g\u00e9n\u00e9ral sur la protection des donn\u00e9es). Propri\u00e9taire et gestionnaire du traitement Le responsable du traitement est SICEP Srl bas\u00e9 \u00e0 Via Calabria, 14 &#8211; [&hellip;]","og_url":"https:\/\/www.sicep.it\/privacy-policy\/","og_site_name":"Sicep","twitter_card":"summary_large_image","twitter_misc":{"Dur\u00e9e de lecture estim\u00e9e":"4 minutes"},"schema":{"@context":"https:\/\/schema.org","@graph":[{"@type":"WebPage","@id":"https:\/\/www.sicep.it\/privacy-policy\/","url":"https:\/\/www.sicep.it\/privacy-policy\/","name":"privacy-policy - Sicep","isPartOf":{"@id":"https:\/\/www.sicep.it\/#website"},"datePublished":"2022-09-29T07:43:17+00:00","dateModified":"2022-09-29T07:43:17+00:00","breadcrumb":{"@id":"https:\/\/www.sicep.it\/privacy-policy\/#breadcrumb"},"inLanguage":"fr-FR","potentialAction":[{"@type":"ReadAction","target":["https:\/\/www.sicep.it\/privacy-policy\/"]}]},{"@type":"BreadcrumbList","@id":"https:\/\/www.sicep.it\/privacy-policy\/#breadcrumb","itemListElement":[{"@type":"ListItem","position":1,"name":"Home","item":"https:\/\/www.sicep.it\/fr\/"},{"@type":"ListItem","position":2,"name":"privacy-policy"}]},{"@type":"WebSite","@id":"https:\/\/www.sicep.it\/#website","url":"https:\/\/www.sicep.it\/","name":"Sicep","description":"","publisher":{"@id":"https:\/\/www.sicep.it\/#organization"},"potentialAction":[{"@type":"SearchAction","target":{"@type":"EntryPoint","urlTemplate":"https:\/\/www.sicep.it\/?s={search_term_string}"},"query-input":"required name=search_term_string"}],"inLanguage":"fr-FR"},{"@type":"Organization","@id":"https:\/\/www.sicep.it\/#organization","name":"Sicep","url":"https:\/\/www.sicep.it\/","logo":{"@type":"ImageObject","inLanguage":"fr-FR","@id":"https:\/\/www.sicep.it\/#\/schema\/logo\/image\/","url":"https:\/\/www.sicep.it\/wp-content\/uploads\/2020\/06\/sicep.jpg","contentUrl":"https:\/\/www.sicep.it\/wp-content\/uploads\/2020\/06\/sicep.jpg","width":512,"height":512,"caption":"Sicep"},"image":{"@id":"https:\/\/www.sicep.it\/#\/schema\/logo\/image\/"}}]}},"_links":{"self":[{"href":"https:\/\/www.sicep.it\/fr\/wp-json\/wp\/v2\/pages\/7738"}],"collection":[{"href":"https:\/\/www.sicep.it\/fr\/wp-json\/wp\/v2\/pages"}],"about":[{"href":"https:\/\/www.sicep.it\/fr\/wp-json\/wp\/v2\/types\/page"}],"author":[{"embeddable":true,"href":"https:\/\/www.sicep.it\/fr\/wp-json\/wp\/v2\/users\/1"}],"replies":[{"embeddable":true,"href":"https:\/\/www.sicep.it\/fr\/wp-json\/wp\/v2\/comments?post=7738"}],"version-history":[{"count":0,"href":"https:\/\/www.sicep.it\/fr\/wp-json\/wp\/v2\/pages\/7738\/revisions"}],"wp:attachment":[{"href":"https:\/\/www.sicep.it\/fr\/wp-json\/wp\/v2\/media?parent=7738"}],"curies":[{"name":"wp","href":"https:\/\/api.w.org\/{rel}","templated":true}]}}