{"id":7736,"date":"2022-09-29T09:37:39","date_gmt":"2022-09-29T07:37:39","guid":{"rendered":"https:\/\/www.sicep.it\/cookie-policy\/"},"modified":"2022-09-29T09:37:39","modified_gmt":"2022-09-29T07:37:39","slug":"cookie-policy","status":"publish","type":"page","link":"https:\/\/www.sicep.it\/fr\/cookie-policy\/","title":{"rendered":"cookie-policy"},"content":{"rendered":"<h2> Utilisation des cookies <\/h2>\n<p>Afin de rendre ses services aussi efficaces et faciles \u00e0 utiliser que possible, <b> www.sicep.it <\/b> utilise des cookies. Lorsque vous visitez le Site, un minimum d&#8217;informations est enregistr\u00e9 sur l&#8217;appareil de l&#8217;Utilisateur, tel que de petits fichiers texte appel\u00e9s &#8220;<strong> cookies <\/strong>&#8220;.<\/p>\n<h3> Cookies de session et permanents <\/h3>\n<p>Les cookies peuvent expirer \u00e0 la fin d&#8217;une session de navigation (la p\u00e9riode entre l&#8217;ouverture d&#8217;une fen\u00eatre de navigation par l&#8217;utilisateur et sa fermeture) ou ils peuvent \u00eatre conserv\u00e9s plus longtemps.<\/p>\n<ul>\n<li> <strong> Les cookies de session <\/strong> permettent aux sites Web de lier les actions d&#8217;un utilisateur au cours d&#8217;une session de navigation. Les cookies de session expirent \u00e0 la fin de la session du navigateur et ne sont donc pas stock\u00e9s longtemps. <\/li>\n<li> <strong> Les cookies permanents <\/strong>, sont stock\u00e9s sur l&#8217;appareil d&#8217;un utilisateur entre les sessions de navigation et vous permettent de stocker vos pr\u00e9f\u00e9rences ou actions par rapport \u00e0 un site m\u00eame pendant une longue p\u00e9riode. <\/li>\n<\/ul>\n<h3> Cookies &#8220;propri\u00e9taires&#8221; et &#8220;tiers&#8221; <\/h3>\n<p>Un cookie est &#8220;<strong> propri\u00e9taire <\/strong>&#8221; ou &#8220;<strong> tiers <\/strong>&#8221; selon le site Web ou le domaine dont il provient.<\/p>\n<ul>\n<li> Les cookies &#8220;<strong> de premi\u00e8re partie <\/strong>&#8221; sont des cookies d\u00e9finis par ce site Web et sont sous notre contr\u00f4le direct. <\/li>\n<li> Les cookies &#8220;<strong> Tiers <\/strong>&#8221; sont des cookies install\u00e9s par un service externe (Tiers) \u00e0 ce site et non g\u00e9r\u00e9s directement par nous, pour nous permettre d&#8217;int\u00e9grer des fonctionnalit\u00e9s particuli\u00e8res (par exemple l&#8217;int\u00e9gration Facebook) . <\/li>\n<\/ul>\n<h2> D\u00e9tails des cookies de ce site <\/h2>\n<p><b> Nous n&#8217;utilisons pas de cookies \u00e0 des fins de profilage et de marketing. <\/b><br \/>\nVous trouverez ci-dessous les types de cookies qui sont utilis\u00e9s sur notre Site avec une description de la finalit\u00e9 li\u00e9e \u00e0 leur utilisation.<\/p>\n<h3> Cookies techniques <\/h3>\n<p>Les cookies de ce type sont <strong>n\u00e9cessaires au bon fonctionnement de certaines zones du site<\/strong>. Les cookies de cette cat\u00e9gorie incluent \u00e0 la fois les cookies persistants et les cookies de session. En l&#8217;absence de ces cookies, le site ou certaines parties de celui-ci peuvent ne pas fonctionner correctement. Les cookies de cette cat\u00e9gorie sont toujours envoy\u00e9s depuis notre domaine.<\/p>\n<ul>\n<li> Cookie de session interne (Location Italie), n\u00e9cessaire au bon fonctionnement du site. <\/li>\n<li> Cookie d&#8217;authentification de session interne (Location Italie), permet d&#8217;acc\u00e9der \u00e0 la zone r\u00e9serv\u00e9e du site sans demander \u00e0 l&#8217;utilisateur de passer \u00e0 nouveau. <\/li>\n<li> Cookie de pr\u00e9f\u00e9rences d&#8217;authentification (Location Italie), il s&#8217;agit d&#8217;un cookie permanent et permet d&#8217;acc\u00e9der \u00e0 la zone r\u00e9serv\u00e9e du site sans demander \u00e0 l&#8217;utilisateur de repasser. <\/li>\n<\/ul>\n<h3> Cookies analytiques <\/h3>\n<p><strong>Les cookies de ce type ne sont pas indispensables<\/strong>, ils sont utilis\u00e9s pour collecter des informations sur l&#8217;utilisation du site. Nous utilisons ces informations \u00e0 des fins d&#8217;analyse statistique, pour am\u00e9liorer le site ainsi que pour contr\u00f4ler son bon fonctionnement. Ce type de cookie recueille des informations anonymes sur l&#8217;activit\u00e9 des utilisateurs sur le site et sur la fa\u00e7on dont ils sont arriv\u00e9s sur le site et les pages visit\u00e9es. <strong> Les cookies de cette cat\u00e9gorie sont envoy\u00e9s depuis le Site lui-m\u00eame ou depuis des domaines tiers. <\/strong><\/p>\n<ul>\n<li> Cookie de d\u00e9bogage interne (Location Italie), stocke les pages consult\u00e9es et les heures de consultation de mani\u00e8re anonyme. <\/li>\n<li> Cookie de r\u00e9f\u00e9rence interne (Location Italie), stocke le site \u00e0 partir duquel la visite a \u00e9t\u00e9 re\u00e7ue, \u00e9galement appel\u00e9e r\u00e9f\u00e9rence, de mani\u00e8re anonyme. <\/li>\n<\/ul>\n<h3> Cookies tiers <\/h3>\n<p>Les cookies de ce type sont utilis\u00e9s pour int\u00e9grer des fonctionnalit\u00e9s tierces sur le Site (par exemple, des formulaires de commentaires ou des ic\u00f4nes de r\u00e9seaux sociaux permettant aux visiteurs de partager le contenu du site). Les cookies de cette cat\u00e9gorie <strong> sont install\u00e9s par les services des sites partenaires <\/strong>.<\/p>\n<p>En acc\u00e9dant au lien suivant, il est possible de modifier de mani\u00e8re centralis\u00e9e le comportement de ces services et de d\u00e9sactiver toutes les options de suivi et de profilage actives.<br \/>\n<a href=\"http:\/\/www.youronlinechoices.com\/it\/le-tue-scelte\" target=\"_blank\" rel=\"noopener noreferrer\"> http:\/\/www.youronlinechoices.com\/it\/le-tue &#8211; choix <\/a><\/p>\n<h2> Gestion et suppression des cookies <\/h2>\n<p>Les param\u00e8tres concernant les cookies peuvent \u00eatre contr\u00f4l\u00e9s et modifi\u00e9s \u00e0 partir des &#8220;Pr\u00e9f\u00e9rences&#8221; du navigateur. S\u00e9lectionnez le navigateur que vous utilisez ci-dessous pour savoir comment modifier vos param\u00e8tres de cookies.<\/p>\n<ul>\n<li> <a href=\"https:\/\/support.google.com\/chrome\/bin\/answer.py?hl=it&amp;answer=95647&amp;topic=14666&amp;ctx=topic\" target=\"_ blank\" rel=\"noopener noreferrer\"> Chrome <\/a> <\/li>\n<li> <a href=\"https:\/\/support.mozilla.org\/it\/kb\/Attivare%20e%20diseactivate%20i%20cookie\" target=\"_blank\" rel=\"noopener noreferrer\"> Firefox <\/a> < \/ li>\n<li> <a href=\"http:\/\/windows.microsoft.com\/it-it\/windows-vista\/block-or-allow-cookies\" target=\"_blank\" rel=\"noopener noreferrer\"> Internet Explorer <\/ a> <\/li>\n<li> <a href=\"http:\/\/www.opera.com\/browser\/tutorials\/security\/privacy\/\" target=\"_blank\" rel=\"noopener noreferrer\"> Op\u00e9ra <\/a> <\/li>\n<li> <a href=\"http:\/\/www.apple.com\/it\/support\/\" target=\"_blank\" rel=\"noopener noreferrer\"> Safari <\/a> <\/li>\n<\/ul>\n<p>La suppression ou la d\u00e9sactivation des cookies pourrait compromettre le fonctionnement de certaines parties ou fonctionnalit\u00e9s de ce site.<\/p>\n","protected":false},"excerpt":{"rendered":"<p>Utilisation des cookies Afin de rendre ses services aussi efficaces et faciles \u00e0 utiliser que possible, www.sicep.it utilise des cookies. Lorsque vous visitez le Site, un minimum d&#8217;informations est enregistr\u00e9 sur l&#8217;appareil de l&#8217;Utilisateur, tel que de petits fichiers texte appel\u00e9s &#8220; cookies &#8220;. Cookies de session et permanents Les cookies peuvent expirer \u00e0 la [&hellip;]<\/p>\n","protected":false},"author":1,"featured_media":0,"parent":0,"menu_order":0,"comment_status":"closed","ping_status":"closed","template":"","meta":[],"yoast_head":"<!-- This site is optimized with the Yoast SEO plugin v19.9 - https:\/\/yoast.com\/wordpress\/plugins\/seo\/ -->\n<title>cookie-policy - Sicep<\/title>\n<meta name=\"robots\" content=\"index, follow, max-snippet:-1, max-image-preview:large, max-video-preview:-1\" \/>\n<link rel=\"canonical\" href=\"https:\/\/www.sicep.it\/cookie-policy\/\" \/>\n<meta property=\"og:locale\" content=\"fr_FR\" \/>\n<meta property=\"og:type\" content=\"article\" \/>\n<meta property=\"og:title\" content=\"cookie-policy - Sicep\" \/>\n<meta property=\"og:description\" content=\"Utilisation des cookies Afin de rendre ses services aussi efficaces et faciles \u00e0 utiliser que possible, www.sicep.it utilise des cookies. Lorsque vous visitez le Site, un minimum d&#8217;informations est enregistr\u00e9 sur l&#8217;appareil de l&#8217;Utilisateur, tel que de petits fichiers texte appel\u00e9s &#8220; cookies &#8220;. Cookies de session et permanents Les cookies peuvent expirer \u00e0 la [&hellip;]\" \/>\n<meta property=\"og:url\" content=\"https:\/\/www.sicep.it\/cookie-policy\/\" \/>\n<meta property=\"og:site_name\" content=\"Sicep\" \/>\n<meta name=\"twitter:card\" content=\"summary_large_image\" \/>\n<meta name=\"twitter:label1\" content=\"Dur\u00e9e de lecture estim\u00e9e\" \/>\n\t<meta name=\"twitter:data1\" content=\"4 minutes\" \/>\n<script type=\"application\/ld+json\" class=\"yoast-schema-graph\">{\"@context\":\"https:\/\/schema.org\",\"@graph\":[{\"@type\":\"WebPage\",\"@id\":\"https:\/\/www.sicep.it\/cookie-policy\/\",\"url\":\"https:\/\/www.sicep.it\/cookie-policy\/\",\"name\":\"cookie-policy - Sicep\",\"isPartOf\":{\"@id\":\"https:\/\/www.sicep.it\/#website\"},\"datePublished\":\"2022-09-29T07:37:39+00:00\",\"dateModified\":\"2022-09-29T07:37:39+00:00\",\"breadcrumb\":{\"@id\":\"https:\/\/www.sicep.it\/cookie-policy\/#breadcrumb\"},\"inLanguage\":\"fr-FR\",\"potentialAction\":[{\"@type\":\"ReadAction\",\"target\":[\"https:\/\/www.sicep.it\/cookie-policy\/\"]}]},{\"@type\":\"BreadcrumbList\",\"@id\":\"https:\/\/www.sicep.it\/cookie-policy\/#breadcrumb\",\"itemListElement\":[{\"@type\":\"ListItem\",\"position\":1,\"name\":\"Home\",\"item\":\"https:\/\/www.sicep.it\/fr\/\"},{\"@type\":\"ListItem\",\"position\":2,\"name\":\"cookie-policy\"}]},{\"@type\":\"WebSite\",\"@id\":\"https:\/\/www.sicep.it\/#website\",\"url\":\"https:\/\/www.sicep.it\/\",\"name\":\"Sicep\",\"description\":\"\",\"publisher\":{\"@id\":\"https:\/\/www.sicep.it\/#organization\"},\"potentialAction\":[{\"@type\":\"SearchAction\",\"target\":{\"@type\":\"EntryPoint\",\"urlTemplate\":\"https:\/\/www.sicep.it\/?s={search_term_string}\"},\"query-input\":\"required name=search_term_string\"}],\"inLanguage\":\"fr-FR\"},{\"@type\":\"Organization\",\"@id\":\"https:\/\/www.sicep.it\/#organization\",\"name\":\"Sicep\",\"url\":\"https:\/\/www.sicep.it\/\",\"logo\":{\"@type\":\"ImageObject\",\"inLanguage\":\"fr-FR\",\"@id\":\"https:\/\/www.sicep.it\/#\/schema\/logo\/image\/\",\"url\":\"https:\/\/www.sicep.it\/wp-content\/uploads\/2020\/06\/sicep.jpg\",\"contentUrl\":\"https:\/\/www.sicep.it\/wp-content\/uploads\/2020\/06\/sicep.jpg\",\"width\":512,\"height\":512,\"caption\":\"Sicep\"},\"image\":{\"@id\":\"https:\/\/www.sicep.it\/#\/schema\/logo\/image\/\"}}]}<\/script>\n<!-- \/ Yoast SEO plugin. -->","yoast_head_json":{"title":"cookie-policy - Sicep","robots":{"index":"index","follow":"follow","max-snippet":"max-snippet:-1","max-image-preview":"max-image-preview:large","max-video-preview":"max-video-preview:-1"},"canonical":"https:\/\/www.sicep.it\/cookie-policy\/","og_locale":"fr_FR","og_type":"article","og_title":"cookie-policy - Sicep","og_description":"Utilisation des cookies Afin de rendre ses services aussi efficaces et faciles \u00e0 utiliser que possible, www.sicep.it utilise des cookies. Lorsque vous visitez le Site, un minimum d&#8217;informations est enregistr\u00e9 sur l&#8217;appareil de l&#8217;Utilisateur, tel que de petits fichiers texte appel\u00e9s &#8220; cookies &#8220;. Cookies de session et permanents Les cookies peuvent expirer \u00e0 la [&hellip;]","og_url":"https:\/\/www.sicep.it\/cookie-policy\/","og_site_name":"Sicep","twitter_card":"summary_large_image","twitter_misc":{"Dur\u00e9e de lecture estim\u00e9e":"4 minutes"},"schema":{"@context":"https:\/\/schema.org","@graph":[{"@type":"WebPage","@id":"https:\/\/www.sicep.it\/cookie-policy\/","url":"https:\/\/www.sicep.it\/cookie-policy\/","name":"cookie-policy - Sicep","isPartOf":{"@id":"https:\/\/www.sicep.it\/#website"},"datePublished":"2022-09-29T07:37:39+00:00","dateModified":"2022-09-29T07:37:39+00:00","breadcrumb":{"@id":"https:\/\/www.sicep.it\/cookie-policy\/#breadcrumb"},"inLanguage":"fr-FR","potentialAction":[{"@type":"ReadAction","target":["https:\/\/www.sicep.it\/cookie-policy\/"]}]},{"@type":"BreadcrumbList","@id":"https:\/\/www.sicep.it\/cookie-policy\/#breadcrumb","itemListElement":[{"@type":"ListItem","position":1,"name":"Home","item":"https:\/\/www.sicep.it\/fr\/"},{"@type":"ListItem","position":2,"name":"cookie-policy"}]},{"@type":"WebSite","@id":"https:\/\/www.sicep.it\/#website","url":"https:\/\/www.sicep.it\/","name":"Sicep","description":"","publisher":{"@id":"https:\/\/www.sicep.it\/#organization"},"potentialAction":[{"@type":"SearchAction","target":{"@type":"EntryPoint","urlTemplate":"https:\/\/www.sicep.it\/?s={search_term_string}"},"query-input":"required name=search_term_string"}],"inLanguage":"fr-FR"},{"@type":"Organization","@id":"https:\/\/www.sicep.it\/#organization","name":"Sicep","url":"https:\/\/www.sicep.it\/","logo":{"@type":"ImageObject","inLanguage":"fr-FR","@id":"https:\/\/www.sicep.it\/#\/schema\/logo\/image\/","url":"https:\/\/www.sicep.it\/wp-content\/uploads\/2020\/06\/sicep.jpg","contentUrl":"https:\/\/www.sicep.it\/wp-content\/uploads\/2020\/06\/sicep.jpg","width":512,"height":512,"caption":"Sicep"},"image":{"@id":"https:\/\/www.sicep.it\/#\/schema\/logo\/image\/"}}]}},"_links":{"self":[{"href":"https:\/\/www.sicep.it\/fr\/wp-json\/wp\/v2\/pages\/7736"}],"collection":[{"href":"https:\/\/www.sicep.it\/fr\/wp-json\/wp\/v2\/pages"}],"about":[{"href":"https:\/\/www.sicep.it\/fr\/wp-json\/wp\/v2\/types\/page"}],"author":[{"embeddable":true,"href":"https:\/\/www.sicep.it\/fr\/wp-json\/wp\/v2\/users\/1"}],"replies":[{"embeddable":true,"href":"https:\/\/www.sicep.it\/fr\/wp-json\/wp\/v2\/comments?post=7736"}],"version-history":[{"count":0,"href":"https:\/\/www.sicep.it\/fr\/wp-json\/wp\/v2\/pages\/7736\/revisions"}],"wp:attachment":[{"href":"https:\/\/www.sicep.it\/fr\/wp-json\/wp\/v2\/media?parent=7736"}],"curies":[{"name":"wp","href":"https:\/\/api.w.org\/{rel}","templated":true}]}}