{"id":6451,"date":"2020-03-25T16:38:17","date_gmt":"2020-03-25T15:38:17","guid":{"rendered":"https:\/\/www.sicep.it\/produttore-certificato-sistemi-sicurezza\/"},"modified":"2022-04-11T12:59:09","modified_gmt":"2022-04-11T10:59:09","slug":"fabricant-certifie-systemes-de-securite","status":"publish","type":"page","link":"https:\/\/www.sicep.it\/fr\/fabricant-certifie-systemes-de-securite\/","title":{"rendered":"Mission"},"content":{"rendered":"<p>Le SICEP est conscient que la s\u00e9curit\u00e9 est un secteur particulier et extr\u00eamement d\u00e9licat. Pour cette raison, elle confie son succ\u00e8s aux forces suivantes :<\/p>\n<p><b>Fiabilit\u00e9<\/b><br \/>\nLa certitude de proposer des produits et syst\u00e8mes fiables et parfaitement fonctionnels.<\/p>\n<p><b>Qualit\u00e9<\/b><br \/>\nLa certitude de travailler en respectant des normes de qualit\u00e9 sp\u00e9cifiques.<\/p>\n<p><b>Innovation<\/b><br \/>\nLa certitude de fabriquer des \u00e9quipements technologiquement avanc\u00e9s.<\/p>\n<p><b>Satisfaction<\/b><br \/>\nLa certitude de toujours satisfaire et faire plaisir \u00e0 nos clients.<\/p>\n<p><b>Pr\u00e9sence constante<\/b><br \/>\nLa certezza di scegliere come fornitore un partner sempre presente.<\/p>\n<p>La certitude de choisir comme fournisseur un partenaire omnipr\u00e9sent.<br \/>\nUne entreprise doit consolider ses certitudes pour atteindre les objectifs fix\u00e9s. SICEP n&#8217;a jamais chang\u00e9 le plus important : construire son propre succ\u00e8s par la satisfaction totale de ses clients. La perspective, la mission et les valeurs de l&#8217;entreprise vont toutes dans ce sens.<\/p>\n<p>&nbsp;<\/p>\n<p><img loading=\"lazy\" class=\"alignnone size-full wp-image-370\" src=\"http:\/\/www.sicep.it\/wp-content\/uploads\/2020\/03\/produttore-certificato-sistemi-sicurezza.jpg\" alt=\"\" width=\"1200\" height=\"700\" srcset=\"https:\/\/www.sicep.it\/wp-content\/uploads\/2020\/03\/produttore-certificato-sistemi-sicurezza.jpg 1200w, https:\/\/www.sicep.it\/wp-content\/uploads\/2020\/03\/produttore-certificato-sistemi-sicurezza-300x175.jpg 300w, https:\/\/www.sicep.it\/wp-content\/uploads\/2020\/03\/produttore-certificato-sistemi-sicurezza-1024x597.jpg 1024w, https:\/\/www.sicep.it\/wp-content\/uploads\/2020\/03\/produttore-certificato-sistemi-sicurezza-768x448.jpg 768w\" sizes=\"(max-width: 1200px) 100vw, 1200px\" \/><\/p>\n","protected":false},"excerpt":{"rendered":"<p>Le SICEP est conscient que la s\u00e9curit\u00e9 est un secteur particulier et extr\u00eamement d\u00e9licat. Pour cette raison, elle confie son succ\u00e8s aux forces suivantes : Fiabilit\u00e9 La certitude de proposer des produits et syst\u00e8mes fiables et parfaitement fonctionnels. Qualit\u00e9 La certitude de travailler en respectant des normes de qualit\u00e9 sp\u00e9cifiques. Innovation La certitude de fabriquer [&hellip;]<\/p>\n","protected":false},"author":1,"featured_media":0,"parent":0,"menu_order":0,"comment_status":"closed","ping_status":"closed","template":"","meta":[],"yoast_head":"<!-- This site is optimized with the Yoast SEO plugin v19.9 - https:\/\/yoast.com\/wordpress\/plugins\/seo\/ -->\n<title>Produttore certificato di sistemi di sicurezza innovativi ed affidabili<\/title>\n<meta name=\"description\" content=\"Produttore certificato di sistemi di sicurezza il cui scopo \u00e8 fornire soluzioni basate su Affidabilit\u00e0 Qualit\u00e0 Innovazione Soddisfazione e Presenza costante\" \/>\n<meta name=\"robots\" content=\"index, follow, max-snippet:-1, max-image-preview:large, max-video-preview:-1\" \/>\n<link rel=\"canonical\" href=\"https:\/\/www.sicep.it\/fr\/fabricant-certifie-systemes-de-securite\/\" \/>\n<meta property=\"og:locale\" content=\"fr_FR\" \/>\n<meta property=\"og:type\" content=\"article\" \/>\n<meta property=\"og:title\" content=\"Produttore certificato di sistemi di sicurezza innovativi ed affidabili\" \/>\n<meta property=\"og:description\" content=\"Produttore certificato di sistemi di sicurezza il cui scopo \u00e8 fornire soluzioni basate su Affidabilit\u00e0 Qualit\u00e0 Innovazione Soddisfazione e Presenza costante\" \/>\n<meta property=\"og:url\" content=\"https:\/\/www.sicep.it\/fr\/fabricant-certifie-systemes-de-securite\/\" \/>\n<meta property=\"og:site_name\" content=\"Sicep\" \/>\n<meta property=\"article:modified_time\" content=\"2022-04-11T10:59:09+00:00\" \/>\n<meta property=\"og:image\" content=\"http:\/\/www.sicep.it\/wp-content\/uploads\/2020\/03\/produttore-certificato-sistemi-sicurezza.jpg\" \/>\n<meta name=\"twitter:card\" content=\"summary_large_image\" \/>\n<meta name=\"twitter:label1\" content=\"Dur\u00e9e de lecture estim\u00e9e\" \/>\n\t<meta name=\"twitter:data1\" content=\"1 minute\" \/>\n<script type=\"application\/ld+json\" class=\"yoast-schema-graph\">{\"@context\":\"https:\/\/schema.org\",\"@graph\":[{\"@type\":\"WebPage\",\"@id\":\"https:\/\/www.sicep.it\/fr\/fabricant-certifie-systemes-de-securite\/\",\"url\":\"https:\/\/www.sicep.it\/fr\/fabricant-certifie-systemes-de-securite\/\",\"name\":\"Produttore certificato di sistemi di sicurezza innovativi ed affidabili\",\"isPartOf\":{\"@id\":\"https:\/\/www.sicep.it\/#website\"},\"datePublished\":\"2020-03-25T15:38:17+00:00\",\"dateModified\":\"2022-04-11T10:59:09+00:00\",\"description\":\"Produttore certificato di sistemi di sicurezza il cui scopo \u00e8 fornire soluzioni basate su Affidabilit\u00e0 Qualit\u00e0 Innovazione Soddisfazione e Presenza costante\",\"breadcrumb\":{\"@id\":\"https:\/\/www.sicep.it\/fr\/fabricant-certifie-systemes-de-securite\/#breadcrumb\"},\"inLanguage\":\"fr-FR\",\"potentialAction\":[{\"@type\":\"ReadAction\",\"target\":[\"https:\/\/www.sicep.it\/fr\/fabricant-certifie-systemes-de-securite\/\"]}]},{\"@type\":\"BreadcrumbList\",\"@id\":\"https:\/\/www.sicep.it\/fr\/fabricant-certifie-systemes-de-securite\/#breadcrumb\",\"itemListElement\":[{\"@type\":\"ListItem\",\"position\":1,\"name\":\"Home\",\"item\":\"https:\/\/www.sicep.it\/fr\/\"},{\"@type\":\"ListItem\",\"position\":2,\"name\":\"Mission\"}]},{\"@type\":\"WebSite\",\"@id\":\"https:\/\/www.sicep.it\/#website\",\"url\":\"https:\/\/www.sicep.it\/\",\"name\":\"Sicep\",\"description\":\"\",\"publisher\":{\"@id\":\"https:\/\/www.sicep.it\/#organization\"},\"potentialAction\":[{\"@type\":\"SearchAction\",\"target\":{\"@type\":\"EntryPoint\",\"urlTemplate\":\"https:\/\/www.sicep.it\/?s={search_term_string}\"},\"query-input\":\"required name=search_term_string\"}],\"inLanguage\":\"fr-FR\"},{\"@type\":\"Organization\",\"@id\":\"https:\/\/www.sicep.it\/#organization\",\"name\":\"Sicep\",\"url\":\"https:\/\/www.sicep.it\/\",\"logo\":{\"@type\":\"ImageObject\",\"inLanguage\":\"fr-FR\",\"@id\":\"https:\/\/www.sicep.it\/#\/schema\/logo\/image\/\",\"url\":\"https:\/\/www.sicep.it\/wp-content\/uploads\/2020\/06\/sicep.jpg\",\"contentUrl\":\"https:\/\/www.sicep.it\/wp-content\/uploads\/2020\/06\/sicep.jpg\",\"width\":512,\"height\":512,\"caption\":\"Sicep\"},\"image\":{\"@id\":\"https:\/\/www.sicep.it\/#\/schema\/logo\/image\/\"}}]}<\/script>\n<!-- \/ Yoast SEO plugin. -->","yoast_head_json":{"title":"Produttore certificato di sistemi di sicurezza innovativi ed affidabili","description":"Produttore certificato di sistemi di sicurezza il cui scopo \u00e8 fornire soluzioni basate su Affidabilit\u00e0 Qualit\u00e0 Innovazione Soddisfazione e Presenza costante","robots":{"index":"index","follow":"follow","max-snippet":"max-snippet:-1","max-image-preview":"max-image-preview:large","max-video-preview":"max-video-preview:-1"},"canonical":"https:\/\/www.sicep.it\/fr\/fabricant-certifie-systemes-de-securite\/","og_locale":"fr_FR","og_type":"article","og_title":"Produttore certificato di sistemi di sicurezza innovativi ed affidabili","og_description":"Produttore certificato di sistemi di sicurezza il cui scopo \u00e8 fornire soluzioni basate su Affidabilit\u00e0 Qualit\u00e0 Innovazione Soddisfazione e Presenza costante","og_url":"https:\/\/www.sicep.it\/fr\/fabricant-certifie-systemes-de-securite\/","og_site_name":"Sicep","article_modified_time":"2022-04-11T10:59:09+00:00","og_image":[{"url":"http:\/\/www.sicep.it\/wp-content\/uploads\/2020\/03\/produttore-certificato-sistemi-sicurezza.jpg"}],"twitter_card":"summary_large_image","twitter_misc":{"Dur\u00e9e de lecture estim\u00e9e":"1 minute"},"schema":{"@context":"https:\/\/schema.org","@graph":[{"@type":"WebPage","@id":"https:\/\/www.sicep.it\/fr\/fabricant-certifie-systemes-de-securite\/","url":"https:\/\/www.sicep.it\/fr\/fabricant-certifie-systemes-de-securite\/","name":"Produttore certificato di sistemi di sicurezza innovativi ed affidabili","isPartOf":{"@id":"https:\/\/www.sicep.it\/#website"},"datePublished":"2020-03-25T15:38:17+00:00","dateModified":"2022-04-11T10:59:09+00:00","description":"Produttore certificato di sistemi di sicurezza il cui scopo \u00e8 fornire soluzioni basate su Affidabilit\u00e0 Qualit\u00e0 Innovazione Soddisfazione e Presenza costante","breadcrumb":{"@id":"https:\/\/www.sicep.it\/fr\/fabricant-certifie-systemes-de-securite\/#breadcrumb"},"inLanguage":"fr-FR","potentialAction":[{"@type":"ReadAction","target":["https:\/\/www.sicep.it\/fr\/fabricant-certifie-systemes-de-securite\/"]}]},{"@type":"BreadcrumbList","@id":"https:\/\/www.sicep.it\/fr\/fabricant-certifie-systemes-de-securite\/#breadcrumb","itemListElement":[{"@type":"ListItem","position":1,"name":"Home","item":"https:\/\/www.sicep.it\/fr\/"},{"@type":"ListItem","position":2,"name":"Mission"}]},{"@type":"WebSite","@id":"https:\/\/www.sicep.it\/#website","url":"https:\/\/www.sicep.it\/","name":"Sicep","description":"","publisher":{"@id":"https:\/\/www.sicep.it\/#organization"},"potentialAction":[{"@type":"SearchAction","target":{"@type":"EntryPoint","urlTemplate":"https:\/\/www.sicep.it\/?s={search_term_string}"},"query-input":"required name=search_term_string"}],"inLanguage":"fr-FR"},{"@type":"Organization","@id":"https:\/\/www.sicep.it\/#organization","name":"Sicep","url":"https:\/\/www.sicep.it\/","logo":{"@type":"ImageObject","inLanguage":"fr-FR","@id":"https:\/\/www.sicep.it\/#\/schema\/logo\/image\/","url":"https:\/\/www.sicep.it\/wp-content\/uploads\/2020\/06\/sicep.jpg","contentUrl":"https:\/\/www.sicep.it\/wp-content\/uploads\/2020\/06\/sicep.jpg","width":512,"height":512,"caption":"Sicep"},"image":{"@id":"https:\/\/www.sicep.it\/#\/schema\/logo\/image\/"}}]}},"_links":{"self":[{"href":"https:\/\/www.sicep.it\/fr\/wp-json\/wp\/v2\/pages\/6451"}],"collection":[{"href":"https:\/\/www.sicep.it\/fr\/wp-json\/wp\/v2\/pages"}],"about":[{"href":"https:\/\/www.sicep.it\/fr\/wp-json\/wp\/v2\/types\/page"}],"author":[{"embeddable":true,"href":"https:\/\/www.sicep.it\/fr\/wp-json\/wp\/v2\/users\/1"}],"replies":[{"embeddable":true,"href":"https:\/\/www.sicep.it\/fr\/wp-json\/wp\/v2\/comments?post=6451"}],"version-history":[{"count":2,"href":"https:\/\/www.sicep.it\/fr\/wp-json\/wp\/v2\/pages\/6451\/revisions"}],"predecessor-version":[{"id":6455,"href":"https:\/\/www.sicep.it\/fr\/wp-json\/wp\/v2\/pages\/6451\/revisions\/6455"}],"wp:attachment":[{"href":"https:\/\/www.sicep.it\/fr\/wp-json\/wp\/v2\/media?parent=6451"}],"curies":[{"name":"wp","href":"https:\/\/api.w.org\/{rel}","templated":true}]}}