{"id":6392,"date":"2020-03-25T16:36:48","date_gmt":"2020-03-25T15:36:48","guid":{"rendered":"https:\/\/www.sicep.it\/azienda-centrali-sicurezza\/"},"modified":"2022-04-08T17:11:39","modified_gmt":"2022-04-08T15:11:39","slug":"entreprise-centrale-securite","status":"publish","type":"page","link":"https:\/\/www.sicep.it\/fr\/entreprise-centrale-securite\/","title":{"rendered":"Organisation"},"content":{"rendered":"<p>Le SICEP, aujourd&#8217;hui comme hier, continue d&#8217;\u00eatre \u00e0 l&#8217;\u00e9coute des demandes croissantes de protection et de s\u00e9curit\u00e9, avec une organisation qui lui permet d&#8217;\u00e9voluer sans cesse :<\/p>\n<ul>\n<li>La conception, compos\u00e9e d&#8217;ing\u00e9nieurs sp\u00e9cialis\u00e9s, est capable de d\u00e9velopper un \u00e9norme potentiel, traduisant concr\u00e8tement les besoins d&#8217;un march\u00e9 de plus en plus \u00e9volutif avec une caract\u00e9ristique commune : intelligence \u00e9lectronique et technologie de pointe ;<\/li>\n<li>Le service achat s&#8217;\u00e9tend dans le monde entier pour choisir les meilleurs composants et mat\u00e9riaux, au co\u00fbt le plus \u00e9quilibr\u00e9 ;<\/li>\n<li>La production fabrique les \u00e9quipements avec professionnalisme, assemble les pi\u00e8ces avec pr\u00e9cision et les teste, garantissant une fiabilit\u00e9 maximale ;<\/li>\n<li>L&#8217;assistance technique offre un excellent service avant et apr\u00e8s-vente, capable de garantir un support et une formation continus ;<\/li>\n<li>L&#8217;entrep\u00f4t offre aux clients ponctualit\u00e9 et disponibilit\u00e9 ;<\/li>\n<li>Son organisation commerciale ramifi\u00e9e est compos\u00e9e d&#8217;un vaste r\u00e9seau de Distributeurs, en Italie et \u00e0 l&#8217;\u00e9tranger, avec des contrats r\u00e9gissant la vente de sa marque ;<\/li>\n<li>Le tout est dirig\u00e9 et coordonn\u00e9 par une structure de gestion dot\u00e9e d&#8217;un grand sens des responsabilit\u00e9s et de comp\u00e9tences entrepreneuriales.<\/li>\n<\/ul>\n<p><img loading=\"lazy\" class=\"alignnone size-full wp-image-367\" src=\"http:\/\/www.sicep.it\/wp-content\/uploads\/2020\/03\/azienda-centrali-sicurezza.jpg\" alt=\"\" width=\"1200\" height=\"700\" srcset=\"https:\/\/www.sicep.it\/wp-content\/uploads\/2020\/03\/azienda-centrali-sicurezza.jpg 1200w, https:\/\/www.sicep.it\/wp-content\/uploads\/2020\/03\/azienda-centrali-sicurezza-300x175.jpg 300w, https:\/\/www.sicep.it\/wp-content\/uploads\/2020\/03\/azienda-centrali-sicurezza-1024x597.jpg 1024w, https:\/\/www.sicep.it\/wp-content\/uploads\/2020\/03\/azienda-centrali-sicurezza-768x448.jpg 768w\" sizes=\"(max-width: 1200px) 100vw, 1200px\" \/><\/p>\n","protected":false},"excerpt":{"rendered":"<p>Le SICEP, aujourd&#8217;hui comme hier, continue d&#8217;\u00eatre \u00e0 l&#8217;\u00e9coute des demandes croissantes de protection et de s\u00e9curit\u00e9, avec une organisation qui lui permet d&#8217;\u00e9voluer sans cesse : La conception, compos\u00e9e d&#8217;ing\u00e9nieurs sp\u00e9cialis\u00e9s, est capable de d\u00e9velopper un \u00e9norme potentiel, traduisant concr\u00e8tement les besoins d&#8217;un march\u00e9 de plus en plus \u00e9volutif avec une caract\u00e9ristique commune : [&hellip;]<\/p>\n","protected":false},"author":1,"featured_media":0,"parent":0,"menu_order":0,"comment_status":"closed","ping_status":"closed","template":"","meta":[],"yoast_head":"<!-- This site is optimized with the Yoast SEO plugin v19.9 - https:\/\/yoast.com\/wordpress\/plugins\/seo\/ -->\n<title>Azienda produttrice di centrali di sicurezza tecnologicamente innovative<\/title>\n<meta name=\"description\" content=\"SICEP \u00e8 un&#039;azienda produttrice di centrali di sicurezza all&#039;avanguardia che si dimostra attenta alle crescenti richieste di protezione e sicurezza\" \/>\n<meta name=\"robots\" content=\"index, follow, max-snippet:-1, max-image-preview:large, max-video-preview:-1\" \/>\n<link rel=\"canonical\" href=\"https:\/\/www.sicep.it\/fr\/entreprise-centrale-securite\/\" \/>\n<meta property=\"og:locale\" content=\"fr_FR\" \/>\n<meta property=\"og:type\" content=\"article\" \/>\n<meta property=\"og:title\" content=\"Azienda produttrice di centrali di sicurezza tecnologicamente innovative\" \/>\n<meta property=\"og:description\" content=\"SICEP \u00e8 un&#039;azienda produttrice di centrali di sicurezza all&#039;avanguardia che si dimostra attenta alle crescenti richieste di protezione e sicurezza\" \/>\n<meta property=\"og:url\" content=\"https:\/\/www.sicep.it\/fr\/entreprise-centrale-securite\/\" \/>\n<meta property=\"og:site_name\" content=\"Sicep\" \/>\n<meta property=\"article:modified_time\" content=\"2022-04-08T15:11:39+00:00\" \/>\n<meta property=\"og:image\" content=\"http:\/\/www.sicep.it\/wp-content\/uploads\/2020\/03\/azienda-centrali-sicurezza.jpg\" \/>\n<meta name=\"twitter:card\" content=\"summary_large_image\" \/>\n<meta name=\"twitter:label1\" content=\"Dur\u00e9e de lecture estim\u00e9e\" \/>\n\t<meta name=\"twitter:data1\" content=\"1 minute\" \/>\n<script type=\"application\/ld+json\" class=\"yoast-schema-graph\">{\"@context\":\"https:\/\/schema.org\",\"@graph\":[{\"@type\":\"WebPage\",\"@id\":\"https:\/\/www.sicep.it\/fr\/entreprise-centrale-securite\/\",\"url\":\"https:\/\/www.sicep.it\/fr\/entreprise-centrale-securite\/\",\"name\":\"Azienda produttrice di centrali di sicurezza tecnologicamente innovative\",\"isPartOf\":{\"@id\":\"https:\/\/www.sicep.it\/#website\"},\"datePublished\":\"2020-03-25T15:36:48+00:00\",\"dateModified\":\"2022-04-08T15:11:39+00:00\",\"description\":\"SICEP \u00e8 un'azienda produttrice di centrali di sicurezza all'avanguardia che si dimostra attenta alle crescenti richieste di protezione e sicurezza\",\"breadcrumb\":{\"@id\":\"https:\/\/www.sicep.it\/fr\/entreprise-centrale-securite\/#breadcrumb\"},\"inLanguage\":\"fr-FR\",\"potentialAction\":[{\"@type\":\"ReadAction\",\"target\":[\"https:\/\/www.sicep.it\/fr\/entreprise-centrale-securite\/\"]}]},{\"@type\":\"BreadcrumbList\",\"@id\":\"https:\/\/www.sicep.it\/fr\/entreprise-centrale-securite\/#breadcrumb\",\"itemListElement\":[{\"@type\":\"ListItem\",\"position\":1,\"name\":\"Home\",\"item\":\"https:\/\/www.sicep.it\/fr\/\"},{\"@type\":\"ListItem\",\"position\":2,\"name\":\"Organisation\"}]},{\"@type\":\"WebSite\",\"@id\":\"https:\/\/www.sicep.it\/#website\",\"url\":\"https:\/\/www.sicep.it\/\",\"name\":\"Sicep\",\"description\":\"\",\"publisher\":{\"@id\":\"https:\/\/www.sicep.it\/#organization\"},\"potentialAction\":[{\"@type\":\"SearchAction\",\"target\":{\"@type\":\"EntryPoint\",\"urlTemplate\":\"https:\/\/www.sicep.it\/?s={search_term_string}\"},\"query-input\":\"required name=search_term_string\"}],\"inLanguage\":\"fr-FR\"},{\"@type\":\"Organization\",\"@id\":\"https:\/\/www.sicep.it\/#organization\",\"name\":\"Sicep\",\"url\":\"https:\/\/www.sicep.it\/\",\"logo\":{\"@type\":\"ImageObject\",\"inLanguage\":\"fr-FR\",\"@id\":\"https:\/\/www.sicep.it\/#\/schema\/logo\/image\/\",\"url\":\"https:\/\/www.sicep.it\/wp-content\/uploads\/2020\/06\/sicep.jpg\",\"contentUrl\":\"https:\/\/www.sicep.it\/wp-content\/uploads\/2020\/06\/sicep.jpg\",\"width\":512,\"height\":512,\"caption\":\"Sicep\"},\"image\":{\"@id\":\"https:\/\/www.sicep.it\/#\/schema\/logo\/image\/\"}}]}<\/script>\n<!-- \/ Yoast SEO plugin. -->","yoast_head_json":{"title":"Azienda produttrice di centrali di sicurezza tecnologicamente innovative","description":"SICEP \u00e8 un'azienda produttrice di centrali di sicurezza all'avanguardia che si dimostra attenta alle crescenti richieste di protezione e sicurezza","robots":{"index":"index","follow":"follow","max-snippet":"max-snippet:-1","max-image-preview":"max-image-preview:large","max-video-preview":"max-video-preview:-1"},"canonical":"https:\/\/www.sicep.it\/fr\/entreprise-centrale-securite\/","og_locale":"fr_FR","og_type":"article","og_title":"Azienda produttrice di centrali di sicurezza tecnologicamente innovative","og_description":"SICEP \u00e8 un'azienda produttrice di centrali di sicurezza all'avanguardia che si dimostra attenta alle crescenti richieste di protezione e sicurezza","og_url":"https:\/\/www.sicep.it\/fr\/entreprise-centrale-securite\/","og_site_name":"Sicep","article_modified_time":"2022-04-08T15:11:39+00:00","og_image":[{"url":"http:\/\/www.sicep.it\/wp-content\/uploads\/2020\/03\/azienda-centrali-sicurezza.jpg"}],"twitter_card":"summary_large_image","twitter_misc":{"Dur\u00e9e de lecture estim\u00e9e":"1 minute"},"schema":{"@context":"https:\/\/schema.org","@graph":[{"@type":"WebPage","@id":"https:\/\/www.sicep.it\/fr\/entreprise-centrale-securite\/","url":"https:\/\/www.sicep.it\/fr\/entreprise-centrale-securite\/","name":"Azienda produttrice di centrali di sicurezza tecnologicamente innovative","isPartOf":{"@id":"https:\/\/www.sicep.it\/#website"},"datePublished":"2020-03-25T15:36:48+00:00","dateModified":"2022-04-08T15:11:39+00:00","description":"SICEP \u00e8 un'azienda produttrice di centrali di sicurezza all'avanguardia che si dimostra attenta alle crescenti richieste di protezione e sicurezza","breadcrumb":{"@id":"https:\/\/www.sicep.it\/fr\/entreprise-centrale-securite\/#breadcrumb"},"inLanguage":"fr-FR","potentialAction":[{"@type":"ReadAction","target":["https:\/\/www.sicep.it\/fr\/entreprise-centrale-securite\/"]}]},{"@type":"BreadcrumbList","@id":"https:\/\/www.sicep.it\/fr\/entreprise-centrale-securite\/#breadcrumb","itemListElement":[{"@type":"ListItem","position":1,"name":"Home","item":"https:\/\/www.sicep.it\/fr\/"},{"@type":"ListItem","position":2,"name":"Organisation"}]},{"@type":"WebSite","@id":"https:\/\/www.sicep.it\/#website","url":"https:\/\/www.sicep.it\/","name":"Sicep","description":"","publisher":{"@id":"https:\/\/www.sicep.it\/#organization"},"potentialAction":[{"@type":"SearchAction","target":{"@type":"EntryPoint","urlTemplate":"https:\/\/www.sicep.it\/?s={search_term_string}"},"query-input":"required name=search_term_string"}],"inLanguage":"fr-FR"},{"@type":"Organization","@id":"https:\/\/www.sicep.it\/#organization","name":"Sicep","url":"https:\/\/www.sicep.it\/","logo":{"@type":"ImageObject","inLanguage":"fr-FR","@id":"https:\/\/www.sicep.it\/#\/schema\/logo\/image\/","url":"https:\/\/www.sicep.it\/wp-content\/uploads\/2020\/06\/sicep.jpg","contentUrl":"https:\/\/www.sicep.it\/wp-content\/uploads\/2020\/06\/sicep.jpg","width":512,"height":512,"caption":"Sicep"},"image":{"@id":"https:\/\/www.sicep.it\/#\/schema\/logo\/image\/"}}]}},"_links":{"self":[{"href":"https:\/\/www.sicep.it\/fr\/wp-json\/wp\/v2\/pages\/6392"}],"collection":[{"href":"https:\/\/www.sicep.it\/fr\/wp-json\/wp\/v2\/pages"}],"about":[{"href":"https:\/\/www.sicep.it\/fr\/wp-json\/wp\/v2\/types\/page"}],"author":[{"embeddable":true,"href":"https:\/\/www.sicep.it\/fr\/wp-json\/wp\/v2\/users\/1"}],"replies":[{"embeddable":true,"href":"https:\/\/www.sicep.it\/fr\/wp-json\/wp\/v2\/comments?post=6392"}],"version-history":[{"count":2,"href":"https:\/\/www.sicep.it\/fr\/wp-json\/wp\/v2\/pages\/6392\/revisions"}],"predecessor-version":[{"id":6395,"href":"https:\/\/www.sicep.it\/fr\/wp-json\/wp\/v2\/pages\/6392\/revisions\/6395"}],"wp:attachment":[{"href":"https:\/\/www.sicep.it\/fr\/wp-json\/wp\/v2\/media?parent=6392"}],"curies":[{"name":"wp","href":"https:\/\/api.w.org\/{rel}","templated":true}]}}