{"id":6381,"date":"2020-02-12T10:49:07","date_gmt":"2020-02-12T09:49:07","guid":{"rendered":"https:\/\/www.sicep.it\/produttore-centrali-sistemi-allarme\/"},"modified":"2022-04-08T18:14:49","modified_gmt":"2022-04-08T16:14:49","slug":"fabricant-de-centrale-de-systemes-d-alarme","status":"publish","type":"page","link":"https:\/\/www.sicep.it\/fr\/fabricant-de-centrale-de-systemes-d-alarme\/","title":{"rendered":"Qui nous sommes"},"content":{"rendered":"<p>La s\u00e9curit\u00e9, dans toutes ses expressions, est devenue l&#8217;une des principales priorit\u00e9s de notre vie quotidienne. Vie priv\u00e9e et confidentialit\u00e9, d\u00e9fense des biens et de l&#8217;int\u00e9grit\u00e9 personnelle, sauvetage et tranquillit\u00e9 sont des besoins qui ont toujours \u00e9t\u00e9 fortement ressentis au sein de notre entreprise.<\/p>\n<p>Sur la base de ces besoins, SICEP a commenc\u00e9 sa production des premiers dispositifs d&#8217;alarme en 1978, entrant officiellement dans le secteur de la s\u00e9curit\u00e9.<\/p>\n<p>Au fil des ans, SICEP a grandi, s&#8217;est profond\u00e9ment sp\u00e9cialis\u00e9e et s&#8217;est transform\u00e9e pour devenir une r\u00e9f\u00e9rence importante sur le march\u00e9 italien et \u00e0 l&#8217;\u00e9tranger<\/p>\n<p>Son si\u00e8ge, dans la charmante Toscane entre Florence et Sienne, est le \u00ab c\u0153ur battant \u00bb de son \u0153uvre ; une usine moderne construite sur mesure pour satisfaire pleinement ses besoins op\u00e9rationnels.<\/p>\n<p><img loading=\"lazy\" class=\"alignnone size-full wp-image-361\" src=\"http:\/\/www.sicep.it\/wp-content\/uploads\/2020\/03\/produttore-centrali-sistemi-allarme.jpg\" alt=\"\" width=\"1200\" height=\"700\" srcset=\"https:\/\/www.sicep.it\/wp-content\/uploads\/2020\/03\/produttore-centrali-sistemi-allarme.jpg 1200w, https:\/\/www.sicep.it\/wp-content\/uploads\/2020\/03\/produttore-centrali-sistemi-allarme-300x175.jpg 300w, https:\/\/www.sicep.it\/wp-content\/uploads\/2020\/03\/produttore-centrali-sistemi-allarme-1024x597.jpg 1024w, https:\/\/www.sicep.it\/wp-content\/uploads\/2020\/03\/produttore-centrali-sistemi-allarme-768x448.jpg 768w\" sizes=\"(max-width: 1200px) 100vw, 1200px\" \/><\/p>\n<p>&nbsp;<\/p>\n<p style=\"text-align: center;\"><div class='w3eden'><!-- WPDM Link Template: Default Template -->\n\n<div class=\"link-template-default card mb-2\">\n    <div class=\"card-body\">\n        <div class=\"media\">\n            <div class=\"mr-3 img-48\"><img class=\"wpdm_icon\" alt=\"Ic\u00f4ne\"   src=\"https:\/\/www.sicep.it\/wp-content\/plugins\/download-manager\/assets\/file-type-icons\/pdf.svg\" \/><\/div>\n            <div class=\"media-body\">\n                <h3 class=\"package-title\"><a href='https:\/\/www.sicep.it\/fr\/download\/company-profile\/'>Company Profile<\/a><\/h3>\n                <div class=\"text-muted text-small\"><i class=\"fas fa-copy\"><\/i> 1 fichier\u00b7s <i class=\"fas fa-hdd ml-3\"><\/i> 5 MB<\/div>\n            <\/div>\n            <div class=\"ml-3\">\n                <a class='wpdm-download-link download-on-click btn btn-primary btn-sm' rel='nofollow' href='#' data-downloadurl=\"https:\/\/www.sicep.it\/fr\/download\/company-profile\/?wpdmdl=3247&refresh=69e204889da071776419976\">T\u00e9l\u00e9charger<\/a>\n            <\/div>\n        <\/div>\n    <\/div>\n<\/div>\n\n<\/div><\/p>\n","protected":false},"excerpt":{"rendered":"<p>La s\u00e9curit\u00e9, dans toutes ses expressions, est devenue l&#8217;une des principales priorit\u00e9s de notre vie quotidienne. Vie priv\u00e9e et confidentialit\u00e9, d\u00e9fense des biens et de l&#8217;int\u00e9grit\u00e9 personnelle, sauvetage et tranquillit\u00e9 sont des besoins qui ont toujours \u00e9t\u00e9 fortement ressentis au sein de notre entreprise. Sur la base de ces besoins, SICEP a commenc\u00e9 sa production [&hellip;]<\/p>\n","protected":false},"author":1,"featured_media":0,"parent":0,"menu_order":0,"comment_status":"closed","ping_status":"closed","template":"","meta":[],"yoast_head":"<!-- This site is optimized with the Yoast SEO plugin v19.9 - https:\/\/yoast.com\/wordpress\/plugins\/seo\/ -->\n<title>Produttore di centrali sistemi di allarme innovative e all&#039;avanguardia<\/title>\n<meta name=\"description\" content=\"Dal 1978 SICEP \u00e8 produttore di centrali sistemi di allarme innovative e all&#039;avanguardia rendendola un&#039;importante punto di riferimento del mercato italiano.\" \/>\n<meta name=\"robots\" content=\"index, follow, max-snippet:-1, max-image-preview:large, max-video-preview:-1\" \/>\n<link rel=\"canonical\" href=\"https:\/\/www.sicep.it\/fr\/fabricant-de-centrale-de-systemes-d-alarme\/\" \/>\n<meta property=\"og:locale\" content=\"fr_FR\" \/>\n<meta property=\"og:type\" content=\"article\" \/>\n<meta property=\"og:title\" content=\"Produttore di centrali sistemi di allarme innovative e all&#039;avanguardia\" \/>\n<meta property=\"og:description\" content=\"Dal 1978 SICEP \u00e8 produttore di centrali sistemi di allarme innovative e all&#039;avanguardia rendendola un&#039;importante punto di riferimento del mercato italiano.\" \/>\n<meta property=\"og:url\" content=\"https:\/\/www.sicep.it\/fr\/fabricant-de-centrale-de-systemes-d-alarme\/\" \/>\n<meta property=\"og:site_name\" content=\"Sicep\" \/>\n<meta property=\"article:modified_time\" content=\"2022-04-08T16:14:49+00:00\" \/>\n<meta property=\"og:image\" content=\"http:\/\/www.sicep.it\/wp-content\/uploads\/2020\/03\/produttore-centrali-sistemi-allarme.jpg\" \/>\n<meta name=\"twitter:card\" content=\"summary_large_image\" \/>\n<meta name=\"twitter:label1\" content=\"Dur\u00e9e de lecture estim\u00e9e\" \/>\n\t<meta name=\"twitter:data1\" content=\"1 minute\" \/>\n<script type=\"application\/ld+json\" class=\"yoast-schema-graph\">{\"@context\":\"https:\/\/schema.org\",\"@graph\":[{\"@type\":\"WebPage\",\"@id\":\"https:\/\/www.sicep.it\/fr\/fabricant-de-centrale-de-systemes-d-alarme\/\",\"url\":\"https:\/\/www.sicep.it\/fr\/fabricant-de-centrale-de-systemes-d-alarme\/\",\"name\":\"Produttore di centrali sistemi di allarme innovative e all'avanguardia\",\"isPartOf\":{\"@id\":\"https:\/\/www.sicep.it\/#website\"},\"datePublished\":\"2020-02-12T09:49:07+00:00\",\"dateModified\":\"2022-04-08T16:14:49+00:00\",\"description\":\"Dal 1978 SICEP \u00e8 produttore di centrali sistemi di allarme innovative e all'avanguardia rendendola un'importante punto di riferimento del mercato italiano.\",\"breadcrumb\":{\"@id\":\"https:\/\/www.sicep.it\/fr\/fabricant-de-centrale-de-systemes-d-alarme\/#breadcrumb\"},\"inLanguage\":\"fr-FR\",\"potentialAction\":[{\"@type\":\"ReadAction\",\"target\":[\"https:\/\/www.sicep.it\/fr\/fabricant-de-centrale-de-systemes-d-alarme\/\"]}]},{\"@type\":\"BreadcrumbList\",\"@id\":\"https:\/\/www.sicep.it\/fr\/fabricant-de-centrale-de-systemes-d-alarme\/#breadcrumb\",\"itemListElement\":[{\"@type\":\"ListItem\",\"position\":1,\"name\":\"Home\",\"item\":\"https:\/\/www.sicep.it\/fr\/\"},{\"@type\":\"ListItem\",\"position\":2,\"name\":\"Qui nous sommes\"}]},{\"@type\":\"WebSite\",\"@id\":\"https:\/\/www.sicep.it\/#website\",\"url\":\"https:\/\/www.sicep.it\/\",\"name\":\"Sicep\",\"description\":\"\",\"publisher\":{\"@id\":\"https:\/\/www.sicep.it\/#organization\"},\"potentialAction\":[{\"@type\":\"SearchAction\",\"target\":{\"@type\":\"EntryPoint\",\"urlTemplate\":\"https:\/\/www.sicep.it\/?s={search_term_string}\"},\"query-input\":\"required name=search_term_string\"}],\"inLanguage\":\"fr-FR\"},{\"@type\":\"Organization\",\"@id\":\"https:\/\/www.sicep.it\/#organization\",\"name\":\"Sicep\",\"url\":\"https:\/\/www.sicep.it\/\",\"logo\":{\"@type\":\"ImageObject\",\"inLanguage\":\"fr-FR\",\"@id\":\"https:\/\/www.sicep.it\/#\/schema\/logo\/image\/\",\"url\":\"https:\/\/www.sicep.it\/wp-content\/uploads\/2020\/06\/sicep.jpg\",\"contentUrl\":\"https:\/\/www.sicep.it\/wp-content\/uploads\/2020\/06\/sicep.jpg\",\"width\":512,\"height\":512,\"caption\":\"Sicep\"},\"image\":{\"@id\":\"https:\/\/www.sicep.it\/#\/schema\/logo\/image\/\"}}]}<\/script>\n<!-- \/ Yoast SEO plugin. -->","yoast_head_json":{"title":"Produttore di centrali sistemi di allarme innovative e all'avanguardia","description":"Dal 1978 SICEP \u00e8 produttore di centrali sistemi di allarme innovative e all'avanguardia rendendola un'importante punto di riferimento del mercato italiano.","robots":{"index":"index","follow":"follow","max-snippet":"max-snippet:-1","max-image-preview":"max-image-preview:large","max-video-preview":"max-video-preview:-1"},"canonical":"https:\/\/www.sicep.it\/fr\/fabricant-de-centrale-de-systemes-d-alarme\/","og_locale":"fr_FR","og_type":"article","og_title":"Produttore di centrali sistemi di allarme innovative e all'avanguardia","og_description":"Dal 1978 SICEP \u00e8 produttore di centrali sistemi di allarme innovative e all'avanguardia rendendola un'importante punto di riferimento del mercato italiano.","og_url":"https:\/\/www.sicep.it\/fr\/fabricant-de-centrale-de-systemes-d-alarme\/","og_site_name":"Sicep","article_modified_time":"2022-04-08T16:14:49+00:00","og_image":[{"url":"http:\/\/www.sicep.it\/wp-content\/uploads\/2020\/03\/produttore-centrali-sistemi-allarme.jpg"}],"twitter_card":"summary_large_image","twitter_misc":{"Dur\u00e9e de lecture estim\u00e9e":"1 minute"},"schema":{"@context":"https:\/\/schema.org","@graph":[{"@type":"WebPage","@id":"https:\/\/www.sicep.it\/fr\/fabricant-de-centrale-de-systemes-d-alarme\/","url":"https:\/\/www.sicep.it\/fr\/fabricant-de-centrale-de-systemes-d-alarme\/","name":"Produttore di centrali sistemi di allarme innovative e all'avanguardia","isPartOf":{"@id":"https:\/\/www.sicep.it\/#website"},"datePublished":"2020-02-12T09:49:07+00:00","dateModified":"2022-04-08T16:14:49+00:00","description":"Dal 1978 SICEP \u00e8 produttore di centrali sistemi di allarme innovative e all'avanguardia rendendola un'importante punto di riferimento del mercato italiano.","breadcrumb":{"@id":"https:\/\/www.sicep.it\/fr\/fabricant-de-centrale-de-systemes-d-alarme\/#breadcrumb"},"inLanguage":"fr-FR","potentialAction":[{"@type":"ReadAction","target":["https:\/\/www.sicep.it\/fr\/fabricant-de-centrale-de-systemes-d-alarme\/"]}]},{"@type":"BreadcrumbList","@id":"https:\/\/www.sicep.it\/fr\/fabricant-de-centrale-de-systemes-d-alarme\/#breadcrumb","itemListElement":[{"@type":"ListItem","position":1,"name":"Home","item":"https:\/\/www.sicep.it\/fr\/"},{"@type":"ListItem","position":2,"name":"Qui nous sommes"}]},{"@type":"WebSite","@id":"https:\/\/www.sicep.it\/#website","url":"https:\/\/www.sicep.it\/","name":"Sicep","description":"","publisher":{"@id":"https:\/\/www.sicep.it\/#organization"},"potentialAction":[{"@type":"SearchAction","target":{"@type":"EntryPoint","urlTemplate":"https:\/\/www.sicep.it\/?s={search_term_string}"},"query-input":"required name=search_term_string"}],"inLanguage":"fr-FR"},{"@type":"Organization","@id":"https:\/\/www.sicep.it\/#organization","name":"Sicep","url":"https:\/\/www.sicep.it\/","logo":{"@type":"ImageObject","inLanguage":"fr-FR","@id":"https:\/\/www.sicep.it\/#\/schema\/logo\/image\/","url":"https:\/\/www.sicep.it\/wp-content\/uploads\/2020\/06\/sicep.jpg","contentUrl":"https:\/\/www.sicep.it\/wp-content\/uploads\/2020\/06\/sicep.jpg","width":512,"height":512,"caption":"Sicep"},"image":{"@id":"https:\/\/www.sicep.it\/#\/schema\/logo\/image\/"}}]}},"_links":{"self":[{"href":"https:\/\/www.sicep.it\/fr\/wp-json\/wp\/v2\/pages\/6381"}],"collection":[{"href":"https:\/\/www.sicep.it\/fr\/wp-json\/wp\/v2\/pages"}],"about":[{"href":"https:\/\/www.sicep.it\/fr\/wp-json\/wp\/v2\/types\/page"}],"author":[{"embeddable":true,"href":"https:\/\/www.sicep.it\/fr\/wp-json\/wp\/v2\/users\/1"}],"replies":[{"embeddable":true,"href":"https:\/\/www.sicep.it\/fr\/wp-json\/wp\/v2\/comments?post=6381"}],"version-history":[{"count":2,"href":"https:\/\/www.sicep.it\/fr\/wp-json\/wp\/v2\/pages\/6381\/revisions"}],"predecessor-version":[{"id":6402,"href":"https:\/\/www.sicep.it\/fr\/wp-json\/wp\/v2\/pages\/6381\/revisions\/6402"}],"wp:attachment":[{"href":"https:\/\/www.sicep.it\/fr\/wp-json\/wp\/v2\/media?parent=6381"}],"curies":[{"name":"wp","href":"https:\/\/api.w.org\/{rel}","templated":true}]}}