{"id":6360,"date":"2022-04-07T18:41:03","date_gmt":"2022-04-07T16:41:03","guid":{"rendered":"https:\/\/www.sicep.it\/?page_id=6360"},"modified":"2022-09-29T15:13:51","modified_gmt":"2022-09-29T13:13:51","slug":"home","status":"publish","type":"page","link":"https:\/\/www.sicep.it\/fr\/","title":{"rendered":"home"},"content":{"rendered":"","protected":false},"excerpt":{"rendered":"","protected":false},"author":1,"featured_media":0,"parent":0,"menu_order":0,"comment_status":"closed","ping_status":"closed","template":"","meta":[],"yoast_head":"<!-- This site is optimized with the Yoast SEO plugin v19.9 - https:\/\/yoast.com\/wordpress\/plugins\/seo\/ -->\n<title>Produttore Sistemi di allarme Soluzioni per la sicurezza di Casa e Azienda<\/title>\n<meta name=\"description\" content=\"SICEP s&#039;est impos\u00e9 sur le march\u00e9 gr\u00e2ce \u00e0 ses syst\u00e8mes de s\u00e9curit\u00e9 performants et technologiquement avanc\u00e9s, avec une production totalement &quot;Made in Italy&quot;\" \/>\n<meta name=\"robots\" content=\"index, follow, max-snippet:-1, max-image-preview:large, max-video-preview:-1\" \/>\n<link rel=\"canonical\" href=\"https:\/\/www.sicep.it\/fr\/\" \/>\n<meta property=\"og:locale\" content=\"fr_FR\" \/>\n<meta property=\"og:type\" content=\"article\" \/>\n<meta property=\"og:title\" content=\"Produttore Sistemi di allarme Soluzioni per la sicurezza di Casa e Azienda\" \/>\n<meta property=\"og:description\" content=\"SICEP s&#039;est impos\u00e9 sur le march\u00e9 gr\u00e2ce \u00e0 ses syst\u00e8mes de s\u00e9curit\u00e9 performants et technologiquement avanc\u00e9s, avec une production totalement &quot;Made in Italy&quot;\" \/>\n<meta property=\"og:url\" content=\"https:\/\/www.sicep.it\/fr\/\" \/>\n<meta property=\"og:site_name\" content=\"Sicep\" \/>\n<meta property=\"article:modified_time\" content=\"2022-09-29T13:13:51+00:00\" \/>\n<meta name=\"twitter:card\" content=\"summary_large_image\" \/>\n<script type=\"application\/ld+json\" class=\"yoast-schema-graph\">{\"@context\":\"https:\/\/schema.org\",\"@graph\":[{\"@type\":\"WebPage\",\"@id\":\"https:\/\/www.sicep.it\/fr\/\",\"url\":\"https:\/\/www.sicep.it\/fr\/\",\"name\":\"Produttore Sistemi di allarme Soluzioni per la sicurezza di Casa e Azienda\",\"isPartOf\":{\"@id\":\"https:\/\/www.sicep.it\/#website\"},\"datePublished\":\"2022-04-07T16:41:03+00:00\",\"dateModified\":\"2022-09-29T13:13:51+00:00\",\"description\":\"SICEP s'est impos\u00e9 sur le march\u00e9 gr\u00e2ce \u00e0 ses syst\u00e8mes de s\u00e9curit\u00e9 performants et technologiquement avanc\u00e9s, avec une production totalement \\\"Made in Italy\\\"\",\"breadcrumb\":{\"@id\":\"https:\/\/www.sicep.it\/fr\/#breadcrumb\"},\"inLanguage\":\"fr-FR\",\"potentialAction\":[{\"@type\":\"ReadAction\",\"target\":[\"https:\/\/www.sicep.it\/fr\/\"]}]},{\"@type\":\"BreadcrumbList\",\"@id\":\"https:\/\/www.sicep.it\/fr\/#breadcrumb\",\"itemListElement\":[{\"@type\":\"ListItem\",\"position\":1,\"name\":\"Home\",\"item\":\"https:\/\/www.sicep.it\/fr\/\"},{\"@type\":\"ListItem\",\"position\":2,\"name\":\"home\"}]},{\"@type\":\"WebSite\",\"@id\":\"https:\/\/www.sicep.it\/#website\",\"url\":\"https:\/\/www.sicep.it\/\",\"name\":\"Sicep\",\"description\":\"\",\"publisher\":{\"@id\":\"https:\/\/www.sicep.it\/#organization\"},\"potentialAction\":[{\"@type\":\"SearchAction\",\"target\":{\"@type\":\"EntryPoint\",\"urlTemplate\":\"https:\/\/www.sicep.it\/?s={search_term_string}\"},\"query-input\":\"required name=search_term_string\"}],\"inLanguage\":\"fr-FR\"},{\"@type\":\"Organization\",\"@id\":\"https:\/\/www.sicep.it\/#organization\",\"name\":\"Sicep\",\"url\":\"https:\/\/www.sicep.it\/\",\"logo\":{\"@type\":\"ImageObject\",\"inLanguage\":\"fr-FR\",\"@id\":\"https:\/\/www.sicep.it\/#\/schema\/logo\/image\/\",\"url\":\"https:\/\/www.sicep.it\/wp-content\/uploads\/2020\/06\/sicep.jpg\",\"contentUrl\":\"https:\/\/www.sicep.it\/wp-content\/uploads\/2020\/06\/sicep.jpg\",\"width\":512,\"height\":512,\"caption\":\"Sicep\"},\"image\":{\"@id\":\"https:\/\/www.sicep.it\/#\/schema\/logo\/image\/\"}}]}<\/script>\n<!-- \/ Yoast SEO plugin. -->","yoast_head_json":{"title":"Produttore Sistemi di allarme Soluzioni per la sicurezza di Casa e Azienda","description":"SICEP s'est impos\u00e9 sur le march\u00e9 gr\u00e2ce \u00e0 ses syst\u00e8mes de s\u00e9curit\u00e9 performants et technologiquement avanc\u00e9s, avec une production totalement \"Made in Italy\"","robots":{"index":"index","follow":"follow","max-snippet":"max-snippet:-1","max-image-preview":"max-image-preview:large","max-video-preview":"max-video-preview:-1"},"canonical":"https:\/\/www.sicep.it\/fr\/","og_locale":"fr_FR","og_type":"article","og_title":"Produttore Sistemi di allarme Soluzioni per la sicurezza di Casa e Azienda","og_description":"SICEP s'est impos\u00e9 sur le march\u00e9 gr\u00e2ce \u00e0 ses syst\u00e8mes de s\u00e9curit\u00e9 performants et technologiquement avanc\u00e9s, avec une production totalement \"Made in Italy\"","og_url":"https:\/\/www.sicep.it\/fr\/","og_site_name":"Sicep","article_modified_time":"2022-09-29T13:13:51+00:00","twitter_card":"summary_large_image","schema":{"@context":"https:\/\/schema.org","@graph":[{"@type":"WebPage","@id":"https:\/\/www.sicep.it\/fr\/","url":"https:\/\/www.sicep.it\/fr\/","name":"Produttore Sistemi di allarme Soluzioni per la sicurezza di Casa e Azienda","isPartOf":{"@id":"https:\/\/www.sicep.it\/#website"},"datePublished":"2022-04-07T16:41:03+00:00","dateModified":"2022-09-29T13:13:51+00:00","description":"SICEP s'est impos\u00e9 sur le march\u00e9 gr\u00e2ce \u00e0 ses syst\u00e8mes de s\u00e9curit\u00e9 performants et technologiquement avanc\u00e9s, avec une production totalement \"Made in Italy\"","breadcrumb":{"@id":"https:\/\/www.sicep.it\/fr\/#breadcrumb"},"inLanguage":"fr-FR","potentialAction":[{"@type":"ReadAction","target":["https:\/\/www.sicep.it\/fr\/"]}]},{"@type":"BreadcrumbList","@id":"https:\/\/www.sicep.it\/fr\/#breadcrumb","itemListElement":[{"@type":"ListItem","position":1,"name":"Home","item":"https:\/\/www.sicep.it\/fr\/"},{"@type":"ListItem","position":2,"name":"home"}]},{"@type":"WebSite","@id":"https:\/\/www.sicep.it\/#website","url":"https:\/\/www.sicep.it\/","name":"Sicep","description":"","publisher":{"@id":"https:\/\/www.sicep.it\/#organization"},"potentialAction":[{"@type":"SearchAction","target":{"@type":"EntryPoint","urlTemplate":"https:\/\/www.sicep.it\/?s={search_term_string}"},"query-input":"required name=search_term_string"}],"inLanguage":"fr-FR"},{"@type":"Organization","@id":"https:\/\/www.sicep.it\/#organization","name":"Sicep","url":"https:\/\/www.sicep.it\/","logo":{"@type":"ImageObject","inLanguage":"fr-FR","@id":"https:\/\/www.sicep.it\/#\/schema\/logo\/image\/","url":"https:\/\/www.sicep.it\/wp-content\/uploads\/2020\/06\/sicep.jpg","contentUrl":"https:\/\/www.sicep.it\/wp-content\/uploads\/2020\/06\/sicep.jpg","width":512,"height":512,"caption":"Sicep"},"image":{"@id":"https:\/\/www.sicep.it\/#\/schema\/logo\/image\/"}}]}},"_links":{"self":[{"href":"https:\/\/www.sicep.it\/fr\/wp-json\/wp\/v2\/pages\/6360"}],"collection":[{"href":"https:\/\/www.sicep.it\/fr\/wp-json\/wp\/v2\/pages"}],"about":[{"href":"https:\/\/www.sicep.it\/fr\/wp-json\/wp\/v2\/types\/page"}],"author":[{"embeddable":true,"href":"https:\/\/www.sicep.it\/fr\/wp-json\/wp\/v2\/users\/1"}],"replies":[{"embeddable":true,"href":"https:\/\/www.sicep.it\/fr\/wp-json\/wp\/v2\/comments?post=6360"}],"version-history":[{"count":5,"href":"https:\/\/www.sicep.it\/fr\/wp-json\/wp\/v2\/pages\/6360\/revisions"}],"predecessor-version":[{"id":7783,"href":"https:\/\/www.sicep.it\/fr\/wp-json\/wp\/v2\/pages\/6360\/revisions\/7783"}],"wp:attachment":[{"href":"https:\/\/www.sicep.it\/fr\/wp-json\/wp\/v2\/media?parent=6360"}],"curies":[{"name":"wp","href":"https:\/\/api.w.org\/{rel}","templated":true}]}}